{"id":379,"date":"2018-09-10T15:12:05","date_gmt":"2018-09-10T15:12:05","guid":{"rendered":"http:\/\/preguntame.rcm.upr.edu\/?page_id=379"},"modified":"2018-09-10T15:12:05","modified_gmt":"2018-09-10T15:12:05","slug":"becas-e-internados","status":"publish","type":"page","link":"https:\/\/rcm1.rcm.upr.edu\/preguntame\/becas-e-internados\/","title":{"rendered":"Becas e Internados"},"content":{"rendered":"<div class=\"wpb-content-wrapper\"><p>[vc_row][vc_column][vc_column_text]<\/p>\n<h2>Becas e Internados<\/h2>\n<p>[\/vc_column_text][vc_column_text css=&#8221;.vc_custom_1601003508891{background-color: #d8d8d8 !important;}&#8221;]<strong class=\"becTitles\">HACU-\u00a0<\/strong>La <a href=\"https:\/\/www.hacu.net\/hacu\/default.asp\" target=\"_blank\" rel=\"noopener noreferrer\">Hispanic Association of Colleges and Universities<\/a> (HACU por sus siglas en ingles) ofrece varios programas de internados y becas de diferentes tipos. Debido a la extensa variedad de los mismos te recomendamos que explores con calma su p\u00e1gina de internet. Una vez por semestre por lo menos, a trav\u00e9s del sistema de correo electr\u00f3nico y los tablones de edictos del Recinto, el CECSi promociona diferentes beneficios para los estudiantes. Por ejemplo, adem\u00e1s de los internados existen ayudas econ\u00f3micas para estudios universitarios y pasajes a\u00e9reos gratis entre la residencia y el lugar de estudios para estudiantes de escasos recursos y sus padres.[\/vc_column_text][vc_separator][vc_column_text]<strong class=\"becTitles\">Internados Congresionales-\u00a0<\/strong>El Centro Estudiantil de Consejer\u00eda y Sicolog\u00eda (CECSi) busca ayudar a mejorar la experiencia acad\u00e9mica orientando en la direcci\u00f3n correcta no solo en tus estudios sino en la transici\u00f3n al mundo del trabajo. Por eso te presentamos varias alternativas de internados. El\u00a0<a href=\"https:\/\/www.oslpr.org\/cordova-y-fernos\" target=\"_blank\" rel=\"noopener noreferrer\">Programa C\u00f3rdova y Fern\u00f3s de Internados Congresionales<\/a> te ofrece la oportunidad de relacionarte con los procesos y procedimientos del Congreso de los Estados Unidos y el sistema gubernamental federal. Trabajar\u00edas 4 d\u00edas a la semana y el quinto estudiar\u00edas un curso con cr\u00e9ditos universitarios en el\u00a0<a href=\"https:\/\/twc.edu\/\" target=\"_blank\" rel=\"noopener noreferrer\">Washington Center<\/a>. El internado tiene una duraci\u00f3n de 15 semanas. Normalmente las fechas l\u00edmites para solicitar son al principio del \u00faltimo mes del semestre anterior al que quieras irte. Por ejemplo, en la primera semana de mayo si deseas solicitar para el semestre de agosto a diciembre. Debes cotejar siempre la informaci\u00f3n m\u00e1s actualizada posible.<\/p>\n<p>El internado <span style=\"text-decoration: underline\"><b>no tiene costo<\/b><\/span> alguno para el estudiante, ya que la Asamblea Legislativa de Puerto Rico cubre los costos por concepto de transportaci\u00f3n a\u00e9rea, alojamiento en apartamento equipado compartido, matricula en los cursos ofrecidos por el\u00a0<a href=\"https:\/\/twc.edu\/\" target=\"_blank\" rel=\"noopener noreferrer\">Washington Center<\/a> y un estipendio de 8 pagos de $300. Puedes conseguir la solicitud y otros documentos relacionados visitando el Centro Estudiantil de Consejer\u00eda y Sicolog\u00eda (CECSi) en el segundo piso del edificio del Decanato de Estudiantes o bajarla presionando\u00a0<a href=\"https:\/\/www.whitehouse.gov\/get-involved\/\" target=\"_blank\" rel=\"noopener noreferrer\">aqu\u00ed<\/a>.[\/vc_column_text][vc_separator][vc_column_text css=&#8221;.vc_custom_1537292059996{background-color: #d8d8d8f !important;}&#8221;]<strong class=\"becTitles\">Cuerpo de Paz (Peace Corps)-\u00a0<\/strong>El <a href=\"https:\/\/www.peacecorps.gov\/\" target=\"_blank\" rel=\"noopener noreferrer\">Cuerpo de Paz<\/a> tiene sus ra\u00edces en la misi\u00f3n que 1960, el entonces Senador John F. Kennedy ret\u00f3 a los estudiantes de la Universidad de Michigan a servir a su pa\u00eds en la causa de la paz por la vida y del trabajo en los pa\u00edses en desarrollo. Los voluntarios tambi\u00e9n tienen la oportunidad de aprender un nuevo idioma, vivir en otra cultura, y desarrollo de carrera y liderazgo. La experiencia del Cuerpo de Paz puede mejorar las perspectivas de carrera a largo plazo si quiere trabajar para una corporaci\u00f3n, una organizaci\u00f3n sin fines de lucro o una agencia gubernamental. El Cuerpo de Paz, incluso puede abrir las puertas a una escuela de postgrado.<\/p>\n<p>De los beneficios de pr\u00e1cticas como el aplazamiento del pr\u00e9stamo de estudiante, beneficios para tu carrera, como la fluidez en una lengua extranjera, y los beneficios intangibles que vienen con hacer una diferencia en las vidas de las personas, hay una variedad de premios a la dedicaci\u00f3n de los Voluntarios. Premios que duran toda la vida.[\/vc_column_text][vc_separator][vc_column_text css=&#8221;.vc_custom_1537292068340{background-color: #d8d8d8 !important;}&#8221;]<strong class=\"becTitles\">Fulbright Program-\u00a0<\/strong>El Centro Estudiantil de Consejer\u00eda y Sicolog\u00eda (CECSi) te anuncia que existe la oportunidad del\u00a0<a href=\"https:\/\/cies.org\/\" target=\"_blank\" rel=\"noopener noreferrer\">Programa Fulbright<\/a> de estudios y experiencias internacionales con ayuda econ\u00f3mica. Hay m\u00e1s de 155 pa\u00edses disponibles. Para fechas l\u00edmites y mayor informaci\u00f3n puedes visitar su p\u00e1gina presionando sobre el nombre.<\/p>\n<p>[\/vc_column_text][vc_separator][vc_column_text css=&#8221;.vc_custom_1537292074836{background-color: #d8d8d8 !important;}&#8221;]<strong class=\"becTitles\">Fundaci\u00f3n Dr. Garc\u00eda Rinaldi-\u00a0<\/strong>Si eres estudiante de escuela superior o universitario de bachillerato o Medicina y deseas explorar la profesi\u00f3n de doctor o doctora en Medicina puedes solicitar participar de los seminarios de verano en la\u00a0<a href=\"http:\/\/www.fundaciondrgarciarinaldi.org\/\" target=\"_blank\" rel=\"noopener noreferrer\">Fundaci\u00f3n Dr. Garc\u00eda Rinaldi<\/a>. Los participantes se benefician de diversidad de experiencias que incluyen rotaciones cl\u00ednicas en los hospitales y consultorios m\u00e9dicos participantes, talleres y seminarios educativos, entre otros. Para fechas l\u00edmites y mayor informaci\u00f3n puedes visitar su p\u00e1gina presionando sobre el nombre.[\/vc_column_text][vc_separator][vc_column_text css=&#8221;.vc_custom_1537292081940{background-color: #d8d8d8 !important;}&#8221;]<strong class=\"becTitles\">Kinesis-\u00a0<\/strong>Kinesis se organiz\u00f3 en 2009, como resultado de una iniciativa dirigida a mejorar la competitividad de Puerto Rico en el mercado global, facilitando la educaci\u00f3n sub-graduada y graduada de nuestra juventud en prestigiosas universidades a trav\u00e9s del mundo. Nos dedicamos a otorgar\u00a0<a href=\"https:\/\/www.facebook.com\/login\/?next=https%3A%2F%2Fwww.facebook.com%2FFundacionKinesis%2F\" target=\"_blank\" rel=\"noopener noreferrer\">becas<\/a> para estudios universitarios de bachillerato, maestr\u00eda y doctorado en instituciones de prestigio en el exterior de Puerto Rico.<\/p>\n<p>[\/vc_column_text][vc_separator][vc_column_text css=&#8221;.vc_custom_1537292089029{background-color: #d8d8d8 !important;}&#8221;]<strong class=\"becTitles\">Becas en Puerto Rico<\/strong> <a href=\"https:\/\/www.altillo.com\/becas\/puertorico.asp\" target=\"_blank\" rel=\"noopener noreferrer\">(enlace)<\/a>&#8211;\u00a0Este portal te habla de diferentes becas disponibles en Puerto Rico e incluye algunas para estudiar en el extranjero.[\/vc_column_text][vc_separator][vc_column_text css=&#8221;.vc_custom_1537292106741{background-color: #d8d8d8 !important;}&#8221;]<strong class=\"becTitles\">En el Sistema UPR<\/strong> <a href=\"https:\/\/www.upr.edu\/vicepresidencias\/vicepresindencia-de-asuntos-estudiantiles\/vicepresidencia-de-asuntos-estudiantiles-oficinas-adscritas\/asistencia-economica\/oficina-de-asistencia-economica-becas-estatales\/\" target=\"_blank\" rel=\"noopener noreferrer\">(enlace)<\/a>&#8211;\u00a0Aqu\u00ed encontrar\u00e1s las ayudas econ\u00f3micas disponibles en el sistema de la Universidad de Puerto Rico en todos los niveles acad\u00e9micos. Tambi\u00e9n te incluye enlaces a programas adicionales.<\/p>\n<p>[\/vc_column_text][vc_separator][vc_column_text css=&#8221;.vc_custom_1537292133684{background-color: #d8d8d8 !important;}&#8221;]<strong class=\"becTitles\">Programa de Intercambio para estudiantes de minor\u00edas que est\u00e9n estudiando o reci\u00e9n graduados de bachilleratos, maestr\u00edas y doctorados-\u00a0<\/strong>El <a href=\"https:\/\/icahn.mssm.edu\/about\/departments\/environmental-public-health\/education\/global-health-program\" target=\"_blank\" rel=\"noopener noreferrer\">Mount Sinai International Exchange Program for Minority Students<\/a> de la Escuela de Medicina Icahn del famoso hospital del mismo nombre en Manhattan, Nueva York les permite a estudiantes de poblaciones minoritarias en EEUU participar de internados en Latinoam\u00e9rica, Europa y \u00c1frica donde los escogidos trabajar\u00e1n en proyectos de investigaci\u00f3n bajo la gu\u00eda de cient\u00edficos internacionales prominentes. Deben tener disponibles de 11 a 12 semanas en el verano. Incluye los gastos de trasportaci\u00f3n, estipendio y seguro m\u00e9dico.<\/p>\n<p>[\/vc_column_text][vc_separator][vc_column_text css=&#8221;.vc_custom_1537292140989{background-color: #d8d8d8 !important;}&#8221;]<strong class=\"becTitles\">MD Anderson Cancer Center<\/strong> <a href=\"https:\/\/www.mdanderson.org\/education-training.html\" target=\"_blank\" rel=\"noopener noreferrer\">(enlace)<\/a>&#8211;\u00a0Oportunidades para estudiantes universitarios Subgraduados y Graduados de obtener experiencias en investigaci\u00f3n m\u00e9dica y actividades similares. Universidad de Texas en Houston.<\/p>\n<p>[\/vc_column_text][vc_separator][vc_column_text]<strong class=\"becTitles\">Centros de Investigaci\u00f3n en el Recinto de Ciencias M\u00e9dicas<\/strong> <a href=\"https:\/\/rcm2.rcm.upr.edu\/investigacion\/\" target=\"_blank\" rel=\"noopener noreferrer\">(enlace)<\/a>&#8211;\u00a0Aqu\u00ed podr\u00e1s ver los diferentes centros de investigaci\u00f3n del RCM. Te ayudar\u00e1 a continuar explorando m\u00e1s oportunidades en estos y otros lugares.<\/p>\n<p>[\/vc_column_text][vc_separator][vc_column_text css=&#8221;.vc_custom_1537292149541{background-color: #d8d8d8 !important;}&#8221;]<strong class=\"becTitles\">Internado Dr. Arturo Morales Carri\u00f3n en Washington DC<\/strong> <a href=\"https:\/\/www.estado.pr.gov\/programa-de-internados\" target=\"_blank\" rel=\"noopener noreferrer\">(<\/a><a href=\"https:\/\/www.estado.pr.gov\/programa-de-internados\" target=\"_blank\" rel=\"noopener\">enlace<\/a><a href=\"https:\/\/www.estado.pr.gov\/programa-de-internados\" target=\"_blank\" rel=\"noopener noreferrer\">)<\/a>&#8211;\u00a0\u00a1Quince semanas en Washington D.C.! Para estudiantes universitarios graduados y subgraduados. El mismo se lleva a cabo en colaboraci\u00f3n con la instituci\u00f3n acad\u00e9mica The Washington Center e incluye experiencias profesionales y acad\u00e9micas. El Internado se enfoca en las siguientes vertientes: acad\u00e9mica, pr\u00e1ctica, desarrollo de contactos profesionales, servicio comunitario, desarrollo profesional, intercambio cultural y comprensi\u00f3n de las relaciones internacionales desde la perspectiva de c\u00f3mo \u00e9stas nos pueden beneficiar. El Internado incluye el boleto de ida y vuelta, curr\u00edculo acad\u00e9mico y profesional, vivienda y estipendio. Parta m\u00e1s informaci\u00f3n puedes llamar a Charlene Portell en el (787) 722-2121 extensi\u00f3n 4289.<\/p>\n<p>[\/vc_column_text][vc_separator][vc_column_text]<strong class=\"becTitles\">Iniciativa Comunitaria<\/strong> <a href=\"https:\/\/www.iniciativacomunitaria.org\/\" target=\"_blank\" rel=\"noopener noreferrer\">(enlace)<\/a>&#8211;\u00a0<strong>Iniciativa Comunitaria<\/strong> cuenta con 13 programas que trabajan para acompa\u00f1ar solidariamente a la comunidad en su desarrollo y transformaci\u00f3n. Se atienden cinco \u00e1reas: Drogas, Prevenci\u00f3n, VIH\/Sida, Personas sin Hogar y Proyectos en el Exterior (Hait\u00ed y Guatemala). Es dirigido por el doctor Jos\u00e9 A. Vargas Vidot qui\u00e9n continuamente sale en televisi\u00f3n, radio y prensa.<\/p>\n<p>[\/vc_column_text][vc_separator][vc_column_text css=&#8221;.vc_custom_1537292158013{background-color: #d8d8d8 !important;}&#8221;]<strong class=\"becTitles\">Young Innovators Fellowship Program &#8211; United Nations Population Fund<\/strong> <a href=\"https:\/\/www.unfpa.org\/jobs\" target=\"_blank\" rel=\"noopener noreferrer\">(enlace)<\/a>&#8211;\u00a0Los ocho estudiantes seleccionados (edad 18-25 a febrero de cada a\u00f1o) trabajar\u00e1n por un a\u00f1o (julio-junio) comenzando con un adiestramiento en liderazgo de tres meses (julio-septiembre) en la sede de Nueva York. Luego seis estudiantes se asignar\u00e1n a las oficinas de su regi\u00f3n o pa\u00eds por un per\u00edodo de nueve meses en alguna capacidad m\u00e1s relevante a su experiencia y dos compa\u00f1eros permanecer\u00e1n en la sede de una capacidad de gesti\u00f3n. La beca cubre viaje, estipendio, hospedaje y seguro m\u00e9dico.<\/p>\n<p>[\/vc_column_text][vc_separator][vc_column_text]<strong class=\"becTitles\">Programa Preparatorio M\u00e9dico \/ Dental, Universidad de Conneticut<\/strong> <a href=\"https:\/\/health.uconn.edu\/hcop\/enrichment-programs\/medicaldental-preparatory-program\/\" target=\"_blank\" rel=\"noopener noreferrer\">(enlace)<\/a>&#8211; Programa de verano de seis semanas para estudiantes de segundo a\u00f1o universitario en adelante incluyendo reci\u00e9n graduados. Dos prop\u00f3sitos; (a) facilitar la entrada de los estudiantes a escuelas de medicina y odontolog\u00eda (dental) mejorando su desempe\u00f1o en las pruebas de admisi\u00f3n y mediante actividades de desarrollo profesional, y (b) aumentar la retenci\u00f3n de los admitidos a escuelas profesionales mediante la exposici\u00f3n temprana a educaci\u00f3n profesional. Provee vivienda, comidas y un estipendio.[\/vc_column_text][\/vc_column][\/vc_row]<\/p>\n<\/div>","protected":false},"excerpt":{"rendered":"<p>[vc_row][vc_column][vc_column_text] Becas e Internados [\/vc_column_text][vc_column_text css=&#8221;.vc_custom_1601003508891{background-color: #d8d8d8 !important;}&#8221;]HACU-\u00a0La Hispanic Association of Colleges and Universities (HACU por sus siglas en ingles) ofrece varios programas de internados y becas de diferentes tipos. Debido a la extensa variedad de los mismos te recomendamos que explores con calma su p\u00e1gina de internet. Una vez por semestre por lo menos,&hellip;<\/p>\n","protected":false},"author":1,"featured_media":0,"parent":0,"menu_order":0,"comment_status":"closed","ping_status":"closed","template":"template-microsite.php","meta":{"footnotes":""},"class_list":["post-379","page","type-page","status-publish","hentry","description-off"],"aioseo_notices":[],"_links":{"self":[{"href":"https:\/\/rcm1.rcm.upr.edu\/preguntame\/wp-json\/wp\/v2\/pages\/379","targetHints":{"allow":["GET"]}}],"collection":[{"href":"https:\/\/rcm1.rcm.upr.edu\/preguntame\/wp-json\/wp\/v2\/pages"}],"about":[{"href":"https:\/\/rcm1.rcm.upr.edu\/preguntame\/wp-json\/wp\/v2\/types\/page"}],"author":[{"embeddable":true,"href":"https:\/\/rcm1.rcm.upr.edu\/preguntame\/wp-json\/wp\/v2\/users\/1"}],"replies":[{"embeddable":true,"href":"https:\/\/rcm1.rcm.upr.edu\/preguntame\/wp-json\/wp\/v2\/comments?post=379"}],"version-history":[{"count":0,"href":"https:\/\/rcm1.rcm.upr.edu\/preguntame\/wp-json\/wp\/v2\/pages\/379\/revisions"}],"wp:attachment":[{"href":"https:\/\/rcm1.rcm.upr.edu\/preguntame\/wp-json\/wp\/v2\/media?parent=379"}],"curies":[{"name":"wp","href":"https:\/\/api.w.org\/{rel}","templated":true}]}}