{"id":98,"date":"2017-06-13T16:50:26","date_gmt":"2017-06-13T16:50:26","guid":{"rendered":"http:\/\/exalumnos.rcm.upr.edu\/preguntame\/?page_id=98"},"modified":"2017-06-13T16:50:26","modified_gmt":"2017-06-13T16:50:26","slug":"ya-se-como-solicito","status":"publish","type":"page","link":"https:\/\/rcm1.rcm.upr.edu\/preguntame\/ya-se-como-solicito\/","title":{"rendered":"Ya s\u00e9, \u00bfc\u00f3mo solicito?"},"content":{"rendered":"<div class=\"wpb-content-wrapper\"><p>[vc_row][vc_column][vc_column_text]Lo primero que quiero que hagas es sentirte bien por ti mismo(a) ya que sigues desarroll\u00e1ndote como persona y la toma de decisiones ocupacionales es una de las se\u00f1ales m\u00e1s importantes.\u00a0Ahora debes considerar otra cosa, <strong><em>no escribas esa decisi\u00f3n en piedra<\/em><\/strong>. Seg\u00fan vas conoci\u00e9ndote, conociendo nuevas alternativas, exponi\u00e9ndote a ellas y se vayan creando nuevas oportunidades puede que contin\u00faes afinando esa decisi\u00f3n ocupacional o la cambies totalmente.<strong>\u00a0 Y eso es normal.<\/strong>[\/vc_column_text][\/vc_column][\/vc_row][vc_row][vc_column css=&#8221;.vc_custom_1497372721837{background-color: #d8d8d8 !important;border-radius: 10px !important;}&#8221;]<div class=\"aio-icon-component    style_1\"><div id=\"Info-box-wrap-6493\" class=\"aio-icon-box left-icon\" style=\"\"  ><div class=\"aio-icon-left\"><div class=\"ult-just-icon-wrapper  \"><div class=\"align-icon\" style=\"text-align:center;\">\n<div class=\"aio-icon none \"  style=\"color:#333;font-size:32px;display:inline-block;\">\n\t<i class=\"Defaults-star\"><\/i>\n<\/div><\/div><\/div><\/div><div class=\"aio-ibd-block\"><div class=\"aio-icon-header\" ><h3 class=\"aio-icon-title ult-responsive\"  data-ultimate-target='#Info-box-wrap-6493 .aio-icon-title'  data-responsive-json-new='{\"font-size\":\"\",\"line-height\":\"\"}'  style=\"\">Primero lo primero<\/h3><\/div> <!-- header --><div class=\"aio-icon-description ult-responsive\"  data-ultimate-target='#Info-box-wrap-6493 .aio-icon-description'  data-responsive-json-new='{\"font-size\":\"\",\"line-height\":\"\"}'  style=\"\">Si te interesa un <a href=\"https:\/\/rcm2.rcm.upr.edu\/ofrecimientos-academicos\/#GrAsoc\" target=\"_blank\" rel=\"noopener noreferrer\"><strong>Grado Asociado<\/strong><\/a> o un <a href=\"https:\/\/rcm2.rcm.upr.edu\/ofrecimientos-academicos\/#Bach\" target=\"_blank\" rel=\"noopener noreferrer\"><strong>Bachillerato<\/strong><\/a> del Recinto de Ciencias M\u00e9dicas tienes que <strong>(1)<\/strong> comenzar en otro recinto de la UPR u otra universidad, <strong>(2)<\/strong> tomar las clases de prerrequisitos y entonces <strong>(3)<\/strong> pedir Traslado Articulado o Regular (UPR), o Transferencia (no UPR) al programa del RCM que te interesa. Para Transferencias usas la <a href=\"https:\/\/admisiones.upr.edu\/\" target=\"_blank\" rel=\"noopener\">Solicitud Uniforme de Admisi\u00f3n<\/a>.<\/p>\n<p>El grado asociado en <a href=\"https:\/\/eps.rcm.upr.edu\/dental-assistant\/\" target=\"_blank\" rel=\"noopener noreferrer\">Asistente Dental<\/a> y el bachillerato en <a href=\"https:\/\/enfermeria.rcm.upr.edu\/programas-academicos\/bachillerato\/\" target=\"_blank\" rel=\"noopener noreferrer\">Enfermer\u00eda<\/a> son los <strong>\u00fanicos<\/strong> programas que puedes solicitar desde escuela superior.\u00a0 Empezar\u00edas en otro recinto, pero ya tendr\u00edas tu espacio en el RCM.<\/p>\n<p>Si te interesa un <a href=\"https:\/\/rcm2.rcm.upr.edu\/ofrecimientos-academicos\/#CtBach\" target=\"_blank\" rel=\"noopener noreferrer\"><strong>Certificado Post Bachillerato<\/strong><\/a>, una <a href=\"https:\/\/rcm2.rcm.upr.edu\/ofrecimientos-academicos\/#Mast\" target=\"_blank\" rel=\"noopener noreferrer\"><strong>Maestr\u00eda<\/strong><\/a> o un <a href=\"https:\/\/rcm2.rcm.upr.edu\/ofrecimientos-academicos\/#Doct\" target=\"_blank\" rel=\"noopener noreferrer\"><strong>Doctorado<\/strong><\/a> tienes que <strong>(1)<\/strong> tomar las clases de prerrequisitos en cualquier universidad y entonces <strong>(2)<\/strong> pedir Admisi\u00f3n al programa que te interesa.<\/div> <!-- description --><\/div> <!-- aio-ibd-block --><\/div> <!-- aio-icon-box --><\/div> <!-- aio-icon-component -->[\/vc_column][\/vc_row][vc_row][vc_column css=&#8221;.vc_custom_1497373679158{margin-top: 5px !important;}&#8221;][vc_empty_space][\/vc_column][\/vc_row][vc_row][vc_column width=&#8221;1\/3&#8243;][vc_column_text]<\/p>\n<h3 style=\"text-align: center\"><strong>Si te interesa&#8230;<\/strong><\/h3>\n<p>[\/vc_column_text][vc_column_text css=&#8221;.vc_custom_1522759308054{padding-top: 5px !important;padding-right: 5px !important;padding-bottom: 5px !important;padding-left: 5px !important;background-color: #d8d8d8 !important;border-radius: 10px !important;}&#8221;]<\/p>\n<p style=\"text-align: center\"><a href=\"https:\/\/rcm2.rcm.upr.edu\/ofrecimientos-academicos\/#GrAsoc\" target=\"_blank\" rel=\"noopener noreferrer\"><strong>Grado Asociado<\/strong><\/a><strong> o <\/strong><a href=\"https:\/\/rcm2.rcm.upr.edu\/ofrecimientos-academicos\/#Bach\" target=\"_blank\" rel=\"noopener noreferrer\"><strong>Bachillerato<\/strong><\/a><\/p>\n<p style=\"text-align: center\"><strong>Prioridad<\/strong> (pero no exclusividad) para los de UPR.<\/p>\n<p>[\/vc_column_text][vc_empty_space height=&#8221;50px&#8221;][vc_column_text css=&#8221;.vc_custom_1522759321824{padding-top: 5px !important;padding-right: 5px !important;padding-bottom: 5px !important;padding-left: 5px !important;background-color: #d8d8d8 !important;border-radius: 10px !important;}&#8221;]<\/p>\n<p style=\"text-align: center\"><a href=\"https:\/\/rcm2.rcm.upr.edu\/ofrecimientos-academicos\/#CtBach\" target=\"_blank\" rel=\"noopener noreferrer\"><strong>Certificado Post Bachillerato<\/strong><\/a><strong>, <\/strong><a href=\"https:\/\/rcm2.rcm.upr.edu\/ofrecimientos-academicos\/#Mast\" target=\"_blank\" rel=\"noopener noreferrer\"><strong>Maestr\u00eda<\/strong><\/a><strong> o <\/strong><a href=\"https:\/\/rcm2.rcm.upr.edu\/ofrecimientos-academicos\/#Doct\" target=\"_blank\" rel=\"noopener noreferrer\"><strong>Doctorado<\/strong><\/a><\/p>\n<p style=\"text-align: center\">No hay prioridad.<\/p>\n<p>[\/vc_column_text][\/vc_column][vc_column width=&#8221;1\/3&#8243;][vc_empty_space height=&#8221;80px&#8221;][vc_column_text css=&#8221;.vc_custom_1525699887336{padding-top: 5px !important;padding-right: 5px !important;padding-bottom: 5px !important;padding-left: 5px !important;background-color: #d8d8d8 !important;border-radius: 10px !important;}&#8221;]<\/p>\n<h1 style=\"text-align: center;color: white\">\u2192<\/h1>\n<p>[\/vc_column_text][vc_empty_space height=&#8221;50px&#8221;][vc_column_text css=&#8221;.vc_custom_1525699887336{padding-top: 5px !important;padding-right: 5px !important;padding-bottom: 5px !important;padding-left: 5px !important;background-color: #d8d8d8 !important;border-radius: 10px !important;}&#8221;]<\/p>\n<h1 style=\"text-align: center;color: white\">\u2192<\/h1>\n<p>[\/vc_column_text][\/vc_column][vc_column width=&#8221;1\/3&#8243;][vc_column_text]<\/p>\n<h3 style=\"text-align: center\"><strong>Solicitar\u00e1s&#8230;<\/strong><\/h3>\n<p>[\/vc_column_text][vc_column_text css=&#8221;.vc_custom_1522759104173{padding-top: 5px !important;padding-right: 5px !important;padding-bottom: 5px !important;padding-left: 5px !important;background-color: #d8d8d8 !important;border-radius: 10px !important;}&#8221;]<a href=\"https:\/\/de.rcm.upr.edu\/oficina-de-admisiones\" target=\"_blank\" rel=\"noopener noreferrer\"><strong>Traslado Articulado<\/strong><\/a> <strong>si vienes de escuela superior.<\/strong><\/p>\n<p><a href=\"https:\/\/de.rcm.upr.edu\/oficina-de-admisiones\" target=\"_blank\" rel=\"noopener noreferrer\"><strong>Traslado Regular<\/strong><\/a> <strong>si vienes de otro recinto de la UPR.<\/strong><\/p>\n<p><a href=\"https:\/\/de.rcm.upr.edu\/oficina-de-admisiones\" target=\"_blank\" rel=\"noopener noreferrer\"><strong>Transferencia<\/strong><\/a><strong> si vienes de otra universidad.<\/strong>[\/vc_column_text][vc_column_text css=&#8221;.vc_custom_1522759137076{padding-top: 5px !important;padding-right: 5px !important;padding-bottom: 5px !important;padding-left: 5px !important;background-color: #d8d8d8 !important;border-radius: 10px !important;}&#8221;]<a href=\"https:\/\/de.rcm.upr.edu\/oficina-de-admisiones\" target=\"_blank\" rel=\"noopener noreferrer\"><strong>Admisi\u00f3n<\/strong><\/a><strong> no importa donde estudiaste.<\/strong>[\/vc_column_text][\/vc_column][\/vc_row][vc_row][vc_column][vc_column_text]<\/p>\n<h3 style=\"text-align: center\">Prioridades de aceptaci\u00f3n a Grados Asociados y Bachilleratos<\/h3>\n<p><strong>\u00a0<\/strong><\/p>\n<p><strong>1ra Prioridad<\/strong> &#8211; El <strong>Traslado Articulado<\/strong> (solo Asistencia Dental y Enfermer\u00eda) es un acuerdo entre otros recintos de la UPR y el RCM. Solicitas admisi\u00f3n desde la escuela superior al recinto inicial al programa con Traslado Articulado al RCM que desees.\u00a0 Cuando cumplas con los prerrequisitos y el promedio m\u00ednimo exigido, te trasladar\u00e1s al RCM para terminar tu grado ya que tendr\u00e1s tu espacio reservado esper\u00e1ndote.<\/p>\n<p>&nbsp;<\/p>\n<p><strong>2da Prioridad<\/strong> &#8211; El <strong>Traslado Regular<\/strong> (todos los grados asociados y bachilleratos) es para los estudiantes activos de cualquier recinto de la UPR que no se hayan graduado de bachillerato. No tendr\u00e1s espacio reservado, sino que competir\u00e1s por promedio y en ocasiones tambi\u00e9n entrevista. No importa tu concentraci\u00f3n en el recinto inicial sino solo que tengas aprobadas las clases de prerrequisito para el programa que est\u00e9s solicitando traslado.<\/p>\n<p>&nbsp;<\/p>\n<p><strong>3ra Prioridad<\/strong> &#8211; La <strong>Transferencia<\/strong> es igual al Traslado Regular, <strong>pero<\/strong> para estudiantes que no hayan estudiado en ning\u00fan recinto de la UPR. Los espacios disponibles para esta categor\u00eda suelen ser menos.[\/vc_column_text][\/vc_column][\/vc_row][vc_row][vc_column css=&#8221;.vc_custom_1497373880046{background-color: #d8d8d8 !important;border-radius: 10px !important;}&#8221;]<div class=\"aio-icon-component  vc_custom_1525888952604   style_1\"><div id=\"Info-box-wrap-2523\" class=\"aio-icon-box left-icon\" style=\"\"  ><div class=\"aio-icon-left\"><div class=\"ult-just-icon-wrapper  \"><div class=\"align-icon\" style=\"text-align:center;\">\n<div class=\"aio-icon none \"  style=\"color:#d8d8d8;font-size:32px;display:inline-block;\">\n\t<i class=\"Defaults-star\"><\/i>\n<\/div><\/div><\/div><\/div><div class=\"aio-ibd-block\"><div class=\"aio-icon-header\" ><h3 class=\"aio-icon-title ult-responsive\"  data-ultimate-target='#Info-box-wrap-2523 .aio-icon-title'  data-responsive-json-new='{\"font-size\":\"\",\"line-height\":\"\"}'  style=\"\">Nota:<\/h3><\/div> <!-- header --><div class=\"aio-icon-description ult-responsive\"  data-ultimate-target='#Info-box-wrap-2523 .aio-icon-description'  data-responsive-json-new='{\"font-size\":\"\",\"line-height\":\"\"}'  style=\"\">Para los Certificados <strong>Post Bachilleratos<\/strong>, las <strong>Maestr\u00edas<\/strong> y los <strong>Doctorados<\/strong> no existen traslados ni transferencias sino solo <strong>Admisi\u00f3n<\/strong>. \u00a0Todos los estudiantes de todas las universidades\u00a0<strong>compiten en igualdad de condiciones<\/strong>\u00a0(Medicina y Medicina Dental tienen criterios espec\u00edficos sobre relaci\u00f3n con Puerto Rico).<\/div> <!-- description --><\/div> <!-- aio-ibd-block --><\/div> <!-- aio-icon-box --><\/div> <!-- aio-icon-component -->[\/vc_column][\/vc_row][vc_row][vc_column css=&#8221;.vc_custom_1497374949996{margin-top: 10px !important;}&#8221;][vc_empty_space][vc_column_text]<\/p>\n<table border=\"1\" summary=\"\" cellspacing=\"0\" cellpadding=\"5\">\n<tbody>\n<tr>\n<th style=\"text-align: center\">Programas<\/th>\n<th style=\"text-align: center\">Orden de Prioridad<\/th>\n<\/tr>\n<tr>\n<td><a href=\"https:\/\/eps.rcm.upr.edu\/nuclear-medicine-technology\/\" target=\"_blank\" rel=\"noopener noreferrer\">Tec. en Medicina Nuclear<\/a>,\u00a0<a href=\"https:\/\/eps.rcm.upr.edu\/medical-technology\/\" target=\"_blank\" rel=\"noopener noreferrer\">Tecnolog\u00eda M\u00e9dica<\/a>,\u00a0<a href=\"https:\/\/eps.rcm.upr.edu\/veterinary-technology\/\" target=\"_blank\" rel=\"noopener noreferrer\">Tecnolog\u00eda Veterinaria<\/a>,\u00a0<a href=\"https:\/\/eps.rcm.upr.edu\/radiological-technology\/\" target=\"_blank\" rel=\"noopener noreferrer\">Tecnolog\u00eda Radiol\u00f3gica<\/a>,\u00a0<a href=\"https:\/\/eps.rcm.upr.edu\/ophtalmic-technology\/\" target=\"_blank\" rel=\"noopener noreferrer\">Tecnolog\u00eda Oft\u00e1lmica<\/a>,\u00a0<a href=\"https:\/\/eps.rcm.upr.edu\/health-education\/\" target=\"_blank\" rel=\"noopener noreferrer\">Educaci\u00f3n en Salud<\/a><\/td>\n<td>(1) Traslado Regular<br \/>\n(2) Transferencia<\/td>\n<\/tr>\n<tr>\n<td><a href=\"https:\/\/eps.rcm.upr.edu\/dental-assistant\/\" target=\"_blank\" rel=\"noopener noreferrer\">Asistente Dental con Funciones Expandidas<\/a><\/td>\n<td>(1) Traslado Articulado con UPR Carolina<br \/>\n(2) Traslado Regular<br \/>\n(3) Transferencia<\/td>\n<\/tr>\n<tr>\n<td><a href=\"https:\/\/enfermeria.rcm.upr.edu\/programas-academicos\/bachillerato\/\" target=\"_blank\" rel=\"noopener noreferrer\">Bachillerato en Enfermer\u00eda<\/a><\/td>\n<td>(1)Traslado Articulado con UPR Carolina o Bayam\u00f3n<br \/>\n(2) Traslado Regular<br \/>\n(3) Transferencia<\/td>\n<\/tr>\n<\/tbody>\n<\/table>\n<p>[\/vc_column_text][\/vc_column][\/vc_row][vc_row][vc_column width=&#8221;1\/2&#8243;][vc_column_text css=&#8221;.vc_custom_1520967780149{padding-top: 5px !important;padding-right: 5px !important;padding-bottom: 5px !important;padding-left: 5px !important;background-color: #d8d8d8 !important;border-radius: 10px !important;}&#8221;]Los <strong><a href=\"https:\/\/rcm2.rcm.upr.edu\/ofrecimientos-academicos\/#GrAsoc\" target=\"_blank\" rel=\"noopener noreferrer\">Grados Asociados<\/a><\/strong> te piden un a\u00f1o universitario antes de aceptarte.\u00a0 Los <a href=\"https:\/\/rcm2.rcm.upr.edu\/ofrecimientos-academicos\/#bach\" target=\"_blank\" rel=\"noopener noreferrer\"><strong>Bachilleratos<\/strong><\/a> te exigen de dos a tres a\u00f1os.<\/p>\n<p>Para los <strong><a href=\"https:\/\/rcm2.rcm.upr.edu\/ofrecimientos-academicos\/#CtBach\" target=\"_blank\" rel=\"noopener noreferrer\">Certificados Post Bachillerato<\/a> <\/strong>y para las <strong><a href=\"https:\/\/rcm2.rcm.upr.edu\/ofrecimientos-academicos\/#Mast\" target=\"_blank\" rel=\"noopener noreferrer\">Maestr\u00edas<\/a> <\/strong>ya tienes que tener aprobado un bachillerato completo pero no en un tema en espec\u00edfico (maestr\u00edas en <a href=\"https:\/\/farmacia.rcm.upr.edu\/admission\/adm-master-science-pharmacy\/\" target=\"_blank\" rel=\"noopener noreferrer\">Ciencias Farmac\u00e9uticas<\/a> y en <a href=\"https:\/\/enfermeria.rcm.upr.edu\/\" target=\"_blank\" rel=\"noopener noreferrer\">Enfermer\u00eda<\/a> son excepciones).[\/vc_column_text][\/vc_column][vc_column width=&#8221;1\/2&#8243;][vc_column_text css=&#8221;.vc_custom_1497375248004{padding-top: 5px !important;padding-right: 5px !important;padding-bottom: 5px !important;padding-left: 5px !important;background-color: #d8d8d8 !important;border-radius: 10px !important;}&#8221;]Para la mayor\u00eda de los <a href=\"https:\/\/rcm2.rcm.upr.edu\/ofrecimientos-academicos\/#Doct\" target=\"_blank\" rel=\"noopener noreferrer\">Doctorados<\/a> de este recinto no te piden que tengas una maestr\u00eda y hasta dos de ellos ni siquiera un bachillerato completado (<a href=\"https:\/\/farmacia.rcm.upr.edu\/admission\/adm-doctor-of-pharmacy\/\" target=\"_blank\" rel=\"noopener noreferrer\">Farmacia<\/a> y <a href=\"https:\/\/dental.rcm.upr.edu\/wp-content\/uploads\/2020\/02\/BROCHURE_ADMISION_School_of_Dental_Medicine_SpanishVer.pdf\" target=\"_blank\" rel=\"noopener noreferrer\">Medicina Dental<\/a>). \u00a0Ning\u00fan doctorado te exige un tema en espec\u00edfico de bachillerato.<\/p>\n<p>\u00a1O sea que puedes tener un bachillerato en algo y estudiar maestr\u00eda o doctorado en otra cosa![\/vc_column_text][\/vc_column][\/vc_row][vc_row][vc_column][vc_column_text]Recuerda cotejar semestralmente que est\u00e9s al d\u00eda sobre prerrequisitos, fechas l\u00edmites o cualquier otra informaci\u00f3n con el RCM. \u00a0En el <a href=\"https:\/\/cecsi.rcm.upr.edu\/\" target=\"_blank\" rel=\"noopener noreferrer\"><strong>Centro Estudiantil de Consejer\u00eda y Sicolog\u00eda<\/strong><\/a> te contestamos todas tus preguntas si vienes personalmente (mejor con cita, pero no es obligatorio), por tel\u00e9fono, email y correo tradicional.[\/vc_column_text][\/vc_column][\/vc_row][vc_row][vc_column][vc_column_text css=&#8221;.vc_custom_1497375332728{padding-top: 5px !important;padding-right: 5px !important;padding-bottom: 5px !important;padding-left: 5px !important;background-color: #d8d8d8 !important;}&#8221;]<\/p>\n<p style=\"text-align: center\">Las fechas l\u00edmites para solicitar a cada programa las encontrar\u00e1s <a href=\"https:\/\/de.rcm.upr.edu\/programas-y-fechas-limites\" target=\"_blank\" rel=\"noopener noreferrer\">aqu\u00ed<\/a>.<\/p>\n<p>[\/vc_column_text][\/vc_column][\/vc_row][vc_row][vc_column][vc_column_text]<strong>Puedes solicitar Traslado Regular, Transferencia o Admisi\u00f3n, aunque te falten prerrequisitos en la fecha l\u00edmite, pero tienes que completarlos en mayo o antes del agosto al que quieras comenzar en el RCM.<\/strong>\u00a0La fecha l\u00edmite para solicitar no necesariamente coincide con la fecha l\u00edmite para tomar el examen de admisi\u00f3n.\u00a0 Pueden ser antes, despu\u00e9s o igual. Cada programa decide.[\/vc_column_text][\/vc_column][\/vc_row]<\/p>\n<\/div>","protected":false},"excerpt":{"rendered":"<p>[vc_row][vc_column][vc_column_text]Lo primero que quiero que hagas es sentirte bien por ti mismo(a) ya que sigues desarroll\u00e1ndote como persona y la toma de decisiones ocupacionales es una de las se\u00f1ales m\u00e1s importantes.\u00a0Ahora debes considerar otra cosa, no escribas esa decisi\u00f3n en piedra. Seg\u00fan vas conoci\u00e9ndote, conociendo nuevas alternativas, exponi\u00e9ndote a ellas y se vayan creando nuevas&hellip;<\/p>\n","protected":false},"author":1,"featured_media":0,"parent":0,"menu_order":0,"comment_status":"closed","ping_status":"closed","template":"template-microsite.php","meta":{"footnotes":""},"class_list":["post-98","page","type-page","status-publish","hentry","description-off"],"aioseo_notices":[],"_links":{"self":[{"href":"https:\/\/rcm1.rcm.upr.edu\/preguntame\/wp-json\/wp\/v2\/pages\/98","targetHints":{"allow":["GET"]}}],"collection":[{"href":"https:\/\/rcm1.rcm.upr.edu\/preguntame\/wp-json\/wp\/v2\/pages"}],"about":[{"href":"https:\/\/rcm1.rcm.upr.edu\/preguntame\/wp-json\/wp\/v2\/types\/page"}],"author":[{"embeddable":true,"href":"https:\/\/rcm1.rcm.upr.edu\/preguntame\/wp-json\/wp\/v2\/users\/1"}],"replies":[{"embeddable":true,"href":"https:\/\/rcm1.rcm.upr.edu\/preguntame\/wp-json\/wp\/v2\/comments?post=98"}],"version-history":[{"count":0,"href":"https:\/\/rcm1.rcm.upr.edu\/preguntame\/wp-json\/wp\/v2\/pages\/98\/revisions"}],"wp:attachment":[{"href":"https:\/\/rcm1.rcm.upr.edu\/preguntame\/wp-json\/wp\/v2\/media?parent=98"}],"curies":[{"name":"wp","href":"https:\/\/api.w.org\/{rel}","templated":true}]}}