{"id":598,"date":"2020-07-17T15:42:51","date_gmt":"2020-07-17T15:42:51","guid":{"rendered":"https:\/\/prensa.rcm.upr.edu\/?page_id=598"},"modified":"2025-10-16T04:47:42","modified_gmt":"2025-10-16T04:47:42","slug":"contacto","status":"publish","type":"page","link":"https:\/\/rcm1.rcm.upr.edu\/prensa\/contacto\/","title":{"rendered":"Contacto"},"content":{"rendered":"<div class=\"wpb-content-wrapper\"><p>[vc_row][vc_column width=&#8221;1\/2&#8243;][vc_column_text css=&#8221;&#8221;]<b data-olk-copy-source=\"MessageBody\">Mariana Cobi\u00e1n<\/b><br \/>\nLic. R-1309<br \/>\nDirectora de Prensa \u2013 RCM<br \/>\n<a href=\"mailto:mariana.cobian@upr.edu\">mariana.cobian@upr.edu<\/a><br \/>\n787-758-2525 ext. 1641<\/p>\n<p>&nbsp;<\/p>\n<p><strong><span class=\"myheader\">Direcci\u00f3n F\u00edsica<\/span><\/strong><\/p>\n<p>Edificio Principal del<br \/>\nRecinto de Ciencias M\u00e9dicas<br \/>\nS\u00e9ptimo piso, oficina A-740[\/vc_column_text][\/vc_column][vc_column width=&#8221;1\/2&#8243;][vc_gmaps link=&#8221;#E-8_JTNDaWZyYW1lJTIwc3JjJTNEJTIyaHR0cHMlM0ElMkYlMkZ3d3cuZ29vZ2xlLmNvbSUyRm1hcHMlMkZlbWJlZCUzRnBiJTNEJTIxMW0xOCUyMTFtMTIlMjExbTMlMjExZDM3ODUuOTIwNDA0Mjc2MDAxJTIxMmQtNjYuMDc2NzIwMDg1NzEzMTklMjEzZDE4LjM5NjQ3MzM3Nzc2MDU2JTIxMm0zJTIxMWYwJTIxMmYwJTIxM2YwJTIxM20yJTIxMWkxMDI0JTIxMmk3NjglMjE0ZjEzLjElMjEzbTMlMjExbTIlMjExczB4OGMwMzY4NWJmZWE1ODQxOSUyNTNBMHhjMTI1NTVlM2ZiYTQwMjI3JTIxMnNVbml2ZXJzaXR5JTI1MjBvZiUyNTIwUHVlcnRvJTI1MjBSaWNvJTI1MkMlMjUyME1lZGljYWwlMjUyMFNjaWVuY2VzJTI1MjBDYW1wdXMlMjE1ZTAlMjEzbTIlMjExc2VuJTIxMnNwciUyMTR2MTU5NTAwMDU1NjUxNyUyMTVtMiUyMTFzZW4lMjEyc3ByJTIyJTIwd2lkdGglM0QlMjI2MDAlMjIlMjBoZWlnaHQlM0QlMjI0NTAlMjIlMjBmcmFtZWJvcmRlciUzRCUyMjAlMjIlMjBzdHlsZSUzRCUyMmJvcmRlciUzQTAlM0IlMjIlMjBhbGxvd2Z1bGxzY3JlZW4lM0QlMjIlMjIlMjBhcmlhLWhpZGRlbiUzRCUyMmZhbHNlJTIyJTIwdGFiaW5kZXglM0QlMjIwJTIyJTNFJTNDJTJGaWZyYW1lJTNF&#8221;][\/vc_column][\/vc_row]<\/p>\n<\/div>","protected":false},"excerpt":{"rendered":"<p>[vc_row][vc_column width=&#8221;1\/2&#8243;][vc_column_text css=&#8221;&#8221;]Mariana Cobi\u00e1n Lic. R-1309 Directora de Prensa \u2013 RCM mariana.cobian@upr.edu 787-758-2525 ext. 1641 &nbsp; Direcci\u00f3n F\u00edsica Edificio Principal del Recinto de Ciencias M\u00e9dicas S\u00e9ptimo piso, oficina A-740[\/vc_column_text][\/vc_column][vc_column width=&#8221;1\/2&#8243;][vc_gmaps link=&#8221;#E-8_JTNDaWZyYW1lJTIwc3JjJTNEJTIyaHR0cHMlM0ElMkYlMkZ3d3cuZ29vZ2xlLmNvbSUyRm1hcHMlMkZlbWJlZCUzRnBiJTNEJTIxMW0xOCUyMTFtMTIlMjExbTMlMjExZDM3ODUuOTIwNDA0Mjc2MDAxJTIxMmQtNjYuMDc2NzIwMDg1NzEzMTklMjEzZDE4LjM5NjQ3MzM3Nzc2MDU2JTIxMm0zJTIxMWYwJTIxMmYwJTIxM2YwJTIxM20yJTIxMWkxMDI0JTIxMmk3NjglMjE0ZjEzLjElMjEzbTMlMjExbTIlMjExczB4OGMwMzY4NWJmZWE1ODQxOSUyNTNBMHhjMTI1NTVlM2ZiYTQwMjI3JTIxMnNVbml2ZXJzaXR5JTI1MjBvZiUyNTIwUHVlcnRvJTI1MjBSaWNvJTI1MkMlMjUyME1lZGljYWwlMjUyMFNjaWVuY2VzJTI1MjBDYW1wdXMlMjE1ZTAlMjEzbTIlMjExc2VuJTIxMnNwciUyMTR2MTU5NTAwMDU1NjUxNyUyMTVtMiUyMTFzZW4lMjEyc3ByJTIyJTIwd2lkdGglM0QlMjI2MDAlMjIlMjBoZWlnaHQlM0QlMjI0NTAlMjIlMjBmcmFtZWJvcmRlciUzRCUyMjAlMjIlMjBzdHlsZSUzRCUyMmJvcmRlciUzQTAlM0IlMjIlMjBhbGxvd2Z1bGxzY3JlZW4lM0QlMjIlMjIlMjBhcmlhLWhpZGRlbiUzRCUyMmZhbHNlJTIyJTIwdGFiaW5kZXglM0QlMjIwJTIyJTNFJTNDJTJGaWZyYW1lJTNF&#8221;][\/vc_column][\/vc_row]<\/p>\n","protected":false},"author":1,"featured_media":0,"parent":0,"menu_order":0,"comment_status":"closed","ping_status":"closed","template":"template-microsite.php","meta":{"footnotes":""},"class_list":["post-598","page","type-page","status-publish","hentry","description-off"],"aioseo_notices":[],"_links":{"self":[{"href":"https:\/\/rcm1.rcm.upr.edu\/prensa\/wp-json\/wp\/v2\/pages\/598","targetHints":{"allow":["GET"]}}],"collection":[{"href":"https:\/\/rcm1.rcm.upr.edu\/prensa\/wp-json\/wp\/v2\/pages"}],"about":[{"href":"https:\/\/rcm1.rcm.upr.edu\/prensa\/wp-json\/wp\/v2\/types\/page"}],"author":[{"embeddable":true,"href":"https:\/\/rcm1.rcm.upr.edu\/prensa\/wp-json\/wp\/v2\/users\/1"}],"replies":[{"embeddable":true,"href":"https:\/\/rcm1.rcm.upr.edu\/prensa\/wp-json\/wp\/v2\/comments?post=598"}],"version-history":[{"count":4,"href":"https:\/\/rcm1.rcm.upr.edu\/prensa\/wp-json\/wp\/v2\/pages\/598\/revisions"}],"predecessor-version":[{"id":674,"href":"https:\/\/rcm1.rcm.upr.edu\/prensa\/wp-json\/wp\/v2\/pages\/598\/revisions\/674"}],"wp:attachment":[{"href":"https:\/\/rcm1.rcm.upr.edu\/prensa\/wp-json\/wp\/v2\/media?parent=598"}],"curies":[{"name":"wp","href":"https:\/\/api.w.org\/{rel}","templated":true}]}}