{"id":57,"date":"2018-10-12T13:25:47","date_gmt":"2018-10-12T13:25:47","guid":{"rendered":"http:\/\/127.0.0.1\/rcm\/procclaustral\/documentos\/"},"modified":"2018-10-12T13:25:47","modified_gmt":"2018-10-12T13:25:47","slug":"documentos","status":"publish","type":"page","link":"https:\/\/rcm1.rcm.upr.edu\/procuraduriaclaustral\/documentos\/","title":{"rendered":"Documentos"},"content":{"rendered":"<div class=\"wpb-content-wrapper\"><p>[vc_row][vc_column][vc_column_text]<\/p>\n<h3><strong>Reglas, Pol\u00edticas y Normas<\/strong><\/h3>\n<p>[\/vc_column_text][\/vc_column][\/vc_row][vc_row][vc_column][vc_column_text]<\/p>\n<ul>\n<li><a href=\"https:\/\/www.juntagobierno.upr.edu\/wp-content\/uploads\/sites\/16\/2015\/09\/160-2014-2015.pdf\" target=\"_blank\" rel=\"noopener noreferrer\">Reglamento General de la UPR<\/a><\/li>\n<li><a href=\"https:\/\/senadoacademico.rcm.upr.edu\/wp-content\/uploads\/sites\/37\/2020\/04\/Deberes-Responsabilidades-y-Derechos-del-Profesor.pdf\" target=\"_blank\" rel=\"noopener noreferrer\">Certificaci\u00f3n 78 (2010-11) del Senado Acad\u00e9mico: Deberes, Responsabilidades y Derechos del Profesor en Relaci\u00f3n con el Estudiante<\/a><\/li>\n<li><a href=\"https:\/\/rcm1.rcm.upr.edu\/procuraduriaclaustral\/wp-content\/uploads\/sites\/26\/2020\/08\/Politica-Institucional-Libertad-de-Catedra.pdf\" target=\"_blank\" rel=\"noopener noreferrer\">Certificaci\u00f3n 38 (1997-98) del Senado Acad\u00e9mico: Pol\u00edtica Institucional Concerniente a la Libertad de C\u00e1tedra<\/a><\/li>\n<li><a href=\"https:\/\/apicertificaciones.upr.edu\/file\/download\/25174\" target=\"_blank\" rel=\"noopener noreferrer\">Certificaci\u00f3n 45 (08-09) de la Junta de S\u00edndicos: Pol\u00edtica Institucional y Procedimientos en contra del Hostigamiento Sexual y Represalia en la Universidad de Puerto Rico<\/a><\/li>\n<li><a href=\"https:\/\/apicertificaciones.upr.edu\/file\/download\/25357\" target=\"_blank\" rel=\"noopener noreferrer\">Certificaci\u00f3n 138 (1981-82) del Consejo de Educaci\u00f3n Superior: Reglamento sobre procedimientos apelativos administrativos de la UPR<\/a><\/li>\n<li><a href=\"https:\/\/rcm1.rcm.upr.edu\/procuraduriaclaustral\/wp-content\/uploads\/sites\/26\/2020\/08\/Cargaacademica.pdf\" target=\"_blank\" rel=\"noopener noreferrer\">Certificaci\u00f3n 49 (2007-08) del Senado Acad\u00e9mico: Definici\u00f3n de Carga Acad\u00e9mica para el Personal Docente del Recinto de Ciencias M\u00e9dicas<\/a><\/li>\n<li><a href=\"https:\/\/rcm1.rcm.upr.edu\/procuraduriaclaustral\/wp-content\/uploads\/sites\/26\/2020\/08\/Protocolo-del-RCM-para-atender-situaciones.pdf\" target=\"_blank\" rel=\"noopener noreferrer\">Certificaci\u00f3n 73 (2010-2011) del Senado Acad\u00e9mico del RCM: Protocolo del RCM para Atender Situaciones que Conllevan el Cierre de la Instituci\u00f3n<\/a><\/li>\n<\/ul>\n<p>[\/vc_column_text][\/vc_column][\/vc_row]<\/p>\n<\/div>","protected":false},"excerpt":{"rendered":"<p>[vc_row][vc_column][vc_column_text] Reglas, Pol\u00edticas y Normas [\/vc_column_text][\/vc_column][\/vc_row][vc_row][vc_column][vc_column_text] Reglamento General de la UPR Certificaci\u00f3n 78 (2010-11) del Senado Acad\u00e9mico: Deberes, Responsabilidades y Derechos del Profesor en Relaci\u00f3n con el Estudiante Certificaci\u00f3n 38 (1997-98) del Senado Acad\u00e9mico: Pol\u00edtica Institucional Concerniente a la Libertad de C\u00e1tedra Certificaci\u00f3n 45 (08-09) de la Junta de S\u00edndicos: Pol\u00edtica Institucional y Procedimientos en&hellip;<\/p>\n","protected":false},"author":1,"featured_media":0,"parent":0,"menu_order":0,"comment_status":"closed","ping_status":"closed","template":"template-microsite.php","meta":{"footnotes":""},"class_list":["post-57","page","type-page","status-publish","hentry","description-off"],"aioseo_notices":[],"_links":{"self":[{"href":"https:\/\/rcm1.rcm.upr.edu\/procuraduriaclaustral\/wp-json\/wp\/v2\/pages\/57","targetHints":{"allow":["GET"]}}],"collection":[{"href":"https:\/\/rcm1.rcm.upr.edu\/procuraduriaclaustral\/wp-json\/wp\/v2\/pages"}],"about":[{"href":"https:\/\/rcm1.rcm.upr.edu\/procuraduriaclaustral\/wp-json\/wp\/v2\/types\/page"}],"author":[{"embeddable":true,"href":"https:\/\/rcm1.rcm.upr.edu\/procuraduriaclaustral\/wp-json\/wp\/v2\/users\/1"}],"replies":[{"embeddable":true,"href":"https:\/\/rcm1.rcm.upr.edu\/procuraduriaclaustral\/wp-json\/wp\/v2\/comments?post=57"}],"version-history":[{"count":0,"href":"https:\/\/rcm1.rcm.upr.edu\/procuraduriaclaustral\/wp-json\/wp\/v2\/pages\/57\/revisions"}],"wp:attachment":[{"href":"https:\/\/rcm1.rcm.upr.edu\/procuraduriaclaustral\/wp-json\/wp\/v2\/media?parent=57"}],"curies":[{"name":"wp","href":"https:\/\/api.w.org\/{rel}","templated":true}]}}