{"id":62,"date":"2018-10-12T13:07:40","date_gmt":"2018-10-12T13:07:40","guid":{"rendered":"http:\/\/127.0.0.1\/rcm\/procclaustral\/origen-de-la-oficina\/"},"modified":"2018-10-12T13:07:40","modified_gmt":"2018-10-12T13:07:40","slug":"origen-de-la-oficina","status":"publish","type":"page","link":"https:\/\/rcm1.rcm.upr.edu\/procuraduriaclaustral\/origen-de-la-oficina\/","title":{"rendered":"Origen de la Oficina"},"content":{"rendered":"<ul>\n<li>Elaboraci\u00f3n del Proyecto: Comit\u00e9 de de Asuntos Claustrales del Senado Acad\u00e9mico (Certificaci\u00f3n N\u00fam. 057-1998 1998-99 del SA)<\/li>\n<li>Creaci\u00f3n de la posici\u00f3n de Procurador(a) Claustral\n<ul>\n<li>Marzo 2000 (<a href=\"https:\/\/rcm1.rcm.upr.edu\/procuraduriaclaustral\/wp-content\/uploads\/sites\/26\/2020\/07\/opc_cert43.pdf\" target=\"_blank\" rel=\"noopener noreferrer\">Certificaci\u00f3n N\u00fam. 043<\/a>, 1999-00 y 059, 2000 2000-01 del SA)<\/li>\n<\/ul>\n<\/li>\n<li>Nombramiento de la Procurador(a) Claustral\n<ul>\n<li>1ero. de nov. 2002 (a tiempo parcial)<\/li>\n<li>De enero de 2003 en adelante, a tiempo completo<\/li>\n<\/ul>\n<\/li>\n<\/ul>\n","protected":false},"excerpt":{"rendered":"<p>Elaboraci\u00f3n del Proyecto: Comit\u00e9 de de Asuntos Claustrales del Senado Acad\u00e9mico (Certificaci\u00f3n N\u00fam. 057-1998 1998-99 del SA) Creaci\u00f3n de la posici\u00f3n de Procurador(a) Claustral Marzo 2000 (Certificaci\u00f3n N\u00fam. 043, 1999-00 y 059, 2000 2000-01 del SA) Nombramiento de la Procurador(a) Claustral 1ero. de nov. 2002 (a tiempo parcial) De enero de 2003 en adelante, a&hellip;<\/p>\n","protected":false},"author":1,"featured_media":0,"parent":0,"menu_order":0,"comment_status":"closed","ping_status":"closed","template":"template-microsite.php","meta":{"footnotes":""},"class_list":["post-62","page","type-page","status-publish","hentry","description-off"],"aioseo_notices":[],"_links":{"self":[{"href":"https:\/\/rcm1.rcm.upr.edu\/procuraduriaclaustral\/wp-json\/wp\/v2\/pages\/62","targetHints":{"allow":["GET"]}}],"collection":[{"href":"https:\/\/rcm1.rcm.upr.edu\/procuraduriaclaustral\/wp-json\/wp\/v2\/pages"}],"about":[{"href":"https:\/\/rcm1.rcm.upr.edu\/procuraduriaclaustral\/wp-json\/wp\/v2\/types\/page"}],"author":[{"embeddable":true,"href":"https:\/\/rcm1.rcm.upr.edu\/procuraduriaclaustral\/wp-json\/wp\/v2\/users\/1"}],"replies":[{"embeddable":true,"href":"https:\/\/rcm1.rcm.upr.edu\/procuraduriaclaustral\/wp-json\/wp\/v2\/comments?post=62"}],"version-history":[{"count":0,"href":"https:\/\/rcm1.rcm.upr.edu\/procuraduriaclaustral\/wp-json\/wp\/v2\/pages\/62\/revisions"}],"wp:attachment":[{"href":"https:\/\/rcm1.rcm.upr.edu\/procuraduriaclaustral\/wp-json\/wp\/v2\/media?parent=62"}],"curies":[{"name":"wp","href":"https:\/\/api.w.org\/{rel}","templated":true}]}}