{"id":64,"date":"2018-10-12T13:09:35","date_gmt":"2018-10-12T13:09:35","guid":{"rendered":"http:\/\/127.0.0.1\/rcm\/procclaustral\/informes-de-procuraduria\/"},"modified":"2018-10-12T13:09:35","modified_gmt":"2018-10-12T13:09:35","slug":"informes-de-procuraduria","status":"publish","type":"page","link":"https:\/\/rcm1.rcm.upr.edu\/procuraduriaclaustral\/informes-de-procuraduria\/","title":{"rendered":"Informes de Procuradur\u00eda"},"content":{"rendered":"<ul>\n<li><a href=\"https:\/\/rcm1.rcm.upr.edu\/procuraduriaclaustral\/wp-content\/uploads\/sites\/26\/2020\/08\/Nombramiento-procuradora-09.pdf\" target=\"_blank\" rel=\"noopener noreferrer\">Nombramiento de procuradora de Facultad, 4 de febrero de 2009<\/a><\/li>\n<li><a href=\"https:\/\/rcm1.rcm.upr.edu\/procuraduriaclaustral\/wp-content\/uploads\/sites\/26\/2020\/08\/Inf-Anual-Procuradoria-Claustral-2014.pdf\" target=\"_blank\" rel=\"noopener noreferrer\">Informe Anual de la Procuradur\u00eda Claustral al Senado Acad\u00e9mico del RCM, UPR 2013-2014<\/a><\/li>\n<li><a href=\"https:\/\/rcm1.rcm.upr.edu\/procuraduriaclaustral\/wp-content\/uploads\/sites\/26\/2020\/08\/Informe-Procuradora-Claustral-2012-13.pdf\" target=\"_blank\" rel=\"noopener noreferrer\">Informe Anual de la Procuradur\u00eda Claustral al Senado Acad\u00e9mico del RCM, UPR 2012-2013<\/a><\/li>\n<li><a href=\"https:\/\/rcm1.rcm.upr.edu\/procuraduriaclaustral\/wp-content\/uploads\/sites\/26\/2020\/08\/Informe-Anual-sa-2012.pdf\" target=\"_blank\" rel=\"noopener noreferrer\">Informe Anual de la Procuradur\u00eda Claustral al Senado Acad\u00e9mico del RCM, UPR 2011-2012<\/a><\/li>\n<li><a href=\"https:\/\/rcm1.rcm.upr.edu\/procuraduriaclaustral\/wp-content\/uploads\/sites\/26\/2020\/08\/Informe-Anual-10-2011al-Senado-Academico.pdf\" target=\"_blank\" rel=\"noopener noreferrer\">Informe Anual de la Procuradur\u00eda Claustral al Senado Acad\u00e9mico del RCM, UPR 2010-2011<\/a><\/li>\n<li><a href=\"https:\/\/rcm1.rcm.upr.edu\/procuraduriaclaustral\/wp-content\/uploads\/sites\/26\/2020\/08\/Informe-Anual-09-2010al-Senado-Academico.pdf\" target=\"_blank\" rel=\"noopener noreferrer\">Informe Anual de la Procuradur\u00eda Claustral al Senado Acad\u00e9mico del RCM, UPR 2009-2010<\/a><\/li>\n<li><a href=\"https:\/\/rcm1.rcm.upr.edu\/procuraduriaclaustral\/wp-content\/uploads\/sites\/26\/2020\/08\/Informe-junio2009-SenadoAcademico.pdf\" target=\"_blank\" rel=\"noopener noreferrer\">Informe Oficina de la Procuradur\u00eda Claustral al Senado Acad\u00e9mico del RCM, UPR febrero-junio 09<\/a><\/li>\n<li><a href=\"https:\/\/rcm1.rcm.upr.edu\/procuraduriaclaustral\/wp-content\/uploads\/sites\/26\/2020\/08\/informe_anual_sa_2002_03.pdf\" target=\"_blank\" rel=\"noopener noreferrer\">Informe Anual Oficina de Procuradur\u00eda Claustral al Senado Acad\u00e9mico del RCM, UPR 2002-2003<\/a><\/li>\n<li><a href=\"https:\/\/rcm1.rcm.upr.edu\/procuraduriaclaustral\/wp-content\/uploads\/sites\/26\/2020\/08\/informe_anual_sa_2003_04b.pdf\" target=\"_blank\" rel=\"noopener noreferrer\">Informe Anual Oficina de Procuradur\u00eda Claustral al Senado Acad\u00e9mico del RCM, UPR 2003-2004<\/a><\/li>\n<li><a href=\"https:\/\/rcm1.rcm.upr.edu\/procuraduriaclaustral\/wp-content\/uploads\/sites\/26\/2020\/08\/informe_anual_sa_2003_04b.pdf\" target=\"_blank\" rel=\"noopener noreferrer\">Informe Anual Oficina de Procuradur\u00eda Claustral al Senado Acad\u00e9mico del RCM, UPR 2003-2004 B<\/a><\/li>\n<li><a href=\"https:\/\/rcm1.rcm.upr.edu\/procuraduriaclaustral\/wp-content\/uploads\/sites\/26\/2020\/08\/informe_anual_2003_04_rev_24_08_04.pdf\" target=\"_blank\" rel=\"noopener noreferrer\">Informe Anual Oficina de Procuradur\u00eda Claustral al Senado Acad\u00e9mico del RCM, UPR 2003-2004 rev. 24-08-2004<\/a><\/li>\n<li><a href=\"https:\/\/rcm1.rcm.upr.edu\/procuraduriaclaustral\/wp-content\/uploads\/sites\/26\/2020\/08\/informe_anual_sa_2004_05.pdf\" target=\"_blank\" rel=\"noopener noreferrer\">Informe Anual Oficina de Procuradur\u00eda Claustral al Senado Acad\u00e9mico del RCM, UPR 2004-2005<\/a><\/li>\n<\/ul>\n","protected":false},"excerpt":{"rendered":"<p>Nombramiento de procuradora de Facultad, 4 de febrero de 2009 Informe Anual de la Procuradur\u00eda Claustral al Senado Acad\u00e9mico del RCM, UPR 2013-2014 Informe Anual de la Procuradur\u00eda Claustral al Senado Acad\u00e9mico del RCM, UPR 2012-2013 Informe Anual de la Procuradur\u00eda Claustral al Senado Acad\u00e9mico del RCM, UPR 2011-2012 Informe Anual de la Procuradur\u00eda Claustral&hellip;<\/p>\n","protected":false},"author":1,"featured_media":0,"parent":0,"menu_order":0,"comment_status":"closed","ping_status":"closed","template":"template-microsite.php","meta":{"footnotes":""},"class_list":["post-64","page","type-page","status-publish","hentry","description-off"],"aioseo_notices":[],"_links":{"self":[{"href":"https:\/\/rcm1.rcm.upr.edu\/procuraduriaclaustral\/wp-json\/wp\/v2\/pages\/64","targetHints":{"allow":["GET"]}}],"collection":[{"href":"https:\/\/rcm1.rcm.upr.edu\/procuraduriaclaustral\/wp-json\/wp\/v2\/pages"}],"about":[{"href":"https:\/\/rcm1.rcm.upr.edu\/procuraduriaclaustral\/wp-json\/wp\/v2\/types\/page"}],"author":[{"embeddable":true,"href":"https:\/\/rcm1.rcm.upr.edu\/procuraduriaclaustral\/wp-json\/wp\/v2\/users\/1"}],"replies":[{"embeddable":true,"href":"https:\/\/rcm1.rcm.upr.edu\/procuraduriaclaustral\/wp-json\/wp\/v2\/comments?post=64"}],"version-history":[{"count":0,"href":"https:\/\/rcm1.rcm.upr.edu\/procuraduriaclaustral\/wp-json\/wp\/v2\/pages\/64\/revisions"}],"wp:attachment":[{"href":"https:\/\/rcm1.rcm.upr.edu\/procuraduriaclaustral\/wp-json\/wp\/v2\/media?parent=64"}],"curies":[{"name":"wp","href":"https:\/\/api.w.org\/{rel}","templated":true}]}}