{"id":227,"date":"2018-08-28T18:03:35","date_gmt":"2018-08-28T18:03:35","guid":{"rendered":"http:\/\/127.0.0.1\/rcm\/procestudiantil\/inicio\/"},"modified":"2025-10-07T11:47:47","modified_gmt":"2025-10-07T11:47:47","slug":"inicio","status":"publish","type":"page","link":"https:\/\/rcm1.rcm.upr.edu\/procuraduriaestudiantil\/","title":{"rendered":"Inicio"},"content":{"rendered":"<div class=\"wpb-content-wrapper\"><p>[vc_row][vc_column][vc_raw_js]JTNDJTIxLS0lMjBHbG9iYWwlMjBzaXRlJTIwdGFnJTIwJTI4Z3RhZy5qcyUyOSUyMC0lMjBHb29nbGUlMjBBbmFseXRpY3MlMjAtLSUzRSUwQSUzQ3NjcmlwdCUyMGFzeW5jJTIwc3JjJTNEJTIyaHR0cHMlM0ElMkYlMkZ3d3cuZ29vZ2xldGFnbWFuYWdlci5jb20lMkZndGFnJTJGanMlM0ZpZCUzRFVBLTExOTU5MjEyMy0xMiUyMiUzRSUzQyUyRnNjcmlwdCUzRSUwQSUzQ3NjcmlwdCUzRSUwQSUyMCUyMHdpbmRvdy5kYXRhTGF5ZXIlMjAlM0QlMjB3aW5kb3cuZGF0YUxheWVyJTIwJTdDJTdDJTIwJTVCJTVEJTNCJTBBJTIwJTIwZnVuY3Rpb24lMjBndGFnJTI4JTI5JTdCZGF0YUxheWVyLnB1c2glMjhhcmd1bWVudHMlMjklM0IlN0QlMEElMjAlMjBndGFnJTI4JTI3anMlMjclMkMlMjBuZXclMjBEYXRlJTI4JTI5JTI5JTNCJTBBJTBBJTIwJTIwZ3RhZyUyOCUyN2NvbmZpZyUyNyUyQyUyMCUyN1VBLTExOTU5MjEyMy0xMiUyNyUyOSUzQiUwQSUzQyUyRnNjcmlwdCUzRSUwQQ==[\/vc_raw_js][vc_column_text]<img loading=\"lazy\" decoding=\"async\" class=\"aligncenter wp-image-898 size-medium\" src=\"https:\/\/rcm1.rcm.upr.edu\/procuraduriaestudiantil\/wp-content\/uploads\/sites\/27\/2023\/05\/PE-Editable-MJRC-Copy-centered-copy-Copy-300x125.jpg\" alt=\"\" width=\"300\" height=\"125\" srcset=\"https:\/\/rcm1.rcm.upr.edu\/procuraduriaestudiantil\/wp-content\/uploads\/sites\/27\/2023\/05\/PE-Editable-MJRC-Copy-centered-copy-Copy-300x125.jpg 300w, https:\/\/rcm1.rcm.upr.edu\/procuraduriaestudiantil\/wp-content\/uploads\/sites\/27\/2023\/05\/PE-Editable-MJRC-Copy-centered-copy-Copy-1024x427.jpg 1024w, https:\/\/rcm1.rcm.upr.edu\/procuraduriaestudiantil\/wp-content\/uploads\/sites\/27\/2023\/05\/PE-Editable-MJRC-Copy-centered-copy-Copy-768x321.jpg 768w, https:\/\/rcm1.rcm.upr.edu\/procuraduriaestudiantil\/wp-content\/uploads\/sites\/27\/2023\/05\/PE-Editable-MJRC-Copy-centered-copy-Copy-1536x641.jpg 1536w, https:\/\/rcm1.rcm.upr.edu\/procuraduriaestudiantil\/wp-content\/uploads\/sites\/27\/2023\/05\/PE-Editable-MJRC-Copy-centered-copy-Copy.jpg 1857w\" sizes=\"auto, (max-width: 300px) 100vw, 300px\" \/><\/p>\n<p>&nbsp;<\/p>\n<p>La Oficina de la Procuradur\u00eda Estudiantil es un recurso que tiene toda la comunidad universitaria, especialmente los estudiantes para trabajar la soluci\u00f3n de conflictos durante sus a\u00f1os de estudios en el Recinto de Ciencias M\u00e9dicas. Es un medio de comunicaci\u00f3n alterno. Esta oficina representa el compromiso de la Universidad de Puerto Rico y del Recinto de Ciencias M\u00e9dicas con el di\u00e1logo, la comunicaci\u00f3n y la mediaci\u00f3n como instrumentos fundamentales para la convivencia en la comunidad universitaria (<strong><a href=\"https:\/\/rcm1.rcm.upr.edu\/procuraduriaestudiantil\/wp-content\/uploads\/sites\/27\/2020\/04\/Certificacion-119-2014-2015.pdf\" target=\"_blank\" rel=\"noopener noreferrer\">Certificaci\u00f3n N\u00famero 119, 2014 -2015, JG<\/a><\/strong>). Los principios que rigen el ofrecimiento de los servicios son: accesibilidad, neutralidad, confidencialidad e independencia. La Certificaci\u00f3n N\u00famero 119, 2014-2015 de la Junta de Gobierno de la Universidad de Puerto Rico establece la pol\u00edtica que rige los servicios de la Oficina de la Procuradur\u00eda Estudiantil.[\/vc_column_text][vc_empty_space height=&#8221;15px&#8221;][vc_column_text]<\/p>\n<h3><b>Misi\u00f3n<\/b><\/h3>\n<p>[\/vc_column_text][vc_column_text]<\/p>\n<p class=\"x_MsoNormal\">Proveer servicios de orientaci\u00f3n, educaci\u00f3n, mediaci\u00f3n y resoluci\u00f3n de situaciones o conflictos en aras de promover el fiel cumplimiento de las normativas institucionales y las leyes aplicables a la vida universitaria.[\/vc_column_text][vc_empty_space height=&#8221;15px&#8221;][vc_column_text]<\/p>\n<h3><b>Visi\u00f3n<\/b><\/h3>\n<p>[\/vc_column_text][vc_column_text]<\/p>\n<p class=\"x_MsoNormal\">Implementar pr\u00e1cticas efectivas en la labor de orientar y educar a la comunidad universitaria a los fines de capacitarle en el ejercicio sus derechos y deberes; procurar soluciones justas y equitativas en adhesi\u00f3n a las normativas aplicables a cada situaci\u00f3n; para desde la oficina mejorar los servicios que recibe el estudiantado en el recinto.[\/vc_column_text][vc_separator][\/vc_column][\/vc_row][vc_row][vc_column][vc_column_text]<\/p>\n<h3><strong>Procuradur\u00eda Estudiantil Informa<\/strong><\/h3>\n<p>[\/vc_column_text][vc_column_text css=&#8221;&#8221;]<\/p>\n<h3><strong>2025<\/strong><\/h3>\n<p>[\/vc_column_text][vc_row_inner][vc_column_inner][vc_single_image image=&#8221;989&#8243; img_size=&#8221;full&#8221; alignment=&#8221;center&#8221; onclick=&#8221;custom_link&#8221; css=&#8221;&#8221;][\/vc_column_inner][\/vc_row_inner][\/vc_column][\/vc_row][vc_row][vc_column][vc_btn title=&#8221;Ver todos los boletines&#8221; color=&#8221;black&#8221; align=&#8221;center&#8221; css=&#8221;&#8221; link=&#8221;url:https%3A%2F%2Frcm1.rcm.upr.edu%2Fprocuraduriaestudiantil%2Fboletines-informativos%2F|title:Boletines%20Informativos&#8221;][\/vc_column][\/vc_row]<\/p>\n<\/div>","protected":false},"excerpt":{"rendered":"<p>[vc_row][vc_column][vc_raw_js]JTNDJTIxLS0lMjBHbG9iYWwlMjBzaXRlJTIwdGFnJTIwJTI4Z3RhZy5qcyUyOSUyMC0lMjBHb29nbGUlMjBBbmFseXRpY3MlMjAtLSUzRSUwQSUzQ3NjcmlwdCUyMGFzeW5jJTIwc3JjJTNEJTIyaHR0cHMlM0ElMkYlMkZ3d3cuZ29vZ2xldGFnbWFuYWdlci5jb20lMkZndGFnJTJGanMlM0ZpZCUzRFVBLTExOTU5MjEyMy0xMiUyMiUzRSUzQyUyRnNjcmlwdCUzRSUwQSUzQ3NjcmlwdCUzRSUwQSUyMCUyMHdpbmRvdy5kYXRhTGF5ZXIlMjAlM0QlMjB3aW5kb3cuZGF0YUxheWVyJTIwJTdDJTdDJTIwJTVCJTVEJTNCJTBBJTIwJTIwZnVuY3Rpb24lMjBndGFnJTI4JTI5JTdCZGF0YUxheWVyLnB1c2glMjhhcmd1bWVudHMlMjklM0IlN0QlMEElMjAlMjBndGFnJTI4JTI3anMlMjclMkMlMjBuZXclMjBEYXRlJTI4JTI5JTI5JTNCJTBBJTBBJTIwJTIwZ3RhZyUyOCUyN2NvbmZpZyUyNyUyQyUyMCUyN1VBLTExOTU5MjEyMy0xMiUyNyUyOSUzQiUwQSUzQyUyRnNjcmlwdCUzRSUwQQ==[\/vc_raw_js][vc_column_text] &nbsp; La Oficina de la Procuradur\u00eda Estudiantil es un recurso que tiene toda la comunidad universitaria, especialmente los estudiantes para trabajar la soluci\u00f3n de conflictos durante sus a\u00f1os de estudios en el Recinto de Ciencias M\u00e9dicas. Es un medio de comunicaci\u00f3n alterno. Esta oficina representa el compromiso de la Universidad de Puerto Rico y&hellip;<\/p>\n","protected":false},"author":1,"featured_media":0,"parent":0,"menu_order":0,"comment_status":"closed","ping_status":"closed","template":"template-microsite.php","meta":{"footnotes":""},"class_list":["post-227","page","type-page","status-publish","hentry","description-off"],"aioseo_notices":[],"_links":{"self":[{"href":"https:\/\/rcm1.rcm.upr.edu\/procuraduriaestudiantil\/wp-json\/wp\/v2\/pages\/227","targetHints":{"allow":["GET"]}}],"collection":[{"href":"https:\/\/rcm1.rcm.upr.edu\/procuraduriaestudiantil\/wp-json\/wp\/v2\/pages"}],"about":[{"href":"https:\/\/rcm1.rcm.upr.edu\/procuraduriaestudiantil\/wp-json\/wp\/v2\/types\/page"}],"author":[{"embeddable":true,"href":"https:\/\/rcm1.rcm.upr.edu\/procuraduriaestudiantil\/wp-json\/wp\/v2\/users\/1"}],"replies":[{"embeddable":true,"href":"https:\/\/rcm1.rcm.upr.edu\/procuraduriaestudiantil\/wp-json\/wp\/v2\/comments?post=227"}],"version-history":[{"count":7,"href":"https:\/\/rcm1.rcm.upr.edu\/procuraduriaestudiantil\/wp-json\/wp\/v2\/pages\/227\/revisions"}],"predecessor-version":[{"id":990,"href":"https:\/\/rcm1.rcm.upr.edu\/procuraduriaestudiantil\/wp-json\/wp\/v2\/pages\/227\/revisions\/990"}],"wp:attachment":[{"href":"https:\/\/rcm1.rcm.upr.edu\/procuraduriaestudiantil\/wp-json\/wp\/v2\/media?parent=227"}],"curies":[{"name":"wp","href":"https:\/\/api.w.org\/{rel}","templated":true}]}}