{"id":228,"date":"2018-08-28T18:04:36","date_gmt":"2018-08-28T18:04:36","guid":{"rendered":"http:\/\/127.0.0.1\/rcm\/procestudiantil\/historia\/"},"modified":"2024-10-16T12:58:57","modified_gmt":"2024-10-16T12:58:57","slug":"historia","status":"publish","type":"page","link":"https:\/\/rcm1.rcm.upr.edu\/procuraduriaestudiantil\/historia\/","title":{"rendered":"Historia"},"content":{"rendered":"<p>La Oficina de Procuradur\u00eda Estudiantil del Recinto de Ciencias M\u00e9dicas fue creada en febrero de 1995, siguiendo la pol\u00edtica de la Universidad de Puerto Rico de crear un ambiente acad\u00e9mico que propicie la comunicaci\u00f3n entre sus diversos componentes. La creaci\u00f3n de la Oficina fue gracias al esfuerzo del entonces Rector, Dr. Jorge L. S\u00e1nchez, el Decanato de Estudiantes y el Consejo General de Estudiantes para el A\u00f1o Acad\u00e9mico 1994-1995. El primer Procurador Estudiantil Interino fue el Dr. Robert H. Eaglen y a partir de este momento han sido designado (9) nueve Procuradores Estudiantiles. Estos son: Dr. Herman Rodr\u00edguez (2 a\u00f1os), Dra. Mar\u00eda E. Cora Block (4 meses), Dra. M. Rosario Gonz\u00e1lez (2 a\u00f1os), Dra. Virginia Santiago Tosado (8 a\u00f1os), Dr. Juan Carlos Soto Santiago (3 a\u00f1os), Dra. Maribel P\u00e9rez Mercado (9 a\u00f1os), Dra. Ada M. Alem\u00e1n Batista (7 meses), Dra. Leyra Y. Figueroa Hern\u00e1ndez (1 mes), Lcdo. Marcus J. Ramos Cintr\u00f3n (1 a\u00f1o) y el Dr. Juan Carlos Soto Santiago en su segunda designaci\u00f3n desde agosto de 2024 al presente,.\u00a0 Desde sus inicios esta Oficina ha recibido el apoyo incondicional de la Oficina de Rector\u00eda del Recinto, a quien est\u00e1 adscrita.<\/p>\n<p>La funci\u00f3n esencial de la Oficina del Procurador Estudiantil es atender todo tipo de situaci\u00f3n acad\u00e9mica que afecte el proceso educativo desde el punto de vista estudiantil. La Oficina propone facilitar que el estudiantado reciba un trato justo y razonable en sus relaciones con los diversos funcionarios administrativos y acad\u00e9micos del Recinto. Este funcionario sirve de mediador, intercesor y conciliador entre la comunidad estudiantil y los otros componentes de la comunidad universitaria.<\/p>\n","protected":false},"excerpt":{"rendered":"<p>La Oficina de Procuradur\u00eda Estudiantil del Recinto de Ciencias M\u00e9dicas fue creada en febrero de 1995, siguiendo la pol\u00edtica de la Universidad de Puerto Rico de crear un ambiente acad\u00e9mico que propicie la comunicaci\u00f3n entre sus diversos componentes. La creaci\u00f3n de la Oficina fue gracias al esfuerzo del entonces Rector, Dr. Jorge L. S\u00e1nchez, el&hellip;<\/p>\n","protected":false},"author":1,"featured_media":0,"parent":0,"menu_order":0,"comment_status":"closed","ping_status":"closed","template":"template-microsite.php","meta":{"footnotes":""},"class_list":["post-228","page","type-page","status-publish","hentry","description-off"],"aioseo_notices":[],"_links":{"self":[{"href":"https:\/\/rcm1.rcm.upr.edu\/procuraduriaestudiantil\/wp-json\/wp\/v2\/pages\/228","targetHints":{"allow":["GET"]}}],"collection":[{"href":"https:\/\/rcm1.rcm.upr.edu\/procuraduriaestudiantil\/wp-json\/wp\/v2\/pages"}],"about":[{"href":"https:\/\/rcm1.rcm.upr.edu\/procuraduriaestudiantil\/wp-json\/wp\/v2\/types\/page"}],"author":[{"embeddable":true,"href":"https:\/\/rcm1.rcm.upr.edu\/procuraduriaestudiantil\/wp-json\/wp\/v2\/users\/1"}],"replies":[{"embeddable":true,"href":"https:\/\/rcm1.rcm.upr.edu\/procuraduriaestudiantil\/wp-json\/wp\/v2\/comments?post=228"}],"version-history":[{"count":1,"href":"https:\/\/rcm1.rcm.upr.edu\/procuraduriaestudiantil\/wp-json\/wp\/v2\/pages\/228\/revisions"}],"predecessor-version":[{"id":953,"href":"https:\/\/rcm1.rcm.upr.edu\/procuraduriaestudiantil\/wp-json\/wp\/v2\/pages\/228\/revisions\/953"}],"wp:attachment":[{"href":"https:\/\/rcm1.rcm.upr.edu\/procuraduriaestudiantil\/wp-json\/wp\/v2\/media?parent=228"}],"curies":[{"name":"wp","href":"https:\/\/api.w.org\/{rel}","templated":true}]}}