{"id":234,"date":"2018-08-28T18:07:25","date_gmt":"2018-08-28T18:07:25","guid":{"rendered":"http:\/\/127.0.0.1\/rcm\/procestudiantil\/principios\/"},"modified":"2024-10-15T10:58:29","modified_gmt":"2024-10-15T10:58:29","slug":"principios","status":"publish","type":"page","link":"https:\/\/rcm1.rcm.upr.edu\/procuraduriaestudiantil\/principios\/","title":{"rendered":"Principios"},"content":{"rendered":"<h2>Principios que rigen el ofrecimiento de los servicios<\/h2>\n<p>&nbsp;<\/p>\n<p><a href=\"https:\/\/rcm1.rcm.upr.edu\/procuraduriaestudiantil\/wp-content\/uploads\/sites\/27\/2024\/10\/certificacion-numero-19-2014-15-poltica-pocuraduria-estudiantil.pdf\" target=\"_blank\" rel=\"noopener noreferrer\">Pol\u00edtica de la Universidad de Puerto Rico Sobre la Procuradur\u00eda Estudiantil<\/a><\/p>\n<p>&nbsp;<\/p>\n<h3><strong>Accesibilidad<\/strong><\/h3>\n<p>Los servicios de procuradur\u00eda estudiantil se deben ofrecer de tal forma que resulten accesibles, tanto en hora como en lugar, a todos los integrantes de la comunidad universitaria, incluyendo a la poblaci\u00f3n estudiantil nocturna y sabatina.<\/p>\n<p>&nbsp;<\/p>\n<h3><strong>Neutralidad<\/strong><\/h3>\n<p>No existir\u00e1 inter\u00e9s personal particular en la soluci\u00f3n de los asuntos ante la consideraci\u00f3n de la procuradur\u00eda estudiantil. La evaluaci\u00f3n de las situaciones se regir\u00e1 por el deber de hacer justicia, lo cual implica asumir posturas fundamentadas en torno a las soluciones para los asuntos ante su consideraci\u00f3n, salvo en su rol de mediador de conflictos entre partes individuales.<\/p>\n<p>&nbsp;<\/p>\n<h3><strong>Confidencialidad<\/strong><\/h3>\n<p>Los servicios de procuradur\u00eda estudiantil son de naturaleza confidencial, de acuerdo con la Ley y con la privacidad de las personas involucradas. Considerando que la confidencialidad es un principio fundamental, existen las siguientes excepciones generales: situaciones de amenaza, riesgo de da\u00f1os corporales entre las partes o terceros, da\u00f1os a la propiedad, procesos de planteamientos de quejas sobre las ejecutorias de la procuradur\u00eda y, en los casos de hostigamientos sexual, conforme a la Pol\u00edtica Institucional Contra el Hostigamiento Sexual en la Universidad de Puerto Rico vigente.<\/p>\n<p>&nbsp;<\/p>\n<h3><strong>Independencia<\/strong><\/h3>\n<p>Los servicios de procuradur\u00eda estudiantil se deben ofrecer con independencia de criterio, por lo cual no podr\u00e1n estar supeditados a ning\u00fan sector particular de la comunidad universitaria.<\/p>\n","protected":false},"excerpt":{"rendered":"<p>Principios que rigen el ofrecimiento de los servicios &nbsp; Pol\u00edtica de la Universidad de Puerto Rico Sobre la Procuradur\u00eda Estudiantil &nbsp; Accesibilidad Los servicios de procuradur\u00eda estudiantil se deben ofrecer de tal forma que resulten accesibles, tanto en hora como en lugar, a todos los integrantes de la comunidad universitaria, incluyendo a la poblaci\u00f3n estudiantil&hellip;<\/p>\n","protected":false},"author":1,"featured_media":0,"parent":0,"menu_order":0,"comment_status":"closed","ping_status":"closed","template":"template-microsite.php","meta":{"footnotes":""},"class_list":["post-234","page","type-page","status-publish","hentry","description-off"],"aioseo_notices":[],"_links":{"self":[{"href":"https:\/\/rcm1.rcm.upr.edu\/procuraduriaestudiantil\/wp-json\/wp\/v2\/pages\/234","targetHints":{"allow":["GET"]}}],"collection":[{"href":"https:\/\/rcm1.rcm.upr.edu\/procuraduriaestudiantil\/wp-json\/wp\/v2\/pages"}],"about":[{"href":"https:\/\/rcm1.rcm.upr.edu\/procuraduriaestudiantil\/wp-json\/wp\/v2\/types\/page"}],"author":[{"embeddable":true,"href":"https:\/\/rcm1.rcm.upr.edu\/procuraduriaestudiantil\/wp-json\/wp\/v2\/users\/1"}],"replies":[{"embeddable":true,"href":"https:\/\/rcm1.rcm.upr.edu\/procuraduriaestudiantil\/wp-json\/wp\/v2\/comments?post=234"}],"version-history":[{"count":1,"href":"https:\/\/rcm1.rcm.upr.edu\/procuraduriaestudiantil\/wp-json\/wp\/v2\/pages\/234\/revisions"}],"predecessor-version":[{"id":951,"href":"https:\/\/rcm1.rcm.upr.edu\/procuraduriaestudiantil\/wp-json\/wp\/v2\/pages\/234\/revisions\/951"}],"wp:attachment":[{"href":"https:\/\/rcm1.rcm.upr.edu\/procuraduriaestudiantil\/wp-json\/wp\/v2\/media?parent=234"}],"curies":[{"name":"wp","href":"https:\/\/api.w.org\/{rel}","templated":true}]}}