{"id":244,"date":"2018-08-28T18:15:07","date_gmt":"2018-08-28T18:15:07","guid":{"rendered":"http:\/\/127.0.0.1\/rcm\/procestudiantil\/preguntas-frecuentes\/"},"modified":"2018-08-28T18:15:07","modified_gmt":"2018-08-28T18:15:07","slug":"preguntas-frecuentes","status":"publish","type":"page","link":"https:\/\/rcm1.rcm.upr.edu\/procuraduriaestudiantil\/preguntas-frecuentes\/","title":{"rendered":"Preguntas Frecuentes"},"content":{"rendered":"<div class=\"wpb-content-wrapper\"><p>[vc_row][vc_column][vc_toggle title=&#8221;\u00bfQui\u00e9n establece los derechos y deberes de los estudiantes?&#8221; open=&#8221;true&#8221; el_id=&#8221;1536843213643-2b388dcb-ed72&#8243;]En el Reglamento General de Estudiantes de la Universidad de Puerto Rico establece los derechos y deberes de los estudiantes. (Cap\u00edtulo 2, Derechos y Deberes de Estudiantes, p\u00e1gina 6-15 del Reglamento General de la UPR)[\/vc_toggle][vc_empty_space height=&#8221;15px&#8221;][vc_toggle title=&#8221;\u00bfQu\u00e9 informaci\u00f3n debo recibir de mi profesor\/a la primera semana de clases?&#8221; open=&#8221;true&#8221; el_id=&#8221;1536843233729-c5ddcb84-6d0c&#8221;]El estudiante tiene derecho a recibir de su profesor, no m\u00e1s tarde de la primera semana del curso, un documento en formato impreso o electr\u00f3nico, en el cual se describa c\u00f3mo se cumplir\u00e1 con el plan de trabajo del curso. Este documento deber\u00e1 ser discutido en clase por el profesor y representa el acuerdo y compromiso que establece el profesor con sus estudiantes. (Reglamento General de la Universidad de Puerto Rico, Art\u00edculo 2.10 \u2013 Prontuario o Temario del Curso)[\/vc_toggle][vc_empty_space height=&#8221;15px&#8221;][vc_toggle title=&#8221;\u00bfCu\u00e1nto tiempo debo esperar para recibir la evaluaci\u00f3n de mi trabajo?&#8221; open=&#8221;true&#8221; el_id=&#8221;1536843233057-2030ce54-518b&#8221;]El estudiante tiene derecho a que su trabajo acad\u00e9mico sea evaluado en forma justa y objetiva y a que su calificaci\u00f3n est\u00e9 fundamentada solo en consideraciones relativas a la evaluaci\u00f3n de su quehacer acad\u00e9mico. Dicha evaluaci\u00f3n deber\u00e1 estar accesible al estudiante en un plazo de tiempo razonable que deber\u00e1 establecer la unidad institucional. (Reglamento General de la Universidad de Puerto Rico, Art\u00edculo 2.11 \u2013 Evaluaci\u00f3n del Estudiante) (Certificaci\u00f3n 028, 95-96, Deberes, Responsabilidades y Derechos del Profesor en relaci\u00f3n al estudiante, E. Secci\u00f3n #4)[\/vc_toggle][vc_empty_space height=&#8221;15px&#8221;][vc_toggle title=&#8221;\u00bfPuedo solicitar la revisi\u00f3n de la evaluaci\u00f3n de mis trabajos entregados en la clase?&#8221; open=&#8221;true&#8221; el_id=&#8221;1536843227936-b95eddf2-fbe0&#8243;]El estudiante podr\u00e1 solicitar al profesor una revisi\u00f3n de la evaluaci\u00f3n cuando entienda que no responde a los criterios establecidos o acordados para lo cual seguir\u00e1 el procedimiento de revisi\u00f3n de calificaciones establecido o acostumbrado en cada unidad. La primera instancia de revisi\u00f3n la constituye el profesor que estuvo a cargo del curso. Los trabajos que haya realizado el estudiante durante un curso ser\u00e1n retenidos por el profesor por seis (6) meses despu\u00e9s de entregar la calificaci\u00f3n final del estudiante. Cada Senado Acad\u00e9mico establecer\u00e1 procedimientos a seguir para garantizar una revisi\u00f3n justa y adecuada. (Reglamento General de la Universidad de Puerto Rico, Art\u00edculo 2.12 \u2013 Revisi\u00f3n de la Evaluaci\u00f3n) (Certificaci\u00f3n 021, 2018-19, Proceso para la reclamaci\u00f3n de la calificaci\u00f3n final de un curso en el RCM, seg\u00fan enmendada)[\/vc_toggle][vc_empty_space height=&#8221;15px&#8221;][vc_toggle title=&#8221;\u00bfCu\u00e1l es el derecho fundamental del estudiante universitario?&#8221; open=&#8221;true&#8221; el_id=&#8221;1536843225587-5d9bd8b1-4b3f&#8221;]El derecho fundamental del estudiante universitario en la comunidad acad\u00e9mica es el derecho a educarse. Este derecho no se limita al sal\u00f3n de clase, sino que abarca el conjunto de sus posibles experiencias y relaciones con sus compa\u00f1eros, con el personal docente, con el personal no docente y con sus conciudadanos en la comunidad en general. La Universidad de Puerto Rico garantizar\u00e1 asimismo el ofrecimiento de servicios de la procuradur\u00eda estudiantil en las unidades del Sistema, de conformidad con las normas adoptadas a tal prop\u00f3sito. (Cap\u00edtulo II \u2013 Reglamento General de Estudiantes UPR, Parte A \u2013 Introducci\u00f3n, Art\u00edculo 2.1, Pol\u00edtica Institucional)[\/vc_toggle][vc_empty_space height=&#8221;15px&#8221;][vc_toggle title=&#8221;\u00bfQu\u00e9 puedo hacer cuando mis derechos han sido afectados?&#8221; open=&#8221;true&#8221; el_id=&#8221;1536843224555-bd32a469-c2e8&#8243;]Cualquier estudiante que entienda que alguno de sus derechos ha sido afectado o violentado, podr\u00e1 presentar una queja o querella ante la autoridad competente dentro de su unidad institucional. En el proceso de presentar la misma, podr\u00e1 contar con la ayuda y asesoramiento del procurador estudiantil. Cada unidad fijar\u00e1 tanto el t\u00e9rmino para presentar una querella como para responder y resolver la misma. (Reglamento General de Estudiantes de la Universidad de Puerto Rico, PARTE F \u2014 INFRACCIONES Art\u00edculo 2.36 \u2013 Infracciones a las Normas Relativas a los Derechos y Deberes de los Estudiantes) (Certificaci\u00f3n 147, 2015-16, Proceso para Atender Quejas o Querellas Estudiantiles, RCM)[\/vc_toggle][vc_column_text][\/vc_column_text][\/vc_column][\/vc_row]<\/p>\n<\/div>","protected":false},"excerpt":{"rendered":"<p>[vc_row][vc_column][vc_toggle title=&#8221;\u00bfQui\u00e9n establece los derechos y deberes de los estudiantes?&#8221; open=&#8221;true&#8221; el_id=&#8221;1536843213643-2b388dcb-ed72&#8243;]En el Reglamento General de Estudiantes de la Universidad de Puerto Rico establece los derechos y deberes de los estudiantes. (Cap\u00edtulo 2, Derechos y Deberes de Estudiantes, p\u00e1gina 6-15 del Reglamento General de la UPR)[\/vc_toggle][vc_empty_space height=&#8221;15px&#8221;][vc_toggle title=&#8221;\u00bfQu\u00e9 informaci\u00f3n debo recibir de mi profesor\/a la&hellip;<\/p>\n","protected":false},"author":1,"featured_media":0,"parent":0,"menu_order":0,"comment_status":"closed","ping_status":"closed","template":"template-microsite.php","meta":{"footnotes":""},"class_list":["post-244","page","type-page","status-publish","hentry","description-off"],"aioseo_notices":[],"_links":{"self":[{"href":"https:\/\/rcm1.rcm.upr.edu\/procuraduriaestudiantil\/wp-json\/wp\/v2\/pages\/244","targetHints":{"allow":["GET"]}}],"collection":[{"href":"https:\/\/rcm1.rcm.upr.edu\/procuraduriaestudiantil\/wp-json\/wp\/v2\/pages"}],"about":[{"href":"https:\/\/rcm1.rcm.upr.edu\/procuraduriaestudiantil\/wp-json\/wp\/v2\/types\/page"}],"author":[{"embeddable":true,"href":"https:\/\/rcm1.rcm.upr.edu\/procuraduriaestudiantil\/wp-json\/wp\/v2\/users\/1"}],"replies":[{"embeddable":true,"href":"https:\/\/rcm1.rcm.upr.edu\/procuraduriaestudiantil\/wp-json\/wp\/v2\/comments?post=244"}],"version-history":[{"count":0,"href":"https:\/\/rcm1.rcm.upr.edu\/procuraduriaestudiantil\/wp-json\/wp\/v2\/pages\/244\/revisions"}],"wp:attachment":[{"href":"https:\/\/rcm1.rcm.upr.edu\/procuraduriaestudiantil\/wp-json\/wp\/v2\/media?parent=244"}],"curies":[{"name":"wp","href":"https:\/\/api.w.org\/{rel}","templated":true}]}}