{"id":844,"date":"2021-10-04T15:21:29","date_gmt":"2021-10-04T15:21:29","guid":{"rendered":"https:\/\/procestudiantil.rcm.upr.edu\/?page_id=844"},"modified":"2025-06-13T12:05:30","modified_gmt":"2025-06-13T12:05:30","slug":"documentos","status":"publish","type":"page","link":"https:\/\/rcm1.rcm.upr.edu\/procuraduriaestudiantil\/documentos\/","title":{"rendered":"Documentos"},"content":{"rendered":"<div class=\"wpb-content-wrapper\"><p>[vc_row][vc_column][vc_column_text css=&#8221;&#8221;]<div class='w3eden'><!-- WPDM Link Template: Default Template -->\n\n<div class=\"link-template-default card mb-2\">\n    <div class=\"card-body\">\n        <div class=\"media\">\n            <div class=\"mr-3 img-48\"><img decoding=\"async\" class=\"wpdm_icon\" alt=\"Icon\" src=\"https:\/\/rcm1.rcm.upr.edu\/procuraduriaestudiantil\/wp-content\/plugins\/download-manager\/assets\/file-type-icons\/pdf.svg\" \/><\/div>\n            <div class=\"media-body\">\n                <h3 class=\"package-title\"><a href='https:\/\/rcm1.rcm.upr.edu\/procuraduriaestudiantil\/download\/informe-anual-2024-2025\/'>Informe anual 2024-2025<\/a><\/h3>\n                <div class=\"text-muted text-small\"><i class=\"fas fa-copy\"><\/i> 1 file(s) <i class=\"fas fa-hdd ml-3\"><\/i> 1.62 MB<\/div>\n            <\/div>\n            <div class=\"ml-3\">\n                <a class='wpdm-download-link download-on-click btn btn-primary ' rel='nofollow' href='#' data-downloadurl=\"https:\/\/rcm1.rcm.upr.edu\/procuraduriaestudiantil\/download\/informe-anual-2024-2025\/?wpdmdl=982&refresh=69fc7dd671dd81778154966\">Download<\/a>\n            <\/div>\n        <\/div>\n    <\/div>\n<\/div>\n\n<\/div>[\/vc_column_text][\/vc_column][\/vc_row][vc_row][vc_column][vc_column_text]<\/p>\n<ul>\n<li><a href=\"https:\/\/rcm1.rcm.upr.edu\/procuraduriaestudiantil\/wp-content\/uploads\/sites\/27\/2021\/09\/Politica-Hostigamiento-Sexual-2021.pdf\" target=\"_blank\" rel=\"noopener noreferrer\">Pol\u00edtica y Procedimientos para el Manejo de Situaciones de Discrimen por Sexo o G\u00e9nero de la Universidad de Puerto Rico<\/a><\/li>\n<li><a href=\"https:\/\/de.rcm.upr.edu\/wp-content\/uploads\/sites\/13\/2020\/03\/Derechos-y-Deberes-del-Estudiante.pdf\" target=\"_blank\" rel=\"noopener noreferrer\">Deberes, Derechos y Responsabilidades del Estudiante<\/a><\/li>\n<li><a href=\"https:\/\/de.rcm.upr.edu\/wp-content\/uploads\/sites\/13\/2020\/03\/Deberes-Responsabilidades-y-Derecho-del-Profesor-y-Estudiante.pdf\" target=\"_blank\" rel=\"noopener noreferrer\">Deberes, Derechos y Responsabilidades del Profesor en relaci\u00f3n con el Estudiante<\/a><\/li>\n<li><a href=\"https:\/\/de.rcm.upr.edu\/wp-content\/uploads\/sites\/13\/2020\/03\/Concesion_Tiempo_Reunion_Senado.pdf\" target=\"_blank\" rel=\"noopener noreferrer\">Certificaciones sobre la Participaci\u00f3n de Estudiantes en Reuniones y Actividades Acad\u00e9micas<\/a><\/li>\n<li><a href=\"https:\/\/de.rcm.upr.edu\/wp-content\/uploads\/sites\/13\/2020\/04\/normas_adelantar_postponer_examenes_actividades.pdf\" target=\"_blank\" rel=\"noopener noreferrer\">Normas para posponer ex\u00e1menes<\/a><\/li>\n<li><a href=\"https:\/\/rcm1.rcm.upr.edu\/procuraduriaestudiantil\/wp-content\/uploads\/sites\/27\/2021\/09\/Certificacion-38-Convivencia-en-la-UPR.pdf\" target=\"_blank\" rel=\"noopener noreferrer\">Pol\u00edtica Institucional sobre la Convivencia en la Universidad de Puerto Rico<\/a><\/li>\n<\/ul>\n<p>Uno de sus objetivos es el compromiso institucional para mantener el di\u00e1logo y comunicaci\u00f3n necesaria, que evite las confrontaciones y la intervenci\u00f3n externa \u00a0 \u00a0 \u00a0 \u00a0 \u00a0 \u00a0 \u00a0 \u00a0en la resoluci\u00f3n de conflictos universitarios. Tiene cuatro principios fundamentales:<br \/>\n<strong>\u00a0 \u00a0 \u00a0 \u00a0 \u00a0 \u00a0Di\u00e1logo<\/strong> \u2014 compromiso para mantener el di\u00e1logo y la comunicaci\u00f3n necesaria para evitar confrontaciones y la intervenci\u00f3n externa.<br \/>\n<strong>\u00a0 \u00a0 \u00a0 \u00a0 \u00a0 \u00a0Confianza<\/strong> \u2014 clave para establecer una relaci\u00f3n de mutua seguridad, comunicaci\u00f3n honesta y capacidad para interactuar con otros.<br \/>\n<strong>\u00a0 \u00a0 \u00a0 \u00a0 \u00a0 \u00a0Respeto<\/strong> \u2014 implica deferencia por la diferencia.<br \/>\n<strong>\u00a0 \u00a0 \u00a0 \u00a0 \u00a0 \u00a0Cultura de Paz<\/strong> \u2014 Compromiso con la no violencia como forma de resolver los conflictos.<\/p>\n<ul>\n<li><a href=\"https:\/\/apicertificaciones.upr.edu\/file\/download\/25682\" target=\"_blank\" rel=\"noopener noreferrer\">Pol\u00edtica de la Universidad de Puerto Rico sobre la Procuradur\u00eda Estudiantil<\/a><\/li>\n<li><a href=\"https:\/\/rcm1.rcm.upr.edu\/procuraduriaestudiantil\/wp-content\/uploads\/sites\/27\/2020\/06\/Deberes-y-Derechos-de-los-Estudiantes.pdf\" target=\"_blank\" rel=\"noopener noreferrer\">Orientaci\u00f3n sobre Deberes y Derechos de los Estudiantes en el Recinto de Ciencias M\u00e9dicas<\/a><\/li>\n<li><a href=\"https:\/\/de.rcm.upr.edu\/wp-content\/uploads\/sites\/13\/2020\/03\/Cert_147_2015-16_JA-RCM.pdf\" target=\"_blank\" rel=\"noopener noreferrer\">Procedimiento para Atender Situaciones<\/a><\/li>\n<li><a href=\"https:\/\/rcm1.rcm.upr.edu\/procuraduriaestudiantil\/wp-content\/uploads\/sites\/27\/2020\/04\/proceso-atender-querellas-organigrama.pdf\" target=\"_blank\" rel=\"noopener noreferrer\">Proceso para Atender Querellas por Parte de los Estudiantes<\/a><\/li>\n<li><a href=\"https:\/\/rcm1.rcm.upr.edu\/procuraduriaestudiantil\/wp-content\/uploads\/sites\/27\/2023\/04\/Querellas-JIP-PPA-2023.pdf\">Informaci\u00f3n para Remitir Querellas ante el Estado<\/a><\/li>\n<li><a href=\"https:\/\/rcm1.rcm.upr.edu\/procuraduriaestudiantil\/wp-content\/uploads\/sites\/27\/2023\/04\/Students-Compliants-JIP-English-Final.pdf\">State Complaint Referral Information<\/a><\/li>\n<\/ul>\n<p>[\/vc_column_text][\/vc_column][\/vc_row]<\/p>\n<\/div>","protected":false},"excerpt":{"rendered":"<p>[vc_row][vc_column][vc_column_text css=&#8221;&#8221;][\/vc_column_text][\/vc_column][\/vc_row][vc_row][vc_column][vc_column_text] Pol\u00edtica y Procedimientos para el Manejo de Situaciones de Discrimen por Sexo o G\u00e9nero de la Universidad de Puerto Rico Deberes, Derechos y Responsabilidades del Estudiante Deberes, Derechos y Responsabilidades del Profesor en relaci\u00f3n con el Estudiante Certificaciones sobre la Participaci\u00f3n de Estudiantes en Reuniones y Actividades Acad\u00e9micas Normas para posponer ex\u00e1menes Pol\u00edtica&hellip;<\/p>\n","protected":false},"author":1,"featured_media":0,"parent":0,"menu_order":0,"comment_status":"closed","ping_status":"closed","template":"template-microsite.php","meta":{"footnotes":""},"class_list":["post-844","page","type-page","status-publish","hentry","description-off"],"aioseo_notices":[],"_links":{"self":[{"href":"https:\/\/rcm1.rcm.upr.edu\/procuraduriaestudiantil\/wp-json\/wp\/v2\/pages\/844","targetHints":{"allow":["GET"]}}],"collection":[{"href":"https:\/\/rcm1.rcm.upr.edu\/procuraduriaestudiantil\/wp-json\/wp\/v2\/pages"}],"about":[{"href":"https:\/\/rcm1.rcm.upr.edu\/procuraduriaestudiantil\/wp-json\/wp\/v2\/types\/page"}],"author":[{"embeddable":true,"href":"https:\/\/rcm1.rcm.upr.edu\/procuraduriaestudiantil\/wp-json\/wp\/v2\/users\/1"}],"replies":[{"embeddable":true,"href":"https:\/\/rcm1.rcm.upr.edu\/procuraduriaestudiantil\/wp-json\/wp\/v2\/comments?post=844"}],"version-history":[{"count":1,"href":"https:\/\/rcm1.rcm.upr.edu\/procuraduriaestudiantil\/wp-json\/wp\/v2\/pages\/844\/revisions"}],"predecessor-version":[{"id":985,"href":"https:\/\/rcm1.rcm.upr.edu\/procuraduriaestudiantil\/wp-json\/wp\/v2\/pages\/844\/revisions\/985"}],"wp:attachment":[{"href":"https:\/\/rcm1.rcm.upr.edu\/procuraduriaestudiantil\/wp-json\/wp\/v2\/media?parent=844"}],"curies":[{"name":"wp","href":"https:\/\/api.w.org\/{rel}","templated":true}]}}