{"id":847,"date":"2021-10-04T15:24:41","date_gmt":"2021-10-04T15:24:41","guid":{"rendered":"https:\/\/procestudiantil.rcm.upr.edu\/?page_id=847"},"modified":"2021-10-04T15:24:41","modified_gmt":"2021-10-04T15:24:41","slug":"certificaciones","status":"publish","type":"page","link":"https:\/\/rcm1.rcm.upr.edu\/procuraduriaestudiantil\/certificaciones\/","title":{"rendered":"Certificaciones"},"content":{"rendered":"<div class=\"wpb-content-wrapper\"><p>[vc_row][vc_column][vc_column_text]<a href=\"https:\/\/rcm1.rcm.upr.edu\/procuraduriaestudiantil\/wp-content\/uploads\/sites\/27\/2021\/10\/Certificacion-075-2020-2021.pdf\" target=\"_blank\" rel=\"attachment noopener wp-att-870\">Certificaci\u00f3n 75- Adelantar o Posponer Examenes<\/a>[\/vc_column_text][vc_empty_space][vc_column_text]El\u00a0<strong>Reglamento General de Estudiantes de la UPR, Art\u00edculo 2.27<\/strong>, presenta, \u201cLa Universidad respetar\u00e1 y propiciar\u00e1 la participaci\u00f3n activa y responsable de los<br \/>\nestudiantes en todos los \u00f3rganos de gobierno universitario en los cuales cuenta con representaci\u00f3n, como parte de su formacion integral, en armon\u00eda con la misi\u00f3n social y acad\u00e9mica de la Universidad de Puerto Rico\u201d.<\/p>\n<ul>\n<li><em>Participar en las organizaciones estudiantiles y organismos universitarios te ayudan a fomentar un sentido de pertenencia al Recinto.<\/em><\/li>\n<li><em>Ofrece la oportunidad de conocer estudiantes de otros programas, desarrollar destrezas de liderazgo y trabajo en equipo, entre otras.<\/em><\/li>\n<\/ul>\n<p>[\/vc_column_text][vc_empty_space][vc_column_text]<\/p>\n<div class=\"wpb_text_column wpb_content_element \">\n<div class=\"wpb_wrapper\">\n<h3>Certificaciones Sobre la Participaci\u00f3n de Estudiantes en Reuniones y Actividades Acad\u00e9micas<\/h3>\n<\/div>\n<\/div>\n<div class=\"vc_empty_space\"><\/div>\n<div class=\"wpb_text_column wpb_content_element \">\n<div class=\"wpb_wrapper\">\n<ul>\n<li>Concesi\u00f3n de tiempo para participar de las reuniones y comit\u00e9s del Senado Acad\u00e9mico \u2013\u00a0<a href=\"https:\/\/rcm1.rcm.upr.edu\/procuraduriaestudiantil\/wp-content\/uploads\/sites\/27\/2020\/06\/Concesion_Tiempo_Reunion_Senado-CERT-024.pdf\" target=\"_blank\" rel=\"noopener noreferrer\">Certificaci\u00f3n 068, 1996-97, SA<\/a><\/li>\n<li>Horario Universal, todos los mi\u00e9rcoles \u2013\u00a0<a href=\"https:\/\/de.rcm.upr.edu\/wp-content\/uploads\/sites\/13\/2020\/03\/Certificaciones-SA-1999-2000-Num-060-Horario-Universal-Academico.pdf\" target=\"_blank\" rel=\"noopener noreferrer\">Certificaci\u00f3n 060, 1999-00, SA<\/a><\/li>\n<li>Excusar a Miembros del Consejo General de Estudiantes de actividades acad\u00e9micas que coincidan con el horario para reuniones del Consejo General, Junta Universitaria y Administrativa \u2013\u00a0<a href=\"https:\/\/de.rcm.upr.edu\/wp-content\/uploads\/sites\/13\/2020\/03\/061-2014-25-EXCUSA-ACADEMICA-A-MIEMBROS-CGE-1.pdf\" target=\"_blank\" rel=\"noopener noreferrer\">Certificaci\u00f3n 061, 2014-2015, SA<\/a><\/li>\n<li><a href=\"https:\/\/de.rcm.upr.edu\/certificaciones\" target=\"_blank\" rel=\"noopener noreferrer\">Certificaciones y pol\u00edticas<\/a>\u00a0(p\u00e1gina del Decanato de Estudiantes)<\/li>\n<\/ul>\n<\/div>\n<\/div>\n<p>[\/vc_column_text][\/vc_column][\/vc_row]<\/p>\n<\/div>","protected":false},"excerpt":{"rendered":"<p>[vc_row][vc_column][vc_column_text]Certificaci\u00f3n 75- Adelantar o Posponer Examenes[\/vc_column_text][vc_empty_space][vc_column_text]El\u00a0Reglamento General de Estudiantes de la UPR, Art\u00edculo 2.27, presenta, \u201cLa Universidad respetar\u00e1 y propiciar\u00e1 la participaci\u00f3n activa y responsable de los estudiantes en todos los \u00f3rganos de gobierno universitario en los cuales cuenta con representaci\u00f3n, como parte de su formacion integral, en armon\u00eda con la misi\u00f3n social y acad\u00e9mica&hellip;<\/p>\n","protected":false},"author":1,"featured_media":0,"parent":0,"menu_order":0,"comment_status":"closed","ping_status":"closed","template":"template-microsite.php","meta":{"footnotes":""},"class_list":["post-847","page","type-page","status-publish","hentry","description-off"],"aioseo_notices":[],"_links":{"self":[{"href":"https:\/\/rcm1.rcm.upr.edu\/procuraduriaestudiantil\/wp-json\/wp\/v2\/pages\/847","targetHints":{"allow":["GET"]}}],"collection":[{"href":"https:\/\/rcm1.rcm.upr.edu\/procuraduriaestudiantil\/wp-json\/wp\/v2\/pages"}],"about":[{"href":"https:\/\/rcm1.rcm.upr.edu\/procuraduriaestudiantil\/wp-json\/wp\/v2\/types\/page"}],"author":[{"embeddable":true,"href":"https:\/\/rcm1.rcm.upr.edu\/procuraduriaestudiantil\/wp-json\/wp\/v2\/users\/1"}],"replies":[{"embeddable":true,"href":"https:\/\/rcm1.rcm.upr.edu\/procuraduriaestudiantil\/wp-json\/wp\/v2\/comments?post=847"}],"version-history":[{"count":0,"href":"https:\/\/rcm1.rcm.upr.edu\/procuraduriaestudiantil\/wp-json\/wp\/v2\/pages\/847\/revisions"}],"wp:attachment":[{"href":"https:\/\/rcm1.rcm.upr.edu\/procuraduriaestudiantil\/wp-json\/wp\/v2\/media?parent=847"}],"curies":[{"name":"wp","href":"https:\/\/api.w.org\/{rel}","templated":true}]}}