{"id":4579,"date":"2025-05-22T12:08:21","date_gmt":"2025-05-22T12:08:21","guid":{"rendered":"https:\/\/rcm1.rcm.upr.edu\/senado\/?page_id=4579"},"modified":"2026-02-13T11:56:31","modified_gmt":"2026-02-13T11:56:31","slug":"calendario","status":"publish","type":"page","link":"https:\/\/rcm1.rcm.upr.edu\/senado\/calendario\/","title":{"rendered":"Calendario"},"content":{"rendered":"<div class=\"wpb-content-wrapper\"><p>[vc_row][vc_column][vc_column_text css=&#8221;&#8221;]<a href=\"https:\/\/rcm1.rcm.upr.edu\/senado\/wp-content\/uploads\/sites\/32\/2026\/02\/Cert-011-2025-26-SA-RCM-Enmendada.pdf\">Calendario para el A\u00f1o Acad\u00e9mico 2025-2026 (Cert-011-2025-26-SA-RCM-Enmendada)<\/a><\/p>\n<p><a href=\"https:\/\/rcm1.rcm.upr.edu\/senado\/wp-content\/uploads\/sites\/32\/2025\/05\/Cert-012-2024-25-SA-RCM-Enmendada.pdf\">Calendario para el A\u00f1o Acad\u00e9mico 2024-2025 (Cert-012-2024-25-SA-RCM-Enmendada)<\/a>[\/vc_column_text][\/vc_column][\/vc_row]<\/p>\n<\/div>","protected":false},"excerpt":{"rendered":"<p>[vc_row][vc_column][vc_column_text css=&#8221;&#8221;]Calendario para el A\u00f1o Acad\u00e9mico 2025-2026 (Cert-011-2025-26-SA-RCM-Enmendada) Calendario para el A\u00f1o Acad\u00e9mico 2024-2025 (Cert-012-2024-25-SA-RCM-Enmendada)[\/vc_column_text][\/vc_column][\/vc_row]<\/p>\n","protected":false},"author":3,"featured_media":0,"parent":0,"menu_order":0,"comment_status":"closed","ping_status":"closed","template":"","meta":{"footnotes":""},"class_list":["post-4579","page","type-page","status-publish","hentry","description-off"],"aioseo_notices":[],"publishpress_future_action":{"enabled":false,"date":"2026-04-17 16:47:59","action":"change-status","newStatus":"draft","terms":[],"taxonomy":"","extraData":[]},"publishpress_future_workflow_manual_trigger":{"enabledWorkflows":[]},"_links":{"self":[{"href":"https:\/\/rcm1.rcm.upr.edu\/senado\/wp-json\/wp\/v2\/pages\/4579","targetHints":{"allow":["GET"]}}],"collection":[{"href":"https:\/\/rcm1.rcm.upr.edu\/senado\/wp-json\/wp\/v2\/pages"}],"about":[{"href":"https:\/\/rcm1.rcm.upr.edu\/senado\/wp-json\/wp\/v2\/types\/page"}],"author":[{"embeddable":true,"href":"https:\/\/rcm1.rcm.upr.edu\/senado\/wp-json\/wp\/v2\/users\/3"}],"replies":[{"embeddable":true,"href":"https:\/\/rcm1.rcm.upr.edu\/senado\/wp-json\/wp\/v2\/comments?post=4579"}],"version-history":[{"count":4,"href":"https:\/\/rcm1.rcm.upr.edu\/senado\/wp-json\/wp\/v2\/pages\/4579\/revisions"}],"predecessor-version":[{"id":4727,"href":"https:\/\/rcm1.rcm.upr.edu\/senado\/wp-json\/wp\/v2\/pages\/4579\/revisions\/4727"}],"wp:attachment":[{"href":"https:\/\/rcm1.rcm.upr.edu\/senado\/wp-json\/wp\/v2\/media?parent=4579"}],"curies":[{"name":"wp","href":"https:\/\/api.w.org\/{rel}","templated":true}]}}