{"id":101,"date":"2016-05-09T14:16:39","date_gmt":"2016-05-09T14:16:39","guid":{"rendered":"http:\/\/127.0.0.1\/rcm\/sp\/asuntos-academicos\/programas-academicos\/maestria-en-ciencias-con-especialidad-en-investigacion-evaluativa-de-sistemas-de-salud-ms\/"},"modified":"2016-05-09T14:16:39","modified_gmt":"2016-05-09T14:16:39","slug":"maestria-en-ciencias-con-especialidad-en-investigacion-evaluativa-de-sistemas-de-salud-ms","status":"publish","type":"page","link":"https:\/\/rcm1.rcm.upr.edu\/sp\/programas-academicos\/maestria-en-ciencias-con-especialidad-en-investigacion-evaluativa-de-sistemas-de-salud-ms\/","title":{"rendered":"Maestr\u00eda en Ciencias con Especialidad en Investigaci\u00f3n Evaluativa de Sistemas de Salud (MS)"},"content":{"rendered":"<section class=\"wpb-content-wrapper\"><p>[vc_row][vc_column css_animation=&#8221;none&#8221;][vc_column_text css_animation=&#8221;none&#8221;]<\/p>\n<p style=\"text-align: center\"><span style=\"color: #ff0000\">El programa de Maestr\u00eda en Ciencias con especialidad en Investigaci\u00f3n Evaluativa de Sistemas de Salud no aceptar\u00e1 solicitudes de admisi\u00f3n dado que est\u00e1 en moratoria (Certificaci\u00f3n JG #30, 2020-2021). \/ Master of Science with specialty in Evaluation Research of Health Systems program will not accept applicants for admission because it placed in a moratorium status (Certification JG #30, 2020-2021).<\/span><\/p>\n<p>&nbsp;<\/p>\n<h4>\u00bfQu\u00e9 es la investigaci\u00f3n evaluativa?<\/h4>\n<p>&nbsp;<br \/>\nLas agencias y organizaciones que proveen servicios de salud necesitan obtener informaci\u00f3n confiable y lo m\u00e1s objetiva posible para tomar decisiones racionales sobre diferentes dimensiones de los servicios. \u00a0La investigaci\u00f3n evaluativa contribuye a ese proceso decisional mediante la aplicaci\u00f3n de estrategias y procedimientos metodol\u00f3gicos para determinar la pertinencia, progreso, eficiencia, eficacia e impacto de los programas y servicios de salud.<br \/>\n&nbsp;<\/p>\n<h4>\u00bfCu\u00e1l es el objetivo de la maestr\u00eda?<\/h4>\n<p>&nbsp;<br \/>\nPreparar y formar investigadores que puedan analizar los programas y sistemas de prestaci\u00f3n de servicios de salud para contribuir con la identificaci\u00f3n e implantaci\u00f3n de alternativas para la soluci\u00f3n de problemas en el \u00e1rea de prestaci\u00f3n de servicios de salud.<br \/>\n&nbsp;<\/p>\n<h4><\/h4>\n<h4>\u00bfQui\u00e9nes pueden solicitar ingreso a la maestr\u00eda?<\/h4>\n<p>&nbsp;<br \/>\nEl programa va dirigido a profesionales y personas con bachillerato de una universidad reconocida en cualquier \u00e1rea del saber que est\u00e9n interesados\/as en desarrollar destrezas en el \u00e1rea de investigaci\u00f3n y evaluaci\u00f3n de programas y que cumplan con los requisitos de admisi\u00f3n a la Escuela y al programa.<br \/>\n&nbsp;<\/p>\n<h4>\u00bfCu\u00e1les son los requisitos generales de admisi\u00f3n?<\/h4>\n<p>&nbsp;<br \/>\n1. Poseer un grado de bachillerato o su equivalente en otros pa\u00edses seg\u00fan determinado por el Registrador del Recinto de Ciencias M\u00e9dicas, de una universidad certificada como instituci\u00f3n de educaci\u00f3n superior con un promedio general recomendado de 2.85 \u00f3 m\u00e1s (de una escala m\u00e1xima de 4.00).<br \/>\n2. Poseer dominio del idioma espa\u00f1ol. Se requiere, adem\u00e1s, habilidad para leer y comprender el idioma ingl\u00e9s.<br \/>\n3. Poseer los requisitos espec\u00edficos del programa.<br \/>\n4. Presentar una solicitud de admisi\u00f3n, acompa\u00f1ada con los siguientes documentos:<\/p>\n<ul>\n<li>Copia Oficial de las transcripciones de cr\u00e9dito de todos los estudios anteriores del solicitante (subgraduado y graduado).<\/li>\n<li>Resume \u00f3 Curriculum Vitae.<\/li>\n<li>Dos (2) cartas de recomendaci\u00f3n que evidencien la ejecutoria acad\u00e9mica y profesional del candidato (su experiencia de trabajo y\/o participaci\u00f3n en proyectos de investigaci\u00f3n y\/o servicio). Las cartas de recomendaci\u00f3n deben tener el logo o timbre de la entidad u organizaci\u00f3n donde labora la persona que hace la recomendaci\u00f3n, as\u00ed como su firma.<\/li>\n<\/ul>\n<p>5. Redactar y someter un ensayo acad\u00e9mico donde puedan proyectar sus capacidades, intereses profesionales y potencialidades.<\/p>\n<p>6. Asistir a una entrevista.<br \/>\n&nbsp;<\/p>\n<h4><strong>\u00bfCu\u00e1les son los requisitos para obtener el grado de maestr\u00eda?<\/strong><\/h4>\n<p>&nbsp;<br \/>\nTodo estudiante debe haber completado 62 cr\u00e9ditos. Tener un promedio general m\u00ednimo de 2.50 (en una escala de 4.00), tener un promedio m\u00ednimo de 3.00 en los cursos de la especialidad y mantener progreso acad\u00e9mico consistente con las pol\u00edticas de la Escuela Graduada de Salud P\u00fablica.<\/p>\n<p>La Maestr\u00eda en Ciencias en Investigaci\u00f3n Evaluativa de Sistemas de Salud es un programa dise\u00f1ado para completarse en 2 a\u00f1os a tiempo completo.<br \/>\n&nbsp;<\/p>\n<h4>\u00bfCu\u00e1les son los requisitos espec\u00edficos de admisi\u00f3n?<\/h4>\n<p>&nbsp;<br \/>\nLos requisitos espec\u00edficos siguen a continuaci\u00f3n:<\/p>\n<table style=\"padding-left: 30px\">\n<tbody style=\"padding-left: 30px\">\n<tr style=\"padding-left: 30px\">\n<td style=\"padding-left: 30px\">Matem\u00e1tica a nivel universitario (\u00e1lgebra, pre-c\u00e1lculo o c\u00e1lculo)<\/td>\n<td style=\"padding-left: 30px\">6 cr\u00e9ditos<\/td>\n<\/tr>\n<tr style=\"padding-left: 30px\">\n<td style=\"padding-left: 30px\">Estad\u00edstica a nivel subgraduado<\/td>\n<td style=\"padding-left: 30px\">3 cr\u00e9ditos<\/td>\n<\/tr>\n<\/tbody>\n<\/table>\n<p>&nbsp;<\/p>\n<p style=\"text-align: center\"><span style=\"color: #e9967a\"><em>Para solicitar a este programa pulse el siguiente enlace:<\/em> <a href=\"https:\/\/sp.rcm.upr.edu\/asuntos-estudiantiles\/admisiones\/proceso-de-solicitud-a-la-escuela\/\"><span style=\"color: #0000ee\">Proceso de solicitud a la Escuela Graduada de Salud P\u00fablica<\/span><\/a>.<\/span><br \/>\n&nbsp;<\/p>\n<h4>\u00bfQu\u00e9 beneficios se obtienen al concluir la maestr\u00eda?<\/h4>\n<p>&nbsp;<br \/>\nLos conocimientos desarrollados en el \u00e1rea investigativa y evaluativa, as\u00ed como la excelente preparaci\u00f3n de destrezas anal\u00edticas y manejo de la computadora, permiten que el\/la estudiante finalice sus estudios con una amplia variedad de competencias de gran demanda en el mercado de empleo. \u00a0Esta variedad de destrezas tambi\u00e9n facilita que el\/la egresado\/a se pueda desarrollar profesionalmente en diversos campos.<br \/>\n&nbsp;<\/p>\n<h4>\u00bfQu\u00e9 oportunidades de empleo tienen los egresados de la maestr\u00eda?<\/h4>\n<p>&nbsp;<br \/>\nLas oportunidades de empleo son excelentes ya que existe amplia demanda por profesionales con esta preparaci\u00f3n acad\u00e9mica. \u00a0Las agencias gubernamentales y entidades privadas frecuentemente solicitan que el programa recomiende estudiantes para empleo. \u00a0Nuestros egresados han sido reclutados por agencias como: \u00a0Departamento de Salud, Departamento de Servicios Contra la Adicci\u00f3n, Salud de la Capital, Triple S, Cruz Azul, Cooperativa de Seguros M\u00faltiples y otras.<br \/>\n&nbsp;<\/p>\n<h4>Cursos requeridos para obtener el grado<\/h4>\n<p>&nbsp;<\/p>\n<h5>TOTAL DE CR\u00c9DITOS TRIMESTRALES: 62<\/h5>\n<h5>Tiempo m\u00ednimo para completar el grado: 2 a\u00f1os<\/h5>\n<table width=\"594\">\n<thead>\n<tr>\n<td width=\"474\"><strong>C\u00d3DIGO Y NOMBRE DE CURSO\/ <em>COURSE CODE AND TITLE<\/em><\/strong><\/td>\n<td width=\"120\">\n<p style=\"text-align: center\"><strong>Cr\u00e9ditos\/<em>Credits<\/em><\/strong><\/p>\n<\/td>\n<\/tr>\n<\/thead>\n<tbody>\n<tr>\n<td width=\"474\">SALP 6006 Introducci\u00f3n a Salud P\u00fablica \/ <em>Introduction to Public Health<\/em><\/td>\n<td width=\"120\">\n<p style=\"text-align: center\">3<\/p>\n<\/td>\n<\/tr>\n<tr>\n<td width=\"474\">BIOE 6525 An\u00e1lisis Estad\u00edstico \/ <em>Statistical Analysis<\/em><\/td>\n<td width=\"120\">\n<p style=\"text-align: center\">5<\/p>\n<\/td>\n<\/tr>\n<tr>\n<td width=\"474\">EPID 6523 Metodolog\u00eda Epidemiol\u00f3gica \/ <em>Epidemiological Methodology<\/em><\/td>\n<td width=\"120\">\n<p style=\"text-align: center\">4<\/p>\n<\/td>\n<\/tr>\n<tr>\n<td width=\"474\">ADSS 6594 Planificaci\u00f3n y Evaluaci\u00f3n de Programas de Salud P\u00fablica \/<em> Public Health Program Planning and Evaluation<\/em><\/td>\n<td width=\"120\">\n<p style=\"text-align: center\">4<\/p>\n<\/td>\n<\/tr>\n<tr>\n<td width=\"474\">BIOE 6535 Inferencia Estad\u00edstica\u00a0\/ <em>Statistical Inference<\/em><\/td>\n<td width=\"120\">\n<p style=\"text-align: center\">4<\/p>\n<\/td>\n<\/tr>\n<tr>\n<td width=\"474\">BIOE 6555 An\u00e1lisis de Regresi\u00f3n y Correlaci\u00f3n \/ <em>Regression and Correlation Analysis<\/em><\/td>\n<td width=\"120\">\n<p style=\"text-align: center\">3<\/p>\n<\/td>\n<\/tr>\n<tr>\n<td width=\"474\">BIOE 6605 Computaci\u00f3n Estad\u00edstica Aplicada a la Salud P\u00fablica\u00a0\/ <em>Statistical Computing Applied to Public Health <\/em><\/td>\n<td width=\"120\">\n<p style=\"text-align: center\">4<\/p>\n<\/td>\n<\/tr>\n<tr>\n<td width=\"474\">EVAL 6610 Principios de Evaluaci\u00f3n \/ <em>Principles of Evaluation<\/em><\/td>\n<td width=\"120\">\n<p style=\"text-align: center\">3<\/p>\n<\/td>\n<\/tr>\n<tr>\n<td width=\"474\">EVAL 6611 Modelos de Evaluaci\u00f3n \/ <em>Evaluation Models<\/em><\/td>\n<td width=\"120\">\n<p style=\"text-align: center\">3<\/p>\n<\/td>\n<\/tr>\n<tr>\n<td width=\"474\">EVAL 6615 Desarrollo de Instrumentos de Medici\u00f3n \/ <em>Development of Measurement Instruments <\/em><\/td>\n<td width=\"120\">\n<p style=\"text-align: center\">3<\/p>\n<\/td>\n<\/tr>\n<tr>\n<td width=\"474\">EVAL 6515 Conceptualizaci\u00f3n y Metodolog\u00eda de la Investigaci\u00f3n Evaluativa \/ <em>Conceptualization and Methodology for Evaluation Research<\/em><\/td>\n<td width=\"120\">\n<p style=\"text-align: center\">4<\/p>\n<\/td>\n<\/tr>\n<tr>\n<td width=\"474\">EVAL 6620 Estad\u00edstica Aplicada a Estudios de Investigaci\u00f3n Evaluativa \/ <em>Applied Statistics for Evaluation Research Studies<\/em><\/td>\n<td width=\"120\">\n<p style=\"text-align: center\">3<\/p>\n<\/td>\n<\/tr>\n<tr>\n<td width=\"474\">EVAL 6628 Pricipios de An\u00e1lisis de Costo Beneficio \/ <em>Principles of Cost-Benefit Analysis<\/em><\/td>\n<td width=\"120\">\n<p style=\"text-align: center\">3<\/p>\n<\/td>\n<\/tr>\n<tr>\n<td width=\"474\">EVAL 6630 Estrategias para la Evaluaci\u00f3n y la Comunicaci\u00f3n \/ <em>Strategies for Evaluation and Communication<\/em><\/td>\n<td width=\"120\">\n<p style=\"text-align: center\">3<\/p>\n<\/td>\n<\/tr>\n<tr>\n<td width=\"474\">EVAL 6650 Pr\u00e1ctica en Evaluaci\u00f3n \/<em> Evaluation Practicum<\/em><\/td>\n<td width=\"120\">\n<p style=\"text-align: center\">1<\/p>\n<\/td>\n<\/tr>\n<tr>\n<td width=\"474\">EVAL 6511 Seminario Introductorio de Propuesta \/<em> Introductory Proposal Seminar<\/em><\/td>\n<td width=\"120\">\n<p style=\"text-align: center\">1<\/p>\n<\/td>\n<\/tr>\n<tr>\n<td width=\"474\">EVAL 6512 Seminario Intermedio de Propuesta \/<em> Intermediate Proposal Seminar<\/em><\/td>\n<td width=\"120\">\n<p style=\"text-align: center\">1<\/p>\n<\/td>\n<\/tr>\n<tr>\n<td width=\"474\">EVAL 6513 Seminario Avanzado de Propuesta \/<em> Advanced Proposal Seminar<\/em><\/td>\n<td width=\"120\">\n<p style=\"text-align: center\">1<\/p>\n<\/td>\n<\/tr>\n<tr>\n<td width=\"474\">EVAL 6700 Proyecto de Tesis \/<em> Thesis Project<\/em><\/td>\n<td width=\"120\">\n<p style=\"text-align: center\">3<\/p>\n<\/td>\n<\/tr>\n<tr>\n<td width=\"474\">Electivas \/ <em>Electives<\/em><\/td>\n<td width=\"120\">\n<p style=\"text-align: center\">6<\/p>\n<\/td>\n<\/tr>\n<tr>\n<td width=\"474\"><strong>TOTAL<\/strong><\/td>\n<td width=\"120\">\n<p style=\"text-align: center\"><strong>62<\/strong><\/p>\n<\/td>\n<\/tr>\n<\/tbody>\n<\/table>\n<p>&nbsp;<\/p>\n<h4>Modelo de Competencias de la Maestr\u00eda en Ciencias en Investigaci\u00f3n Evaluativa<\/h4>\n<table>\n<tbody>\n<tr>\n<td width=\"312\">\n<h5 style=\"text-align: center\"><strong>MS Investigaci\u00f3n Evaluativa<\/strong><\/h5>\n<\/td>\n<td width=\"301\">\n<h5 style=\"text-align: center\"><strong><em>MS Evaluation Research<\/em><\/strong><\/h5>\n<\/td>\n<\/tr>\n<tr>\n<td width=\"312\">Aplicar los procesos necesarios para un estudio de necesidad comunitaria.<\/td>\n<td width=\"301\"><em>Apply the processes required for a community health diagnosis.<\/em><\/td>\n<\/tr>\n<tr>\n<td width=\"312\">Identificar las caracter\u00edsticas de los sistemas de prestaci\u00f3n, subsistemas, poblaciones y comunidades que afectan los costos, el uso y la calidad de la atenci\u00f3n.<\/td>\n<td width=\"301\"><em>Identify the charac\u00adteristics of delivery systems, subsys\u00adtems, populations, and communities which affect the costs, use and quality of care.<\/em><\/td>\n<\/tr>\n<tr>\n<td width=\"312\">Identificar factores que faciliten la efectividad del cuidado ofrecido por diferentes programas de servicios de salud.<\/td>\n<td width=\"301\"><em>Identify factors that facilitate the effectiveness of care delivered by different health service programs.<\/em><\/td>\n<\/tr>\n<tr>\n<td width=\"312\">Describir las caracter\u00edsticas del programa o sistema de salud en estudio.<\/td>\n<td width=\"301\"><em>Describe characteristics of the program or health system under study.<\/em><\/td>\n<\/tr>\n<tr>\n<td width=\"312\">Comprender y aplicar la teor\u00eda y los m\u00e9todos de investigaci\u00f3n evaluativa.<\/td>\n<td width=\"301\"><em>Understand and apply the theory and methods of evaluation research.<\/em><\/td>\n<\/tr>\n<tr>\n<td width=\"312\">Seleccionar y desarrollar modelos para la evaluaci\u00f3n de programas de servicios de salud y sistemas de salud.<\/td>\n<td width=\"301\"><em>Select and develop models for the evaluation of health services programs and\u00a0 health care systems.<\/em><\/td>\n<\/tr>\n<tr>\n<td width=\"312\">Dise\u00f1ar, desarrollar y realizar estudios de investigaci\u00f3n evaluativa para proporcionar informaci\u00f3n relevante de las \u00e1reas program\u00e1ticas, as\u00ed como para las pol\u00edticas.<\/td>\n<td width=\"301\"><em>Design, develop and conduct evaluation research studies to provide information relevant to programmatic areas as well as to policy.<\/em><\/td>\n<\/tr>\n<tr>\n<td width=\"312\">Dise\u00f1e un plan de evaluaci\u00f3n que sea congruente con las preguntas y necesidades del programa.<\/td>\n<td width=\"301\"><em>Design an evaluation plan that is congruent with the questions and needs of the program.<\/em><\/td>\n<\/tr>\n<tr>\n<td width=\"312\">Dise\u00f1ar estrategias de evaluaci\u00f3n para responder preguntas relacionadas con el proceso y el producto.<\/td>\n<td width=\"301\"><em>Design evaluation strategies to answer questions related to process and product.<\/em><\/td>\n<\/tr>\n<tr>\n<td width=\"312\">Desarrollar instrumentos de investigaci\u00f3n evaluativa.<\/td>\n<td width=\"301\"><em>Develop evaluation research instruments.<\/em><\/td>\n<\/tr>\n<tr>\n<td width=\"312\">Desarrollar programas inform\u00e1ticos para el procesamiento y an\u00e1lisis de datos.<\/td>\n<td width=\"301\"><em>Develop computer programs for data processing and data analysis.<\/em><\/td>\n<\/tr>\n<tr>\n<td width=\"312\">Aplicar m\u00e9todos estad\u00edsticos al an\u00e1lisis de los datos generados por el estudio de evaluaci\u00f3n.<\/td>\n<td width=\"301\"><em>Apply statistical methods to the analysis of data generated by the evaluation study.<\/em><\/td>\n<\/tr>\n<tr>\n<td width=\"312\">Analizar e interpretar los resultados de la evaluaci\u00f3n.<\/td>\n<td width=\"301\"><em>Analyze and interpret evaluation results.<\/em><\/td>\n<\/tr>\n<tr>\n<td width=\"312\">Fomentar un ambiente organizacional que favorezca la investigaci\u00f3n evaluativa.<\/td>\n<td width=\"301\"><em>Foster an organizational environment that favors evaluation research.<\/em><\/td>\n<\/tr>\n<tr>\n<td width=\"312\">Orientar al personal de la organizaci\u00f3n sobre los prop\u00f3sitos y alcances de la evaluaci\u00f3n de los servicios de salud.<\/td>\n<td width=\"301\"><em>Guide the organization&#8217;s personnel regarding the purposes and scope of health services evaluation.<\/em><\/td>\n<\/tr>\n<tr>\n<td width=\"312\">Colaborar con el cliente, la agencia o el programa para establecer las prioridades de evaluaci\u00f3n.<\/td>\n<td width=\"301\"><em>Collaborate with the client, agency or program in setting evaluation priorities.<\/em><\/td>\n<\/tr>\n<tr>\n<td width=\"312\">Identificar las necesidades del programa que se pueden abordar mediante la evaluaci\u00f3n del programa.<\/td>\n<td width=\"301\"><em>Identify program needs that can be addressed by program evaluation.<\/em><\/td>\n<\/tr>\n<tr>\n<td width=\"312\">Identificar los recursos necesarios para implementar un plan de evaluaci\u00f3n.<\/td>\n<td width=\"301\"><em>Identify the resources required to implement an evaluation plan.<\/em><\/td>\n<\/tr>\n<tr>\n<td width=\"312\">Coordinar y supervisar las actividades de un equipo de evaluaci\u00f3n.<\/td>\n<td width=\"301\"><em>Coordinate and supervise the activities of an evaluation team.<\/em><\/td>\n<\/tr>\n<tr>\n<td width=\"312\">Establecer una comunicaci\u00f3n eficaz con los clientes y otros usuarios de los resultados de la evaluaci\u00f3n.<\/td>\n<td width=\"301\"><em>Establish effective communication with clients and other users of the evaluation results.<\/em><\/td>\n<\/tr>\n<tr>\n<td width=\"312\">Comunicar los resultados de una manera que conduzca a su utilizaci\u00f3n efectiva en la planificaci\u00f3n y modificaci\u00f3n de los servicios de salud.<\/td>\n<td width=\"301\"><em>Communicate results in a manner conducive to their effective utilization in planning and modifying health services.<\/em><\/td>\n<\/tr>\n<tr>\n<td width=\"312\">Preparar informes de evaluaci\u00f3n que sean apropiados seg\u00fan la audiencia.<\/td>\n<td width=\"301\"><em>Prepare evaluation reports that are appropriate for the intended audience.<\/em><\/td>\n<\/tr>\n<\/tbody>\n<\/table>\n<p>[\/vc_column_text][\/vc_column][\/vc_row][vc_row][vc_column][vc_column_text][\/vc_column_text][\/vc_column][\/vc_row]<\/p>\n<\/section>","protected":false},"excerpt":{"rendered":"<p>[vc_row][vc_column css_animation=&#8221;none&#8221;][vc_column_text css_animation=&#8221;none&#8221;] El programa de Maestr\u00eda en Ciencias con especialidad en Investigaci\u00f3n Evaluativa de Sistemas de Salud no aceptar\u00e1 solicitudes de admisi\u00f3n dado que est\u00e1 en moratoria (Certificaci\u00f3n JG #30, 2020-2021). \/ Master of Science with specialty in Evaluation Research of Health Systems program will not accept applicants for admission because it placed in&hellip;<\/p>\n","protected":false},"author":1,"featured_media":0,"parent":144,"menu_order":0,"comment_status":"closed","ping_status":"closed","template":"template-microsite.php","meta":{"footnotes":""},"class_list":["post-101","page","type-page","status-publish","hentry","description-off"],"jetpack_sharing_enabled":true,"_links":{"self":[{"href":"https:\/\/rcm1.rcm.upr.edu\/sp\/wp-json\/wp\/v2\/pages\/101","targetHints":{"allow":["GET"]}}],"collection":[{"href":"https:\/\/rcm1.rcm.upr.edu\/sp\/wp-json\/wp\/v2\/pages"}],"about":[{"href":"https:\/\/rcm1.rcm.upr.edu\/sp\/wp-json\/wp\/v2\/types\/page"}],"author":[{"embeddable":true,"href":"https:\/\/rcm1.rcm.upr.edu\/sp\/wp-json\/wp\/v2\/users\/1"}],"replies":[{"embeddable":true,"href":"https:\/\/rcm1.rcm.upr.edu\/sp\/wp-json\/wp\/v2\/comments?post=101"}],"version-history":[{"count":0,"href":"https:\/\/rcm1.rcm.upr.edu\/sp\/wp-json\/wp\/v2\/pages\/101\/revisions"}],"up":[{"embeddable":true,"href":"https:\/\/rcm1.rcm.upr.edu\/sp\/wp-json\/wp\/v2\/pages\/144"}],"wp:attachment":[{"href":"https:\/\/rcm1.rcm.upr.edu\/sp\/wp-json\/wp\/v2\/media?parent=101"}],"curies":[{"name":"wp","href":"https:\/\/api.w.org\/{rel}","templated":true}]}}