{"id":103,"date":"2016-05-09T14:16:39","date_gmt":"2016-05-09T14:16:39","guid":{"rendered":"http:\/\/127.0.0.1\/rcm\/sp\/asuntos-academicos\/programas-academicos\/maestria-en-ciencias-de-higiene-industrial\/"},"modified":"2026-02-17T16:42:48","modified_gmt":"2026-02-17T16:42:48","slug":"maestria-en-ciencias-de-higiene-industrial","status":"publish","type":"page","link":"https:\/\/rcm1.rcm.upr.edu\/sp\/maestria-en-ciencias-de-higiene-industrial\/","title":{"rendered":"Maestr\u00eda en Ciencias de Higiene Industrial"},"content":{"rendered":"<section class=\"wpb-content-wrapper\"><p>[vc_row][vc_column][vc_column_text]<\/p>\n<h4>\u00bfQu\u00e9 es la Higiene Industrial?<\/h4>\n<p>&nbsp;<\/p>\n<p>La Higiene Industrial es una ciencia y a la vez arte multidisciplinaria y muy din\u00e1mica dedicada a la anticipaci\u00f3n, reconocimiento, evaluaci\u00f3n y control de aquellos factores o riesgos que se derivan del lugar de trabajo, que pueden causar enfermedad, menoscabo de la salud, la eficiencia o el bienestar general de los trabajadores o la comunidad. La higiene industrial es una de las disciplinas que componen la salud ocupacional y tiene como objetivo la protecci\u00f3n y promoci\u00f3n de la salud de las personas en el lugar de trabajo, por medio del control proactivo y sistem\u00e1tico de los riesgos ocupacionales de orden qu\u00edmico, f\u00edsico, biol\u00f3gico y ergon\u00f3mico.<\/p>\n<p>&nbsp;<\/p>\n<h4><\/h4>\n<h4><\/h4>\n<h4><\/h4>\n<h4>\u00bfCu\u00e1l es el objetivo del programa?<\/h4>\n<p>&nbsp;<\/p>\n<p>El objetivo primordial del programa es la capacitaci\u00f3n de los\/las profesionales en el campo de la higiene industrial hacia la anticipaci\u00f3n, reconocimiento, evaluaci\u00f3n y mitigaci\u00f3n efectiva y sostenible de los riesgos f\u00edsicos, qu\u00edmicos, biol\u00f3gicos y ergon\u00f3micos en el lugar de trabajo. Paralelamente, el programa de higiene industrial fomenta el desarrollo de investigaci\u00f3n aplicada, el ofrecimiento de cursos de educaci\u00f3n continua a los profesionales de la salud y seguridad ocupacional, la prestaci\u00f3n de servicios profesionales en higiene industrial a nivel local, nacional e internacional, y el ofrecimiento de adiestramiento a trabajadores en temas importantes de salud y seguridad ocupacional.<\/p>\n<p>&nbsp;<\/p>\n<h4><\/h4>\n<h4><\/h4>\n<h4><\/h4>\n<h4>\u00bfQui\u00e9nes pueden solicitar ingreso a la maestr\u00eda?<\/h4>\n<p>&nbsp;<\/p>\n<p>Los que tengan un bachillerato en ciencias de universidades reconocidas, o en su defecto, los que tengan bachilleratos en otras disciplinas y cumplan con los requisitos del programa respecto a los cursos en las ciencias naturales. El programa tambi\u00e9n puede considerar la solicitud de admisi\u00f3n de personas que est\u00e9n interesadas en la profesi\u00f3n y que tengan un bachillerato en \u00e1reas no relacionadas a las ciencias, siempre y cuando puedan subsanar oportunamente sus deficiencias en las ciencias naturales y las matem\u00e1ticas seg\u00fan identificadas en una evaluaci\u00f3n por la facultad.<\/p>\n<p>&nbsp;<\/p>\n<h4><\/h4>\n<h4><\/h4>\n<h4><\/h4>\n<h4>\u00bfCu\u00e1les son los requisitos generales de admisi\u00f3n?<\/h4>\n<p>&nbsp;<\/p>\n<p>&nbsp;<\/p>\n<ol>\n<li style=\"list-style-type: none;\">\n<ol>\n<li>Poseer un grado de bachillerato o su equivalente en otros pa\u00edses, seg\u00fan determinado por el Registrador del Recinto de Ciencias M\u00e9dicas, de una universidad certificada como instituci\u00f3n de educaci\u00f3n superior con un promedio general recomendado de 2.85 o m\u00e1s (de una escala m\u00e1xima de 4.00).<\/li>\n<li>Poseer dominio del idioma espa\u00f1ol. Se requiere, adem\u00e1s, habilidad para leer y comprender el idioma ingl\u00e9s<\/li>\n<li>Poseer los requisitos espec\u00edficos del programa.<\/li>\n<li>Presentar una solicitud de admisi\u00f3n, acompa\u00f1ada con los siguientes documentos:\n<ol>\n<li style=\"list-style-type: none;\">\n<ul>\n<li>Copia Oficial de las transcripciones de cr\u00e9dito de todos los estudios anteriores del solicitante (subgraduado y graduado).<\/li>\n<li>Resume o Curriculum Vitae.<\/li>\n<li>Dos (2) cartas de recomendaci\u00f3n seg\u00fan la gu\u00eda de contenido del programa de Higiene Industrial que evidencien la ejecutoria acad\u00e9mica y profesional del candidato (su experiencia de trabajo y\/o participaci\u00f3n en proyectos de investigaci\u00f3n y\/o servicio). Las cartas de recomendaci\u00f3n deben tener el logo o timbre de la entidad u organizaci\u00f3n donde labora la persona que hace la recomendaci\u00f3n, as\u00ed como su firma. (<a href=\"https:\/\/rcm1.rcm.upr.edu\/sp\/wp-content\/uploads\/2022\/03\/INSTRUCCIONES-CARTAS-HIGIENE-IND-2022.pdf\">acceder gu\u00eda para la carta de recomendaci\u00f3n aqu\u00ed<\/a>)<\/li>\n<\/ul>\n<\/li>\n<\/ol>\n<\/li>\n<li>Redactar y someter un ensayo escrito, de no m\u00e1s de 1,000 palabras, siguiendo la gu\u00eda de contenido del programa de Higiene Industrial (<a href=\"https:\/\/rcm1.rcm.upr.edu\/sp\/wp-content\/uploads\/2022\/03\/INSTRUCCIONES-ENSAYO-HIGIENE-INDUSTRIAL-2022.pdf\">acceder gu\u00eda de formato aqu\u00ed<\/a>).<\/li>\n<li>Asistir a una entrevista.<\/li>\n<\/ol>\n<\/li>\n<\/ol>\n<p>&nbsp;<\/p>\n<p>&nbsp;<\/p>\n<h4><\/h4>\n<h4><\/h4>\n<h4><\/h4>\n<h4>\u00bfCu\u00e1les son los requisitos espec\u00edficos de admisi\u00f3n?<\/h4>\n<p>&nbsp;<\/p>\n<p><strong>Cursos de Bachillerato<\/strong><\/p>\n<p>&nbsp;<\/p>\n<table style=\"padding-left: 30px;\">\n<tbody style=\"padding-left: 30px;\">\n<tr style=\"padding-left: 30px;\">\n<td style=\"padding-left: 30px;\">Biolog\u00eda<\/td>\n<td style=\"padding-left: 30px;\">6 cr\u00e9ditos<\/td>\n<\/tr>\n<tr style=\"padding-left: 30px;\">\n<td style=\"padding-left: 30px;\">Qu\u00edmica<\/td>\n<td style=\"padding-left: 30px;\">8 cr\u00e9ditos<\/td>\n<\/tr>\n<tr style=\"padding-left: 30px;\">\n<td style=\"padding-left: 30px;\">Qu\u00edmica org\u00e1nica<\/td>\n<td style=\"padding-left: 30px;\">4 cr\u00e9ditos<\/td>\n<\/tr>\n<tr style=\"padding-left: 30px;\">\n<td style=\"padding-left: 30px;\">C\u00e1lculo<\/td>\n<td style=\"padding-left: 30px;\">3 cr\u00e9ditos<\/td>\n<\/tr>\n<tr style=\"padding-left: 30px;\">\n<td style=\"padding-left: 30px;\">F\u00edsica<\/td>\n<td style=\"padding-left: 30px;\">6 cr\u00e9ditos<\/td>\n<\/tr>\n<\/tbody>\n<\/table>\n<p>&nbsp;<\/p>\n<p><span style=\"color: #000000;\"><em><strong>La solicitud de admisi\u00f3n para el a\u00f1o 2026-2027 estar\u00e1 disponible del 1 de septiembre de 2025 al 31 de marzo de 2026.<\/strong> Para solicitar a este programa, pulse el siguiente enlace: <a href=\"https:\/\/sp.rcm.upr.edu\/asuntos-estudiantiles\/admisiones\/proceso-de-solicitud-a-la-escuela\" target=\"_blank\" rel=\"noopener\">Proceso de solicitud a la Escuela Graduada de Salud P\u00fablica<\/a><\/em><\/span><\/p>\n<p>&nbsp;<\/p>\n<h4><img loading=\"lazy\" decoding=\"async\" class=\" wp-image-4978 aligncenter\" src=\"https:\/\/rcm1.rcm.upr.edu\/sp\/wp-content\/uploads\/2024\/05\/caporali_info.png\" alt=\"\" width=\"623\" height=\"247\" \/><\/h4>\n<p>&nbsp;<\/p>\n<p>&nbsp;<\/p>\n<h4><strong>\u00bfCu\u00e1les son los requisitos para obtener el grado de maestr\u00eda?<\/strong><\/h4>\n<p>&nbsp;<\/p>\n<p>Todo estudiante debe haber completado 66 cr\u00e9ditos. Tener un promedio general m\u00ednimo de 2.50 (en una escala de 4.00), tener un promedio m\u00ednimo de 3.00 en los cursos de la especialidad y mantener progreso acad\u00e9mico consistente con las pol\u00edticas de la Escuela Graduada de Salud P\u00fablica.<\/p>\n<p>La Maestr\u00eda en Ciencia en Higiene Industrial es un programa dise\u00f1ado para completarse en un m\u00ednimo de 2 a\u00f1os a tiempo completo (secuencia normal) o un m\u00ednimo de 3 a\u00f1os en secuencia desacelerada.<\/p>\n<p>&nbsp;<\/p>\n<h4><\/h4>\n<h4>\u00bfQu\u00e9 beneficios se obtienen al concluir la maestr\u00eda?<\/h4>\n<p>&nbsp;<\/p>\n<p>La Maestr\u00eda de Higiene Industrial tiene como meta el formar profesionales con conocimientos y destrezas para ejercer un rol de liderato t\u00e9cnico y administrativo en la toma de decisiones que afectan la promoci\u00f3n, protecci\u00f3n y conservaci\u00f3n de la salud de los individuos en el lugar de trabajo y en la comunidad. Adem\u00e1s, los\/las egresados\/as de la Maestr\u00eda en Ciencias en Higiene Industrial de la Universidad de Puerto Rico concluyen sus estudios con una de las formaciones t\u00e9cnicas m\u00e1s s\u00f3lidas en Estados Unidos y con mucha experiencia pr\u00e1ctica adquirida durante todos cursos de especialidad.<\/p>\n<p>&nbsp;<\/p>\n<h4><\/h4>\n<h4><\/h4>\n<h4><\/h4>\n<h4>\u00bfQu\u00e9 oportunidades de empleo tienen los egresados\/as de la maestr\u00eda?<\/h4>\n<p>&nbsp;<\/p>\n<p>Consistentemente, en los \u00faltimos 20 a\u00f1os, los\/as egresados\/as del programa de Higiene Industrial han sido reclutados para trabajar: a) en empresas privadas de manufactura, servicio y construcci\u00f3n a nivel local, nacional e internacional; b) en agencias gubernamentales a nivel municipal, estatal y federal; c) en agencias de servicios comunitarios; y d) en empresas de consultor\u00eda t\u00e9cnica.<\/p>\n<p>&nbsp;<\/p>\n<h4><\/h4>\n<h4><\/h4>\n<h5>TOTAL DE CR\u00c9DITOS TRIMESTRALES: 66<\/h5>\n<p>&nbsp;<\/p>\n<p>&nbsp;<\/p>\n<table width=\"660\">\n<thead>\n<tr>\n<td width=\"492\"><strong>C\u00f3digo y Nombre de Curso\/ Course Code and Title<\/strong><\/td>\n<td width=\"168\">\n<p style=\"text-align: center;\"><strong>Cr\u00e9ditos\/<em>Credits<\/em><\/strong><\/p>\n<\/td>\n<\/tr>\n<\/thead>\n<tbody>\n<tr>\n<td width=\"492\">SALP 6006 Introducci\u00f3n a Salud P\u00fablica \/\u00a0<em>Introduction to Public Health<\/em><\/td>\n<td width=\"168\">\n<p style=\"text-align: center;\">3<\/p>\n<\/td>\n<\/tr>\n<tr>\n<td width=\"492\">BIOE 6525 An\u00e1lisis Estad\u00edstico \/\u00a0<em>Statistical Analysis<\/em><\/td>\n<td width=\"168\">\n<p style=\"text-align: center;\">5<\/p>\n<\/td>\n<\/tr>\n<tr>\n<td width=\"492\">EPID 6523 Metodolog\u00eda Epidemiol\u00f3gica \/\u00a0<em>Epidemiological Methodology<\/em><\/td>\n<td width=\"168\">\n<p style=\"text-align: center;\">4<\/p>\n<\/td>\n<\/tr>\n<tr>\n<td width=\"492\">SAAM 6528 Principios de Salud P\u00fablica Ambiental \/\u00a0<em>Principles of Environmental Public Health<\/em><\/td>\n<td width=\"168\">\n<p style=\"text-align: center;\">3<\/p>\n<\/td>\n<\/tr>\n<tr>\n<td width=\"492\">ADSS 6518 Aspectos Organizacionales y Administrativos de Programas de Salud Ocupacional e Higiene Industrial \/\u00a0<em>Organizational and Administrative Aspects of Occupational Health &amp; Industrial Hygiene Programs<\/em><\/td>\n<td width=\"168\">\n<p style=\"text-align: center;\">3<\/p>\n<\/td>\n<\/tr>\n<tr>\n<td width=\"492\">SAAM 6512 Control de Riesgos F\u00edsicos \/\u00a0<em>Physical Hazards Control<\/em><\/td>\n<td width=\"168\">\n<p style=\"text-align: center;\">3<\/p>\n<\/td>\n<\/tr>\n<tr>\n<td width=\"492\">SAAM 6513 Laboratorio de Riesgos F\u00edsicos \/\u00a0<em>Physical Hazards Laboratory<\/em><\/td>\n<td width=\"168\">\n<p style=\"text-align: center;\">1<\/p>\n<\/td>\n<\/tr>\n<tr>\n<td width=\"492\">SAAM 6524 Principios B\u00e1sicos de Salud Ocupacional \/\u00a0<em>Occupational Health Principles<\/em><\/td>\n<td width=\"168\">\n<p style=\"text-align: center;\">3<\/p>\n<\/td>\n<\/tr>\n<tr>\n<td width=\"492\">SAAM 6526 Principios de Ergonom\u00eda Industrial \/\u00a0<em>Principles of Industrial Ergonomics<\/em><\/td>\n<td width=\"168\">\n<p style=\"text-align: center;\">3<\/p>\n<\/td>\n<\/tr>\n<tr>\n<td width=\"492\">SAAM 6543 Higiene Industrial \/\u00a0<em>Industrial Hygiene<\/em><\/td>\n<td width=\"168\">\n<p style=\"text-align: center;\">3<\/p>\n<\/td>\n<\/tr>\n<tr>\n<td width=\"492\">SAAM 6547 Principios B\u00e1sicos de Seguridad Ocupacional \/\u00a0<em>Basic Principles in Occupational Safety<\/em><\/td>\n<td width=\"168\">\n<p style=\"text-align: center;\">3<\/p>\n<\/td>\n<\/tr>\n<tr>\n<td width=\"492\">SAAM 6548 Laboratorio de Higiene Industrial \/\u00a0<em>Industrial Hygiene Laboratory<\/em><\/td>\n<td width=\"168\">\n<p style=\"text-align: center;\">2<\/p>\n<\/td>\n<\/tr>\n<tr>\n<td width=\"492\">SAAM 6565 Control de Riesgos Qu\u00edmicos \/\u00a0<em>Chemical Risk Control<\/em><\/td>\n<td width=\"168\">\n<p style=\"text-align: center;\">3<\/p>\n<\/td>\n<\/tr>\n<tr>\n<td width=\"492\">SAAM 6567 Herramientas Gerenciales para Higienistas Industriales \/\u00a0<em>Management Tools for Industrial Hygienists<\/em><\/td>\n<td width=\"168\">\n<p style=\"text-align: center;\">3<\/p>\n<\/td>\n<\/tr>\n<tr>\n<td width=\"492\">SAAM 6568 Leyes y Reglamentos Aplicados a la Salud Ocupacional \/ <em>Laws and Regulations Applied to Occupational Safety<\/em><\/td>\n<td width=\"168\">\n<p style=\"text-align: center;\">3<\/p>\n<\/td>\n<\/tr>\n<tr>\n<td width=\"492\">SAAM 6570 Respuesta y Preparaci\u00f3n de Emergencias y Operaciones Peligrosas \/\u00a0<em>Response and Preparation for Emergencies and Hazardous Operations<\/em><\/td>\n<td width=\"168\">\n<p style=\"text-align: center;\">3<\/p>\n<\/td>\n<\/tr>\n<tr>\n<td width=\"492\">SAAM 6571 Temas de Investigaci\u00f3n en Salud y Epidemiolog\u00eda Ocupacional \/\u00a0<em>Research Topics in Occupational Epidemiology and Health<\/em><\/td>\n<td width=\"168\">\n<p style=\"text-align: center;\">3<\/p>\n<\/td>\n<\/tr>\n<tr>\n<td width=\"492\">SAAM 6572 Dise\u00f1o de Controles en Ergonom\u00eda \/\u00a0<em>Design of Controls in Ergonomics<\/em><\/td>\n<td width=\"168\">\n<p style=\"text-align: center;\">3<\/p>\n<\/td>\n<\/tr>\n<tr>\n<td width=\"492\">SAAM 6573 Laboratorio de Riesgos Qu\u00edmicos \/\u00a0<em>Chemical Risk Laboratory<\/em><\/td>\n<td width=\"168\">\n<p style=\"text-align: center;\">1<\/p>\n<\/td>\n<\/tr>\n<tr>\n<td width=\"492\">SAAM 6636 Toxicolog\u00eda Ocupacional \/\u00a0<em>Occupational Toxicology<\/em><\/td>\n<td width=\"168\">\n<p style=\"text-align: center;\">3<\/p>\n<\/td>\n<\/tr>\n<tr>\n<td width=\"492\">SAAM 6566 Estudio de Campo del Ambiente Ocupacional \/\u00a0<em>Field Study of Occupational Environments<\/em><\/td>\n<td width=\"168\">\n<p style=\"text-align: center;\">2<\/p>\n<\/td>\n<\/tr>\n<tr>\n<td width=\"492\">SAM 6696 Internado en Higiene Industrial \/\u00a0<em>Industrial Hygiene Internship<\/em><\/td>\n<td width=\"168\">\n<p style=\"text-align: center;\">6<\/p>\n<\/td>\n<\/tr>\n<tr>\n<td width=\"492\"><strong>TOTAL<\/strong><\/td>\n<td width=\"168\">\n<p style=\"text-align: center;\"><strong>66<\/strong><\/p>\n<\/td>\n<\/tr>\n<\/tbody>\n<\/table>\n<h4><\/h4>\n<h4><\/h4>\n<p>&nbsp;<\/p>\n<h4>Modelo de Competencias dela Maestr\u00eda en Ciencias en Higiene Industrial<\/h4>\n<p>&nbsp;<\/p>\n<table>\n<tbody>\n<tr>\n<td width=\"312\">\n<h5 style=\"text-align: center;\"><strong>MS Higiene Industrial<\/strong><\/h5>\n<\/td>\n<td width=\"301\">\n<h5 style=\"text-align: center;\"><strong><em>MS Industrial Hygiene<\/em><\/strong><\/h5>\n<\/td>\n<\/tr>\n<tr>\n<td width=\"312\">Anticipar y reconocer los peligros qu\u00edmicos, f\u00edsicos y ergon\u00f3micos en el lugar de trabajo y su propagaci\u00f3n a la comunidad.<\/td>\n<td width=\"301\"><em>To anticipate and recognize chemical, physical, and ergonomic hazards in the workplace and the spread from the workplace to the community.<\/em><\/td>\n<\/tr>\n<tr>\n<td width=\"312\">Comunicar efectivamente los peligros potenciales asociados con la operaci\u00f3n y los resultados en el lugar de trabajo.<\/td>\n<td width=\"301\"><em>Effectively communicate potential hazards associated with workplace operation and products.<\/em><\/td>\n<\/tr>\n<tr>\n<td width=\"312\">Dise\u00f1ar y gerenciar programas de higiene industrial y de salud y seguridad ocupacional.<\/td>\n<td width=\"301\"><em>To design and manage industrial hygiene and occupational health and safety programs.<\/em><\/td>\n<\/tr>\n<tr>\n<td width=\"312\">Analizar la exposici\u00f3n de los trabajadores con el objetivo de evaluar, a corto y largo plazo, los riesgos de seguridad y salud ocupacional asociados a potenciales lesiones, enfermedades y fatalidades ocupacionales.<\/td>\n<td width=\"301\"><em>To analyze worker exposure aimed at assessing, for the short- and long-term perspectives, the occupational health and safety risk associated to potential occupational injuries, illnesses and fatalities.<\/em><\/td>\n<\/tr>\n<tr>\n<td width=\"312\">Dise\u00f1ar medidas de control para reducir los riesgos qu\u00edmicos, f\u00edsicos, biol\u00f3gicos y ergon\u00f3micos para la salud ocupcional y los peligros de seguridad a niveles seguros.<\/td>\n<td width=\"301\"><em>To design control measures to reduce chemical, physical, biological, and ergonomic occupational health and safety hazards to safe levels.<\/em><\/td>\n<\/tr>\n<tr>\n<td width=\"312\">Desarrollar y divulgar, espec\u00edficamente para el lugar de trabajo, pol\u00edticas, normas y gu\u00edas de saludy seguridad ocupacional para proteger a los trabajadores y a la comunidad.<\/td>\n<td width=\"301\"><em>To develop and disseminate, specifically for the workplace, occupational health and safety policies, standards, and guidelines to protect workers and the community.<\/em><\/td>\n<\/tr>\n<tr>\n<td width=\"312\">Colaborar efectivamente como parte de un equipo en el reconocimiento, evaluaci\u00f3n y control de los problemas comunes que enfrenta el higienista industrial en el trabajo.<\/td>\n<td width=\"301\"><em>Effectively collaborate as part of a team in the recognition, evaluation and control of typical problems faced by the industrial hygienist at work.<\/em><\/td>\n<\/tr>\n<\/tbody>\n<\/table>\n<p>[\/vc_column_text][\/vc_column][\/vc_row][vc_row][vc_column][vc_column_text][\/vc_column_text][\/vc_column][\/vc_row]<\/p>\n<\/section>","protected":false},"excerpt":{"rendered":"<p>[vc_row][vc_column][vc_column_text] \u00bfQu\u00e9 es la Higiene Industrial? &nbsp; La Higiene Industrial es una ciencia y a la vez arte multidisciplinaria y muy din\u00e1mica dedicada a la anticipaci\u00f3n, reconocimiento, evaluaci\u00f3n y control de aquellos factores o riesgos que se derivan del lugar de trabajo, que pueden causar enfermedad, menoscabo de la salud, la eficiencia o el bienestar&hellip;<\/p>\n","protected":false},"author":1,"featured_media":0,"parent":0,"menu_order":0,"comment_status":"closed","ping_status":"closed","template":"template-microsite.php","meta":{"footnotes":""},"class_list":["post-103","page","type-page","status-publish","hentry","description-off"],"jetpack_sharing_enabled":true,"_links":{"self":[{"href":"https:\/\/rcm1.rcm.upr.edu\/sp\/wp-json\/wp\/v2\/pages\/103","targetHints":{"allow":["GET"]}}],"collection":[{"href":"https:\/\/rcm1.rcm.upr.edu\/sp\/wp-json\/wp\/v2\/pages"}],"about":[{"href":"https:\/\/rcm1.rcm.upr.edu\/sp\/wp-json\/wp\/v2\/types\/page"}],"author":[{"embeddable":true,"href":"https:\/\/rcm1.rcm.upr.edu\/sp\/wp-json\/wp\/v2\/users\/1"}],"replies":[{"embeddable":true,"href":"https:\/\/rcm1.rcm.upr.edu\/sp\/wp-json\/wp\/v2\/comments?post=103"}],"version-history":[{"count":9,"href":"https:\/\/rcm1.rcm.upr.edu\/sp\/wp-json\/wp\/v2\/pages\/103\/revisions"}],"predecessor-version":[{"id":5814,"href":"https:\/\/rcm1.rcm.upr.edu\/sp\/wp-json\/wp\/v2\/pages\/103\/revisions\/5814"}],"wp:attachment":[{"href":"https:\/\/rcm1.rcm.upr.edu\/sp\/wp-json\/wp\/v2\/media?parent=103"}],"curies":[{"name":"wp","href":"https:\/\/api.w.org\/{rel}","templated":true}]}}