{"id":112,"date":"2016-05-09T14:16:39","date_gmt":"2016-05-09T14:16:39","guid":{"rendered":"http:\/\/127.0.0.1\/rcm\/sp\/asuntos-academicos\/programas-academicos\/maestria-en-salud-publica-con-especialidad-en-bioestadistica\/"},"modified":"2026-02-17T16:34:24","modified_gmt":"2026-02-17T16:34:24","slug":"maestria-en-salud-publica-con-especialidad-en-bioestadistica","status":"publish","type":"page","link":"https:\/\/rcm1.rcm.upr.edu\/sp\/maestria-en-salud-publica-con-especialidad-en-bioestadistica\/","title":{"rendered":"Maestr\u00eda en Salud P\u00fablica con Especialidad en Bioestad\u00edstica"},"content":{"rendered":"<section class=\"wpb-content-wrapper\"><p>[vc_row][vc_column][vc_column_text]<\/p>\n<h4>\u00bfQu\u00e9 es la bioestad\u00edstica?<\/h4>\n<p>&nbsp;<\/p>\n<p>La bioestad\u00edstica es el desarrollo y uso de m\u00e9todos estad\u00edsticos en la investigaci\u00f3n cient\u00edfica relacionada con los problemas biom\u00e9dicos, epidemiol\u00f3gicos y de salud de la comunidad.<\/p>\n<p>&nbsp;<\/p>\n<h4><\/h4>\n<h4><\/h4>\n<h4><\/h4>\n<h4><\/h4>\n<h4>\u00bfCu\u00e1l es el objetivo de la maestr\u00eda?<\/h4>\n<p>&nbsp;<\/p>\n<p>Proveer a los estudiantes conocimientos, destrezas y actividades necesarias para utilizar la metodolog\u00eda estad\u00edstica en la planificaci\u00f3n, desarrollo y presentaci\u00f3n de estudios e investigaciones biom\u00e9dicas \u00a0o epidemiol\u00f3gicas relacionadas con la salud p\u00fablica.<\/p>\n<p>&nbsp;<\/p>\n<h4><\/h4>\n<h4><\/h4>\n<h4><\/h4>\n<h4><\/h4>\n<h4>\u00bfQui\u00e9nes pueden solicitar ingreso a la maestr\u00eda?<\/h4>\n<p>&nbsp;<\/p>\n<p>Todo\/a egresado\/a de un grado de bachillerato de una instituci\u00f3n reconocida, que desee adquirir conocimientos y destrezas en bioestad\u00edstica. \u00a0El programa tiene un enfoque cuantitativo, por lo que recomendamos, para \u00a0\u00e9xito en sus estudios, que el\/la estudiante tenga un trasfondo amplio en las matem\u00e1ticas. \u00a0 Por ejemplo, haber tomado cursos de c\u00e1lculo, \u00e1lgebra de matrices, estad\u00edstica b\u00e1sica y manejo de programas estad\u00edsticos computarizados<\/p>\n<p>&nbsp;<\/p>\n<h4><\/h4>\n<h4><\/h4>\n<h4><\/h4>\n<h4><\/h4>\n<h4>\u00bfCu\u00e1les son los requisitos generales de admisi\u00f3n?<\/h4>\n<p>&nbsp;<\/p>\n<p>Poseer un grado de bachillerato o su equivalente en otros pa\u00edses, seg\u00fan determinado por el Registrador del Recinto de Ciencias M\u00e9dicas, de una universidad certificada como instituci\u00f3n de educaci\u00f3n superior con un promedio general recomendado de 2.85 o m\u00e1s (de una escala m\u00e1xima de 4.00).<\/p>\n<p>2. Poseer dominio del idioma espa\u00f1ol. Se requiere, adem\u00e1s, habilidad para leer y comprender el idioma ingl\u00e9s.<\/p>\n<p>3. Poseer los requisitos espec\u00edficos del programa.<\/p>\n<p>4. Presentar una solicitud de admisi\u00f3n, acompa\u00f1ada con los siguientes documentos:<\/p>\n<ul>\n<li>Copia Oficial de las transcripciones de cr\u00e9dito de todos los estudios anteriores del solicitante (subgraduado y graduado).<\/li>\n<li>Resume o Curriculum Vitae.<\/li>\n<li>Dos (2) cartas de recomendaci\u00f3n que evidencien la ejecutoria acad\u00e9mica y profesional del candidato (su experiencia de trabajo y\/o participaci\u00f3n en proyectos de investigaci\u00f3n y\/o servicio). Las cartas de recomendaci\u00f3n deben tener el logo o timbre de la entidad u organizaci\u00f3n donde labora la persona que hace la recomendaci\u00f3n, as\u00ed como su firma.<\/li>\n<\/ul>\n<p>5. Redactar y someter un ensayo escrito siguiendo las instrucciones presentadas en la gu\u00eda del programa de Maestr\u00eda en Salud P\u00fablica con especialidad en Bioestad\u00edstica (<a href=\"https:\/\/rcm1.rcm.upr.edu\/sp\/wp-content\/uploads\/2021\/03\/MPH-BIOE-Instrucciones-para-el-ensayo.pdf\" target=\"_blank\" rel=\"noopener\">acceder gu\u00eda aqu\u00ed<\/a>). El ensayo tendr\u00e1 un m\u00ednimo de 700 palabras redactado en espa\u00f1ol usando el formato siguiente: el tipo de letra (font) en Times New Roman con tama\u00f1o de letra de 12 puntos y m\u00e1rgenes de 1 pulgada.<\/p>\n<p>6. Asistir a una entrevista<\/p>\n<p>&nbsp;<\/p>\n<p><span style=\"color: revert; font-size: 20px; font-weight: bold;\">\u00bfCu\u00e1les son los requisitos espec\u00edficos de admisi\u00f3n?<\/span><\/p>\n<p>&nbsp;<\/p>\n<ol>\n<li style=\"list-style-type: none;\"><\/li>\n<\/ol>\n<p>Tener aprobado con un m\u00ednimo de B al menos 3 cr\u00e9ditos en cada uno de los siguientes cursos:<\/p>\n<ul>\n<li style=\"list-style-type: none;\">\n<ul>\n<li>Curso introductorio en el \u00e1rea de estad\u00edsticas, bioestad\u00edstica o su equivalente a nivel universitario<\/li>\n<li>C\u00e1lculo I, MECU o su equivalente<\/li>\n<\/ul>\n<\/li>\n<\/ul>\n<p>&nbsp;<\/p>\n<p><span style=\"color: #000000;\"><em><span style=\"color: #000000;\"><strong>La solicitud de admisi\u00f3n para el a\u00f1o 2026-2027 estar\u00e1 disponible del 1 de septiembre de 2025 al 31 de marzo de 2026.<\/strong> Para solicitar a este programa, pulse el siguiente enlace: <\/span><a style=\"color: #000000;\" href=\"https:\/\/sp.rcm.upr.edu\/asuntos-estudiantiles\/admisiones\/proceso-de-solicitud-a-la-escuela\" target=\"_blank\" rel=\"noopener\">Proceso de solicitud a la Escuela Graduada de Salud P\u00fablica<\/a><\/em><\/span><\/p>\n<p>&nbsp;<\/p>\n<h4><img loading=\"lazy\" decoding=\"async\" class=\"size-full wp-image-5055 aligncenter\" src=\"https:\/\/rcm1.rcm.upr.edu\/sp\/wp-content\/uploads\/2023\/04\/ramosid.png\" alt=\"\" width=\"625\" height=\"248\" \/><\/h4>\n<p>&nbsp;<\/p>\n<h4><\/h4>\n<p>&nbsp;<\/p>\n<h4><strong>\u00bfCu\u00e1les son los requisitos para obtener el grado de maestr\u00eda?<\/strong><\/h4>\n<p>&nbsp;<\/p>\n<p>Todo estudiante debe haber completado 56 cr\u00e9ditos + 12 horas de experiencia interprofesional. Tener un promedio general m\u00ednimo de 2.50 (en una escala de 4.00), tener un promedio m\u00ednimo de 3.00 en los cursos de la especialidad y mantener progreso acad\u00e9mico consistente con las pol\u00edticas de la Escuela Graduada de Salud P\u00fablica.<\/p>\n<p>La Maestr\u00eda en Salud P\u00fablica con especialidad en Bioestad\u00edstica es un programa dise\u00f1ado para completarse en 1 a\u00f1o y un verano a tiempo completo.<\/p>\n<p>&nbsp;<\/p>\n<h4>\u00bfQu\u00e9 beneficios se obtienen al concluir la maestr\u00eda?<\/h4>\n<p>&nbsp;<\/p>\n<p>Los egresados con Especialidad en bioestad\u00edstica obtendr\u00e1n una preparaci\u00f3n que les permitir\u00e1 colaborar en el dise\u00f1o de estudios biom\u00e9dicos y epidemiol\u00f3gicos, en las fases de recopilaci\u00f3n, descripci\u00f3n, presentaci\u00f3n, an\u00e1lisis e interpretaci\u00f3n de datos estad\u00edsticos.<\/p>\n<p>&nbsp;<\/p>\n<h4><\/h4>\n<h4><\/h4>\n<h4>\u00bfQu\u00e9 oportunidades de empleo tienen los egresados de la maestr\u00eda?<\/h4>\n<p>&nbsp;<\/p>\n<p>Podr\u00e1n trabajar en investigaciones biom\u00e9dicas y epidemiol\u00f3gicas relacionadas con la salud de la comunidad, en an\u00e1lisis e interpretaci\u00f3n de datos estad\u00edsticos, en la ense\u00f1anza de cursos b\u00e1sicos de estad\u00edstica y bioestad\u00edstica. \u00a0Tambi\u00e9n, podr\u00e1n trabajar como asistentes de investigaci\u00f3n en instituciones gubernamentales relacionadas con la salud, tanto en el \u00e1mbito estatal como municipal, en instituciones educativas relacionadas con la salud, en la industria farmac\u00e9utica y en instituciones de seguro.<\/p>\n<p>&nbsp;<\/p>\n<h4><\/h4>\n<h4><\/h4>\n<h4>Cursos Requeridos Para Obtener el Grado<\/h4>\n<p>&nbsp;<\/p>\n<p>&nbsp;<\/p>\n<h5>TOTAL DE CR\u00c9DITOS TRIMESTRALES: 56 + 12 horas<\/h5>\n<p>&nbsp;<\/p>\n<h5><\/h5>\n<table width=\"618\">\n<thead>\n<tr>\n<td width=\"498\">\n<h5 style=\"text-align: center;\">C\u00f3digo y Nombre de Curso\/ Course Code and Title<\/h5>\n<\/td>\n<td width=\"120\">\n<h5 style=\"text-align: center;\"><strong>Cr\u00e9ditos\/<em>Credits<\/em><\/strong><\/h5>\n<\/td>\n<\/tr>\n<\/thead>\n<tbody>\n<tr>\n<td width=\"498\">SALP 6006 Introducci\u00f3n a Salud P\u00fablica \/ <em>Introduction to Public Health<\/em><\/td>\n<td width=\"120\">\n<p style=\"text-align: center;\">3<\/p>\n<\/td>\n<\/tr>\n<tr>\n<td width=\"498\">ADSS 6516 Fundamentos de la Pol\u00edtica de Salud y la Gerencia en Salud P\u00fablica \/ <em>Fundamentals of Health Policy and Management in Public Health<\/em><\/td>\n<td width=\"120\">\n<p style=\"text-align: center;\">4<\/p>\n<\/td>\n<\/tr>\n<tr>\n<td width=\"498\">BIOE 6525 An\u00e1lisis Estad\u00edstico \/ <em>Statistical Analysis<\/em><\/td>\n<td width=\"120\">\n<p style=\"text-align: center;\">5<\/p>\n<\/td>\n<\/tr>\n<tr>\n<td width=\"498\">CISO 6546 Determinantes Sociales y Equidad en la Salud P\u00fablica \/ <em>Social Determinants and Equity in Public Health<\/em><\/td>\n<td width=\"120\">\n<p style=\"text-align: center;\">3<\/p>\n<\/td>\n<\/tr>\n<tr>\n<td width=\"498\">EPID 6523 Metodolog\u00eda Epidemiol\u00f3gica \/ <em>Epidemiological Methodology<\/em><\/td>\n<td width=\"120\">\n<p style=\"text-align: center;\">4<\/p>\n<\/td>\n<\/tr>\n<tr>\n<td width=\"498\">ADSS 6594 Planificaci\u00f3n y Evaluaci\u00f3n de Programas de Salud P\u00fablica \/ <em>Public Health Program Planning and Evaluation<\/em><\/td>\n<td width=\"120\">\n<p style=\"text-align: center;\">4<\/p>\n<\/td>\n<\/tr>\n<tr>\n<td width=\"498\">SAAM 6528 Principios de Salud P\u00fablica Ambiental \/ <em>Principles of Environmental Public Health<\/em><\/td>\n<td width=\"120\">\n<p style=\"text-align: center;\">3<\/p>\n<\/td>\n<\/tr>\n<tr>\n<td width=\"498\">SALP 6250 M\u00e9todos de investigaci\u00f3n aplicados en salud p\u00fablica \/ <em>Applied Public Health Research Methods<\/em><\/td>\n<td width=\"120\">\n<p style=\"text-align: center;\">3<\/p>\n<\/td>\n<\/tr>\n<tr>\n<td width=\"498\">SALP 6251 Liderazgo en Salud P\u00fablica \/ <em>Leadership in Public Health<\/em><\/td>\n<td width=\"120\">\n<p style=\"text-align: center;\">2<\/p>\n<\/td>\n<\/tr>\n<tr>\n<td width=\"498\">INTD 6996 Pr\u00e1ctica Colaborativa Interprofesional en Salud P\u00fablica \/ <em>Interprofessional Collaborative Practice in Public Health<\/em><\/td>\n<td width=\"120\">\n<p style=\"text-align: center;\">0 (12 horas\/<em>hours<\/em>)<\/p>\n<\/td>\n<\/tr>\n<tr>\n<td width=\"498\">BIOE 6535 Inferencia Estad\u00edstica\u00a0\/ <em>Statistical Inference <\/em><\/td>\n<td width=\"120\">\n<p style=\"text-align: center;\">4<\/p>\n<\/td>\n<\/tr>\n<tr>\n<td width=\"498\">BIOE 6537 Inferencia Estad\u00edstica No Param\u00e9trica\u00a0\/ <em>Non\u2011Parametric Statistical Inference <\/em><\/td>\n<td width=\"120\">\n<p style=\"text-align: center;\">3<\/p>\n<\/td>\n<\/tr>\n<tr>\n<td width=\"498\">BIOE 6545 Introducci\u00f3n a la Teor\u00eda de Muestreo \/ <em>Introducci\u00f3n a la teor\u00eda de muestreo \/ <\/em><em>\u00a0Introduction to Sampling Theory<\/em><\/td>\n<td width=\"120\">\n<p style=\"text-align: center;\">3<\/p>\n<\/td>\n<\/tr>\n<tr>\n<td width=\"498\">BIOE 6555 An\u00e1lisis de Regresi\u00f3n y Correlaci\u00f3n \/ <em>Regression and Correlation Analysis<\/em><\/td>\n<td width=\"120\">\n<p style=\"text-align: center;\">3<\/p>\n<\/td>\n<\/tr>\n<tr>\n<td width=\"498\">BIOE 6605 Computaci\u00f3n Estad\u00edstica Aplicada a la Salud P\u00fablica\u00a0\/ <em>Statistical Computing Applied to Public Health <\/em><\/td>\n<td width=\"120\">\n<p style=\"text-align: center;\">4<\/p>\n<\/td>\n<\/tr>\n<tr>\n<td width=\"498\">EPID 6524 Evaluaci\u00f3n de Necesidades de Salud Comunitaria\u00a0\/ <em>Community Health Needs Assessment <\/em><\/td>\n<td width=\"120\">\n<p style=\"text-align: center;\">2<\/p>\n<\/td>\n<\/tr>\n<tr>\n<td width=\"498\">SALP 6999 Proyecto Final en Salud P\u00fablica: Epidemiolog\u00eda y Bioestad\u00edstica \/ <em>Capstone Project in Public Health: Epidemiology and Biostatistics<\/em><\/td>\n<td width=\"120\">\n<p style=\"text-align: center;\">5<\/p>\n<\/td>\n<\/tr>\n<tr>\n<td width=\"498\">EPID 6995 Experiencia de Pr\u00e1ctica Aplicada: Epidemiolog\u00eda y Bioestad\u00edstica \/ <em>Applied Practice Experience: Epidemiology and Biostatistics<\/em><\/td>\n<td width=\"120\">\n<p style=\"text-align: center;\">1<\/p>\n<\/td>\n<\/tr>\n<tr>\n<td width=\"498\">\n<h5><strong>TOTAL<\/strong><\/h5>\n<\/td>\n<td width=\"120\">\n<h5 style=\"text-align: center;\"><strong>56 + 12 horas<em>\/hours <\/em><\/strong><\/h5>\n<\/td>\n<\/tr>\n<\/tbody>\n<\/table>\n<h4><\/h4>\n<h4><\/h4>\n<p>&nbsp;<\/p>\n<h4>Modelo de Competencias de la Especialidad<\/h4>\n<table width=\"618\">\n<tbody>\n<tr>\n<td width=\"312\">\n<h5 style=\"text-align: center;\"><strong>MPH en Bioestad\u00edstica<\/strong><\/h5>\n<\/td>\n<td width=\"306\">\n<h5 style=\"text-align: center;\"><strong><em>MPH Biostatistics<\/em><\/strong><\/h5>\n<\/td>\n<\/tr>\n<tr>\n<td width=\"312\">Aplicar las medidas m\u00e1s adecuadas para describir un problema de salud p\u00fablica utilizando estad\u00edsticas de salud p\u00fablica.<\/td>\n<td width=\"306\"><em>Apply the most appropriate measures to describe a public health problem using public health statistics.<\/em><\/td>\n<\/tr>\n<tr>\n<td width=\"312\">Aplicar m\u00e9todos para calcular y resumir medidas de asociaci\u00f3n, an\u00e1lisis estratificado, m\u00e9todos de estimaci\u00f3n, inferencia estadisticas y modelos de proyecci\u00f3n.<\/td>\n<td width=\"306\"><em>Apply methods for computing summary and association measures, stratified analysis, estimation methods, statistical inference, and prediction models.<\/em><\/td>\n<\/tr>\n<tr>\n<td width=\"312\">Dise\u00f1ar el dise\u00f1o muestral m\u00e1s adecuado para analizar problemas de salud p\u00fablica utilizando diferentes dise\u00f1os epidemiol\u00f3gicos.<\/td>\n<td width=\"306\"><em>Design the most suitable sample design for analyzing public health problems using different epidemiological design.<\/em><\/td>\n<\/tr>\n<tr>\n<td width=\"312\">Emplear t\u00e9cnicas bioestad\u00edsticas para la evaluaci\u00f3n de hip\u00f3tesis, estimaci\u00f3n de par\u00e1metros y proyecciones relacionadas con estudios epidemiol\u00f3gicos.<\/td>\n<td width=\"306\"><em>Employ biostatistical techniques for the evaluation of hypotheses, estimation of parameters, and predictions related to epidemiological studies.<\/em><\/td>\n<\/tr>\n<tr>\n<td width=\"312\">Interpretar y resumir los resultados estad\u00edsticos de publicaciones cient\u00edficas relacionadas con problemas de Salud P\u00fablica.<\/td>\n<td width=\"306\"><em>Interpret and summarize the statistical results of scientific publications related to Public Health problems.<\/em><\/td>\n<\/tr>\n<\/tbody>\n<\/table>\n<p>&nbsp;<\/p>\n<p style=\"text-align: center;\"><a href=\"https:\/\/rcm1.rcm.upr.edu\/sp\/wp-content\/uploads\/2021\/11\/MPH-CORE-COMPETENCY-MODEL.pdf\">Pulse aqu\u00ed para acceder el modelo de competencias de fundamentos de salud p\u00fablica de todos los MPH.<\/a><\/p>\n<p>[\/vc_column_text][\/vc_column][\/vc_row][vc_row][vc_column][vc_column_text][\/vc_column_text][\/vc_column][\/vc_row]<\/p>\n<\/section>","protected":false},"excerpt":{"rendered":"<p>[vc_row][vc_column][vc_column_text] \u00bfQu\u00e9 es la bioestad\u00edstica? &nbsp; La bioestad\u00edstica es el desarrollo y uso de m\u00e9todos estad\u00edsticos en la investigaci\u00f3n cient\u00edfica relacionada con los problemas biom\u00e9dicos, epidemiol\u00f3gicos y de salud de la comunidad. &nbsp; \u00bfCu\u00e1l es el objetivo de la maestr\u00eda? &nbsp; Proveer a los estudiantes conocimientos, destrezas y actividades necesarias para utilizar la metodolog\u00eda estad\u00edstica&hellip;<\/p>\n","protected":false},"author":1,"featured_media":0,"parent":0,"menu_order":0,"comment_status":"closed","ping_status":"closed","template":"template-microsite.php","meta":{"footnotes":""},"class_list":["post-112","page","type-page","status-publish","hentry","description-off"],"jetpack_sharing_enabled":true,"_links":{"self":[{"href":"https:\/\/rcm1.rcm.upr.edu\/sp\/wp-json\/wp\/v2\/pages\/112","targetHints":{"allow":["GET"]}}],"collection":[{"href":"https:\/\/rcm1.rcm.upr.edu\/sp\/wp-json\/wp\/v2\/pages"}],"about":[{"href":"https:\/\/rcm1.rcm.upr.edu\/sp\/wp-json\/wp\/v2\/types\/page"}],"author":[{"embeddable":true,"href":"https:\/\/rcm1.rcm.upr.edu\/sp\/wp-json\/wp\/v2\/users\/1"}],"replies":[{"embeddable":true,"href":"https:\/\/rcm1.rcm.upr.edu\/sp\/wp-json\/wp\/v2\/comments?post=112"}],"version-history":[{"count":7,"href":"https:\/\/rcm1.rcm.upr.edu\/sp\/wp-json\/wp\/v2\/pages\/112\/revisions"}],"predecessor-version":[{"id":5804,"href":"https:\/\/rcm1.rcm.upr.edu\/sp\/wp-json\/wp\/v2\/pages\/112\/revisions\/5804"}],"wp:attachment":[{"href":"https:\/\/rcm1.rcm.upr.edu\/sp\/wp-json\/wp\/v2\/media?parent=112"}],"curies":[{"name":"wp","href":"https:\/\/api.w.org\/{rel}","templated":true}]}}