{"id":1221,"date":"2016-09-29T12:00:43","date_gmt":"2016-09-29T16:00:43","guid":{"rendered":"http:\/\/127.0.0.1\/rcm\/sp\/asuntos-academicos\/departamentos-academicos\/departamento-de-ciencias-sociales\/programa-de-educacion-en-salud\/organizaciones\/"},"modified":"2016-09-29T12:00:43","modified_gmt":"2016-09-29T16:00:43","slug":"organizaciones","status":"publish","type":"page","link":"https:\/\/rcm1.rcm.upr.edu\/sp\/organizaciones\/","title":{"rendered":"Organizaciones"},"content":{"rendered":"<section class=\"wpb-content-wrapper\"><p>[vc_row][vc_column][vc_column_text]<\/p>\n<h4 style=\"text-align: left;\">Asociaci\u00f3n de Educadores en Salud de Puerto Rico<\/h4>\n<p><span style=\"font-weight: 400;\">La AESPR agrupa a los educadores y educadoras en salud de Puerto Rico. <\/span><span style=\"font-weight: 400;\">Tiene como misi\u00f3n <\/span><span style=\"font-weight: 400;\">fortalecer la profesi\u00f3n de la Educaci\u00f3n en Salud en Puerto Rico, mediante acciones estrat\u00e9gicas y pol\u00edticas que promuevan su visibilidad y desarrollo.<\/span>[\/vc_column_text][vc_empty_space][vc_column_text]<\/p>\n<h4 style=\"text-align: left;\">Society for Public Health Education<\/h4>\n<p>La Sociedad para Educaci\u00f3n en Salud P\u00fablica (SOPHE por sus siglas en ingl\u00e9s) es una asociaci\u00f3n profesional sin fines de lucro que representa una membres\u00eda diversa de m\u00e1s de 4,000 profesionales de educaci\u00f3n en salud y estudiantes en Estados Unidos y 25 pa\u00edses internacionales.[\/vc_column_text][vc_empty_space][vc_column_text]<\/p>\n<h4 style=\"text-align: left;\">Asociaci\u00f3n de Salud P\u00fablica de Puerto Rico<\/h4>\n<p><span style=\"font-weight: 400;\">La Asociaci\u00f3n de Salud P\u00fablica de Puerto Rico fue fundada en el a\u00f1o 1940 por pioneros en la disciplina en la Isla. En el a\u00f1o 2013 la Asociaci\u00f3n de Ex Alumnos de la Escuela Graduada de Salud P\u00fablica, en uni\u00f3n a otros profesionales en el \u00e1rea, decide rescatar la iniciativa y encaminan sus esfuerzos en esa direcci\u00f3n.<\/span>[\/vc_column_text][vc_empty_space][vc_column_text]<\/p>\n<h4 style=\"text-align: left;\">Uni\u00f3n Internacional de Promoci\u00f3n de la Salud y Educaci\u00f3n para la Salud<\/h4>\n<p><span style=\"font-weight: 400;\">La Uni\u00f3n Internacional para la Promoci\u00f3n y Educaci\u00f3n de la Salud\u00a0(IUHPE por sus siglas en ingl\u00e9s) es una asociaci\u00f3n mundial \u00fanica, independiente y profesional de personas y organizaciones comprometidas con la mejora de la salud y el bienestar de las personas a trav\u00e9s de la educaci\u00f3n, la acci\u00f3n comunitaria y el desarrollo de pol\u00edticas p\u00fablicas saludables.<\/span>[\/vc_column_text][vc_empty_space][vc_column_text]<\/p>\n<h4 style=\"text-align: left;\">American Public Health Association<\/h4>\n<p><span style=\"font-weight: 400;\">La Asociaci\u00f3n Americana de Salud P\u00fablica (APHA, por sus siglas en ingl\u00e9s) <\/span><span style=\"font-weight: 400;\">defiende la salud de todas las personas y todas las comunidades. Fortalecen la profesi\u00f3n de salud p\u00fablica. Hablan a favor de los problemas de salud p\u00fablica y las pol\u00edticas respaldadas por la ciencia. Son la \u00fanica organizaci\u00f3n que combina una perspectiva de 145 a\u00f1os, una comunidad de miembros de amplia base y la capacidad de influir en la pol\u00edtica federal para mejorar la salud p\u00fablica.<\/span>[\/vc_column_text][\/vc_column][\/vc_row]<\/p>\n<\/section>","protected":false},"excerpt":{"rendered":"<p>[vc_row][vc_column][vc_column_text] Asociaci\u00f3n de Educadores en Salud de Puerto Rico La AESPR agrupa a los educadores y educadoras en salud de Puerto Rico. Tiene como misi\u00f3n fortalecer la profesi\u00f3n de la Educaci\u00f3n en Salud en Puerto Rico, mediante acciones estrat\u00e9gicas y pol\u00edticas que promuevan su visibilidad y desarrollo.[\/vc_column_text][vc_empty_space][vc_column_text] Society for Public Health Education La Sociedad para&hellip;<\/p>\n","protected":false},"author":1,"featured_media":0,"parent":0,"menu_order":0,"comment_status":"closed","ping_status":"closed","template":"template-microsite.php","meta":{"footnotes":""},"class_list":["post-1221","page","type-page","status-publish","hentry","description-off"],"jetpack_sharing_enabled":true,"_links":{"self":[{"href":"https:\/\/rcm1.rcm.upr.edu\/sp\/wp-json\/wp\/v2\/pages\/1221","targetHints":{"allow":["GET"]}}],"collection":[{"href":"https:\/\/rcm1.rcm.upr.edu\/sp\/wp-json\/wp\/v2\/pages"}],"about":[{"href":"https:\/\/rcm1.rcm.upr.edu\/sp\/wp-json\/wp\/v2\/types\/page"}],"author":[{"embeddable":true,"href":"https:\/\/rcm1.rcm.upr.edu\/sp\/wp-json\/wp\/v2\/users\/1"}],"replies":[{"embeddable":true,"href":"https:\/\/rcm1.rcm.upr.edu\/sp\/wp-json\/wp\/v2\/comments?post=1221"}],"version-history":[{"count":0,"href":"https:\/\/rcm1.rcm.upr.edu\/sp\/wp-json\/wp\/v2\/pages\/1221\/revisions"}],"wp:attachment":[{"href":"https:\/\/rcm1.rcm.upr.edu\/sp\/wp-json\/wp\/v2\/media?parent=1221"}],"curies":[{"name":"wp","href":"https:\/\/api.w.org\/{rel}","templated":true}]}}