{"id":1234,"date":"2016-09-29T10:49:49","date_gmt":"2016-09-29T14:49:49","guid":{"rendered":"http:\/\/127.0.0.1\/rcm\/sp\/asuntos-academicos\/departamentos-academicos\/departamento-de-ciencias-sociales\/programa-de-educacion-en-salud\/"},"modified":"2016-09-29T10:49:49","modified_gmt":"2016-09-29T14:49:49","slug":"programa-de-educacion-en-salud","status":"publish","type":"page","link":"https:\/\/rcm1.rcm.upr.edu\/sp\/programa-de-educacion-en-salud\/","title":{"rendered":"Programa de Educaci\u00f3n en Salud"},"content":{"rendered":"<section class=\"wpb-content-wrapper\"><p>[vc_row][vc_column width=&#8221;5\/6&#8243;][vc_column_text]El <strong>Programa de Maestr\u00eda en Educaci\u00f3n en Salud<\/strong> adiestra a profesionales especialistas en educaci\u00f3n en salud de la m\u00e1s alta calidad y con competencia t\u00e9cnica. Estimula las buenas pr\u00e1cticas en el \u00e1rea de promoci\u00f3n de la salud y educaci\u00f3n para la salud que contribuyan al desarrollo de programas de excelencia.<\/p>\n<p>&nbsp;<\/p>\n<p>El <strong>Programa de Educaci\u00f3n en Salud<\/strong> de la Escuela Graduada de Salud P\u00fablica del Recinto de Ciencias M\u00e9dicas de la Universidad de Puerto Rico ofrece el <a href=\"https:\/\/sp.rcm.upr.edu\/programas-academicos\/maestria-en-educacion-en-salud-publica-diurno-y-vespertino\/\">grado de maestr\u00eda en Educaci\u00f3n en Salud P\u00fablica en horario diurno y vespertino<\/a>. Para m\u00e1s informaci\u00f3n sobre este programa pulse <a href=\"https:\/\/sp.rcm.upr.edu\/programas-academicos\/maestria-en-educacion-en-salud-publica-diurno-y-vespertino\/\">aqu\u00ed<\/a>.[\/vc_column_text][\/vc_column][vc_column width=&#8221;1\/6&#8243;][vc_column_text]<img loading=\"lazy\" decoding=\"async\" class=\"size-full wp-image-2481 aligncenter\" src=\"https:\/\/rcm1.rcm.upr.edu\/sp\/wp-content\/uploads\/2020\/03\/foto.png\" alt=\"\" width=\"153\" height=\"204\" \/>[\/vc_column_text][\/vc_column][\/vc_row][vc_row][vc_column][vc_column_text]<\/p>\n<h3>Informaci\u00f3n de contacto<\/h3>\n<p>Programa de Maestr\u00eda en Educaci\u00f3n en Salud P\u00fablica<br \/>\nRecinto de Ciencias M\u00e9dicas<br \/>\nEdificio Guillermo Arbona Irizarry<br \/>\n4to piso, Escuela Graduada de Salud P\u00fablica<br \/>\nOficina\u00a0A-438<\/p>\n<p>&nbsp;<\/p>\n<p><strong>Dra. Marcilyn Col\u00f3n Col\u00f3n<\/strong><\/p>\n<p><em>Coordinadora, Programa de Maestr\u00eda en Educaci\u00f3n en Salud<\/em><br \/>\n787-758-2525, exts. 1417, 1419<br \/>\n<a href=\"mailto:marcilyn.colon@upr.edu\">marcilyn.colon@upr.edu<\/a>[\/vc_column_text][\/vc_column][\/vc_row]<\/p>\n<\/section>","protected":false},"excerpt":{"rendered":"<p>[vc_row][vc_column width=&#8221;5\/6&#8243;][vc_column_text]El Programa de Maestr\u00eda en Educaci\u00f3n en Salud adiestra a profesionales especialistas en educaci\u00f3n en salud de la m\u00e1s alta calidad y con competencia t\u00e9cnica. Estimula las buenas pr\u00e1cticas en el \u00e1rea de promoci\u00f3n de la salud y educaci\u00f3n para la salud que contribuyan al desarrollo de programas de excelencia. &nbsp; El Programa de&hellip;<\/p>\n","protected":false},"author":1,"featured_media":0,"parent":0,"menu_order":0,"comment_status":"closed","ping_status":"closed","template":"template-microsite.php","meta":{"footnotes":""},"class_list":["post-1234","page","type-page","status-publish","hentry","description-off"],"jetpack_sharing_enabled":true,"_links":{"self":[{"href":"https:\/\/rcm1.rcm.upr.edu\/sp\/wp-json\/wp\/v2\/pages\/1234","targetHints":{"allow":["GET"]}}],"collection":[{"href":"https:\/\/rcm1.rcm.upr.edu\/sp\/wp-json\/wp\/v2\/pages"}],"about":[{"href":"https:\/\/rcm1.rcm.upr.edu\/sp\/wp-json\/wp\/v2\/types\/page"}],"author":[{"embeddable":true,"href":"https:\/\/rcm1.rcm.upr.edu\/sp\/wp-json\/wp\/v2\/users\/1"}],"replies":[{"embeddable":true,"href":"https:\/\/rcm1.rcm.upr.edu\/sp\/wp-json\/wp\/v2\/comments?post=1234"}],"version-history":[{"count":0,"href":"https:\/\/rcm1.rcm.upr.edu\/sp\/wp-json\/wp\/v2\/pages\/1234\/revisions"}],"wp:attachment":[{"href":"https:\/\/rcm1.rcm.upr.edu\/sp\/wp-json\/wp\/v2\/media?parent=1234"}],"curies":[{"name":"wp","href":"https:\/\/api.w.org\/{rel}","templated":true}]}}