{"id":130,"date":"2016-05-09T14:14:45","date_gmt":"2016-05-09T14:14:45","guid":{"rendered":"http:\/\/127.0.0.1\/rcm\/sp\/asuntos-academicos\/division-de-educacion-continua-y-estudios-profesionales\/modulos-instruccionales\/"},"modified":"2016-05-09T14:14:45","modified_gmt":"2016-05-09T14:14:45","slug":"modulos-instruccionales","status":"publish","type":"page","link":"https:\/\/rcm1.rcm.upr.edu\/sp\/division-de-educacion-continua-y-estudios-profesionales\/modulos-instruccionales\/","title":{"rendered":"M\u00f3dulos Instruccionales"},"content":{"rendered":"<p>La educaci\u00f3n a distancia y las tecnolog\u00edas instruccionales es un campo que cada d\u00eda se atempera m\u00e1s las necesidades de capacitaci\u00f3n y desarrollo de conocimiento de los profesionales de la salud p\u00fablica y la clase trabajadora en general. Esta modalidad nos brinda la flexibilidad de tiempo, espacio \u00a0y diversidad para acceso a informaci\u00f3n actualizada en temas innovadores del campo de la salud p\u00fablica.<\/p>\n<p>Los m\u00f3dulos est\u00e1n disponibles en varios formatos: impreso para entrega a la mano, digitalizados en PDF y video en la p\u00e1gina cibern\u00e9tica. Los m\u00f3dulo de March of Dimes est\u00e1n disponibles s\u00f3lo en formato impreso. A continuaci\u00f3n una breve descripci\u00f3n de los m\u00f3dulos instruccionales aprobados para los profesionales de las salud.<\/p>\n<p>Cada m\u00f3dulo est\u00e1 certificado para <strong>cuatro (4) horas de educaci\u00f3n continua<\/strong> en la mayor\u00eda de los profesionales de la salud. Los <strong>m\u00f3dulos instruccionales<\/strong> tienen un costo de <strong>$25.00<\/strong>, con excepci\u00f3n de los m\u00f3dulos de <strong>March of Dimes<\/strong> que tienen un costo de <strong>$15.00<\/strong>.<\/p>\n<h3>Procedimiento para Recibir Certificaci\u00f3n de Educaci\u00f3n Continua<\/h3>\n<ol>\n<li>Estudie el m\u00f3dulo instruccional y conteste las preguntas interactivas contenidas en el documento. Las mismas facilitan repasar el contenido presentado.<\/li>\n<li>Una vez completado el m\u00f3dulo, \u00a0proceda a contestar el examen que se adjunta.<\/li>\n<li>Tramite el examen debidamente contestado y firmado.<\/li>\n<\/ol>\n<ul>\n<li style=\"list-style-type: none;\">\n<ul>\n<li><strong>Presencial:<\/strong> Usted puede entregar el examen personalmente en nuestra oficina. \u00a0La misma est\u00e1 ubicada en:<\/li>\n<\/ul>\n<\/li>\n<\/ul>\n<p style=\"padding-left: 90px;\"><strong>Escuela Graduada de Salud P\u00fablica &#8211; DECEP<\/strong><br \/>\n<strong>Edificio Principal del Recinto de Ciencias M\u00e9dicas<\/strong><br \/>\n<strong>4to piso, Oficina A-451<\/strong><\/p>\n<ul>\n<li style=\"list-style-type: none;\">\n<ul>\n<li><strong>Correo General:<\/strong> Env\u00ede el examen a la siguiente direcci\u00f3n postal:<\/li>\n<\/ul>\n<\/li>\n<\/ul>\n<p style=\"padding-left: 90px;\"><strong>Escuela Graduada de Salud P\u00fablica<\/strong><br \/>\n<strong> Divisi\u00f3n de Educaci\u00f3n Continua y Estudios Profesionales<\/strong><br \/>\n<strong> PO Box 365067<\/strong><br \/>\n<strong> San Juan, PR 00936-5067<\/strong><\/p>\n<ol start=\"4\">\n<li>Junto al tr\u00e1mite del examen debe incluir:<\/li>\n<\/ol>\n<ul>\n<li style=\"list-style-type: none;\">\n<ul>\n<li>El <strong>pago correspondiente<\/strong> (Si el tr\u00e1mite es por correo general debe enviar un giro postal a nombre de la Universidad de Puerto Rico)<\/li>\n<li><strong>Formulario de Registro y Certificaci\u00f3n de Educaci\u00f3n Continua debidamente cumplimentado.<\/strong><\/li>\n<li><strong>Formato FRCEC<\/strong><\/li>\n<\/ul>\n<\/li>\n<\/ul>\n<h4>Aspectos a Considerar:<\/h4>\n<ol>\n<li>Costos: Cada m\u00f3dulo instruccional tiene un cargo de $25.00 o seg\u00fan aplique. Aceptamos: ATH, Giro, American Express, Visa, \u00a0Master Card y efectivo.<\/li>\n<li>Con el pago emitido usted tiene derecho a tomar el examen el cual debe ser aprobado con un m\u00ednimo de <strong>70%<\/strong>.<\/li>\n<li>De usted no pasar el examen con el m\u00ednimo establecido, tiene derecho a una reposici\u00f3n. \u00a0El m\u00ednimo requerido para pasar el <span style=\"text-decoration: underline;\"><strong>examen de reposici\u00f3n es de 75%<\/strong><\/span>.<\/li>\n<li>Si usted no aprueba este examen, tendr\u00e1 derecho a tomar otro examen y emitir un pago.<\/li>\n<li>Una vez recibido el examen contestado, nuestro personal procesar\u00e1 el mismo en un plazo de 7 d\u00edas laborables y enviar\u00e1 mediante correo postal el certificado correspondiente.<\/li>\n<li>En el caso ex\u00e1menes entregados de forma presencial, el certificado podr\u00eda ser expedido si las condiciones laborales en ese momento as\u00ed lo permiten y el personal est\u00e1 disponible para ello. \u00a0De no poderse emitir el certificado al instante, el mismo ser\u00e1 enviado por correo.<\/li>\n<li>Las aprobaci\u00f3n de los m\u00f3dulos est\u00e1n sujeto a cambios. <strong>Se recomienda que antes de trabajar el m\u00f3dulo, verifique con nuestros personal si el ofrecimiento ha sido aprobado para su profesi\u00f3n.<\/strong><\/li>\n<\/ol>\n<p>Para informaci\u00f3n adicional o clarificar dudas, favor de comunicarse con la DECEP a los siguientes n\u00fameros telef\u00f3nicos<\/p>\n<p style=\"padding-left: 60px;\">787-758-2525,\u00a0extensiones 1475, 1474, 4627, 1411<\/p>\n<p style=\"padding-left: 60px;\">787-763-7291 (fax y directo)<\/p>\n<p style=\"padding-left: 60px;\">Correo Electr\u00f3nico: <strong>decepspublica.rcm@upr.edu<\/strong><\/p>\n<h1>M\u00f3dulos disponibles<\/h1>\n<h2>Fundamentos del Dengue: Preparaci\u00f3n y Respuesta<\/h2>\n<p>Este m\u00f3dulo instruccional le brinda informaci\u00f3n b\u00e1sica sobre los conceptos medulares del dengue. Adem\u00e1s le brinda informaci\u00f3n mas detallada de las manifestaciones cl\u00ednicas y una descripci\u00f3n de desde una perspectiva epidemiol\u00f3gica de este problema. Tambi\u00e9n se discute aspectos de los m\u00e9todos de diagn\u00f3stico , tratamiento, prevenci\u00f3n y control.<\/p>\n<p>M\u00e9dicos: No disponible hasta nuevo aviso<\/p>\n<p><span style=\"text-decoration: underline;\"><strong><strong><span style=\"text-decoration: underline;\"><span style=\"font-size: 11pt; font-family: 'Calibri','sans-serif'; background: none repeat scroll 0% 0% white;\">4 hrs. ES\/ESC, NL, TEM, TM, TR<br \/>\n2 hrs. D\/A\/H, QUI<\/span><\/span><\/strong><\/strong><\/span><\/p>\n<p>Fundamentos del Dengue<\/p>\n<h2>Ambiente y salud p\u00fablica: Una perspectiva ecol\u00f3gica<\/h2>\n<p>Este m\u00f3dulo instruccional le brinda informaci\u00f3n b\u00e1sica sobre los conceptos de ambiente y salud p\u00fablica desde una perspectiva ecol\u00f3gica. Describe la importancia del ambiente, su entorno y su relaci\u00f3n en el campo de la salud p\u00fablica. Identifica la interdependencia entre la salud de los ecosistemas y la salud humana. Adem\u00e1s, describe la funci\u00f3n que desempe\u00f1a el personal interdisciplinario de la salud p\u00fablica en respuesta a estos retos.<\/p>\n<p><span style=\"text-decoration: underline;\"><strong>4 hrs. EA, EE, EG, EO, EP, TR<\/strong><\/span><\/p>\n<p>&nbsp;<\/p>\n<p>Ambiente y salud p\u00fablica<\/p>\n<p>&nbsp;<\/p>\n<h2>Epidemiolog\u00eda para No Epidemi\u00f3logos<\/h2>\n<p>Este m\u00f3dulo instruccional le brinda informaci\u00f3n b\u00e1sica sobre los fundamentos de la epidemiolog\u00eda y c\u00f3mo \u00e9sta estudia los patrones de distribuci\u00f3n de las enfermedades en poblaciones humanas. Se discuten los conceptos b\u00e1sicos y los eventos hist\u00f3ricos que marcaron el desarrollo de la epidemiolog\u00eda como ciencia y menciona las diferentes v\u00edas de transmisi\u00f3n. \u00a0Adem\u00e1s, se explica sobre la evaluaci\u00f3n de la validez y confiabilidad de las pruebas de cernimiento y diagn\u00f3stico. A su vez, describe la funci\u00f3n que desempe\u00f1a el personal interdisciplinario de la salud p\u00fablica en respuesta a estos retos.<\/p>\n<p><span style=\"text-decoration: underline;\"><strong>4 hrs. EMB, ES\/ESC, NL, PSI, TEM, TM, TR<br \/>\n2 hrs. QUI<\/strong><\/span><\/p>\n<p><strong>\u00a0| VER MULTIMEDIA |<\/strong><strong style=\"line-height: 1.3em;\">\u00a0<\/strong>Epidemiolog\u00eda para No Epidemi\u00f3logos<\/p>\n<p>&nbsp;<\/p>\n<h2>Rol de la Epidemiolog\u00eda en la Salud P\u00fablica<\/h2>\n<p>Este m\u00f3dulo instruccional le brinda informaci\u00f3n b\u00e1sica sobre los conceptos y principios b\u00e1sicos de la epidemiolog\u00eda. Se discute la importancia de la epidemiolog\u00eda como rol fundamental en el campo de la salud p\u00fablica. Identifica las medidas que se utilizan para determinar la ocurrencia de enfermedad. Le permite conocer la relaci\u00f3n entre la investigaci\u00f3n epidemiol\u00f3gica y la prevenci\u00f3n y control de enfermedades. Adem\u00e1s, le describe la funci\u00f3n que desempe\u00f1a el personal interdisciplinario de la salud p\u00fablica en respuesta a estos retos.<\/p>\n<p><strong>4 hrs. ES\/ESC, TEM, TM, TR<\/strong><br \/>\n<strong>2 hrs. D\/A\/H<\/strong><\/p>\n<p>Rol de la Epidemiolog\u00eda en la SP<\/p>\n<p>&nbsp;<\/p>\n<h2>Fundamentos de la Influenza Pand\u00e9mica<\/h2>\n<p>Este m\u00f3dulo instruccional le brinda informaci\u00f3n b\u00e1sica sobre el virus de la influenza, la enfermedad y los factores que ocasionan epidemias y pandemias de influenza. Se discuten las caracter\u00edsticas del virus de la influenza en t\u00e9rminos de c\u00f3mo se transmite a y entre humanos y menciona los s\u00edntomas m\u00e1s comunes de la influenza pand\u00e9mica. Se enumeran los tipos de virus de influenza que afectan a los seres humanos y animales. Le permite conocer informaci\u00f3n b\u00e1sica sobre la influenza aviar, la influenza aviar en humanos y su potencial para causar una pandemia. Adem\u00e1s, describe la funci\u00f3n que desempe\u00f1a el personal interdisciplinario de la salud p\u00fablica en respuesta a estos retos.<\/p>\n<p><span style=\"text-decoration: underline;\"><strong>4 hrs. EMB, ES\/ESC, NL, TEM, TM<\/strong><\/span><\/p>\n<p><strong style=\"line-height: 1.3em;\">\u00a0| VER MULTIMEDIA |\u00a0<\/strong>Fundamentos Influenza Pand\u00e9mica<\/p>\n<p>&nbsp;<\/p>\n<h2>Preparaci\u00f3n ante Emergencias y Desastres<\/h2>\n<p>Este m\u00f3dulo instruccional le brinda informaci\u00f3n b\u00e1sica sobre los conceptos y principios b\u00e1sicos de la preparaci\u00f3n ante emergencias y desastres. Describe la importancia de la preparaci\u00f3n ante emergencias y desastres y su rol en la disciplina de la salud p\u00fablica. Presenta los datos hist\u00f3ricos por los cuales se ha hecho necesaria la preparaci\u00f3n del personal de salud p\u00fablica frente a eventos de emergencias y desastres en Puerto Rico. Identifica las poblaciones m\u00e1s vulnerables ante una situaci\u00f3n de emergencia y desastre. Adem\u00e1s, presenta las funciones b\u00e1sicas de las agencias principales que prestan servicio en situaciones de emergencias y desastres.<\/p>\n<p><span style=\"text-decoration: underline;\"><strong>4 hrs. EMB, ES\/ESC, NL, QUI, TEM,TM, TR<\/strong><\/span><\/p>\n<p>Preparaci\u00f3n ante Emergencias y Desastres<\/p>\n<p>&nbsp;<\/p>\n<h2>Principios Fundamentales de la Salud P\u00fablica<\/h2>\n<p>Este m\u00f3dulo instruccional le brinda informaci\u00f3n b\u00e1sica sobre la relaci\u00f3n entre la salud p\u00fablica y la salud p\u00fablica moderna. Identifica los roles de los profesionales que practican la salud p\u00fablica y los valores fundamentales que la rigen. Describe las funciones esenciales, los principios \u00e9ticos y desaf\u00edos que enfrenta la pr\u00e1ctica de la salud p\u00fablica. Adem\u00e1s se presenta la manera en que los profesionales de la salud p\u00fablica utilizan esta disciplina para interpretar y describir el estado de salud de la poblaci\u00f3n, evaluar programas, desarrollar pol\u00edticas p\u00fablicas e investigar la etiolog\u00eda de las enfermedades.<\/p>\n<p><span style=\"text-decoration: underline;\"><strong>4 hrs. ASS, NL, TEM, TM<br \/>\n2 hrs. QUI<\/strong><\/span><\/p>\n<p>Principios Fundamentales SP<\/p>\n<p>&nbsp;<\/p>\n<h2>La Promoci\u00f3n de la Salud y la Prevenci\u00f3n de Enfermedades, Lesiones e Incapacidad<\/h2>\n<p>Este m\u00f3dulo instruccional le brinda informaci\u00f3n b\u00e1sica sobre c\u00f3mo opera la promoci\u00f3n de la salud en la pr\u00e1ctica de la salud p\u00fablica. Se describe la importancia del ambiente, su entorno y su relaci\u00f3n en el campo de la salud p\u00fablica para el fortalecimiento de las acciones comunitarias y la participaci\u00f3n ciudadana. \u00a0Brinda informaci\u00f3n sobre \u00a0la creaci\u00f3n de ambientes favorables a la salud f\u00edsica, social, psicol\u00f3gica y recreativa. \u00a0Describe el marco operacional de la promoci\u00f3n de la salud para la reorientaci\u00f3n de los servicios de salud, la promoci\u00f3n de la salud como pol\u00edtica de estado y la evaluaci\u00f3n de la capacidad nacional en promoci\u00f3n de la salud. \u00a0A su vez, le permite Identificar las diferentes perspectivas de la promoci\u00f3n de la salud y su la relaci\u00f3n entre la educaci\u00f3n en salud y la prevenci\u00f3n.<\/p>\n<p><span style=\"text-decoration: underline;\"><strong>4 hrs. EMB, ES\/ESC, NL, TEM, TM, TR<br \/>\n3 hrs. PSI<br \/>\n2 hrs. D\/A\/H, QUI<\/strong><\/span><\/p>\n<p>Promoci\u00f3n de la Salud y la Prevenci\u00f3n de Enfermedades<\/p>\n<p>&nbsp;<\/p>\n<h2>El Sistema de Salud de Puerto Rico<\/h2>\n<p>Este m\u00f3dulo instruccional le brinda informaci\u00f3n b\u00e1sica sobre sistema de salud de Puerto Rico y examina los procesos y acontecimientos que condujeron a la implantaci\u00f3n de la Reforma de Salud de 1993. Tambi\u00e9n provee un trasfondo hist\u00f3rico de la evoluci\u00f3n del sistema de salud de Puerto Rico y describe c\u00f3mo se organiza este sistema para operar bajo un modelo privado como resultado de la reforma. Brinda informaci\u00f3n sobre la importancia de la salud p\u00fablica como ciencia. Se describe la importancia de alcanzar un sistema de salud equitativo y la preparaci\u00f3n ante emergencias y desastres en salud p\u00fablica. Reconocer la importancia de la preparaci\u00f3n ante emergencias y desastres y su rol en la disciplina de la salud p\u00fablica. Conocer las poblaciones m\u00e1s vulnerables, as\u00ed como las agencias principales que prestan servicio en situaciones de emergencias y desastres.<\/p>\n<p><span style=\"text-decoration: underline;\"><strong>4 hrs. ASS, ES\/ESC, TEM, TM, TR<\/strong><\/span><\/p>\n<p>Sistema de Salud de PR<\/p>\n<p>&nbsp;<\/p>\n<h2>Comunicaci\u00f3n de Riesgo Durante una Influenza Pand\u00e9mica<\/h2>\n<p>Este m\u00f3dulo instruccional le brinda informaci\u00f3n b\u00e1sica sobre los componentes medulares de la comunicaci\u00f3n de riesgo durante una influenza pand\u00e9mica. Describe los diferentes roles de los medios de comunicaci\u00f3n. Se discuten los elementos a considerar la ciudadan\u00eda al comunicar los riesgos de influenza pand\u00e9mica. A su vez, se presentan los criterios de un plan de comunicaci\u00f3n de riesgo. Para finalizar se identifican estrategias y herramientas a utilizar para divulgar informaci\u00f3n a trav\u00e9s de los medios de comunicaci\u00f3n.<\/p>\n<p><span style=\"text-decoration: underline;\"><strong>4 hrs. TM, TR<br \/>\n2 hrs. QUI<\/strong><\/span><\/p>\n<p>Comunicaci\u00f3n Riesgo Influeza Pand\u00e9mica<\/p>\n<p>&nbsp;<\/p>\n<h2>Nuevas amenazas a la salud p\u00fablica: el bioterrorismo \u2013 3hrs.<\/h2>\n<p>Es de crucial importancia que todos los profesionales de la salud p\u00fablica est\u00e9n informados de las amenazas y procesos de manejo de emergencias. \u00a0Este m\u00f3dulo instruccional le brinda informaci\u00f3n b\u00e1sica sobre las nuevas amenazas como un problema de salud p\u00fablica, se describe la historia y la evoluci\u00f3n de la salud p\u00fablica en la pr\u00e1ctica actual, se discuten los signos y s\u00edntomas de exposici\u00f3n a agentes de bioterrorismo de la Categor\u00eda A y la funci\u00f3n que desempe\u00f1a el personal de salud p\u00fablica en la respuesta a una emergencia.<\/p>\n<p><strong>4 hrs. EMB, ESC\/ES, NL, TEM, TR<br \/>\n2 hrs. D\/A\/H<\/strong><\/p>\n<p>NASP: EB<\/p>\n<p>Video:<\/p>\n<p>&nbsp;<\/p>\n<h2>Nuevas amenazas a la salud p\u00fablica: el terrorismo qu\u00edmico \u2013 3hrs.<\/h2>\n<p>Es de crucial importancia que todos los profesionales de la salud p\u00fablica est\u00e9n informados de las amenazas y procesos de manejo de emergencias. Este m\u00f3dulo instruccional le brinda informaci\u00f3n b\u00e1sica y la historia del terrorismo qu\u00edmico, se describen las caracter\u00edsticas y categor\u00edas de las sustancias qu\u00edmicas. \u00a0Adem\u00e1s, se discuten los signos y s\u00edntomas de exposici\u00f3n a agentes de qu\u00edmicos.<\/p>\n<p><span style=\"text-decoration: underline;\"><strong>4 hrs. ES\/ESC, TEM, TM<\/strong><\/span><\/p>\n<p>NASP: ETQ<\/p>\n<p>&nbsp;<\/p>\n<h2>Nuevas amenazas a la salud p\u00fablica: terrorismo radiol\u00f3gico y nuclear \u2013 3hrs. \u00a0Costo: $25.00<\/h2>\n<p>Es de crucial importancia que todos los profesionales de la salud p\u00fablica est\u00e9n informados de las amenazas y procesos de manejo de emergencias. \u00a0Este m\u00f3dulo instruccional le brinda informaci\u00f3n b\u00e1sica y la historia del terrorismo radiol\u00f3gico y nuclear, se describen los m\u00e9todos de diseminaci\u00f3n y se discuten los efectos de la radiaci\u00f3n a la salud.<\/p>\n<p><span style=\"text-decoration: underline;\"><strong>4 hrs. EMB, ES\/ESC, TEM, TM, TR<br \/>\n2 hrs. D\/A\/H<\/strong><\/span><\/p>\n<p>| VER MULTIMEDIA | NASP: ETRN<\/p>\n<p>&nbsp;<\/p>\n<h2>La influenza pand\u00e9mica \u2013 3hrs. \u00a0 Costo: $25.00<\/h2>\n<p>Este m\u00f3dulo instruccional le ofrece informaci\u00f3n b\u00e1sica sobre los virus de influenza, presenta los conceptos generales de la influenza pand\u00e9mica, su amenaza e historia natural. \u00a0Adem\u00e1s, se describe informaci\u00f3n sobre la influencia aviar y medidas de respuesta de sistema de salud p\u00fablica.<\/p>\n<p><span style=\"text-decoration: underline;\"><strong>4 hrs. EMB, ES\/ESC, NL, TM, TR<br \/>\n2 hrs. D\/A\/H<\/strong><\/span><\/p>\n<p>Influenza Pand\u00e9mica<\/p>\n<p>&nbsp;<\/p>\n<h2>El universo de la viruela \u2013 3hrs. \u00a0Costo: $25.00<\/h2>\n<p>Este m\u00f3dulo instruccional le ofrece informaci\u00f3n b\u00e1sica sobre la enfermedad, presenta los conceptos generales de la viruela, su historia natural y la raz\u00f3n por la cual la viruela constituye una amenaza biol\u00f3gica en el mundo. Adem\u00e1s, incluye informaci\u00f3n b\u00e1sica desde una perspectiva cl\u00ednica y contiene informaci\u00f3n sobre el diagn\u00f3stico de la viruela, medidas para el control, aislamiento y vacunaci\u00f3n.<\/p>\n<p><span style=\"text-decoration: underline;\"><strong>4 hrs. EMB, ES\/ESC, TM, TR<br \/>\n2 hrs. D\/A\/H<\/strong><\/span><\/p>\n<p><strong style=\"line-height: 1.3em;\">\u00a0<\/strong>Univ. Viruela<\/p>\n<p>&nbsp;<\/p>\n<h1>March of Dimes<\/h1>\n<h2>Diabetes en el embarazo \u2013 3hrs.<\/h2>\n<p>Este m\u00f3dulo instruccional le ofrece informaci\u00f3n sobre la importancia de identificar la diabetes durante el embarazo. Revisa m\u00e9todos adecuados para determinar el bienestar del feto en mujeres con diabetes pregestacional y gestacional. Describe estrategias de control para el cuidado de las mujeres con diabetes antes, durante y despu\u00e9s del parto. Adem\u00e1s identifica los factores de riesgo para el desarrollo de diabetes gestacional y realizaci\u00f3n de pruebas tempranas.<\/p>\n<p>Aprobado<\/p>\n<p style=\"margin-top: 6pt;\"><strong><span style=\"text-decoration: underline;\"><span style=\"font-size: 11pt; font-family: 'Calibri','sans-serif';\">3 hrs. CR, ES, ESC, N\/D, NL, PSI, QUI<\/span><\/span><\/strong><\/p>\n<p><strong>\u00a0<\/strong><\/p>\n<p>&nbsp;<\/p>\n<h2>Embarazos en adolescentes \u2013 3hrs.<\/h2>\n<p>Este m\u00f3dulo instruccional le ofrece informaci\u00f3n sobre los niveles de prevenci\u00f3n relacionados con el embarazo en adolescentes. Describe las tendencias del embarazo en adolescentes y sus implicaciones. Adem\u00e1s describe los factores que llevan al embarazo adolescente y el comportamiento sexual en la adolescencia. Explica la funci\u00f3n del padre, la familia, compa\u00f1eros y la comunidad durante el embarazo.<\/p>\n<p><strong>Aprobado:<\/strong><\/p>\n<p><span style=\"text-decoration: underline;\"><strong><span style=\"font-size: 11pt; font-family: 'Calibri','sans-serif'; background: none repeat scroll 0% 0% white;\">3 hrs. ASS, CP, CR, EA, EE, EG, EO, EP, ESC\/ES, TO\/A<\/span><\/strong><\/span><\/p>\n<p>&nbsp;<\/p>\n<p>&nbsp;<\/p>\n<h2>Parto prematuro: prevenci\u00f3n y control por parte de los enfermeros \u2013 3hrs.<\/h2>\n<p>Este m\u00f3dulo instruccional le ofrece informaci\u00f3n sobre las implicaciones del nacimiento prematuro en la salud p\u00fablica. \u00a0Menciona los criterios de de diagnostico del parto prematuro y los s\u00edntomas del mismo. Enumera los agentes farmacol\u00f3gicos que se utilizan en la prevenci\u00f3n de partos prematuros y los cuidados implicados en el uso de dichos agentes. Adem\u00e1s, discute las estrategias para evitar nacimientos prematuros.<\/p>\n<p>Aprobado:<\/p>\n<p style=\"margin-top: 6pt;\"><strong><span style=\"text-decoration: underline;\"><span style=\"font-size: 11pt; font-family: 'Calibri','sans-serif'; background: none repeat scroll 0% 0% white;\">3 hrs. EA, EE, EG, EO, EP, ES\/ESC, TF\/A, MD, N\/D, NL<\/span><\/span><\/strong><\/p>\n<p><strong>\u00a0<\/strong><\/p>\n<p>&nbsp;<\/p>\n<h2>Promoci\u00f3n de la salud antes de la concepci\u00f3n: una base para el bienestar de la mujer \u2013 3hrs.<\/h2>\n<p>Este m\u00f3dulo instruccional le ofrece informaci\u00f3n sobre las causas principales de mortalidad infantil. Establece objetivos de las actividades de promoci\u00f3n de la salud \u00a0antes de la concepci\u00f3n. Adem\u00e1s, identifica \u00e1reas en el perfil m\u00e9dico, nutricional, reproductivo y social de la mujer que resultan apropiadas para el asesoramiento antes de la concepci\u00f3n. \u00a0Describe los beneficios y las limitaciones de la promoci\u00f3n de la salud antes de la concepci\u00f3n.<\/p>\n<p>Aprobado:<\/p>\n<p><span style=\"text-decoration: underline;\"><strong>3 hrs. ASS, CP, EA, EE, EG, EO, EP, ES\/ESC, MD, PSI, TF\/A,<\/strong><\/span><br \/>\n<span style=\"text-decoration: underline;\"><strong>2 hrs. N\/D<\/strong><\/span><\/p>\n<p>&nbsp;<\/p>\n","protected":false},"excerpt":{"rendered":"<p>La educaci\u00f3n a distancia y las tecnolog\u00edas instruccionales es un campo que cada d\u00eda se atempera m\u00e1s las necesidades de capacitaci\u00f3n y desarrollo de conocimiento de los profesionales de la salud p\u00fablica y la clase trabajadora en general. Esta modalidad nos brinda la flexibilidad de tiempo, espacio \u00a0y diversidad para acceso a informaci\u00f3n actualizada en&hellip;<\/p>\n","protected":false},"author":1,"featured_media":0,"parent":66,"menu_order":0,"comment_status":"closed","ping_status":"closed","template":"template-microsite.php","meta":{"footnotes":""},"class_list":["post-130","page","type-page","status-publish","hentry","description-off"],"jetpack_sharing_enabled":true,"_links":{"self":[{"href":"https:\/\/rcm1.rcm.upr.edu\/sp\/wp-json\/wp\/v2\/pages\/130","targetHints":{"allow":["GET"]}}],"collection":[{"href":"https:\/\/rcm1.rcm.upr.edu\/sp\/wp-json\/wp\/v2\/pages"}],"about":[{"href":"https:\/\/rcm1.rcm.upr.edu\/sp\/wp-json\/wp\/v2\/types\/page"}],"author":[{"embeddable":true,"href":"https:\/\/rcm1.rcm.upr.edu\/sp\/wp-json\/wp\/v2\/users\/1"}],"replies":[{"embeddable":true,"href":"https:\/\/rcm1.rcm.upr.edu\/sp\/wp-json\/wp\/v2\/comments?post=130"}],"version-history":[{"count":0,"href":"https:\/\/rcm1.rcm.upr.edu\/sp\/wp-json\/wp\/v2\/pages\/130\/revisions"}],"up":[{"embeddable":true,"href":"https:\/\/rcm1.rcm.upr.edu\/sp\/wp-json\/wp\/v2\/pages\/66"}],"wp:attachment":[{"href":"https:\/\/rcm1.rcm.upr.edu\/sp\/wp-json\/wp\/v2\/media?parent=130"}],"curies":[{"name":"wp","href":"https:\/\/api.w.org\/{rel}","templated":true}]}}