{"id":134,"date":"2016-05-09T14:14:45","date_gmt":"2016-05-09T14:14:45","guid":{"rendered":"http:\/\/127.0.0.1\/rcm\/sp\/sobre-la-egsp\/iniciativas-internacionales\/oficina-regional-latinoamericana-union-internacional-de-promocion-de-la-salud-y-educacion-para-la-salud-uipes\/"},"modified":"2016-05-09T14:14:45","modified_gmt":"2016-05-09T14:14:45","slug":"oficina-regional-latinoamericana-union-internacional-de-promocion-de-la-salud-y-educacion-para-la-salud-uipes","status":"publish","type":"page","link":"https:\/\/rcm1.rcm.upr.edu\/sp\/iniciativas-internacionales\/oficina-regional-latinoamericana-union-internacional-de-promocion-de-la-salud-y-educacion-para-la-salud-uipes\/","title":{"rendered":"Oficina Regional Latinoamericana, Uni\u00f3n Internacional de Promoci\u00f3n de la Salud y Educaci\u00f3n para la Salud (UIPES)"},"content":{"rendered":"<p>El Departamento de Ciencias Sociales de la Escuela Graduada de Salud P\u00fablica es la sede de la Oficina Regional Latinoamericana de la Uni\u00f3n Internacional de Promoci\u00f3n de la Salud y Educaci\u00f3n para la Salud (UIPES).<\/p>\n<p>&nbsp;<\/p>\n<p>La UIPES es una organizaci\u00f3n mundial de salud, compuesta de profesionales e instituciones cuya fundaci\u00f3n ocurre en el 1951 con sede global en Par\u00eds, Francia. Su misi\u00f3n es mejorar la salud de la poblaci\u00f3n del mundo mediante la educaci\u00f3n, la acci\u00f3n comunitaria y el desarrollo de pol\u00edticas p\u00fablicas favorables a la salud. Es la principal organizaci\u00f3n mundial de salud de car\u00e1cter no gubernamental, en el \u00e1mbito de la promoci\u00f3n de la salud y educaci\u00f3n para la salud. Colabora con la Organizaci\u00f3n Mundial de la Salud, la UNESCO y la UNICEF y con otras entidades mundiales con el fin de influenciar y facilitar el desarrollo de estrategias y proyectos de promoci\u00f3n de la salud.<\/p>\n","protected":false},"excerpt":{"rendered":"<p>El Departamento de Ciencias Sociales de la Escuela Graduada de Salud P\u00fablica es la sede de la Oficina Regional Latinoamericana de la Uni\u00f3n Internacional de Promoci\u00f3n de la Salud y Educaci\u00f3n para la Salud (UIPES). &nbsp; La UIPES es una organizaci\u00f3n mundial de salud, compuesta de profesionales e instituciones cuya fundaci\u00f3n ocurre en el 1951&hellip;<\/p>\n","protected":false},"author":1,"featured_media":0,"parent":93,"menu_order":0,"comment_status":"closed","ping_status":"closed","template":"template-microsite.php","meta":{"footnotes":""},"class_list":["post-134","page","type-page","status-publish","hentry","description-off"],"jetpack_sharing_enabled":true,"_links":{"self":[{"href":"https:\/\/rcm1.rcm.upr.edu\/sp\/wp-json\/wp\/v2\/pages\/134","targetHints":{"allow":["GET"]}}],"collection":[{"href":"https:\/\/rcm1.rcm.upr.edu\/sp\/wp-json\/wp\/v2\/pages"}],"about":[{"href":"https:\/\/rcm1.rcm.upr.edu\/sp\/wp-json\/wp\/v2\/types\/page"}],"author":[{"embeddable":true,"href":"https:\/\/rcm1.rcm.upr.edu\/sp\/wp-json\/wp\/v2\/users\/1"}],"replies":[{"embeddable":true,"href":"https:\/\/rcm1.rcm.upr.edu\/sp\/wp-json\/wp\/v2\/comments?post=134"}],"version-history":[{"count":0,"href":"https:\/\/rcm1.rcm.upr.edu\/sp\/wp-json\/wp\/v2\/pages\/134\/revisions"}],"up":[{"embeddable":true,"href":"https:\/\/rcm1.rcm.upr.edu\/sp\/wp-json\/wp\/v2\/pages\/93"}],"wp:attachment":[{"href":"https:\/\/rcm1.rcm.upr.edu\/sp\/wp-json\/wp\/v2\/media?parent=134"}],"curies":[{"name":"wp","href":"https:\/\/api.w.org\/{rel}","templated":true}]}}