{"id":136,"date":"2016-05-09T14:14:45","date_gmt":"2016-05-09T14:14:45","guid":{"rendered":"http:\/\/127.0.0.1\/rcm\/sp\/asuntos-estudiantiles\/organizaciones-estudiantiles\/"},"modified":"2016-05-09T14:14:45","modified_gmt":"2016-05-09T14:14:45","slug":"organizaciones-estudiantiles","status":"publish","type":"page","link":"https:\/\/rcm1.rcm.upr.edu\/sp\/asuntos-estudiantiles\/organizaciones-estudiantiles\/","title":{"rendered":"Organizaciones Estudiantiles"},"content":{"rendered":"<section class=\"wpb-content-wrapper\"><p>[vc_row][vc_column][vc_column_text]<\/p>\n<p>Los estudiantes de la Escuela Graduada de Salud P\u00fablica adquieren otras experiencias al ser miembros de organizaciones estudiantiles.<\/p>\n<br \/>\n<ul class=\"wp-block-list\">\n<li>Alianza Diversidades Queer<\/li>\n<li>Asociaci\u00f3n de Estudiantes de Demograf\u00eda<\/li>\n<li>Asociaci\u00f3n de Estudiantes de Educaci\u00f3n en Salud P\u00fablica<\/li>\n<li>Asociaci\u00f3n de Estudiantes de Epidemiolog\u00eda y Bioestad\u00edstica (AEEB)<\/li>\n<li>Asociaci\u00f3n de Estudiantes de Gerontolog\u00eda<\/li>\n<li>Asociaci\u00f3n de Estudiantes de Higiene Industrial<\/li>\n<li>Asociaci\u00f3n de Estudiantes de Nutrici\u00f3n<\/li>\n<li>Asociaci\u00f3n de Estudiantes de Salud Ambiental<\/li>\n<li>Asociaci\u00f3n de Estudiantes de Salud P\u00fablica General<\/li>\n<\/ul>\n<br \/>\n<p>&nbsp;<\/p>\n<h4 class=\"wp-block-heading\">Consejo de Estudiantes de la Escuela Graduada de\u00a0Salud P\u00fablica<\/h4>\n\n<p>Consejo de Estudiantes Salud P\u00fablica Informa en\u00a0<a title=\"Consejo de Estudiantes EGSP en Facebook\" href=\"https:\/\/www.facebook.com\/ConsejoEGSP\" target=\"_blank\" rel=\"noopener noreferrer\">Facebook<\/a><\/p>\n\n<p>&nbsp;<\/p>\n<p>[\/vc_column_text][\/vc_column][\/vc_row]<\/p>\n<\/section>","protected":false},"excerpt":{"rendered":"<p>[vc_row][vc_column][vc_column_text] Los estudiantes de la Escuela Graduada de Salud P\u00fablica adquieren otras experiencias al ser miembros de organizaciones estudiantiles. Alianza Diversidades Queer Asociaci\u00f3n de Estudiantes de Demograf\u00eda Asociaci\u00f3n de Estudiantes de Educaci\u00f3n en Salud P\u00fablica Asociaci\u00f3n de Estudiantes de Epidemiolog\u00eda y Bioestad\u00edstica (AEEB) Asociaci\u00f3n de Estudiantes de Gerontolog\u00eda Asociaci\u00f3n de Estudiantes de Higiene Industrial Asociaci\u00f3n&hellip;<\/p>\n","protected":false},"author":1,"featured_media":0,"parent":852,"menu_order":0,"comment_status":"closed","ping_status":"closed","template":"template-microsite.php","meta":{"footnotes":""},"class_list":["post-136","page","type-page","status-publish","hentry","description-off"],"jetpack_sharing_enabled":true,"_links":{"self":[{"href":"https:\/\/rcm1.rcm.upr.edu\/sp\/wp-json\/wp\/v2\/pages\/136","targetHints":{"allow":["GET"]}}],"collection":[{"href":"https:\/\/rcm1.rcm.upr.edu\/sp\/wp-json\/wp\/v2\/pages"}],"about":[{"href":"https:\/\/rcm1.rcm.upr.edu\/sp\/wp-json\/wp\/v2\/types\/page"}],"author":[{"embeddable":true,"href":"https:\/\/rcm1.rcm.upr.edu\/sp\/wp-json\/wp\/v2\/users\/1"}],"replies":[{"embeddable":true,"href":"https:\/\/rcm1.rcm.upr.edu\/sp\/wp-json\/wp\/v2\/comments?post=136"}],"version-history":[{"count":0,"href":"https:\/\/rcm1.rcm.upr.edu\/sp\/wp-json\/wp\/v2\/pages\/136\/revisions"}],"up":[{"embeddable":true,"href":"https:\/\/rcm1.rcm.upr.edu\/sp\/wp-json\/wp\/v2\/pages\/852"}],"wp:attachment":[{"href":"https:\/\/rcm1.rcm.upr.edu\/sp\/wp-json\/wp\/v2\/media?parent=136"}],"curies":[{"name":"wp","href":"https:\/\/api.w.org\/{rel}","templated":true}]}}