{"id":140,"date":"2016-05-09T14:14:45","date_gmt":"2016-05-09T14:14:45","guid":{"rendered":"http:\/\/127.0.0.1\/rcm\/sp\/asuntos-estudiantiles\/admisiones\/proceso-de-solicitud-a-la-escuela\/"},"modified":"2026-04-06T11:25:04","modified_gmt":"2026-04-06T11:25:04","slug":"proceso-de-solicitud-a-la-escuela","status":"publish","type":"page","link":"https:\/\/rcm1.rcm.upr.edu\/sp\/proceso-de-solicitud-a-la-escuela\/","title":{"rendered":"Proceso de solicitud a la Escuela"},"content":{"rendered":"<section class=\"wpb-content-wrapper\"><p>[vc_row][vc_column][vc_column_text]<\/p>\n<h2 style=\"text-align: center;\">La solicitud de admisi\u00f3n para el a\u00f1o 2026-2027 estar\u00e1 disponible del 1 de septiembre de 2025 al 31 de marzo de 2026.<\/h2>\n<p>&nbsp;<\/p>\n<p>&nbsp;<\/p>\n<p>El proceso para solicitar admisi\u00f3n es uno electr\u00f3nico. Para solicitar pulse el siguiente enlace para acceder a la solicitud electr\u00f3nica del Recinto de Ciencias M\u00e9dicas: <a href=\"https:\/\/solicitud.upr.edu\/\" target=\"_blank\" rel=\"noopener noreferrer\">Solicitud Admisi\u00f3n al RCM<\/a>. Le\u00a0exhortamos a radicar la solicitud de admisi\u00f3n lo m\u00e1s temprano posible.<\/p>\n<p>&nbsp;<\/p>\n<p>&nbsp;<\/p>\n<p>Las personas interesadas en solicitar admisi\u00f3n a cualquiera de los programas de nuestra Escuela deben seguir el siguiente procedimiento:<\/p>\n<p>&nbsp;<\/p>\n<ol>\n<li>Radicar una solicitud al Recinto de Ciencias M\u00e9dicas. \u00a0Para esto tiene que acceder al siguiente enlace:\u00a0<a title=\"Solicitud Uniforme de Admisi\u00f3n RCM\" href=\"https:\/\/solicitud.upr.edu\/\" target=\"_blank\" rel=\"noopener noreferrer\">Solicitud Admisi\u00f3n al RCM<\/a>.<\/li>\n<li>El proceso de solicitar admisi\u00f3n se completa en l\u00ednea, tanto la radicaci\u00f3n as\u00ed como el pago del mismo.<\/li>\n<li>Hasta tanto no se complete su solicitud en la Oficina de Admisiones, no pasar\u00e1 a la fase de entrevista. <strong>Todo documento de admisi\u00f3n para ser oficial debe ser\u00a0entregado a la Oficina Central de Admisiones.<\/strong><\/li>\n<li>Las transcripciones de cr\u00e9dito deben ser de todas las instituciones universitarias donde haya cursado estudios. Igualmente, los estudiantes provenientes del sistema UPR deben enviar transcripciones de todas las unidades de la UPR donde hayan estudiado.<\/li>\n<li>Los\/as candidatos\/as que hayan estudiado en universidades del extranjero (fuera de los Estados Unidos) deber\u00e1n someter el expediente acad\u00e9mico a trav\u00e9s de <a title=\"World Education Services\" href=\"https:\/\/www.wes.org\/\" target=\"_blank\" rel=\"noopener noreferrer\">World Education Services<\/a> (<a title=\"World Education Services\" href=\"https:\/\/www.wes.org\/\" target=\"_blank\" rel=\"noopener noreferrer\">www.wes.org<\/a>) para su conversi\u00f3n al sistema que se utiliza en la Universidad de Puerto Rico.<\/li>\n<li>Dos cartas de recomendaci\u00f3n que evidencien la ejecutoria acad\u00e9mica y profesional del candidato (su experiencia de trabajo y\/o participaci\u00f3n en proyectos de investigaci\u00f3n y\/o servicio).<\/li>\n<li>Resume o CV que ayude a evidenciar y evaluar la experiencia de trabajo en conjunto con las cartas de recomendaci\u00f3n.<\/li>\n<li>Ensayo en el formato establecido por cada programa acad\u00e9mico. Una vez se complete la solicitud, el programa acad\u00e9mico contactar\u00e1 a los solicitantes para las gu\u00edas a seguir para completar el ensayo.<\/li>\n<li>Realizar una entrevista- El programa se comunicar\u00e1 con los solicitantes para coordinar la cita de la misma.<\/li>\n<\/ol>\n<p>&nbsp;<\/p>\n<h3>Proceso de admisi\u00f3n<\/h3>\n<p>&nbsp;<\/p>\n<p>En la Escuela Graduada de Salud P\u00fablica el proceso de admisi\u00f3n se realiza sobre bases competitivas. Se utiliza una f\u00f3rmula de admisi\u00f3n para evaluar a cada uno de los(as) solicitantes. Los programas tienen un cupo definido de personas que admiten cada a\u00f1o. Dicha admisi\u00f3n se otorga de acuerdo al cupo definido por el programa y el resultado obtenido al aplicar la f\u00f3rmula, partiendo de la puntuaci\u00f3n m\u00e1s alta hasta puntuaci\u00f3n m\u00ednima establecida por el programa. La puntuaci\u00f3n m\u00ednima establecida es aquella que contiene los elementos de admisi\u00f3n que predicen el desarrollo exitoso del (la) estudiantes en el programa de inter\u00e9s.<\/p>\n<p>&nbsp;<\/p>\n<h3><strong>Para m\u00e1s informaci\u00f3n sobre los programas:<\/strong><\/h3>\n<p>&nbsp;<\/p>\n<p><strong>Dra. Yiselly M. V\u00e1zquez Guzm\u00e1n<\/strong><\/p>\n<p><em>Decana Auxiliar para Asuntos Estudiantiles<br \/>\n<\/em>Oficina de Asuntos Estudiantiles<br \/>\nEscuela Graduada de Salud P\u00fablica<br \/>\n787-756-5244<br \/>\n787-758-2525, ext. 1412, 1413<em><br \/>\n<\/em><\/p>\n<p>Correo electr\u00f3nico: <a href=\"mailto:yiselly.vazquez@upr.edu\" target=\"_blank\" rel=\"noopener\">yiselly.vazquez@upr.edu<\/a>[\/vc_column_text][\/vc_column][\/vc_row]<\/p>\n<\/section>","protected":false},"excerpt":{"rendered":"<p>[vc_row][vc_column][vc_column_text] La solicitud de admisi\u00f3n para el a\u00f1o 2026-2027 estar\u00e1 disponible del 1 de septiembre de 2025 al 31 de marzo de 2026. &nbsp; &nbsp; El proceso para solicitar admisi\u00f3n es uno electr\u00f3nico. Para solicitar pulse el siguiente enlace para acceder a la solicitud electr\u00f3nica del Recinto de Ciencias M\u00e9dicas: Solicitud Admisi\u00f3n al RCM. Le\u00a0exhortamos&hellip;<\/p>\n","protected":false},"author":1,"featured_media":0,"parent":0,"menu_order":0,"comment_status":"closed","ping_status":"closed","template":"template-microsite.php","meta":{"footnotes":""},"class_list":["post-140","page","type-page","status-publish","hentry","description-off"],"jetpack_sharing_enabled":true,"_links":{"self":[{"href":"https:\/\/rcm1.rcm.upr.edu\/sp\/wp-json\/wp\/v2\/pages\/140","targetHints":{"allow":["GET"]}}],"collection":[{"href":"https:\/\/rcm1.rcm.upr.edu\/sp\/wp-json\/wp\/v2\/pages"}],"about":[{"href":"https:\/\/rcm1.rcm.upr.edu\/sp\/wp-json\/wp\/v2\/types\/page"}],"author":[{"embeddable":true,"href":"https:\/\/rcm1.rcm.upr.edu\/sp\/wp-json\/wp\/v2\/users\/1"}],"replies":[{"embeddable":true,"href":"https:\/\/rcm1.rcm.upr.edu\/sp\/wp-json\/wp\/v2\/comments?post=140"}],"version-history":[{"count":9,"href":"https:\/\/rcm1.rcm.upr.edu\/sp\/wp-json\/wp\/v2\/pages\/140\/revisions"}],"predecessor-version":[{"id":5822,"href":"https:\/\/rcm1.rcm.upr.edu\/sp\/wp-json\/wp\/v2\/pages\/140\/revisions\/5822"}],"wp:attachment":[{"href":"https:\/\/rcm1.rcm.upr.edu\/sp\/wp-json\/wp\/v2\/media?parent=140"}],"curies":[{"name":"wp","href":"https:\/\/api.w.org\/{rel}","templated":true}]}}