{"id":1429,"date":"2018-04-02T10:41:44","date_gmt":"2018-04-02T14:41:44","guid":{"rendered":"http:\/\/127.0.0.1\/rcm\/sp\/asuntos-academicos\/departamentos-academicos\/departamento-de-ciencias-sociales\/programa-de-educacion-en-salud\/egresados-as\/"},"modified":"2018-04-02T10:41:44","modified_gmt":"2018-04-02T14:41:44","slug":"egresados-as","status":"publish","type":"page","link":"https:\/\/rcm1.rcm.upr.edu\/sp\/egresados-as\/","title":{"rendered":"EDSA \u2022 Egresados(as)"},"content":{"rendered":"<section class=\"wpb-content-wrapper\"><p>[vc_row][vc_column][vc_column_text]Los(as) egresados(as) de este programa est\u00e1n capacitados(as) para asumir liderazgo en la planificaci\u00f3n, administraci\u00f3n, direcci\u00f3n, supervisi\u00f3n y evaluaci\u00f3n de programas de educaci\u00f3n en salud y promoci\u00f3n de la salud en diferentes niveles. Adem\u00e1s, dise\u00f1ar y desarrollar proyectos de investigaci\u00f3n cient\u00edfica en su campo profesional. Estar\u00e1n preparados para planificar y desarrollar adiestramientos de personal en \u00e1rea de competencia, as\u00ed como tambi\u00e9n asumir responsabilidades docentes en el \u00e1rea de la educaci\u00f3n en salud.<\/p>\n<p>&nbsp;<\/p>\n<h4>Oportunidades de empleo<\/h4>\n<ul>\n<li>Aseguradoras<\/li>\n<li>Departamento de Salud<\/li>\n<li>Hospitales<\/li>\n<li>Centros de Salud Primaria<\/li>\n<li>Facultado universitaria<\/li>\n<li>Organizaciones sin fines de lucro<\/li>\n<li>Centros de Investigaci\u00f3n<\/li>\n<li>Programas y proyectos de promoci\u00f3n de salud<\/li>\n<\/ul>\n<p>[\/vc_column_text][\/vc_column][\/vc_row]<\/p>\n<\/section>","protected":false},"excerpt":{"rendered":"<p>[vc_row][vc_column][vc_column_text]Los(as) egresados(as) de este programa est\u00e1n capacitados(as) para asumir liderazgo en la planificaci\u00f3n, administraci\u00f3n, direcci\u00f3n, supervisi\u00f3n y evaluaci\u00f3n de programas de educaci\u00f3n en salud y promoci\u00f3n de la salud en diferentes niveles. Adem\u00e1s, dise\u00f1ar y desarrollar proyectos de investigaci\u00f3n cient\u00edfica en su campo profesional. Estar\u00e1n preparados para planificar y desarrollar adiestramientos de personal en \u00e1rea&hellip;<\/p>\n","protected":false},"author":1,"featured_media":0,"parent":0,"menu_order":0,"comment_status":"closed","ping_status":"closed","template":"template-microsite.php","meta":{"footnotes":""},"class_list":["post-1429","page","type-page","status-publish","hentry","description-off"],"jetpack_sharing_enabled":true,"_links":{"self":[{"href":"https:\/\/rcm1.rcm.upr.edu\/sp\/wp-json\/wp\/v2\/pages\/1429","targetHints":{"allow":["GET"]}}],"collection":[{"href":"https:\/\/rcm1.rcm.upr.edu\/sp\/wp-json\/wp\/v2\/pages"}],"about":[{"href":"https:\/\/rcm1.rcm.upr.edu\/sp\/wp-json\/wp\/v2\/types\/page"}],"author":[{"embeddable":true,"href":"https:\/\/rcm1.rcm.upr.edu\/sp\/wp-json\/wp\/v2\/users\/1"}],"replies":[{"embeddable":true,"href":"https:\/\/rcm1.rcm.upr.edu\/sp\/wp-json\/wp\/v2\/comments?post=1429"}],"version-history":[{"count":0,"href":"https:\/\/rcm1.rcm.upr.edu\/sp\/wp-json\/wp\/v2\/pages\/1429\/revisions"}],"wp:attachment":[{"href":"https:\/\/rcm1.rcm.upr.edu\/sp\/wp-json\/wp\/v2\/media?parent=1429"}],"curies":[{"name":"wp","href":"https:\/\/api.w.org\/{rel}","templated":true}]}}