{"id":144,"date":"2016-05-09T14:14:45","date_gmt":"2016-05-09T14:14:45","guid":{"rendered":"http:\/\/127.0.0.1\/rcm\/sp\/asuntos-academicos\/programas-academicos\/"},"modified":"2016-05-09T14:14:45","modified_gmt":"2016-05-09T14:14:45","slug":"programas-academicos","status":"publish","type":"page","link":"https:\/\/rcm1.rcm.upr.edu\/sp\/programas-academicos\/","title":{"rendered":"Programas Acad\u00e9micos"},"content":{"rendered":"<section class=\"wpb-content-wrapper\"><p>[vc_row][vc_column][vc_column_text]En la Escuela Graduada de Salud P\u00fablica se ofrecen programas acad\u00e9micos a nivel de Maestr\u00eda y Doctorado. Adem\u00e1s, se ofrecen tres certificados a nivel graduado.[\/vc_column_text][vc_empty_space][vc_tta_tour][vc_tta_section title=&#8221;Departamento de Administraci\u00f3n de Servicios de Salud&#8221; tab_id=&#8221;1661439194900-8f2876ab-65a2&#8243;][vc_column_text]<\/p>\n<ul>\n<li><a href=\"https:\/\/sp.rcm.upr.edu\/programas-academicos\/maestria-en-administracion-de-servicios-de-salud-mhsa\/\">Maestr\u00eda en Administraci\u00f3n de Servicios de Salud<\/a>\u00a0(MHSA)<\/li>\n<li><a href=\"https:\/\/sp.rcm.upr.edu\/programas-academicos\/maestria-en-ciencias-con-especialidad-en-investigacion-evaluativa-de-sistemas-de-salud-ms\/\">Maestr\u00eda en Ciencias con Especialidad en Investigaci\u00f3n Evaluativa de Sistemas de Salud<\/a> (MS) &#8211; <strong><span style=\"color: #ff0000\">EL PROGRAMA SE ENCUENTRA EN MORATORIA<\/span><\/strong><\/li>\n<li><a title=\"Maestr\u00eda en Salud P\u00fablica General (diurno, vespertino) (MPH)\" href=\"https:\/\/sp.rcm.upr.edu\/programas-academicos\/maestria-en-salud-publica-general-diurno-vespertino-mph\/\">Maestr\u00eda en Salud P\u00fablica Programa General (diurno, vespertino)<\/a>\u00a0(MPH)<\/li>\n<li><a title=\"Doctorado en Salud P\u00fablica con Especialidad en An\u00e1lisis de Sistemas de Salud y Gerencia (DrPH HSAM)\" href=\"https:\/\/sp.rcm.upr.edu\/programas-academicos\/doctorado-en-salud-publica-con-especialidad-en-analisis-de-sistemas-de-salud-y-gerencia-drph-hsam\/\">Doctorado en Salud P\u00fablica con Especialidad en An\u00e1lisis de Sistemas de Salud y Gerencia<\/a>\u00a0(DrPH)<\/li>\n<\/ul>\n<p>[\/vc_column_text][\/vc_tta_section][vc_tta_section title=&#8221;Departamento de Bioestad\u00edstica y Epidemiolog\u00eda&#8221; tab_id=&#8221;1661439210706-a66b2e95-4684&#8243;][vc_column_text]<\/p>\n<ul>\n<li><a href=\"https:\/\/sp.rcm.upr.edu\/programas-academicos\/maestria-en-ciencias-con-especialidad-en-epidemiologia\/\">Maestr\u00eda en Ciencias con Especialidad en Epidemiolog\u00eda<\/a>\u00a0(MS)<\/li>\n<li><a href=\"https:\/\/sp.rcm.upr.edu\/programas-academicos\/maestria-en-salud-publica-con-especialidad-en-bioestadistica\/\">Maestr\u00eda en Salud P\u00fablica con Especialidad en Bioestad\u00edstica<\/a>\u00a0(MPH)<\/li>\n<li><a href=\"https:\/\/sp.rcm.upr.edu\/programas-academicos\/maestria-en-salud-publica-con-especialidad-en-epidemiologia\/\">Maestr\u00eda en Salud P\u00fablica con Especialidad en Epidemiolog\u00eda<\/a>\u00a0(MPH)<\/li>\n<\/ul>\n<p>[\/vc_column_text][\/vc_tta_section][vc_tta_section title=&#8221;Departamento de Ciencias Sociales&#8221; tab_id=&#8221;1661439210128-d9ac8092-d938&#8243;][vc_column_text]<\/p>\n<ul>\n<li><a href=\"https:\/\/sp.rcm.upr.edu\/programas-academicos\/maestria-en-ciencias-en-demografia\/\">Maestr\u00eda en Ciencias en Demograf\u00eda<\/a>\u00a0(MS)<\/li>\n<li><a href=\"https:\/\/sp.rcm.upr.edu\/programas-academicos\/maestria-en-educacion-en-salud-publica-diurno-y-vespertino\/\">Maestr\u00eda en Educaci\u00f3n en Salud P\u00fablica (diurno y vespertino)<\/a>\u00a0(MPHE)<\/li>\n<li><a href=\"https:\/\/sp.rcm.upr.edu\/programas-academicos\/doctorado-en-salud-publica-drph-con-especialidad-en-determinantes-sociales-de-la-salud\/\">Doctorado en Salud P\u00fablica con Especialidad en Determinantes Sociales de la Salud<\/a>\u00a0(DrPH)<\/li>\n<\/ul>\n<p>[\/vc_column_text][\/vc_tta_section][vc_tta_section title=&#8221;Departamento de Desarrollo Humano&#8221; tab_id=&#8221;1661439209585-6b302030-4286&#8243;][vc_column_text]<\/p>\n<ul>\n<li><a href=\"https:\/\/sp.rcm.upr.edu\/programas-academicos\/certificado-graduado-en-deficiencias-en-el-desarrollo-intervencion-temprana-vespertino\/\">Certificado Graduado en Deficiencias en el Desarrollo-Intervenci\u00f3n Temprana (vespertino)<\/a><\/li>\n<li><a href=\"#\">Certificado Graduado en Gerontolog\u00eda (vespertino)<\/a><\/li>\n<li><a href=\"https:\/\/sp.rcm.upr.edu\/programas-academicos\/maestria-en-ciencias-de-la-salud-con-especialidad-en-nutricion\/\">Maestr\u00eda en Ciencias de la Salud con Especialidad en Nutrici\u00f3n<\/a>\u00a0(MSHN)<\/li>\n<li><a style=\"line-height: 1.3em\" href=\"https:\/\/sp.rcm.upr.edu\/programas-academicos\/maestria-en-salud-publica-con-especialidad-en-gerontologia-vespertino\/\">Maestr\u00eda en Salud P\u00fablica con Especialidad en Gerontolog\u00eda (vespertino)<\/a><span style=\"color: #333333;line-height: 1.3em\">\u00a0(MPH)<\/span><\/li>\n<\/ul>\n<p>[\/vc_column_text][\/vc_tta_section][vc_tta_section title=&#8221;Departamento de Salud Ambiental&#8221; tab_id=&#8221;1661439194914-e7d913d9-91bb&#8221;][vc_column_text]<\/p>\n<ul>\n<li><a href=\"https:\/\/sp.rcm.upr.edu\/programas-academicos\/maestria-en-ciencias-de-higiene-industrial\/\">Maestr\u00eda en Ciencias de Higiene Industrial<\/a>\u00a0(MS)<\/li>\n<li><a href=\"https:\/\/sp.rcm.upr.edu\/programas-academicos\/maestria-en-salud-publica-con-especialidad-en-salud-ambiental-diurno-y-vespertino\/\">Maestr\u00eda en Salud P\u00fablica con Especialidad en Salud Ambiental (diurno y vespertino)<\/a>\u00a0(MPH)<\/li>\n<li><a href=\"https:\/\/sp.rcm.upr.edu\/programas-academicos\/doctorado-en-salud-publica-drph-con-especialidad-en-salud-ambiental\/\">Doctorado en Salud P\u00fablica con Especialidad en Salud Ambiental<\/a>\u00a0(DrPH)<\/li>\n<\/ul>\n<p>[\/vc_column_text][\/vc_tta_section][\/vc_tta_tour][\/vc_column][\/vc_row]<\/p>\n<\/section>","protected":false},"excerpt":{"rendered":"<p>[vc_row][vc_column][vc_column_text]En la Escuela Graduada de Salud P\u00fablica se ofrecen programas acad\u00e9micos a nivel de Maestr\u00eda y Doctorado. Adem\u00e1s, se ofrecen tres certificados a nivel graduado.[\/vc_column_text][vc_empty_space][vc_tta_tour][vc_tta_section title=&#8221;Departamento de Administraci\u00f3n de Servicios de Salud&#8221; tab_id=&#8221;1661439194900-8f2876ab-65a2&#8243;][vc_column_text] Maestr\u00eda en Administraci\u00f3n de Servicios de Salud\u00a0(MHSA) Maestr\u00eda en Ciencias con Especialidad en Investigaci\u00f3n Evaluativa de Sistemas de Salud (MS) &#8211; EL&hellip;<\/p>\n","protected":false},"author":1,"featured_media":0,"parent":0,"menu_order":0,"comment_status":"closed","ping_status":"closed","template":"template-microsite.php","meta":{"footnotes":""},"class_list":["post-144","page","type-page","status-publish","hentry","description-off"],"jetpack_sharing_enabled":true,"_links":{"self":[{"href":"https:\/\/rcm1.rcm.upr.edu\/sp\/wp-json\/wp\/v2\/pages\/144","targetHints":{"allow":["GET"]}}],"collection":[{"href":"https:\/\/rcm1.rcm.upr.edu\/sp\/wp-json\/wp\/v2\/pages"}],"about":[{"href":"https:\/\/rcm1.rcm.upr.edu\/sp\/wp-json\/wp\/v2\/types\/page"}],"author":[{"embeddable":true,"href":"https:\/\/rcm1.rcm.upr.edu\/sp\/wp-json\/wp\/v2\/users\/1"}],"replies":[{"embeddable":true,"href":"https:\/\/rcm1.rcm.upr.edu\/sp\/wp-json\/wp\/v2\/comments?post=144"}],"version-history":[{"count":0,"href":"https:\/\/rcm1.rcm.upr.edu\/sp\/wp-json\/wp\/v2\/pages\/144\/revisions"}],"wp:attachment":[{"href":"https:\/\/rcm1.rcm.upr.edu\/sp\/wp-json\/wp\/v2\/media?parent=144"}],"curies":[{"name":"wp","href":"https:\/\/api.w.org\/{rel}","templated":true}]}}