{"id":150,"date":"2016-05-09T14:14:45","date_gmt":"2016-05-09T14:14:45","guid":{"rendered":"http:\/\/127.0.0.1\/rcm\/sp\/asuntos-estudiantiles\/admisiones\/requisitos-generales-de-admision\/"},"modified":"2016-05-09T14:14:45","modified_gmt":"2016-05-09T14:14:45","slug":"requisitos-generales-de-admision","status":"publish","type":"page","link":"https:\/\/rcm1.rcm.upr.edu\/sp\/asuntos-estudiantiles\/admisiones\/requisitos-generales-de-admision\/","title":{"rendered":"Requisitos Generales de Admisi\u00f3n"},"content":{"rendered":"<section class=\"wpb-content-wrapper\"><p>[vc_row][vc_column][vc_column_text]Cada una de las especialidades tiene requisitos de admisi\u00f3n particulares tanto generales as\u00ed como espec\u00edficos. Los(as) candidatos deben cumplir con los mismos para ser considerados(as). De igual manera cada especialidad requiere completar documentos espec\u00edficos y que estos que acompa\u00f1en la solicitud de admisi\u00f3n. La informaci\u00f3n sobre los requisitos de admisi\u00f3n generales y espec\u00edficos aparece en la p\u00e1gina informativa de cada una de las especialidades.<\/p>\n<p>&nbsp;<\/p>\n<p>&nbsp;<\/p>\n<h4>Requisitos Generales de Admisi\u00f3n a las Tres Especialidades del Programa de Doctor en Salud P\u00fablica (DrPH)<\/h4>\n<p>&nbsp;<\/p>\n<p>Los candidatos deben cumplir con los siguientes requisitos generales de admisi\u00f3n:<\/p>\n<ol>\n<li><span style=\"line-height: 1.3em\">Poseer un grado de maestr\u00eda en las disciplinas ofrecidas en escuelas de salud p\u00fablica reconocidas por agencias de acreditaci\u00f3n a nivel nacional e internacional. Tambi\u00e9n se considerar\u00e1n candidatos(as) que posean grados de maestr\u00eda en otras disciplinas si han aprobado con A o B un curso graduado en cada una de las siguientes \u00e1reas: inferencia estad\u00edstica, epidemiolog\u00eda y un curso introductorio en salud p\u00fablica. Es altamente recomendable que los candidatos(as) a admisi\u00f3n tengan conocimientos y destrezas en literacia en computadoras y sus aplicaciones. Adem\u00e1s, deben cumplir con los requisitos espec\u00edficos para la especialidad doctoral.<br \/>\n<em><strong><font color=\"red\">NOTA:<\/font><\/strong><strong> En la EGSP, para tomar el curso de inferencia estad\u00edstica se requiere haber tomado un curso de bioestad\u00edstica y estad\u00edstica b\u00e1sica a nivel graduado.<\/strong><\/em><br \/>\n<\/span><\/li>\n<li><span style=\"line-height: 1.3em\">Es altamente recomendable que los(as) candidatos(as) a admisi\u00f3n tengan destrezas de redacci\u00f3n en el idioma espa\u00f1ol y comprensi\u00f3n adecuada en el idioma ingl\u00e9s.<\/span><\/li>\n<li><span style=\"line-height: 1.3em\">Tener un promedio m\u00ednimo de 3.00 (de una escala m\u00e1xima 4.00), o su equivalente en el grado de maestr\u00eda. Los solicitantes deben obtener un \u00edndice compuesto de 75% o m\u00e1s, de acuerdo a la f\u00f3rmula de admisi\u00f3n para los programas doctorales de la Escuela Graduada de Salud P\u00fablica, Universidad de Puerto Rico. &nbsp;&nbsp;<\/span><\/li>\n<li><span style=\"line-height: 1.3em\">Poseer experiencia en docencia, investigaci\u00f3n o &nbsp;servicio en el campo de la salud p\u00fablica.<\/span><\/li>\n<li><span style=\"line-height: 1.3em\">Es requisito de admisi\u00f3n de todas las especialidades del Doctorado en Salud P\u00fablica haber aprobado un curso de nivel graduado en inferencia estad\u00edstica. <\/span><\/li>\n<li>El programa doctoral no eximir\u00e1 a estudiante alguno de tomar cursos medulares o de especialidad que sean parte del grado. Esto aplica todas las especialidades del Programa Doctoral.<\/li>\n<li>Realizar una entrevista con el Comit\u00e9 de Admisiones del Programa Doctoral.<\/li>\n<\/ol>\n<h4>&nbsp;<\/h4>\n<p>&nbsp;<\/p>\n<h4>Requisitos Generales de Admisi\u00f3n para Maestr\u00edas y Certificados<\/h4>\n<p>&nbsp;<\/p>\n<p><strong>Todo solicitante debe cumplir con los siguientes requisitos generales de admisi\u00f3n:<\/strong><\/p>\n<ol>\n<li>Poseer un grado de bachillerato o su equivalente en otros pa\u00edses seg\u00fan determinado por el Registrador del Recinto de Ciencias M\u00e9dicas, de una universidad certificada como instituci\u00f3n de educaci\u00f3n superior con un promedio general recomendado de 2.85 o m\u00e1s (de una escala m\u00e1xima de 4.00).<\/li>\n<li>La Facultad de Ciencias Biosociales y Escuela Graduada de Salud P\u00fablica ha establecido un \u00edndice de admisi\u00f3n m\u00ednimo de 65% para los certificados y de 70% para las maestr\u00edas.<\/li>\n<li>Poseer dominio del idioma espa\u00f1ol. Se requiere, adem\u00e1s, habilidad para leer y comprender el idioma ingl\u00e9s.<\/li>\n<li>Realizar una entrevista.<\/li>\n<li>Someter dos cartas de recomendaci\u00f3n que evidencien la ejecutoria acad\u00e9mica y profesional del candidato (su experiencia de trabajo y\/o participaci\u00f3n en proyectos de investigaci\u00f3n y\/o servicio). (Ver tabla de los Oficiales de Admisiones para los respectivos programas)<\/li>\n<li>Resume o CV que ayude a evidenciar y evaluar la experiencia de trabajo en conjunto con las cartas de recomendaci\u00f3n. (Ver tabla de los Oficiales de Admisiones para los respectivos programas).<\/li>\n<li>Cumplir con los requisitos espec\u00edficos del programa al cual solicita.<\/li>\n<\/ol>\n<h4>&nbsp;<\/h4>\n<p>&nbsp;<\/p>\n<h4>Procedimientos para solicitar admisi\u00f3n<\/h4>\n<p>El proceso de admisi\u00f3n a la Escuela se realiza sobre bases competitivas. Se utiliza una f\u00f3rmula de admisi\u00f3n para evaluar a cada uno de los(as) solicitantes. Los programas tienen un cupo definido de personas que admiten cada a\u00f1o. &nbsp;Dicha admisi\u00f3n se otorga de acuerdo al cupo definido por programa y el resultado obtenido al aplicar la f\u00f3rmula, partiendo de la puntuaci\u00f3n m\u00e1s alta hasta la puntuaci\u00f3n m\u00ednima establecida por el programa.<\/p>\n<p>&nbsp;<\/p>\n<p>La puntuaci\u00f3n m\u00ednima establecida es aquella que contiene los elementos de admisi\u00f3n que predicen el desarrollo exitoso del(la) estudiante en el programa de inter\u00e9s.<\/p>\n<p>&nbsp;<\/p>\n<p>Para mayor detalle de c\u00f3mo solicitar pulse <a title=\"Proceso de solicitud de la EGSP\" href=\"https:\/\/sp.rcm.upr.edu\/asuntos-estudiantiles\/admisiones\/proceso-de-solicitud-a-la-escuela\/\">aqu\u00ed<\/a>.[\/vc_column_text][\/vc_column][\/vc_row]<\/p>\n<\/section>","protected":false},"excerpt":{"rendered":"<p>[vc_row][vc_column][vc_column_text]Cada una de las especialidades tiene requisitos de admisi\u00f3n particulares tanto generales as\u00ed como espec\u00edficos. Los(as) candidatos deben cumplir con los mismos para ser considerados(as). De igual manera cada especialidad requiere completar documentos espec\u00edficos y que estos que acompa\u00f1en la solicitud de admisi\u00f3n. La informaci\u00f3n sobre los requisitos de admisi\u00f3n generales y espec\u00edficos aparece en&hellip;<\/p>\n","protected":false},"author":1,"featured_media":0,"parent":205,"menu_order":0,"comment_status":"closed","ping_status":"closed","template":"template-microsite.php","meta":{"footnotes":""},"class_list":["post-150","page","type-page","status-publish","hentry","description-off"],"jetpack_sharing_enabled":true,"_links":{"self":[{"href":"https:\/\/rcm1.rcm.upr.edu\/sp\/wp-json\/wp\/v2\/pages\/150","targetHints":{"allow":["GET"]}}],"collection":[{"href":"https:\/\/rcm1.rcm.upr.edu\/sp\/wp-json\/wp\/v2\/pages"}],"about":[{"href":"https:\/\/rcm1.rcm.upr.edu\/sp\/wp-json\/wp\/v2\/types\/page"}],"author":[{"embeddable":true,"href":"https:\/\/rcm1.rcm.upr.edu\/sp\/wp-json\/wp\/v2\/users\/1"}],"replies":[{"embeddable":true,"href":"https:\/\/rcm1.rcm.upr.edu\/sp\/wp-json\/wp\/v2\/comments?post=150"}],"version-history":[{"count":0,"href":"https:\/\/rcm1.rcm.upr.edu\/sp\/wp-json\/wp\/v2\/pages\/150\/revisions"}],"up":[{"embeddable":true,"href":"https:\/\/rcm1.rcm.upr.edu\/sp\/wp-json\/wp\/v2\/pages\/205"}],"wp:attachment":[{"href":"https:\/\/rcm1.rcm.upr.edu\/sp\/wp-json\/wp\/v2\/media?parent=150"}],"curies":[{"name":"wp","href":"https:\/\/api.w.org\/{rel}","templated":true}]}}