{"id":2004,"date":"2016-05-09T14:19:24","date_gmt":"2016-05-09T14:19:24","guid":{"rendered":"http:\/\/127.0.0.1\/rcm\/sp\/sobre-la-egsp\/acreditaciones-y-certificaciones\/"},"modified":"2016-05-09T14:19:24","modified_gmt":"2016-05-09T14:19:24","slug":"acreditaciones-y-certificaciones","status":"publish","type":"page","link":"https:\/\/rcm1.rcm.upr.edu\/sp\/acreditaciones-y-certificaciones\/","title":{"rendered":"Acreditaciones y Certificaciones"},"content":{"rendered":"<section class=\"wpb-content-wrapper\"><p>[vc_row][vc_column][vc_column_text]La Facultad de Ciencias Biosociales y Escuela Graduada de Salud P\u00fablica, Recinto de Ciencias M\u00e9dicas de la Universidad de Puerto Rico, est\u00e1 debidamente reconocida por las siguientes entidades de acreditaci\u00f3n y certificaci\u00f3n como Instituci\u00f3n de Educaci\u00f3n Superior de Excelencia.<\/p>\n<ul>\n<li>Consejo de Educaci\u00f3n Superior (CES) del Estado Libre Asociado de Puerto Rico<\/li>\n<li>Concilio de Educaci\u00f3n en Salud P\u00fablica (CEPH)<\/li>\n<\/ul>\n<p>&nbsp;<\/p>\n<p>La Escuela Graduada de Salud P\u00fablica esta afiliada a:<\/p>\n<ul>\n<li>Asociaci\u00f3n de Escuelas de Salud P\u00fablica de Estados Unidos de Am\u00e9rica (ASPH)<\/li>\n<li>Asociaci\u00f3n Latinoamericana y del Caribe de Educaci\u00f3n en Salud P\u00fablica (ALAESP)<\/li>\n<li>Asociaci\u00f3n de Programas Universitarios de Administraci\u00f3n de Servicios de Salud (AUPHA)<\/li>\n<\/ul>\n<p>&nbsp;<\/p>\n<p>El Programa de Maestr\u00eda en Administraci\u00f3n de Servicios de Salud est\u00e1 a su vez acreditado y certificado por las siguientes entidades de Educaci\u00f3n Superior:<\/p>\n<ul>\n<li>Consejo de Educaci\u00f3n Superior (CES) del Estado Libre Asociado de Puerto Rico, 1966<\/li>\n<li>Comisi\u00f3n Acreditadota de Educaci\u00f3n en Gerencia de Cuidado de la Salud (CAHME), 1969<\/li>\n<li>Asociaci\u00f3n de Programas Universitarios de Administraci\u00f3n de Servicios de Salud (AUPHA)<\/li>\n<\/ul>\n<p>[\/vc_column_text][\/vc_column][\/vc_row]<\/p>\n<\/section>","protected":false},"excerpt":{"rendered":"<p>[vc_row][vc_column][vc_column_text]La Facultad de Ciencias Biosociales y Escuela Graduada de Salud P\u00fablica, Recinto de Ciencias M\u00e9dicas de la Universidad de Puerto Rico, est\u00e1 debidamente reconocida por las siguientes entidades de acreditaci\u00f3n y certificaci\u00f3n como Instituci\u00f3n de Educaci\u00f3n Superior de Excelencia. Consejo de Educaci\u00f3n Superior (CES) del Estado Libre Asociado de Puerto Rico Concilio de Educaci\u00f3n en&hellip;<\/p>\n","protected":false},"author":1,"featured_media":0,"parent":0,"menu_order":0,"comment_status":"closed","ping_status":"closed","template":"template-microsite.php","meta":{"footnotes":""},"class_list":["post-2004","page","type-page","status-publish","hentry","description-off"],"jetpack_sharing_enabled":true,"_links":{"self":[{"href":"https:\/\/rcm1.rcm.upr.edu\/sp\/wp-json\/wp\/v2\/pages\/2004","targetHints":{"allow":["GET"]}}],"collection":[{"href":"https:\/\/rcm1.rcm.upr.edu\/sp\/wp-json\/wp\/v2\/pages"}],"about":[{"href":"https:\/\/rcm1.rcm.upr.edu\/sp\/wp-json\/wp\/v2\/types\/page"}],"author":[{"embeddable":true,"href":"https:\/\/rcm1.rcm.upr.edu\/sp\/wp-json\/wp\/v2\/users\/1"}],"replies":[{"embeddable":true,"href":"https:\/\/rcm1.rcm.upr.edu\/sp\/wp-json\/wp\/v2\/comments?post=2004"}],"version-history":[{"count":0,"href":"https:\/\/rcm1.rcm.upr.edu\/sp\/wp-json\/wp\/v2\/pages\/2004\/revisions"}],"wp:attachment":[{"href":"https:\/\/rcm1.rcm.upr.edu\/sp\/wp-json\/wp\/v2\/media?parent=2004"}],"curies":[{"name":"wp","href":"https:\/\/api.w.org\/{rel}","templated":true}]}}