{"id":2006,"date":"2016-05-09T14:19:24","date_gmt":"2016-05-09T14:19:24","guid":{"rendered":"http:\/\/127.0.0.1\/rcm\/sp\/asuntos-estudiantiles\/asistencia-economica\/"},"modified":"2016-05-09T14:19:24","modified_gmt":"2016-05-09T14:19:24","slug":"asistencia-economica","status":"publish","type":"page","link":"https:\/\/rcm1.rcm.upr.edu\/sp\/asuntos-estudiantiles\/asistencia-economica\/","title":{"rendered":"Asistencia Econ\u00f3mica"},"content":{"rendered":"<section class=\"wpb-content-wrapper\"><p>[vc_row][vc_column][vc_column_text]<span style=\"line-height: 1.3em;\">El comenzar estudios y completar un grado superior requiere de cierta preparaci\u00f3n para poder tener \u00e9xito. \u00a0C\u00f3mo usted va a financiar sus estudios es parte de esa planificaci\u00f3n. \u00a0A continuaci\u00f3n informaci\u00f3n de ayudas econ\u00f3micas disponibles de las cuales usted podr\u00eda beneficiarse.\u00a0<\/span><\/p>\n<h4><\/h4>\n<h4><\/h4>\n<p>&nbsp;<\/p>\n<h4>A nivel del Recinto de Ciencias M\u00e9dicas<\/h4>\n<p>&nbsp;<\/p>\n<p>El Decanato de Estudiantes administra el <a title=\"Asistencia Econ\u00f3mica RCM\" href=\"https:\/\/de.rcm.upr.edu\/asistencia-economica\" target=\"_blank\" rel=\"noopener noreferrer\">programa de asistencia econ\u00f3mica<\/a> del Recinto de Ciencias M\u00e9dicas. Pueden participar de este todo \u00a0ciudadano americano y residentes de Puerto Rico. Este programa incluye: becas, pr\u00e9stamos bancarios, ayudas institucionales y ayuda mediante el programa de Estudio y Trabajo.<\/p>\n<p>&nbsp;<\/p>\n<p>El Programa de Ayudant\u00edas Graduadas propiamente no es una ayuda econ\u00f3mica; la base para cualificar es tener un promedio de 3.00 o m\u00e1s, entre otros requisitos. \u00a0Este programa es otra manera de sufragar los estudios mientras adquieres destrezas como asistente de c\u00e1tedra o de investigaci\u00f3n de alg\u00fan profesor.<\/p>\n<h4><\/h4>\n<h4><\/h4>\n<p>&nbsp;<\/p>\n<h4>A nivel de Escuela<\/h4>\n<p>&nbsp;<\/p>\n<p>El programa de Maestr\u00eda en Ciencias de Higiene Industrial cuenta con ayuda econ\u00f3mica a trav\u00e9s del Public Health Traineeship Grant del National Institute of Occupational Safety and Health (NIOSH). \u00a0 Mediante esos fondos se ofrece ayuda econ\u00f3mica exclusivamente a estudiantes de ese programa.<\/p>\n<h4><\/h4>\n<h4><\/h4>\n<p>&nbsp;<\/p>\n<h4>Estudiantes Internacionales<\/h4>\n<p>&nbsp;<\/p>\n<p>Los(as) estudiantes internacionales pueden solicitar asistencia econ\u00f3mica a sus respectivos gobiernos o directamente a organismos internacionales tales como: Organizaci\u00f3n de Estados Americanos (O.E.A.), Agencias para el Desarrollo Internacional (A.I.D.), y Organizaci\u00f3n Panamericana de la Salud (O.P.S.).<\/p>\n<h4><\/h4>\n<h4><\/h4>\n<p>&nbsp;<\/p>\n<h4>Planifique<\/h4>\n<p>&nbsp;<\/p>\n<p><span style=\"line-height: 1.3em;\">Favor de comunicarse con la Oficina de Asistencia Econ\u00f3mica o <a href=\"https:\/\/de.rcm.upr.edu\/asistencia-economica\" target=\"_blank\" rel=\"noopener noreferrer\">visitar su p\u00e1gina<\/a> para mayor informaci\u00f3n.<\/span><\/p>\n<p>&nbsp;<\/p>\n<p>Sobre las ayudas econ\u00f3micas para las cuales usted pudiera beneficiarse presione <a title=\"Asistencia Econ\u00f3mica RCM\" href=\"https:\/\/de.rcm.upr.edu\/asistencia-economica\" target=\"_blank\" rel=\"noopener noreferrer\">aqu\u00ed<\/a>.[\/vc_column_text][\/vc_column][\/vc_row]<\/p>\n<\/section>","protected":false},"excerpt":{"rendered":"<p>[vc_row][vc_column][vc_column_text]El comenzar estudios y completar un grado superior requiere de cierta preparaci\u00f3n para poder tener \u00e9xito. \u00a0C\u00f3mo usted va a financiar sus estudios es parte de esa planificaci\u00f3n. \u00a0A continuaci\u00f3n informaci\u00f3n de ayudas econ\u00f3micas disponibles de las cuales usted podr\u00eda beneficiarse.\u00a0 &nbsp; A nivel del Recinto de Ciencias M\u00e9dicas &nbsp; El Decanato de Estudiantes administra&hellip;<\/p>\n","protected":false},"author":1,"featured_media":0,"parent":852,"menu_order":0,"comment_status":"closed","ping_status":"closed","template":"template-microsite.php","meta":{"footnotes":""},"class_list":["post-2006","page","type-page","status-publish","hentry","description-off"],"jetpack_sharing_enabled":true,"_links":{"self":[{"href":"https:\/\/rcm1.rcm.upr.edu\/sp\/wp-json\/wp\/v2\/pages\/2006","targetHints":{"allow":["GET"]}}],"collection":[{"href":"https:\/\/rcm1.rcm.upr.edu\/sp\/wp-json\/wp\/v2\/pages"}],"about":[{"href":"https:\/\/rcm1.rcm.upr.edu\/sp\/wp-json\/wp\/v2\/types\/page"}],"author":[{"embeddable":true,"href":"https:\/\/rcm1.rcm.upr.edu\/sp\/wp-json\/wp\/v2\/users\/1"}],"replies":[{"embeddable":true,"href":"https:\/\/rcm1.rcm.upr.edu\/sp\/wp-json\/wp\/v2\/comments?post=2006"}],"version-history":[{"count":0,"href":"https:\/\/rcm1.rcm.upr.edu\/sp\/wp-json\/wp\/v2\/pages\/2006\/revisions"}],"up":[{"embeddable":true,"href":"https:\/\/rcm1.rcm.upr.edu\/sp\/wp-json\/wp\/v2\/pages\/852"}],"wp:attachment":[{"href":"https:\/\/rcm1.rcm.upr.edu\/sp\/wp-json\/wp\/v2\/media?parent=2006"}],"curies":[{"name":"wp","href":"https:\/\/api.w.org\/{rel}","templated":true}]}}