{"id":2008,"date":"2016-05-09T14:18:56","date_gmt":"2016-05-09T14:18:56","guid":{"rendered":"http:\/\/127.0.0.1\/rcm\/sp\/servicio\/centro-ambiental-pediatrico\/"},"modified":"2016-05-09T14:18:56","modified_gmt":"2016-05-09T14:18:56","slug":"centro-ambiental-pediatrico","status":"publish","type":"page","link":"https:\/\/rcm1.rcm.upr.edu\/sp\/centro-ambiental-pediatrico\/","title":{"rendered":"Centro Ambiental Pedi\u00e1trico"},"content":{"rendered":"<section class=\"wpb-content-wrapper\"><p>[vc_row][vc_column][vc_column_text]<\/p>\n<h3>Misi\u00f3n<\/h3>\n<p>&nbsp;<\/p>\n<p>Nuestra misi\u00f3n es promover, proteger y preservar la salud de nuestros ni\u00f1os y adolescentes mediante la educaci\u00f3n en pediatr\u00eda ambiental, investigaci\u00f3n y servicios de consultor\u00eda m\u00e9dica.<\/p>\n<p>&nbsp;<\/p>\n<p>&nbsp;<\/p>\n<h3>Visi\u00f3n<\/h3>\n<p>&nbsp;<\/p>\n<p>Todos los ni\u00f1os creciendo y desarroll\u00e1ndose en un ambiente saludable y seguro.<\/p>\n<p>&nbsp;<\/p>\n<p>&nbsp;<\/p>\n<h3>Valores<\/h3>\n<p>&nbsp;<\/p>\n<ul>\n<li>Honestidad<\/li>\n<li>Servicio<\/li>\n<li>Calidad<\/li>\n<li>Responsabilidad<\/li>\n<li>Compromiso<\/li>\n<li>Equidad<\/li>\n<\/ul>\n<h3><\/h3>\n<p>&nbsp;<\/p>\n<h3>Sobre el CAP<\/h3>\n<p>&nbsp;<\/p>\n<p>El Centro Ambiental Pedi\u00e1trico de Puerto Rico y el Caribe (CAP) qued\u00f3 constituido el 25 de octubre de 2012 con el prop\u00f3sito de promover, proteger y preservar la salud de nuestros ni\u00f1os y adolescentes mediante la educaci\u00f3n en pediatr\u00eda ambiental, la investigaci\u00f3n y servicios de consultor\u00eda m\u00e9dica. El Centro se estableci\u00f3 gracias al donativo de la Agencia para la Protecci\u00f3n Ambiental (EPA, por sus siglas en ingl\u00e9s) y la colaboraci\u00f3n de la Unidad Especializada en Salud Ambiental Pedi\u00e1trica (PEHSU, por sus siglas en ingl\u00e9s) de la escuela de Medicina Mount Sina\u00ed en Nueva York, Estados Unidos.<\/p>\n<p>&nbsp;<\/p>\n<p>En Puerto Rico tenemos una gran carga de enfermedades con ra\u00edces ambientales que afectan nuestros ni\u00f1os. Tenemos altas tasas de condiciones en ni\u00f1os tales como asma, autismo, alergias, trastorno del d\u00e9ficit de atenci\u00f3n e hiperactividad, obesidad y enfermedades cardiovasculares. \u00a0Las familias en Puerto Rico, en las Am\u00e9ricas y los Estados Unidos, as\u00ed como en el resto del Mundo, est\u00e1n rodeadas de una cantidad sin precedentes de qu\u00edmicos sint\u00e9ticos. La mayor\u00eda de estos qu\u00edmicos nunca han sido evaluados toxicol\u00f3gicamente. \u00a0Por otro lado, existen datos cient\u00edficos que indican la asociaci\u00f3n entre exposiciones ambientales y enfermedades agudas y cr\u00f3nicas de los ni\u00f1os y en algunos casos son elementos causales de defectos cong\u00e9nitos y deficiencias del desarrollo cuando las exposiciones ocurren durante el embarazo. Es por ello que resulta de vital importancia la educaci\u00f3n en temas de salud ambiental pedi\u00e1trica desde la escuela elemental hasta los profesionales de la salud, incluyendo los ciudadanos y gobernantes.<\/p>\n<p>&nbsp;<\/p>\n<p>El grupo del CAP est\u00e1 compuesto por el Decano de la Facultad de Ciencias Bio-sociales y la Escuela Graduada de Salud P\u00fablica, el Dr. Jos\u00e9 F. Cordero; el Director del Departamento de Salud Ambiental, el Dr. Jos\u00e9 Seguinot Barbosa y cuatro \u201cFellows\u201d. Las cuatro \u201cFellows\u201d son la Profesora y Veterinaria Brenda Rivera, la Pediatra Gredia Alvarado, las estudiantes del Programa Doctoral en Salud Ambiental Sandra Carpio y Glory Ann Rivera y la estudiante del Programa de Maestr\u00eda en Salud Ambiental, Irmari Padr\u00f3.<\/p>\n<p>&nbsp;<\/p>\n<p>El CAP particip\u00f3 de la IV Conferencia de Salud P\u00fablica llevada a cabo en marzo de 2013 en San Juan, Puerto Rico y en el Entrenamiento Ambiental Pedi\u00e1trico llevado a cabo en el Instituto Nacional de Salud P\u00fablica de Cuernavaca, M\u00e9xico, durante el verano de 2013.[\/vc_column_text][\/vc_column][\/vc_row]<\/p>\n<\/section>","protected":false},"excerpt":{"rendered":"<p>[vc_row][vc_column][vc_column_text] Misi\u00f3n &nbsp; Nuestra misi\u00f3n es promover, proteger y preservar la salud de nuestros ni\u00f1os y adolescentes mediante la educaci\u00f3n en pediatr\u00eda ambiental, investigaci\u00f3n y servicios de consultor\u00eda m\u00e9dica. &nbsp; &nbsp; Visi\u00f3n &nbsp; Todos los ni\u00f1os creciendo y desarroll\u00e1ndose en un ambiente saludable y seguro. &nbsp; &nbsp; Valores &nbsp; Honestidad Servicio Calidad Responsabilidad Compromiso Equidad&hellip;<\/p>\n","protected":false},"author":1,"featured_media":0,"parent":0,"menu_order":0,"comment_status":"closed","ping_status":"closed","template":"template-microsite.php","meta":{"footnotes":""},"class_list":["post-2008","page","type-page","status-publish","hentry","description-off"],"jetpack_sharing_enabled":true,"_links":{"self":[{"href":"https:\/\/rcm1.rcm.upr.edu\/sp\/wp-json\/wp\/v2\/pages\/2008","targetHints":{"allow":["GET"]}}],"collection":[{"href":"https:\/\/rcm1.rcm.upr.edu\/sp\/wp-json\/wp\/v2\/pages"}],"about":[{"href":"https:\/\/rcm1.rcm.upr.edu\/sp\/wp-json\/wp\/v2\/types\/page"}],"author":[{"embeddable":true,"href":"https:\/\/rcm1.rcm.upr.edu\/sp\/wp-json\/wp\/v2\/users\/1"}],"replies":[{"embeddable":true,"href":"https:\/\/rcm1.rcm.upr.edu\/sp\/wp-json\/wp\/v2\/comments?post=2008"}],"version-history":[{"count":0,"href":"https:\/\/rcm1.rcm.upr.edu\/sp\/wp-json\/wp\/v2\/pages\/2008\/revisions"}],"wp:attachment":[{"href":"https:\/\/rcm1.rcm.upr.edu\/sp\/wp-json\/wp\/v2\/media?parent=2008"}],"curies":[{"name":"wp","href":"https:\/\/api.w.org\/{rel}","templated":true}]}}