{"id":2009,"date":"2016-05-09T14:18:56","date_gmt":"2016-05-09T14:18:56","guid":{"rendered":"http:\/\/127.0.0.1\/rcm\/sp\/investigacion\/centro-colaborador-de-la-organizacion-mundial-de-la-salud-oms-para-la-capacitacion-e-investigacion-en-promocion-de-la-salud-y-educacion-para-la-salud\/"},"modified":"2016-05-09T14:18:56","modified_gmt":"2016-05-09T14:18:56","slug":"centro-colaborador-de-la-organizacion-mundial-de-la-salud-oms-para-la-capacitacion-e-investigacion-en-promocion-de-la-salud-y-educacion-para-la-salud","status":"publish","type":"page","link":"https:\/\/rcm1.rcm.upr.edu\/sp\/investigacion\/centro-colaborador-de-la-organizacion-mundial-de-la-salud-oms-para-la-capacitacion-e-investigacion-en-promocion-de-la-salud-y-educacion-para-la-salud\/","title":{"rendered":"Centro Colaborador de la Organizaci\u00f3n Mundial de la Salud (OMS) para la Capacitaci\u00f3n e Investigaci\u00f3n en Promoci\u00f3n de la Salud y Educaci\u00f3n para la Salud"},"content":{"rendered":"<section class=\"wpb-content-wrapper\"><p>[vc_row][vc_column][vc_column_text]La Organizaci\u00f3n Mundial de la Salud (OMS) y la Organizaci\u00f3n Panamericana de la Salud (OPS) han designado a la Escuela Graduada de Salud P\u00fablica del Recinto de Ciencias M\u00e9dicas de la Universidad de Puerto Rico como Centro Colaborador de la OMS para la Capacitaci\u00f3n e Investigaci\u00f3n en Promoci\u00f3n de la Salud y Educaci\u00f3n para la Salud. Mediante esta designaci\u00f3n la UPR se compromete con la OMS a desarrollar iniciativas dirigidas a fortalecer las acciones de formaci\u00f3n profesional, la capacitaci\u00f3n de recursos humanos y la investigaci\u00f3n en Promoci\u00f3n de la Salud y Educaci\u00f3n para la Salud con prioridad en los pa\u00edses de Am\u00e9rica Latina y El Caribe.<\/p>\n<p>&nbsp;<\/p>\n<p>Con esta designaci\u00f3n la OMS reconoce el potencial acad\u00e9mico y t\u00e9cnico de la Escuela Graduada de Salud P\u00fablica en el \u00e1mbito de la Salud Internacional. Para la OMS las instituciones aptas para ser Centro Colaborador de la OMS son aquellas que demuestren tener capacidad para desempe\u00f1ar una o varias funciones relacionadas con el programa y los objetivos de la Organizaci\u00f3n, as\u00ed como toda instituci\u00f3n cient\u00edfica o t\u00e9cnica de gran nivel que ya goce de prestigio internacional.<\/p>\n<h3><\/h3>\n<p>&nbsp;<\/p>\n<h3>Prop\u00f3sito General<\/h3>\n<p>&nbsp;<\/p>\n<p>Colaborar con la Organizaci\u00f3n Mundial de la Salud (OMS) y la Organizaci\u00f3n Panamericana de la Salud (OPS) en el desarrollo de la agenda de trabajo y la implantaci\u00f3n de iniciativas dirigidas a fortalecer las acciones de formaci\u00f3n profesional, la capacitaci\u00f3n de recursos humanos y la investigaci\u00f3n en Promoci\u00f3n de la Salud y Educaci\u00f3n para la Salud con prioridad en los pa\u00edses de Am\u00e9rica Latina y El Caribe.<\/p>\n<h3><\/h3>\n<p>&nbsp;<\/p>\n<h3>T\u00e9rminos de Referencia<\/h3>\n<p>&nbsp;<\/p>\n<ol>\n<li>Desarrollar capacidad regional y la cultura de colaboraci\u00f3n e intercambio, asesoramiento y apoyo t\u00e9cnico para el desarrollo y establecimiento de iniciativas de formaci\u00f3n de recursos humanos en Promoci\u00f3n de la Salud y Educaci\u00f3n para la Salud en Am\u00e9rica Latina y El Caribe.\n<ul>\n<li>Facilitar el intercambio y la colaboraci\u00f3n entre Universidades y Centros de formaci\u00f3n profesional y las organizaciones internacionales vinculadas a la Promoci\u00f3n de la Salud y Educaci\u00f3n para la Salud en Am\u00e9rica Latina y El Caribe.<\/li>\n<li>Expandir las iniciativas, los cursos y los eventos internacionales en el \u00e1mbito de la formaci\u00f3n de recursos humanos en Promoci\u00f3n de la Salud y Educaci\u00f3n para la Salud en Am\u00e9rica Latina y El Caribe.<\/li>\n<\/ul>\n<\/li>\n<li>Proveer asesor\u00eda y apoyo t\u00e9cnico para el desarrollo y establecimiento de programas de formaci\u00f3n de recursos humanos en Promoci\u00f3n de la Salud y Educaci\u00f3n para la Salud en Am\u00e9rica Latina y El Caribe.\n<ul>\n<li>Proveer apoyo t\u00e9cnico para la implantaci\u00f3n de diversas modalidades de formaci\u00f3n de recursos humanos en Promoci\u00f3n de la Salud y Educaci\u00f3n para la Salud, a saber: \u00a0Educaci\u00f3n Continuada, Cursos Cortos, Talleres y Programas Acad\u00e9micos para diferentes categor\u00edas de personal y facultad utilizando metodolog\u00edas educativas tradicionales y a distancia.<\/li>\n<\/ul>\n<\/li>\n<li>Documentar y evaluar las experiencias de Formaci\u00f3n de Recursos Humanos en Promoci\u00f3n de la Salud y Educaci\u00f3n para la Salud desarrolladas en Am\u00e9rica Latina y El Caribe.\n<ul>\n<li>Promover el establecimiento de las competencias profesionales y los est\u00e1ndares de efectividad de los programas e iniciativas de Formaci\u00f3n y Capacitaci\u00f3n de Recursos Humanos en Promoci\u00f3n de la Salud y Educaci\u00f3n para la Salud en Am\u00e9rica Latina y El Caribe.<\/li>\n<li>Aumentar las publicaciones y los documentos t\u00e9cnicos sobre el tema de Formaci\u00f3n de Recursos Humanos en Promoci\u00f3n de la Salud y Educaci\u00f3n para la Salud.<\/li>\n<li>Desarrollar una agenda de investigaci\u00f3n en Promoci\u00f3n de la Salud y Educaci\u00f3n para la Salud en Am\u00e9rica Latina y El Caribe.<\/li>\n<li>Desarrollar una agenda de investigaci\u00f3n en el \u00e1mbito espec\u00edfico de Promoci\u00f3n de la Salud Escolar en Am\u00e9rica Latina y El Caribe.<\/li>\n<li>Desarrollar instrumentos de medici\u00f3n para las acciones de evaluaci\u00f3n e investigaci\u00f3n.<\/li>\n<\/ul>\n<\/li>\n<\/ol>\n<h3><\/h3>\n<p>&nbsp;<\/p>\n<h3>Antecedentes<\/h3>\n<p>&nbsp;<\/p>\n<p>La Escuela de Salud P\u00fablica de la Universidad de Puerto Rico ha mantenido relaciones de colaboraci\u00f3n y asesor\u00eda t\u00e9cnica con la OMS y la OPS a trav\u00e9s de las \u00faltimas d\u00e9cadas. Al presente la Escuela es sede de la Oficina Regional Latinoamericana de la Uni\u00f3n Internacional de Promoci\u00f3n de la Salud y Educaci\u00f3n para la Salud (UIPES). Adem\u00e1s, la Escuela es la instituci\u00f3n que lidera desde el 1996 el Consorcio Interamericano de Universidades y Centros de Formaci\u00f3n de Personal en Educaci\u00f3n para la Salud y Promoci\u00f3n de la Salud (CIUEPS).<\/p>\n<h3><\/h3>\n<p>&nbsp;<\/p>\n<h3>Coordinaci\u00f3n y vigencia<\/h3>\n<p>&nbsp;<\/p>\n<p>La designaci\u00f3n de la UPR como Centro Colaborador de la OMS es por espacio de cuatro a\u00f1os y corresponde al periodo de 2016-2020. El Centro estar\u00e1 dirigido por el Dr. Hiram V. Arroyo, Catedr\u00e1tico de Educaci\u00f3n en Salud P\u00fablica. Estos esfuerzos internacionales se ubican administrativamente en el Departamento de Ciencias Sociales de la Escuela de Salud P\u00fablica.<\/p>\n<h3><\/h3>\n<p>&nbsp;<\/p>\n<h3>Definici\u00f3n de los Centros Colaboradores de la OMS<\/h3>\n<p>&nbsp;<\/p>\n<p>Para la OMS el Centro Colaborador es una instituci\u00f3n designada por el Director General para que se integre en una red de colaboraci\u00f3n entre instituciones creada por la propia OMS para contar con apoyo a la hora de aplicar su programa en los pa\u00edses, entre pa\u00edses o a escala regional, interregional o mundial, seg\u00fan el caso.<\/p>\n<p>Para la propia OMS el principal cometido de los Centros Colaboradores de la OMS consiste en prestar apoyo estrat\u00e9gico a la Organizaci\u00f3n para responder a dos necesidades b\u00e1sicas:<\/p>\n<ol>\n<li>Ejecutar las actividades y hacer realidad los objetivos program\u00e1ticos que emanan del mandato de la OMS.<\/li>\n<li>Generar capacidad institucional en pa\u00edses y regiones, o mejorarla cuando exista.<\/li>\n<\/ol>\n<p>&nbsp;<\/p>\n<p>De acuerdo con la pol\u00edtica y estrategia de cooperaci\u00f3n t\u00e9cnica de la OMS, un centro colaborador tambi\u00e9n debe contribuir a reforzar los recursos de los pa\u00edses (ya se trate de informaci\u00f3n, servicios, investigaci\u00f3n o formaci\u00f3n) para secundar su desarrollo en materia de salud.[\/vc_column_text][\/vc_column][\/vc_row][vc_row][vc_column][vc_empty_space][vc_column_text]<\/p>\n<h3>Enlaces<\/h3>\n<p>[\/vc_column_text][\/vc_column][\/vc_row][vc_row][vc_column][vc_column_text]<\/p>\n<ul>\n<li><span style=\"color: #0099d9;\"><a href=\"https:\/\/www.paho.org\/en\" target=\"_blank\" rel=\"noopener noreferrer\">Red Iberoamericana de Universidades Promotoras de Salud (RIUPS)- Acerca de las Universidades Promotoras de Salud<\/a><\/span><\/li>\n<\/ul>\n<p>[\/vc_column_text][\/vc_column][\/vc_row][vc_row][vc_column][vc_empty_space][vc_column_text]<\/p>\n<h3>Publicaciones<\/h3>\n<p>[\/vc_column_text][\/vc_column][\/vc_row][vc_row][vc_column][vc_column_text]<\/p>\n<ul>\n<li><a href=\"https:\/\/rcm1.rcm.upr.edu\/sp\/wp-content\/uploads\/2022\/08\/Global-Health-Promotion-2016-Arroyo-102-6.pdf\">La contribuci\u00f3n de los Centros Colaboradores de la OMS\/OPS en los avances de la promoci\u00f3n de la salud en Am\u00e9rica Latina (PDF)<\/a><\/li>\n<\/ul>\n<p>[\/vc_column_text][\/vc_column][\/vc_row]<\/p>\n<\/section>","protected":false},"excerpt":{"rendered":"<p>[vc_row][vc_column][vc_column_text]La Organizaci\u00f3n Mundial de la Salud (OMS) y la Organizaci\u00f3n Panamericana de la Salud (OPS) han designado a la Escuela Graduada de Salud P\u00fablica del Recinto de Ciencias M\u00e9dicas de la Universidad de Puerto Rico como Centro Colaborador de la OMS para la Capacitaci\u00f3n e Investigaci\u00f3n en Promoci\u00f3n de la Salud y Educaci\u00f3n para la&hellip;<\/p>\n","protected":false},"author":1,"featured_media":0,"parent":225,"menu_order":0,"comment_status":"closed","ping_status":"closed","template":"template-microsite.php","meta":{"footnotes":""},"class_list":["post-2009","page","type-page","status-publish","hentry","description-off"],"jetpack_sharing_enabled":true,"_links":{"self":[{"href":"https:\/\/rcm1.rcm.upr.edu\/sp\/wp-json\/wp\/v2\/pages\/2009","targetHints":{"allow":["GET"]}}],"collection":[{"href":"https:\/\/rcm1.rcm.upr.edu\/sp\/wp-json\/wp\/v2\/pages"}],"about":[{"href":"https:\/\/rcm1.rcm.upr.edu\/sp\/wp-json\/wp\/v2\/types\/page"}],"author":[{"embeddable":true,"href":"https:\/\/rcm1.rcm.upr.edu\/sp\/wp-json\/wp\/v2\/users\/1"}],"replies":[{"embeddable":true,"href":"https:\/\/rcm1.rcm.upr.edu\/sp\/wp-json\/wp\/v2\/comments?post=2009"}],"version-history":[{"count":0,"href":"https:\/\/rcm1.rcm.upr.edu\/sp\/wp-json\/wp\/v2\/pages\/2009\/revisions"}],"up":[{"embeddable":true,"href":"https:\/\/rcm1.rcm.upr.edu\/sp\/wp-json\/wp\/v2\/pages\/225"}],"wp:attachment":[{"href":"https:\/\/rcm1.rcm.upr.edu\/sp\/wp-json\/wp\/v2\/media?parent=2009"}],"curies":[{"name":"wp","href":"https:\/\/api.w.org\/{rel}","templated":true}]}}