{"id":2010,"date":"2016-05-09T14:19:24","date_gmt":"2016-05-09T14:19:24","guid":{"rendered":"http:\/\/127.0.0.1\/rcm\/sp\/asuntos-estudiantiles\/oficina-de-la-decana-auxiliar-para-asuntos-estudiantiles\/"},"modified":"2025-07-03T18:07:52","modified_gmt":"2025-07-03T18:07:52","slug":"decanato-auxiliar-para-asuntos-estudiantiles","status":"publish","type":"page","link":"https:\/\/rcm1.rcm.upr.edu\/sp\/asuntos-estudiantiles\/decanato-auxiliar-para-asuntos-estudiantiles\/","title":{"rendered":"Oficina de Asuntos Estudiantiles"},"content":{"rendered":"<section class=\"wpb-content-wrapper\"><p>[vc_row][vc_column][vc_column_text]<\/p>\n<h3>Misi\u00f3n<\/h3>\n<p>&nbsp;<\/p>\n<p>Su misi\u00f3n es contribuir en el desarrollo integral de los estudiantes mediante la planificaci\u00f3n, la prestaci\u00f3n y la evaluaci\u00f3n sistem\u00e1tica de los servicios estudiantiles de excelencia. Estos servicios se ofrecen integrados a la docencia para propiciar un clima acad\u00e9mico y de bienestar general que facilite el proceso de ense\u00f1anza-aprendizaje. De esta manera, facilitar que el estudiante logre un mejor ajuste a la vida universitaria, participe activamente en los procesos decisorios del sistema universitario, logre el \u00f3ptimo desarrollo personal, capacit\u00e1ndole para una efectiva participaci\u00f3n en la vida en sociedad.<\/p>\n<h3><\/h3>\n<p>&nbsp;<\/p>\n<h3><\/h3>\n<h3>Servicios<\/h3>\n<p>&nbsp;<\/p>\n<ul>\n<li>Consejer\u00eda personal, acad\u00e9mica y de selecci\u00f3n de carreras.<\/li>\n<li>Asistir a las personas a establecer metas personales, a vencer barreras, tener acceso a los recursos disponibles y a planificar vidas plenas y productivas.<\/li>\n<li>Desarrollar talleres de desarrollo personal.<\/li>\n<li>Orientar sobre derechos de los estudiantes con impedimento y acomodo razonable.<\/li>\n<li>Coordinar con las oficinas de servicio directo al estudiante como: servicios m\u00e9dicos, asistencia econ\u00f3mica, calidad de vida, recaudaciones, entre otras.<\/li>\n<li>Coordinar con la Oficina del Recaudador los procesos de matr\u00edcula, bajas, readmisiones, permisos especiales, traslados y otros.<\/li>\n<li>Coordinar con la Oficina de Admisiones los procesos de admisi\u00f3n.<\/li>\n<li>Coordinar con el Decano de Estudiantes las actividades de graduaci\u00f3n del Recinto de Ciencias M\u00e9dicas.<\/li>\n<li>Coordinar la Actividad de Logros de los estudiantes sobresalientes de la Escuela Graduada de Salud P\u00fablica de la Universidad de Puerto Rico.<\/li>\n<li>Coordinar el proceso de promoci\u00f3n y reclutamiento de estudiantes nuevos.<\/li>\n<li>Mantener a los estudiantes informados de lo que pasa en nuestra Escuela y en el Recinto.<\/li>\n<\/ul>\n<p>[\/vc_column_text][vc_column_text]<\/p>\n<h3>Personal de la Oficina<\/h3>\n<p>&nbsp;<\/p>\n<p><strong>Dra. Yiselly M. V\u00e1zquez Guzm\u00e1n<\/strong><\/p>\n<p>Decana Auxiliar para Asuntos Estudiantiles<br \/>\nCorreo electr\u00f3nico: <a href=\"mailto:yiselly.vazquez@upr.edu\" target=\"_blank\" rel=\"noopener\">yiselly.vazquez@upr.edu<\/a><\/p>\n<p>&nbsp;<\/p>\n<p><strong>Prof. Marcilyn Col\u00f3n Col\u00f3n, MPH, MA, CHES, EdD<\/strong><\/p>\n<p><em>Catedr\u00e1tica Asociada, Maestr\u00eda en Educaci\u00f3n en Salud<\/em><br \/>\nEnlace de Reclutamiento, Escuela Graduada de Salud P\u00fablica<br \/>\nCorreo electr\u00f3nico: <a href=\"mailto:marcilyn.colon@upr.edu\">marcilyn.colon@upr.edu<\/a>[\/vc_column_text][\/vc_column][\/vc_row]<\/p>\n<\/section>","protected":false},"excerpt":{"rendered":"<p>[vc_row][vc_column][vc_column_text] Misi\u00f3n &nbsp; Su misi\u00f3n es contribuir en el desarrollo integral de los estudiantes mediante la planificaci\u00f3n, la prestaci\u00f3n y la evaluaci\u00f3n sistem\u00e1tica de los servicios estudiantiles de excelencia. Estos servicios se ofrecen integrados a la docencia para propiciar un clima acad\u00e9mico y de bienestar general que facilite el proceso de ense\u00f1anza-aprendizaje. De esta manera,&hellip;<\/p>\n","protected":false},"author":1,"featured_media":0,"parent":852,"menu_order":0,"comment_status":"closed","ping_status":"closed","template":"template-microsite.php","meta":{"footnotes":""},"class_list":["post-2010","page","type-page","status-publish","hentry","description-off"],"jetpack_sharing_enabled":true,"_links":{"self":[{"href":"https:\/\/rcm1.rcm.upr.edu\/sp\/wp-json\/wp\/v2\/pages\/2010","targetHints":{"allow":["GET"]}}],"collection":[{"href":"https:\/\/rcm1.rcm.upr.edu\/sp\/wp-json\/wp\/v2\/pages"}],"about":[{"href":"https:\/\/rcm1.rcm.upr.edu\/sp\/wp-json\/wp\/v2\/types\/page"}],"author":[{"embeddable":true,"href":"https:\/\/rcm1.rcm.upr.edu\/sp\/wp-json\/wp\/v2\/users\/1"}],"replies":[{"embeddable":true,"href":"https:\/\/rcm1.rcm.upr.edu\/sp\/wp-json\/wp\/v2\/comments?post=2010"}],"version-history":[{"count":3,"href":"https:\/\/rcm1.rcm.upr.edu\/sp\/wp-json\/wp\/v2\/pages\/2010\/revisions"}],"predecessor-version":[{"id":5766,"href":"https:\/\/rcm1.rcm.upr.edu\/sp\/wp-json\/wp\/v2\/pages\/2010\/revisions\/5766"}],"up":[{"embeddable":true,"href":"https:\/\/rcm1.rcm.upr.edu\/sp\/wp-json\/wp\/v2\/pages\/852"}],"wp:attachment":[{"href":"https:\/\/rcm1.rcm.upr.edu\/sp\/wp-json\/wp\/v2\/media?parent=2010"}],"curies":[{"name":"wp","href":"https:\/\/api.w.org\/{rel}","templated":true}]}}