{"id":205,"date":"2016-05-09T16:01:41","date_gmt":"2016-05-09T16:01:41","guid":{"rendered":"http:\/\/127.0.0.1\/rcm\/sp\/asuntos-estudiantiles\/admisiones\/"},"modified":"2026-02-17T16:28:07","modified_gmt":"2026-02-17T16:28:07","slug":"admisiones","status":"publish","type":"page","link":"https:\/\/rcm1.rcm.upr.edu\/sp\/asuntos-estudiantiles\/admisiones\/","title":{"rendered":"Admisiones"},"content":{"rendered":"<section class=\"wpb-content-wrapper\"><p>[vc_row][vc_column][vc_column_text]<\/p>\n<h2 style=\"text-align: center;\">La solicitud de admisi\u00f3n para el a\u00f1o 2026-2027 estar\u00e1 disponible del 1 de septiembre de 2025 al 31 de marzo de 2026.<\/h2>\n<p>&nbsp;<\/p>\n<p>&nbsp;<\/p>\n<p>La Escuela Graduada de Salud P\u00fablica ofrece programas acad\u00e9micos al nivel de\u00a0<a href=\"https:\/\/sp.rcm.upr.edu\/programas-academicos\/\">doctorado, maestr\u00eda y certificado graduado<\/a>. Se admiten estudiantes nuevos una vez al a\u00f1o en el mes de agosto.<\/p>\n<p>&nbsp;<\/p>\n<h3><strong>Contacto<\/strong><\/h3>\n<p><strong>Oficina de Asuntos Estudiantiles<\/strong><br \/>\nEscuela Graduada de Salud P\u00fablica<br \/>\n787-756-5244<br \/>\n787-758-2525, ext. 1412, 1413<br \/>\n<a href=\"mailto:saludpublica.rcm@upr.edu\">saludpublica.rcm@upr.edu<\/a><\/p>\n<p>&nbsp;<\/p>\n<p><strong>Dra. Yiselly M. V\u00e1zquez Guzm\u00e1n<\/strong><br \/>\nDecana Auxiliar para Asuntos Estudiantiles de la Escuela Graduada de Salud P\u00fablica<br \/>\n<a href=\"mailto:yiselly.vazquez@upr.edu\" target=\"_blank\" rel=\"noopener\">yiselly.vazquez@upr.edu<\/a><\/p>\n<p>&nbsp;<\/p>\n<p><strong>Dra. Marcilyn Col\u00f3n Col\u00f3n, MPH, MA, CHES, EdD<\/strong><br \/>\n<em>Catedr\u00e1tica Asociada, Maestr\u00eda en Educaci\u00f3n en Salud y<\/em><br \/>\n<em>Enlace de Reclutamiento de la Escuela Graduada de Salud P\u00fablica<br \/>\n<\/em><a href=\"mailto:marcilyn.colon@upr.edu\" target=\"_blank\" rel=\"noopener\">marcilyn.colon@upr.edu<\/a><em><br \/>\n<\/em>[\/vc_column_text][\/vc_column][\/vc_row]<\/p>\n<\/section>","protected":false},"excerpt":{"rendered":"<p>[vc_row][vc_column][vc_column_text] La solicitud de admisi\u00f3n para el a\u00f1o 2026-2027 estar\u00e1 disponible del 1 de septiembre de 2025 al 31 de marzo de 2026. &nbsp; &nbsp; La Escuela Graduada de Salud P\u00fablica ofrece programas acad\u00e9micos al nivel de\u00a0doctorado, maestr\u00eda y certificado graduado. Se admiten estudiantes nuevos una vez al a\u00f1o en el mes de agosto. &nbsp;&hellip;<\/p>\n","protected":false},"author":1,"featured_media":0,"parent":852,"menu_order":0,"comment_status":"closed","ping_status":"closed","template":"template-microsite.php","meta":{"footnotes":""},"class_list":["post-205","page","type-page","status-publish","hentry","description-off"],"jetpack_sharing_enabled":true,"_links":{"self":[{"href":"https:\/\/rcm1.rcm.upr.edu\/sp\/wp-json\/wp\/v2\/pages\/205","targetHints":{"allow":["GET"]}}],"collection":[{"href":"https:\/\/rcm1.rcm.upr.edu\/sp\/wp-json\/wp\/v2\/pages"}],"about":[{"href":"https:\/\/rcm1.rcm.upr.edu\/sp\/wp-json\/wp\/v2\/types\/page"}],"author":[{"embeddable":true,"href":"https:\/\/rcm1.rcm.upr.edu\/sp\/wp-json\/wp\/v2\/users\/1"}],"replies":[{"embeddable":true,"href":"https:\/\/rcm1.rcm.upr.edu\/sp\/wp-json\/wp\/v2\/comments?post=205"}],"version-history":[{"count":13,"href":"https:\/\/rcm1.rcm.upr.edu\/sp\/wp-json\/wp\/v2\/pages\/205\/revisions"}],"predecessor-version":[{"id":5799,"href":"https:\/\/rcm1.rcm.upr.edu\/sp\/wp-json\/wp\/v2\/pages\/205\/revisions\/5799"}],"up":[{"embeddable":true,"href":"https:\/\/rcm1.rcm.upr.edu\/sp\/wp-json\/wp\/v2\/pages\/852"}],"wp:attachment":[{"href":"https:\/\/rcm1.rcm.upr.edu\/sp\/wp-json\/wp\/v2\/media?parent=205"}],"curies":[{"name":"wp","href":"https:\/\/api.w.org\/{rel}","templated":true}]}}