{"id":225,"date":"2016-05-09T16:15:16","date_gmt":"2016-05-09T16:15:16","guid":{"rendered":"http:\/\/127.0.0.1\/rcm\/sp\/investigacion\/"},"modified":"2016-05-09T16:15:16","modified_gmt":"2016-05-09T16:15:16","slug":"investigacion","status":"publish","type":"page","link":"https:\/\/rcm1.rcm.upr.edu\/sp\/investigacion\/","title":{"rendered":"Investigaci\u00f3n"},"content":{"rendered":"<section class=\"wpb-content-wrapper\"><p>[vc_row][vc_column width=&#8221;2\/3&#8243;][vc_column_text]<\/p>\n<ul>\n<li style=\"list-style-type: none;\">\n<ul>\n<li><a href=\"https:\/\/sp.rcm.upr.edu\/investigacion\/centro-colaborador-de-la-organizacion-mundial-de-la-salud-oms-para-la-capacitacion-e-investigacion-en-promocion-de-la-salud-y-educacion-para-la-salud\/\">Centro Colaborador de la Organizaci\u00f3n Mundial de la Salud para la Capacitaci\u00f3n e Investigaci\u00f3n en Promoci\u00f3n de la Salud y Educaci\u00f3n para la Salud<\/a><\/li>\n<li><a href=\"https:\/\/demografia.rcm.upr.edu\/cide\/\">Centro de Investigaci\u00f3n Demogr\u00e1fica<\/a><\/li>\n<li><a href=\"https:\/\/sp.rcm.upr.edu\/investigacion\/centro-de-investigacion-y-evaluacion-sociomedica\/\">Centro de Investigaci\u00f3n y Evaluaci\u00f3n Sociom\u00e9dica<\/a><\/li>\n<li><a href=\"https:\/\/grantome.com\/grant\/NIH\/R24-DA017298-10\" target=\"_blank\" rel=\"noopener noreferrer\">Diversity-promoting Institutions Drug Abuse Research Program (DIDARP)<\/a><\/li>\n<li><a href=\"http:\/\/www.proutlook.edu.pr\">PR-OUTLOOK: Proyecto de investigaci\u00f3n<\/a><\/li>\n<\/ul>\n<\/li>\n<\/ul>\n<p>[\/vc_column_text][\/vc_column][\/vc_row]<\/p>\n<\/section>","protected":false},"excerpt":{"rendered":"<p>[vc_row][vc_column width=&#8221;2\/3&#8243;][vc_column_text] Centro Colaborador de la Organizaci\u00f3n Mundial de la Salud para la Capacitaci\u00f3n e Investigaci\u00f3n en Promoci\u00f3n de la Salud y Educaci\u00f3n para la Salud Centro de Investigaci\u00f3n Demogr\u00e1fica Centro de Investigaci\u00f3n y Evaluaci\u00f3n Sociom\u00e9dica Diversity-promoting Institutions Drug Abuse Research Program (DIDARP) PR-OUTLOOK: Proyecto de investigaci\u00f3n [\/vc_column_text][\/vc_column][\/vc_row]<\/p>\n","protected":false},"author":1,"featured_media":0,"parent":0,"menu_order":0,"comment_status":"closed","ping_status":"closed","template":"template-microsite.php","meta":{"footnotes":""},"class_list":["post-225","page","type-page","status-publish","hentry","description-off"],"jetpack_sharing_enabled":true,"_links":{"self":[{"href":"https:\/\/rcm1.rcm.upr.edu\/sp\/wp-json\/wp\/v2\/pages\/225","targetHints":{"allow":["GET"]}}],"collection":[{"href":"https:\/\/rcm1.rcm.upr.edu\/sp\/wp-json\/wp\/v2\/pages"}],"about":[{"href":"https:\/\/rcm1.rcm.upr.edu\/sp\/wp-json\/wp\/v2\/types\/page"}],"author":[{"embeddable":true,"href":"https:\/\/rcm1.rcm.upr.edu\/sp\/wp-json\/wp\/v2\/users\/1"}],"replies":[{"embeddable":true,"href":"https:\/\/rcm1.rcm.upr.edu\/sp\/wp-json\/wp\/v2\/comments?post=225"}],"version-history":[{"count":0,"href":"https:\/\/rcm1.rcm.upr.edu\/sp\/wp-json\/wp\/v2\/pages\/225\/revisions"}],"wp:attachment":[{"href":"https:\/\/rcm1.rcm.upr.edu\/sp\/wp-json\/wp\/v2\/media?parent=225"}],"curies":[{"name":"wp","href":"https:\/\/api.w.org\/{rel}","templated":true}]}}