{"id":248,"date":"2016-05-10T15:44:53","date_gmt":"2016-05-10T15:44:53","guid":{"rendered":"http:\/\/127.0.0.1\/rcm\/sp\/inicio\/"},"modified":"2025-03-24T19:15:36","modified_gmt":"2025-03-24T19:15:36","slug":"inicio","status":"publish","type":"page","link":"https:\/\/rcm1.rcm.upr.edu\/sp\/","title":{"rendered":"Inicio"},"content":{"rendered":"<section class=\"wpb-content-wrapper\"><p>[vc_row][vc_column][vc_column_text]<\/p>\n<div class=\"hr-thin\"><\/div>\n<p>[\/vc_column_text][\/vc_column][\/vc_row][vc_row][vc_column][vc_row_inner][vc_column_inner width=&#8221;1\/6&#8243; css=&#8221;.vc_custom_1464964615784{margin-top: 20px !important;}&#8221;][vc_column_text]<\/p>\n<h4>DEPARTAMENTOS ACAD\u00c9MICOS:<\/h4>\n<p>[\/vc_column_text][\/vc_column_inner][vc_column_inner width=&#8221;1\/6&#8243; offset=&#8221;vc_col-xs-6&#8243;][vc_icon type=&#8221;entypo&#8221; icon_entypo=&#8221;entypo-icon entypo-icon-briefcase&#8221; color=&#8221;black&#8221; background_style=&#8221;rounded-outline&#8221; size=&#8221;lg&#8221; align=&#8221;center&#8221; link=&#8221;url:https%3A%2F%2Frcm1.rcm.upr.edu%2Fsp%2Fdepartamento-de-administracion-de-servicios-de-salud%2F|title:Departamento%20de%20Administraci%C3%B3n%20de%20Servicios%20de%20Salud&#8221; css=&#8221;.vc_custom_1697811582872{margin-bottom: 0px !important;border-bottom-width: 0px !important;padding-bottom: 0px !important;}&#8221;][vc_column_text]<\/p>\n<p style=\"text-align: center;\"><a href=\"https:\/\/rcm1.rcm.upr.edu\/sp\/departamento-de-administracion-de-servicios-de-salud\/\">Administraci\u00f3n de Servicios de Salud<\/a><\/p>\n<p>[\/vc_column_text][\/vc_column_inner][vc_column_inner width=&#8221;1\/6&#8243;][vc_icon icon_fontawesome=&#8221;fas fa-chart-bar&#8221; color=&#8221;black&#8221; background_style=&#8221;rounded-outline&#8221; size=&#8221;lg&#8221; align=&#8221;center&#8221; link=&#8221;url:https%3A%2F%2Frcm1.rcm.upr.edu%2Fsp%2Fdepartamento-de-bioestadistica-y-epidemiologia%2F|title:Departamento%20de%20Bioestad%C3%ADstica%20y%20Epidemiolog%C3%ADa&#8221; css=&#8221;.vc_custom_1697743852757{margin-bottom: 0px !important;border-bottom-width: 0px !important;padding-bottom: 0px !important;}&#8221;][vc_column_text]<\/p>\n<p style=\"text-align: center;\"><a href=\"https:\/\/rcm1.rcm.upr.edu\/sp\/departamento-de-bioestadistica-y-epidemiologia\/\">Bioestad\u00edstica y Epidemiolog\u00eda<\/a><\/p>\n<p>[\/vc_column_text][\/vc_column_inner][vc_column_inner width=&#8221;1\/6&#8243; offset=&#8221;vc_col-xs-6&#8243;][vc_icon type=&#8221;typicons&#8221; icon_typicons=&#8221;typcn typcn-edit&#8221; color=&#8221;black&#8221; background_style=&#8221;rounded-outline&#8221; size=&#8221;lg&#8221; align=&#8221;center&#8221; link=&#8221;url:https%3A%2F%2Frcm1.rcm.upr.edu%2Fsp%2Fdepartamento-de-ciencias-sociales%2F|title:Departamento%20de%20Ciencias%20Sociales&#8221; css=&#8221;.vc_custom_1697743909751{margin-bottom: 0px !important;border-bottom-width: 0px !important;padding-bottom: 0px !important;}&#8221;][vc_column_text]<\/p>\n<p style=\"text-align: center;\"><a href=\"https:\/\/rcm1.rcm.upr.edu\/sp\/departamento-de-ciencias-sociales\/\">Ciencias Sociales<\/a><\/p>\n<p>[\/vc_column_text][\/vc_column_inner][vc_column_inner width=&#8221;1\/6&#8243;][vc_icon icon_fontawesome=&#8221;fas fa-users&#8221; color=&#8221;black&#8221; background_style=&#8221;rounded-outline&#8221; size=&#8221;lg&#8221; align=&#8221;center&#8221; link=&#8221;url:https%3A%2F%2Frcm1.rcm.upr.edu%2Fsp%2Fdepartamento-de-desarrollo-humano%2F|title:Departamento%20de%20Desarrollo%20Humano&#8221; css=&#8221;.vc_custom_1697743940050{margin-bottom: 0px !important;border-bottom-width: 0px !important;padding-bottom: 0px !important;}&#8221;][vc_column_text]<\/p>\n<p style=\"text-align: center;\"><a href=\"https:\/\/rcm1.rcm.upr.edu\/sp\/departamento-de-desarrollo-humano\/\">Desarrollo Humano<\/a><\/p>\n<p>[\/vc_column_text][\/vc_column_inner][vc_column_inner width=&#8221;1\/6&#8243;][vc_icon type=&#8221;linecons&#8221; icon_linecons=&#8221;vc_li vc_li-world&#8221; color=&#8221;black&#8221; background_style=&#8221;rounded-outline&#8221; size=&#8221;lg&#8221; align=&#8221;center&#8221; link=&#8221;url:https%3A%2F%2Frcm1.rcm.upr.edu%2Fsp%2Fdepartamento-de-salud-ambiental%2F|title:Departamento%20de%20Salud%20Ambiental&#8221; css=&#8221;.vc_custom_1697743967104{margin-bottom: 0px !important;border-bottom-width: 0px !important;padding-bottom: 0px !important;}&#8221;][vc_column_text]<\/p>\n<p style=\"text-align: center;\"><a href=\"https:\/\/rcm1.rcm.upr.edu\/sp\/departamento-de-salud-ambiental\/\">Salud Ambiental<\/a><\/p>\n<p>[\/vc_column_text][\/vc_column_inner][\/vc_row_inner][vc_empty_space height=&#8221;12px&#8221;][\/vc_column][\/vc_row][vc_row][vc_column][vc_column_text]<\/p>\n<div class=\"hr-thin\"><\/div>\n<p>[\/vc_column_text][\/vc_column][\/vc_row][vc_row][vc_column][vc_empty_space height=&#8221;12px&#8221;][\/vc_column][\/vc_row][vc_row][vc_column width=&#8221;1\/4&#8243;][vc_column_text]<\/p>\n<h5>\u00bfQU\u00c9 ES SALUD P\u00daBLICA?<\/h5>\n<p>Salud P\u00fablica es la disciplina dedicada al estudio de la salud y la enfermedad en las poblaciones.<\/p>\n<p><a title=\"Biblioteca RCM\" href=\"https:\/\/sp.rcm.upr.edu\/que-es-salud-publica\/\" target=\"_blank\" rel=\"noopener noreferrer\">M\u00e1s informaci\u00f3n<\/a>[\/vc_column_text][vc_empty_space height=&#8221;12px&#8221;][vc_single_image image=&#8221;3596&#8243; img_size=&#8221;225&#215;100&#8243; alignment=&#8221;center&#8221; onclick=&#8221;custom_link&#8221; link=&#8221;https:\/\/rcm1.rcm.upr.edu\/sp\/que-es-salud-publica\/&#8221;][\/vc_column][vc_column width=&#8221;1\/4&#8243;][vc_column_text]<\/p>\n<h5>OFERTA ACAD\u00c9MICA<\/h5>\n<p>Oferta posgrado incluye certificados, maestr\u00edas y doctorados. Presione\u00a0enlace para informaci\u00f3n.<\/p>\n<p><a title=\"Programas Acad\u00e9micos\" href=\"https:\/\/rcm1.rcm.upr.edu\/sp\/programas-academicos\/\">M\u00e1s informaci\u00f3n<\/a>[\/vc_column_text][vc_empty_space height=&#8221;12px&#8221;][vc_single_image image=&#8221;5716&#8243; img_size=&#8221;225&#215;100&#8243; alignment=&#8221;center&#8221; onclick=&#8221;custom_link&#8221; img_link_target=&#8221;_blank&#8221; link=&#8221;http:\/\/www.ceph.org\/&#8221;][\/vc_column][vc_column width=&#8221;1\/4&#8243;][vc_column_text]<\/p>\n<h5>EDUCACI\u00d3N CONTINUADA<\/h5>\n<p>M\u00e1s de 30 a\u00f1os de excelencia en educaci\u00f3n continuada en ciencias de la salud.<\/p>\n<p><a title=\"Divisi\u00f3n de Educaci\u00f3n Cont\u00ednua y Estudios Profesionales\" href=\"https:\/\/rcm1.rcm.upr.edu\/sp\/division-de-educacion-continua-y-estudios-profesionales\/\">M\u00e1s informaci\u00f3n<\/a>[\/vc_column_text][vc_empty_space height=&#8221;12px&#8221;][vc_single_image image=&#8221;3591&#8243; img_size=&#8221;225&#215;100&#8243; alignment=&#8221;center&#8221; onclick=&#8221;custom_link&#8221; link=&#8221;https:\/\/rcm1.rcm.upr.edu\/sp\/division-de-educacion-continua-y-estudios-profesionales\/&#8221;][\/vc_column][vc_column width=&#8221;1\/4&#8243;][vc_column_text]<\/p>\n<h5>CONTRIBUCI\u00d3N SOCIAL<\/h5>\n<p>Investigaci\u00f3n y Servicio en Salud P\u00fablica. Presione enlace para informaci\u00f3n.<\/p>\n<p><a title=\"Centros e Institutos adscritos a la Escuela Graduada de Salud P\u00fablica\" href=\"https:\/\/rcm1.rcm.upr.edu\/sp\/centros-e-institutos-adscritos-a-la-escuela-graduada-de-salud-publica\/\">M\u00e1s informaci\u00f3n<\/a>[\/vc_column_text][vc_empty_space height=&#8221;12px&#8221;][vc_single_image image=&#8221;5729&#8243; img_size=&#8221;225&#215;100&#8243; alignment=&#8221;center&#8221; onclick=&#8221;custom_link&#8221; link=&#8221;https:\/\/sp.rcm.upr.edu\/centros-e-institutos-adscritos-a-la-escuela-graduada-de-salud-publica\/&#8221;][\/vc_column][\/vc_row][vc_row][vc_column][vc_column_text]&nbsp;<\/p>\n<p style=\"text-align: center;\">\n<p>[\/vc_column_text][\/vc_column][\/vc_row]<\/p>\n<\/section>","protected":false},"excerpt":{"rendered":"<p>[vc_row][vc_column][vc_column_text][\/vc_column_text][\/vc_column][\/vc_row][vc_row][vc_column][vc_row_inner][vc_column_inner width=&#8221;1\/6&#8243; css=&#8221;.vc_custom_1464964615784{margin-top: 20px !important;}&#8221;][vc_column_text] DEPARTAMENTOS ACAD\u00c9MICOS: [\/vc_column_text][\/vc_column_inner][vc_column_inner width=&#8221;1\/6&#8243; offset=&#8221;vc_col-xs-6&#8243;][vc_icon type=&#8221;entypo&#8221; icon_entypo=&#8221;entypo-icon entypo-icon-briefcase&#8221; color=&#8221;black&#8221; background_style=&#8221;rounded-outline&#8221; size=&#8221;lg&#8221; align=&#8221;center&#8221; link=&#8221;url:https%3A%2F%2Frcm1.rcm.upr.edu%2Fsp%2Fdepartamento-de-administracion-de-servicios-de-salud%2F|title:Departamento%20de%20Administraci%C3%B3n%20de%20Servicios%20de%20Salud&#8221; css=&#8221;.vc_custom_1697811582872{margin-bottom: 0px !important;border-bottom-width: 0px !important;padding-bottom: 0px !important;}&#8221;][vc_column_text] Administraci\u00f3n de Servicios de Salud [\/vc_column_text][\/vc_column_inner][vc_column_inner width=&#8221;1\/6&#8243;][vc_icon icon_fontawesome=&#8221;fas fa-chart-bar&#8221; color=&#8221;black&#8221; background_style=&#8221;rounded-outline&#8221; size=&#8221;lg&#8221; align=&#8221;center&#8221; link=&#8221;url:https%3A%2F%2Frcm1.rcm.upr.edu%2Fsp%2Fdepartamento-de-bioestadistica-y-epidemiologia%2F|title:Departamento%20de%20Bioestad%C3%ADstica%20y%20Epidemiolog%C3%ADa&#8221; css=&#8221;.vc_custom_1697743852757{margin-bottom: 0px !important;border-bottom-width: 0px !important;padding-bottom: 0px !important;}&#8221;][vc_column_text] Bioestad\u00edstica y Epidemiolog\u00eda [\/vc_column_text][\/vc_column_inner][vc_column_inner width=&#8221;1\/6&#8243; offset=&#8221;vc_col-xs-6&#8243;][vc_icon type=&#8221;typicons&#8221; icon_typicons=&#8221;typcn typcn-edit&#8221;&hellip;<\/p>\n","protected":false},"author":1,"featured_media":0,"parent":0,"menu_order":0,"comment_status":"closed","ping_status":"closed","template":"template-microsite.php","meta":{"footnotes":""},"class_list":["post-248","page","type-page","status-publish","hentry","description-off"],"jetpack_sharing_enabled":true,"_links":{"self":[{"href":"https:\/\/rcm1.rcm.upr.edu\/sp\/wp-json\/wp\/v2\/pages\/248","targetHints":{"allow":["GET"]}}],"collection":[{"href":"https:\/\/rcm1.rcm.upr.edu\/sp\/wp-json\/wp\/v2\/pages"}],"about":[{"href":"https:\/\/rcm1.rcm.upr.edu\/sp\/wp-json\/wp\/v2\/types\/page"}],"author":[{"embeddable":true,"href":"https:\/\/rcm1.rcm.upr.edu\/sp\/wp-json\/wp\/v2\/users\/1"}],"replies":[{"embeddable":true,"href":"https:\/\/rcm1.rcm.upr.edu\/sp\/wp-json\/wp\/v2\/comments?post=248"}],"version-history":[{"count":32,"href":"https:\/\/rcm1.rcm.upr.edu\/sp\/wp-json\/wp\/v2\/pages\/248\/revisions"}],"predecessor-version":[{"id":5741,"href":"https:\/\/rcm1.rcm.upr.edu\/sp\/wp-json\/wp\/v2\/pages\/248\/revisions\/5741"}],"wp:attachment":[{"href":"https:\/\/rcm1.rcm.upr.edu\/sp\/wp-json\/wp\/v2\/media?parent=248"}],"curies":[{"name":"wp","href":"https:\/\/api.w.org\/{rel}","templated":true}]}}