{"id":337,"date":"2016-05-24T16:08:38","date_gmt":"2016-05-24T16:08:38","guid":{"rendered":"http:\/\/127.0.0.1\/rcm\/sp\/contacto\/"},"modified":"2025-03-20T12:14:55","modified_gmt":"2025-03-20T12:14:55","slug":"contacto","status":"publish","type":"page","link":"https:\/\/rcm1.rcm.upr.edu\/sp\/contacto\/","title":{"rendered":"Contacto"},"content":{"rendered":"<section class=\"wpb-content-wrapper\"><p>[vc_row][vc_column][vc_column_text]La Escuela Graduada de Salud P\u00fablica de la Universidad de Puerto Rico est\u00e1 localizada en el cuarto piso del Edificio Guillermo Arbona Irizarry del Recinto de Ciencias M\u00e9dicas. El Recinto de Ciencias M\u00e9dicas est\u00e1 localizado dentro de los predios del Centro M\u00e9dico, en R\u00edo Piedras, Puerto Rico.[\/vc_column_text][\/vc_column][vc_column][vc_empty_space][\/vc_column][\/vc_row][vc_row][vc_column width=&#8221;1\/3&#8243;][vc_column_text]<\/p>\n<h4>Preguntas u orientaci\u00f3n<\/h4>\n<p><strong>Oficina de\u00a0<\/strong><strong>Asuntos Estudiantiles<\/strong><\/p>\n<p><strong><em><u>Decana Auxiliar para Asuntos Estudiantiles<\/u><\/em><\/strong><\/p>\n<div data-ogsc=\"black\">Dra. Yiselly M. V\u00e1zquez Guzm\u00e1n<br \/>\n<a href=\"mailto:yiselly.vazquez@upr.edu\" target=\"_blank\" rel=\"noopener\">yiselly.vazquez@upr.edu<\/a><\/div>\n<div data-ogsc=\"black\">Tel. 787-758-2525, exts. 1412, 1413, 1598<\/div>\n<div data-ogsc=\"black\"><\/div>\n<p><strong>Correo electr\u00f3nico:\u00a0<\/strong>[<a href=\"mailto:saludpublica.rcm@upr.edu\">saludpublica.rcm@upr.edu<\/a>][\/vc_column_text][vc_empty_space][vc_column_text]<strong>Direcci\u00f3n Postal<\/strong><\/p>\n<p>Escuela Graduada de Salud P\u00fablica<br \/>\nPO Box 365067<br \/>\nSan Juan, PR 00936-5067[\/vc_column_text][vc_empty_space][vc_column_text]<\/p>\n<h4>Direcci\u00f3n f\u00edsica<\/h4>\n<p>Recinto de Ciencias M\u00e9dicas, UPR<br \/>\nEscuela Graduada de Salud P\u00fablica<br \/>\nEdificio Dr. Guillermo Arbona Irizarry, 4to piso, Oficina A-403<br \/>\n\u00c1rea Centro M\u00e9dico<br \/>\nR\u00edo Piedras, Puerto Rico 00935[\/vc_column_text][\/vc_column][vc_column width=&#8221;1\/3&#8243;][vc_column_text]<strong><em><u>Decano Interino<\/u><\/em><\/strong><\/p>\n<p>Dr. Edgardo Ruiz Cora [<a href=\"mailto:edgardo.ruiz1@upr.edu\">edgardo.ruiz1@upr.edu<\/a>]<\/p>\n<p>Tel. 787-764-5975, directo, 787-758-2525, ext. 1401, 1402<\/p>\n<p>Fax 787- 759-6719<\/p>\n<p><span style=\"color: red;\">Secretaria: <\/span> \u00bf?<\/p>\n<p>&nbsp;<\/p>\n<p><strong><em><u>Decana Asociada para Asuntos Acad\u00e9micos <\/u><\/em><\/strong><\/p>\n<p>Dra. Ivelisse M. Garc\u00eda Mel\u00e9ndez [<a href=\"mailto:ivelisse.garcia1@upr.edu\">ivelisse.garcia1@upr.edu<\/a>]<\/p>\n<p>Tel. 787-767-1340 directo 787-758-2525, ext. 1403<\/p>\n<p>Fax 787- 759-6719<\/p>\n<p><span style=\"color: red;\">Secretaria: Wilma Cartagena Salgado <\/span>[<a href=\"mailto:wilma.cartagena@upr.edu\" target=\"_blank\" rel=\"noopener\">wilma.cartagena@upr.edu<\/a>]<\/p>\n<p>&nbsp;<\/p>\n<p><strong><em><u>Directora, Oficina de Curr\u00edculo y Evaluaci\u00f3n<\/u><\/em><\/strong><\/p>\n<p>Dra. Ivelisse M. Garc\u00eda Mel\u00e9ndez [<a href=\"mailto:ivelisse.garcia1@upr.edu\">ivelisse.garcia1@upr.edu<\/a>]<\/p>\n<p>Tel.\u00a0 787-758-2525, ext. 1464, 1465<\/p>\n<p>Fax 787- 759-6719<\/p>\n<p>&nbsp;<\/p>\n<p><strong><em><u>Decano Auxiliar para Asuntos Estudiantiles<\/u><\/em><\/strong><\/p>\n<p>Dra. Yiselly M. V\u00e1zquez Guzm\u00e1n<br \/>\n<a href=\"mailto:yiselly.vazquez@upr.edu\" target=\"_blank\" rel=\"noopener\">yiselly.vazquez@upr.edu<\/a><br \/>\nTel. 787-756-5244, 787-758-2525, ext. 1412, 1413, 1598<\/p>\n<p>&nbsp;<\/p>\n<p><strong><em><u>Administrador <\/u><\/em><\/strong><\/p>\n<p>Sr. Juan J. Tejada Guzm\u00e1n [<a href=\"mailto:juan.tejada@upr.edu\">juan.tejada@upr.edu<\/a>]<\/p>\n<p>Tel. 787-758-2525, ext. 1408, 1404<\/p>\n<p>Fax 787- 759-6719<\/p>\n<p><span style=\"color: red;\">Secretaria:<\/span> \u00bf?<\/p>\n<p>&nbsp;<\/p>\n<p><strong>Departamentos Acad\u00e9micos:<\/strong><\/p>\n<p><strong><em><u>DEPARTAMENTO DE ADMINISTRACI<\/u><\/em><\/strong><strong><em><u>\u00d3N DE SERVICIOS DE SALUD<\/u><\/em><\/strong><\/p>\n<p>Dra. Marisol Pe\u00f1a [<a href=\"mailto:marisol.pena@upr.edu\" target=\"_blank\" rel=\"noopener\">marisol.pena@upr.edu<\/a><u>]<\/u><\/p>\n<p><strong>Directora<\/strong><\/p>\n<p>Tel. 787-758-2783, directo fax \/ 787-758-2525, ext. 1444, 1435<\/p>\n<p><span style=\"color: red;\">Secretaria: Brenda J. \u00c1lvarez Santiago<\/span> [<a href=\"mailto:brenda.alvarez@upr.edu\">brenda.alvarez@upr.edu<\/a>]<\/p>\n<p>&nbsp;<\/p>\n<p><strong><u>Programa de Maestr\u00eda en Administraci\u00f3n de Servicios de Salud<\/u><\/strong><\/p>\n<p>Dr. Heriberto Marin Centeno [<a href=\"mailto:heriberto.marin@upr.edu\" target=\"_blank\" rel=\"noopener\">heriberto.marin@upr.edu<\/a>]<\/p>\n<p><strong>Coordinador:<\/strong><\/p>\n<p>Tel. 787-758-2525, ext.1444<\/p>\n<p><span style=\"color: red;\">Secretaria: Brenda J. \u00c1lvarez Santiago<\/span> [<a href=\"mailto:brenda.alvarez@upr.edu\">brenda.alvarez@upr.edu<\/a>]<\/p>\n<p>&nbsp;<\/p>\n<p><strong><em><u>Programa de Maestr\u00eda en Salud P\u00fablica (diurno y vespertino)<\/u><\/em><\/strong><\/p>\n<p>Dra. Marisol Pe\u00f1a Orellana [<a href=\"mailto:marisol.pena@upr.edu\">marisol.pena@upr.edu<\/a>]<\/p>\n<p><strong>Coordinadora<\/strong><\/p>\n<p>Tel. 787-758-2525 ext. 1580 o 1435<\/p>\n<p><span style=\"color: red;\">Secretaria: Brenda J. \u00c1lvarez Santiago <\/span>[<a href=\"mailto:brenda.alvarez@upr.edu\">brenda.alvarez@upr.edu<\/a>]<\/p>\n<p>&nbsp;<\/p>\n<p><strong><em><u>Programa de Maestr\u00eda en Investigaci\u00f3n Evaluativa\u00a0 de Sistemas de Salud<br \/>\n<\/u><\/em><\/strong><\/p>\n<p>Programa en moratoria<\/p>\n<p>&nbsp;<\/p>\n<p><strong><em><u>Programa Doctoral en Salud P\u00fablica con especialidad en An\u00e1lisis de Sistemas de<\/u><\/em><\/strong><\/p>\n<p><strong><em><u>Salud y Gerencia<\/u><\/em><\/strong><\/p>\n<p>Dra. Ruth R\u00edos Motta [<a href=\"mailto:ruth.rios2@upr.edu\">ruth.rios2@upr.edu<\/a>]<\/p>\n<p><strong>Coordinadora<\/strong><\/p>\n<p>Tel. 787-758-2525, ext. 1025<\/p>\n<p><span style=\"color: red;\">Secretaria: Brenda \u00c1lvarez Santiago<\/span> [<a href=\"mailto:brenda.alvarez@upr.edu\">brenda.alvarez@upr.edu<\/a>]<\/p>\n<p>&nbsp;<\/p>\n<p><strong><em><u>DEPARTAMENTO DE BIOESTAD\u00cdSTICA Y EPIDEMIOLOG\u00cdA<\/u><\/em><\/strong><\/p>\n<p>Dr. Juan C. Reyes Pulliza [<a href=\"mailto:juan.reyes5@upr.edu\">juan.reyes5@upr.edu<\/a>]<\/p>\n<p><strong>Director <\/strong><\/p>\n<p>Tel. 787-758-2525, ext. 5120, 1427, 1400<\/p>\n<p><span style=\"color: red;\">Secretaria: Marilyn Del Valle Rodr\u00edguez<\/span> [<a href=\"mailto:marilyn.del-valle@upr.edu\">marilyn.del-valle@upr.edu<\/a>]<\/p>\n<p>&nbsp;<\/p>\n<p><strong><em><u>Programa de Maestr\u00eda Ciencias en Epidemiolog\u00eda<\/u><\/em><\/strong><\/p>\n<p>Dra. Linnette Rodr\u00edguez Figueroa [<a href=\"mailto:linnette.rodriguez3@upr.edu\">linnette.rodriguez3@upr.edu<\/a>]<\/p>\n<p><strong>Coordinadora<\/strong><\/p>\n<p>Tel. 787-758-2525, ext. 1452, 1427<\/p>\n<p><span style=\"color: red;\">Secretaria: Marilyn Del Valle Rodr\u00edguez<\/span> [<a href=\"mailto:marilyn.del-valle@upr.edu\">marilyn.del-valle@upr.edu<\/a>]<\/p>\n<p>&nbsp;<\/p>\n<p><strong><em><u>Programa de Maestr\u00eda Salud P\u00fablica con Especialidad en Epidemiolog\u00eda<\/u><\/em><\/strong><\/p>\n<p>Dra. Linnette Rodr\u00edguez Figueroa [<a href=\"mailto:linnette.rodriguez3@upr.edu\">linnette.rodriguez3@upr.edu<\/a>]<\/p>\n<p><strong>Coordinadora<\/strong><\/p>\n<p><span style=\"color: red;\">Secretaria: Marilyn Del Valle Rodr\u00edguez<\/span> [<a href=\"mailto:marilyn.del-valle@upr.edu\">marilyn.del-valle@upr.edu<\/a>]<\/p>\n<p>&nbsp;<\/p>\n<p><strong><em><u>Programa de Maestr\u00eda en Salud P\u00fablica con especialidad en Bioestad\u00edstica <\/u><\/em><\/strong><\/p>\n<p>Dr. Gilberto Ramos Valencia\u00a0 [<a href=\"mailto:gilberto.ramos4@upr.edu\">gilberto.ramos4@upr.edu<\/a>]<\/p>\n<p><strong>Coordinador:<\/strong><\/p>\n<p>Tel. 787-758-2525, ext. 4211, 1427<\/p>\n<p><span style=\"color: red;\">Secretaria: Marilyn Del Valle Rodr\u00edguez<\/span> [<a href=\"mailto:marilyn.del-valle@upr.edu\">marilyn.del-valle@upr.edu<\/a>]<\/p>\n<p>&nbsp;<\/p>\n<p><strong><em><u>DEPARTAMENTO DE CIENCIAS SOCIALES<\/u><\/em><\/strong><\/p>\n<p>Dr. Hiram V. Arroyo Acevedo [<a href=\"mailto:hiram.arroyo1@upr.edu\">hiram.arroyo1@upr.edu<\/a>]<\/p>\n<p><strong>Director<\/strong><\/p>\n<p>Tel. 787-274-0582 \/ 787-758-2525, ext.\u00a0 1420, 1421<\/p>\n<p><span style=\"color: red;\">Secretaria: Yaritza Morgado<\/span> [<a href=\"mailto:yaritza.morgado@upr.edu\">yaritza.morgado@upr.edu<\/a>]<\/p>\n<p>&nbsp;<\/p>\n<p><strong><em><u>Unidad de Ciencias Sociales<\/u><\/em><\/strong><\/p>\n<p>Dra. Marta Bustillo Hern\u00e1ndez [<a href=\"mailto:marta.bustillo@upr.edu\">marta.bustillo@upr.edu<\/a>]<\/p>\n<p><strong>Coordinadora<\/strong><\/p>\n<p>Tel. 787-758-2525, ext. 1420, 1421<\/p>\n<p><span style=\"color: red;\">Secretaria: Yaritza E. Morgado Estrada<\/span> [<a href=\"mailto:yaritza.morgado@upr.edu\">yaritza.morgado@upr.edu<\/a>]<\/p>\n<p>&nbsp;<\/p>\n<p><strong><em><u>Programa de Maestr\u00eda en Demograf\u00eda<\/u><\/em><\/strong><\/p>\n<p>Dra. Luz E. Le\u00f3n L\u00f3pez [<a href=\"mailto:luz.leon@upr.edu\">luz.leon@upr.edu<\/a>]<\/p>\n<p>Tel. 787-758-2525, ext. 2272, 1414, 1415<\/p>\n<p><span style=\"color: red;\">Secretaria: Yaritza E. Morgado Estrada<\/span> [<a href=\"mailto:yaritza.morgado@upr.edu\">yaritza.morgado@upr.edu<\/a>]<\/p>\n<p>&nbsp;<\/p>\n<p><strong><em><u>Programa de Maestr\u00eda en Educaci\u00f3n en Salud P\u00fablica<\/u><\/em><\/strong><\/p>\n<p>Dra. Marcilyn Col\u00f3n Col\u00f3n [<a href=\"mailto:marcilyn.colon@upr.edu\">marcilyn.colon@upr.edu<\/a>]<\/p>\n<p><strong>Coordinadora<\/strong><\/p>\n<p>Tel. 787-758-2525, ext. 1419<\/p>\n<p><span style=\"color: red;\">Secretaria: Yanibell M\u00e9ndez<\/span> [<a href=\"mailto:yanibell.mendez@upr.edu\">yanibell.mendez@upr.edu<\/a>]<\/p>\n<p>&nbsp;<\/p>\n<p><strong><em><u>Programa Doctoral en Salud P\u00fablica con especialidad en Determinantes Sociales <\/u><\/em><\/strong><strong><em><u>de la Salud<\/u><\/em><\/strong><\/p>\n<p>Dra. Marinilda Rivera D\u00edaz [<a href=\"mailto:marinilda.riveradiaz@upr.edu\">marinilda.riveradiaz@upr.edu<\/a>]<\/p>\n<p>Tel. 787-758-2525, ext. 1410, 1420<\/p>\n<p><span style=\"color: red;\">Secretaria: Yaritza E. Morgado Estrada<\/span> [<a href=\"mailto:yaritza.morgado@upr.edu\">yaritza.morgado@upr.edu<\/a>]<\/p>\n<p>&nbsp;<\/p>\n<p><strong><em><u>DEPARTAMENTO DE DESARROLLO HUMANO<\/u><\/em><\/strong><\/p>\n<p>Dra. Ana M. Parrilla Rodr\u00edguez [<a href=\"mailto:ana.parrilla@upr.edu\">ana.parrilla@upr.edu<\/a>]<\/p>\n<p><strong>Directora<\/strong><\/p>\n<p>Tel. 787-758-2525, ext. 1448<\/p>\n<p><span style=\"color: red;\">Secretaria: Eneid Mangual<\/span> [<a href=\"mailto:eneid.mangual@upr.edu\">eneid.mangual@upr.edu<\/a>]<\/p>\n<p>&nbsp;<\/p>\n<p><em><strong><u>Programa de <\/u><\/strong><\/em><em><strong><u>Gerontolog\u00eda (maestr\u00eda en salud p\u00fablica y certificado graduado)<\/u><\/strong><\/em><\/p>\n<p>Profa. \u00c1lida Marrero Hern\u00e1ndez [<a href=\"mailto:alida.marrero1@upr.edu\" target=\"_blank\" rel=\"noopener\">alida.marrero1@upr.edu<\/a>]<\/p>\n<p><strong>Coordinadora<\/strong><\/p>\n<p><span style=\"color: red;\">Secretaria: Eneid Mangual<\/span> [<a href=\"mailto:eneid.mangual@upr.edu\">eneid.mangual@upr.edu<\/a>]<\/p>\n<p>&nbsp;<\/p>\n<p><em><strong><u>Programa de <\/u><\/strong><\/em><em><strong><u>Maestr\u00eda en Ciencias de Nutrici\u00f3n<\/u><\/strong><\/em><\/p>\n<p>Dra. Winna Rivera Soto [<a href=\"mailto:winna.rivera@upr.edu\" target=\"_blank\" rel=\"noopener\">winna.rivera@upr.edu<\/a>]<\/p>\n<p><strong>Coordinadora<\/strong><\/p>\n<p><span style=\"color: red;\">Secretaria: Eneid Mangual<\/span> [<a href=\"mailto:eneid.mangual@upr.edu\">eneid.mangual@upr.edu<\/a>]<\/p>\n<p>&nbsp;<\/p>\n<p><em><strong><u>Programa de Certificado en Deficiencias del Desarrollo<\/u><\/strong><\/em><\/p>\n<p>Dra. Carol Salas Pagan [<a href=\"mailto:carol.salas@upr.edu\" target=\"_blank\" rel=\"noopener\">carol.salas@upr.edu<\/a>]<\/p>\n<p><strong>Coordinadora<\/strong><\/p>\n<p><span style=\"color: red;\">Secretaria: Eneid Mangual<\/span> [<a href=\"mailto:eneid.mangual@upr.edu\">eneid.mangual@upr.edu<\/a>]<\/p>\n<p>&nbsp;<\/p>\n<p><strong><em><u>Departamento de Salud Ambiental<\/u><\/em><\/strong><\/p>\n<p>Tel. 787-758-2525, ext. 1469, 1424<\/p>\n<p><span style=\"color: red;\">Secretaria: Amelia Morales<\/span> [<a href=\"mailto:amelia.morales@upr.edu\" target=\"_blank\" rel=\"noopener\">amelia.morales@upr.edu<\/a>]<\/p>\n<p>&nbsp;<\/p>\n<p><em><strong><u>Programa Doctoral en Salud P\u00fablica con especialidad en<\/u><\/strong><\/em><em><strong><u> Salud Ambiental<\/u><\/strong><\/em><\/p>\n<p>Dra. Imar Mansilla [<a href=\"mailto:imar.mansilla@upr.edu\" target=\"_blank\" rel=\"noopener\">imar.mansilla@upr.edu<\/a>]<\/p>\n<p><strong>Coordinadora<\/strong><\/p>\n<p><span style=\"color: red;\">Secretaria: Amelia Morales<\/span> [<a href=\"mailto:amelia.morales@upr.edu\" target=\"_blank\" rel=\"noopener\">amelia.morales@upr.edu<\/a>]<\/p>\n<p>&nbsp;<\/p>\n<p><em><strong><u>Programa <\/u><\/strong><\/em><em><strong><u>de Maestr\u00eda en Salud P\u00fablica con Especialidad<\/u><\/strong><\/em><em><strong><u> en<\/u><\/strong><\/em><em><strong><u> Salud Ambiental<\/u><\/strong><\/em><\/p>\n<p>Dr. Carlos Rodr\u00edguez Sierra [<a href=\"mailto:carlos.rodriguez65upr.edu\" target=\"_blank\" rel=\"noopener\">carlos.rodriguez65upr.edu<\/a>]<\/p>\n<p><strong>Coordinador<\/strong><\/p>\n<p><span style=\"color: red;\">Secretaria: Amelia Morales<\/span> [<a href=\"mailto:amelia.morales@upr.edu\" target=\"_blank\" rel=\"noopener\">amelia.morales@upr.edu<\/a>]<\/p>\n<p>&nbsp;<\/p>\n<p><em><strong><u>Programa <\/u><\/strong><\/em><em><strong><u>de Maestr\u00eda en Ciencias con Especialidad en Higiene Industrial<\/u><\/strong><\/em><\/p>\n<p>Dra. Lida Orta An\u00e9s [<a href=\"mailto:lida.orta@upr.edu\" target=\"_blank\" rel=\"noopener\">lida.orta@upr.edu<\/a>]<\/p>\n<p><strong>Coordinadora<\/strong><\/p>\n<p><span style=\"color: red;\">Secretaria: Amelia Morales<\/span> [<a href=\"mailto:amelia.morales@upr.edu\" target=\"_blank\" rel=\"noopener\">amelia.morales@upr.edu<\/a>]<\/p>\n<p>&nbsp;<\/p>\n<p><strong><em><u>Divisi\u00f3n de Educaci\u00f3n Continua y Estudios Profesionales<\/u><\/em><\/strong><\/p>\n<p>787-758-2525, ext. 1475, 1474, 1411, 4627<\/p>\n<p>Xiomara Castillo [<a href=\"mailto:xiomara.castillo1@upr.edu\">xiomara.castillo1@upr.edu<\/a>]<\/p>\n<p><strong>Directora<\/strong><\/p>\n<p>Tel. 787-758-2525, ext. 1474, 1475, 1411<\/p>\n<p><span style=\"color: red;\">Secretaria: <\/span> \u00bf?<\/p>\n<p>&nbsp;<\/p>\n<p><strong><em>Revisado: 20 de marzo de 2025<\/em><\/strong>[\/vc_column_text][vc_row_inner][vc_column_inner width=&#8221;1\/2&#8243;][\/vc_column_inner][vc_column_inner width=&#8221;1\/2&#8243;][\/vc_column_inner][\/vc_row_inner][\/vc_column][vc_column width=&#8221;1\/3&#8243;][vc_gmaps link=&#8221;#E-8_JTNDaWZyYW1lJTIwc3JjJTNEJTIyaHR0cHMlM0ElMkYlMkZ3d3cuZ29vZ2xlLmNvbSUyRm1hcHMlMkZlbWJlZCUzRnBiJTNEJTIxMW0xOCUyMTFtMTIlMjExbTMlMjExZDMwMjg4LjAzNjU1NTUzMTAwNSUyMTJkLTY2LjA5MjExNTM2MTkzODE4JTIxM2QxOC4zOTI2NDMxNzc4NzM1NTYlMjEybTMlMjExZjAlMjEyZjAlMjEzZjAlMjEzbTIlMjExaTEwMjQlMjEyaTc2OCUyMTRmMTMuMSUyMTNtMyUyMTFtMiUyMTFzMHg4YzAzNjg1YmZlYTU4NDE5JTI1M0EweGMxMjU1NWUzZmJhNDAyMjclMjEyc1VuaXZlcnNpdHklMkJvZiUyQlB1ZXJ0byUyQlJpY28lMkItJTJCTWVkaWNhbCUyQlNjaWVuY2VzJTJCQ2FtcHVzJTIxNWUwJTIxM20yJTIxMXNlbiUyMTJzcHIlMjE0djE0NTQ0MTk5MjgxMDklMjIlMjB3aWR0aCUzRCUyMjY2MCUyMiUyMGhlaWdodCUzRCUyMjcwMCUyMiUyMGFsbG93ZnVsbHNjcmVlbiUzRCUyMmFsbG93ZnVsbHNjcmVlbiUyMiUyMHN0eWxlJTNEJTIyYm9yZGVyJTNBJTIwMCUzQiUyMiUzRSUzQyUyRmlmcmFtZSUzRQ==&#8221; size=&#8221;400&#8243;][\/vc_column][\/vc_row]<\/p>\n<\/section>","protected":false},"excerpt":{"rendered":"<p>[vc_row][vc_column][vc_column_text]La Escuela Graduada de Salud P\u00fablica de la Universidad de Puerto Rico est\u00e1 localizada en el cuarto piso del Edificio Guillermo Arbona Irizarry del Recinto de Ciencias M\u00e9dicas. El Recinto de Ciencias M\u00e9dicas est\u00e1 localizado dentro de los predios del Centro M\u00e9dico, en R\u00edo Piedras, Puerto Rico.[\/vc_column_text][\/vc_column][vc_column][vc_empty_space][\/vc_column][\/vc_row][vc_row][vc_column width=&#8221;1\/3&#8243;][vc_column_text] Preguntas u orientaci\u00f3n Oficina de\u00a0Asuntos Estudiantiles Decana&hellip;<\/p>\n","protected":false},"author":1,"featured_media":0,"parent":0,"menu_order":0,"comment_status":"closed","ping_status":"closed","template":"template-microsite.php","meta":{"footnotes":""},"class_list":["post-337","page","type-page","status-publish","hentry","description-off"],"jetpack_sharing_enabled":true,"_links":{"self":[{"href":"https:\/\/rcm1.rcm.upr.edu\/sp\/wp-json\/wp\/v2\/pages\/337","targetHints":{"allow":["GET"]}}],"collection":[{"href":"https:\/\/rcm1.rcm.upr.edu\/sp\/wp-json\/wp\/v2\/pages"}],"about":[{"href":"https:\/\/rcm1.rcm.upr.edu\/sp\/wp-json\/wp\/v2\/types\/page"}],"author":[{"embeddable":true,"href":"https:\/\/rcm1.rcm.upr.edu\/sp\/wp-json\/wp\/v2\/users\/1"}],"replies":[{"embeddable":true,"href":"https:\/\/rcm1.rcm.upr.edu\/sp\/wp-json\/wp\/v2\/comments?post=337"}],"version-history":[{"count":18,"href":"https:\/\/rcm1.rcm.upr.edu\/sp\/wp-json\/wp\/v2\/pages\/337\/revisions"}],"predecessor-version":[{"id":5740,"href":"https:\/\/rcm1.rcm.upr.edu\/sp\/wp-json\/wp\/v2\/pages\/337\/revisions\/5740"}],"wp:attachment":[{"href":"https:\/\/rcm1.rcm.upr.edu\/sp\/wp-json\/wp\/v2\/media?parent=337"}],"curies":[{"name":"wp","href":"https:\/\/api.w.org\/{rel}","templated":true}]}}