{"id":36,"date":"2016-05-09T14:18:56","date_gmt":"2016-05-09T14:18:56","guid":{"rendered":"http:\/\/127.0.0.1\/rcm\/sp\/investigacion\/centro-de-investigacion-y-evaluacion-sociomedica\/"},"modified":"2016-05-09T14:18:56","modified_gmt":"2016-05-09T14:18:56","slug":"centro-de-investigacion-y-evaluacion-sociomedica","status":"publish","type":"page","link":"https:\/\/rcm1.rcm.upr.edu\/sp\/investigacion\/centro-de-investigacion-y-evaluacion-sociomedica\/","title":{"rendered":"Centro de Investigaci\u00f3n y Evaluaci\u00f3n Sociom\u00e9dica"},"content":{"rendered":"<section class=\"wpb-content-wrapper\"><p>[vc_row][vc_column][vc_column_text]El Centro de Investigaci\u00f3n y Evaluaci\u00f3n Sociom\u00e9dica (CIES) es una organizaci\u00f3n din\u00e1mica con el compromiso de proveer liderazgo en la pr\u00e1ctica de investigaci\u00f3n y evaluaci\u00f3n de alta calidad para promover el bienestar de nuestra gente y de las comunidades. Fundado en 1982, dentro de las facilidades de la Escuela Graduada de Salud P\u00fablica en el Recinto de Ciencias M\u00e9dicas de la Universidad de Puerto Rico, el CIES se especializa en la evaluaci\u00f3n de programas sociales, la investigaci\u00f3n aplicada, y el desarrollo de m\u00e9todos para medir el \u00e9xito de programas o intervenciones.<\/p>\n<p>&nbsp;<\/p>\n<p>A trav\u00e9s de la investigaci\u00f3n y evaluaci\u00f3n el CIES intenta aumentar el conocimiento y mejorar el proceso de toma de decisiones en el gobierno y los sectores p\u00fablicos, privados, y acad\u00e9micos.<\/p>\n<p>&nbsp;<\/p>\n<p>El CIES ha llevado a cabo proyectos de investigaci\u00f3n y de evaluaci\u00f3n financiados por agencias gubernamentales en Puerto Rico y los Estados Unidos. \u00a0Nuestros proyectos han sido financiados por el Instituto Nacional de la Salud Mental (NIMH), la Administraci\u00f3n de Servicios e Investigaci\u00f3n de la Salud (HRSA), los Centros de Control de Enfermedades y de la Prevenci\u00f3n \u00a0(CDC), el Instituto Nacional contra el Abuso de Drogas (NIDA), el Instituto Nacional de Alergias y Enfermedades Infecciosas (NIAID), el Instituto Nacional de Ciencias M\u00e9dicas Generales (NIGMS), la Administraci\u00f3n de Servicios de Salud Mental y Contra la Adicci\u00f3n de Puerto Rico (ASSMCA), el Consejo de Desarrollo Ocupacional y Recursos Humanos de Puerto Rico (HRODC), el Departamento de la Salud de Puerto Rico, el Departamento de Correcci\u00f3n de Puerto Rico, la Academia de Directores M\u00e9dicos, la Universidad de Puerto Rico \u2013 Humacao, la Universidad de Carlos Albizu, y la Asociaci\u00f3n de Profesores de Puerto Rico, entre otros.<\/p>\n<p>&nbsp;<\/p>\n<p>En el CIES utilizamos herramientas de investigaci\u00f3n para guiar el desarrollo de pol\u00edticas p\u00fablicas de salud, mejorar o aumentar los servicios de salud y desarrollar la capacidad de las comunidades fomentando consorcios de colaboraci\u00f3n entre las mismas. \u00a0Mediante el recogido de informaci\u00f3n en colaboraci\u00f3n con organizaciones y las comunidades, logramos hacer mejores preguntas y recibir mejores respuestas a los problemas complejos que aquejan al pueblo puertorrique\u00f1o.[\/vc_column_text][\/vc_column][\/vc_row]<\/p>\n<\/section>","protected":false},"excerpt":{"rendered":"<p>[vc_row][vc_column][vc_column_text]El Centro de Investigaci\u00f3n y Evaluaci\u00f3n Sociom\u00e9dica (CIES) es una organizaci\u00f3n din\u00e1mica con el compromiso de proveer liderazgo en la pr\u00e1ctica de investigaci\u00f3n y evaluaci\u00f3n de alta calidad para promover el bienestar de nuestra gente y de las comunidades. Fundado en 1982, dentro de las facilidades de la Escuela Graduada de Salud P\u00fablica en el&hellip;<\/p>\n","protected":false},"author":1,"featured_media":0,"parent":225,"menu_order":0,"comment_status":"closed","ping_status":"closed","template":"template-microsite.php","meta":{"footnotes":""},"class_list":["post-36","page","type-page","status-publish","hentry","description-off"],"jetpack_sharing_enabled":true,"_links":{"self":[{"href":"https:\/\/rcm1.rcm.upr.edu\/sp\/wp-json\/wp\/v2\/pages\/36","targetHints":{"allow":["GET"]}}],"collection":[{"href":"https:\/\/rcm1.rcm.upr.edu\/sp\/wp-json\/wp\/v2\/pages"}],"about":[{"href":"https:\/\/rcm1.rcm.upr.edu\/sp\/wp-json\/wp\/v2\/types\/page"}],"author":[{"embeddable":true,"href":"https:\/\/rcm1.rcm.upr.edu\/sp\/wp-json\/wp\/v2\/users\/1"}],"replies":[{"embeddable":true,"href":"https:\/\/rcm1.rcm.upr.edu\/sp\/wp-json\/wp\/v2\/comments?post=36"}],"version-history":[{"count":0,"href":"https:\/\/rcm1.rcm.upr.edu\/sp\/wp-json\/wp\/v2\/pages\/36\/revisions"}],"up":[{"embeddable":true,"href":"https:\/\/rcm1.rcm.upr.edu\/sp\/wp-json\/wp\/v2\/pages\/225"}],"wp:attachment":[{"href":"https:\/\/rcm1.rcm.upr.edu\/sp\/wp-json\/wp\/v2\/media?parent=36"}],"curies":[{"name":"wp","href":"https:\/\/api.w.org\/{rel}","templated":true}]}}