{"id":38,"date":"2016-05-09T14:18:56","date_gmt":"2016-05-09T14:18:56","guid":{"rendered":"http:\/\/127.0.0.1\/rcm\/sp\/servicio\/centro-de-preparacion-en-salud-publica\/"},"modified":"2016-05-09T14:18:56","modified_gmt":"2016-05-09T14:18:56","slug":"centro-de-preparacion-en-salud-publica","status":"publish","type":"page","link":"https:\/\/rcm1.rcm.upr.edu\/sp\/centro-de-preparacion-en-salud-publica\/","title":{"rendered":"Centro de Preparaci\u00f3n en Salud P\u00fablica"},"content":{"rendered":"<section class=\"wpb-content-wrapper\"><p>[vc_row][vc_column][vc_column_text]En el 2004, el Centro de Preparaci\u00f3n en Salud P\u00fablica de la Universidad de Emory estableci\u00f3 un acuerdo colaborativo con la Escuela Graduada de Salud P\u00fablica de la Universidad de Puerto Rico para responder a las necesidades de adiestramiento de preparaci\u00f3n en salud p\u00fablica en Puerto Rico. Este proyecto es auspiciado con fondos de la Asociaci\u00f3n de Escuelas de Salud P\u00fablica (ASPH, por sus siglas en ingl\u00e9s) y el Centro para el Control y Prevenci\u00f3n de Enfermedades (CDC, por sus siglas en ingl\u00e9s).<\/p>\n<p>&nbsp;<\/p>\n<p>Entre las \u00e1reas identificadas como de importancia cr\u00edtica se destacan: el desarrollo de peritos en preparaci\u00f3n y respuesta a emergencias, y el desarrollo de materiales de adiestramiento en espa\u00f1ol. Para cubrir estas necesidades, el Centro de Preparaci\u00f3n en Salud P\u00fablica de Emory y el Centro de la UPR han establecido las siguientes iniciativas:<\/p>\n<ul>\n<li>Programa de desarrollo de facultad<\/li>\n<li>Programa de capacitaci\u00f3n para personal de manejo de emergencias (&#8220;first responders&#8221;)<\/li>\n<li>Adaptaci\u00f3n de materiales educativos para los trabajadores de salud p\u00fablica<\/li>\n<li>Desarrollo de curr\u00edculos para los trabajadores de salud p\u00fablica<\/li>\n<li>Establecimiento de centros de capacitaci\u00f3n con equipo de alta tecnolog\u00eda<\/li>\n<\/ul>\n<h3><\/h3>\n<p>&nbsp;<\/p>\n<h3>Componentes del Proyecto<\/h3>\n<p>&nbsp;<\/p>\n<ul>\n<li>Mini Residencia para la Facultad- Participaci\u00f3n de facultativos en curso en l\u00ednea, reuniones y experiencias de aprendizaje con personal de la Universidad de Emory, el Departamento de Salud de Georgia y el CDC, seg\u00fan las \u00e1reas de inter\u00e9s y especialidad de los participantes.<\/li>\n<\/ul>\n<ul>\n<li>Adiestramiento a personal de manejo emergencias<\/li>\n<li>Desarrollar adiestramientos para personal de manejo de emergencias (\u201cfirst responders\u201d) en \u00e1reas relacionadas a terrorismo biol\u00f3gico, qu\u00edmico, radiol\u00f3gico, nuclear y preparaci\u00f3n de planes de respuesta, entre otros, dirigido a personal de diversas agencias gubernamentales.<\/li>\n<\/ul>\n<ul>\n<li>Traducci\u00f3n y adaptaci\u00f3n de materiales educativos producidos por la Universidad de Emory y otros Centros de Preparaci\u00f3n en Salud P\u00fablica<\/li>\n<li>Establecer colaboraci\u00f3n con el Departamento de Salud de Puerto Rico<\/li>\n<li>Fortalecer la relaci\u00f3n establecida con el Departamento de Salud mediante un acuerdo colaborativo dirigido a identificar las necesidades de adiestramiento, crear experiencias de salud p\u00fablica y proyectos relacionados con la preparaci\u00f3n en salud p\u00fablica para la comunidad acad\u00e9mica.<\/li>\n<\/ul>\n<p>&nbsp;<\/p>\n<h3><strong>Comit\u00e9 Asesor<\/strong><\/h3>\n<p>&nbsp;<\/p>\n<p>Establecer un comit\u00e9 asesor junto con agencias gubernamentales y organizaciones de base comunitaria con el objetivo de incrementar el n\u00famero de profesionales adiestrados en preparaci\u00f3n de emergencia ante eventos de bioseguridad y bioterrorismo.<\/p>\n<h3><\/h3>\n<p>&nbsp;<\/p>\n<h3>Proyectos Desarrollados<\/h3>\n<p>&nbsp;<\/p>\n<p><strong>Preparaci\u00f3n en Salud P\u00fablica en Bioterrorismo<\/strong><\/p>\n<p>Serie de conferencias en l\u00ednea (\u201cInternet\u201d) y presenciales para presentar una visi\u00f3n general en materia de preparaci\u00f3n para emergencias de salud p\u00fablica incluyendo un plan de respuestas a amenazas bioterroristas y desastres naturales.<\/p>\n<p>&nbsp;<\/p>\n<p><strong>Planificaci\u00f3n y Manejo de Emergencias para Facilidades de Salud y Personal de Manejo de Emergencias (\u201cFirst Responders\u201d)<\/strong><\/p>\n<p>Conferencias, talleres y ejercicios pr\u00e1cticos para adiestrar al personal de manejo de emergencias (\u201cfirst responders\u201d) en la planificaci\u00f3n y manejo de la respuesta a una emergencia de salud p\u00fablica.<\/p>\n<p>&nbsp;<\/p>\n<p><strong>Introducci\u00f3n a la Preparaci\u00f3n en Salud P\u00fablica<\/strong><\/p>\n<p>Curso en l\u00ednea (\u201cInternet\u201d) con tres reuniones presenciales para proveer a estudiantes graduados de salud p\u00fablica un marco conceptual general en materia de preparaci\u00f3n y respuesta en emergencias de salud p\u00fablica enfatizando eventos y amenazas bioterroristas.<\/p>\n<p>&nbsp;<\/p>\n<h3>Materiales Educativos Disponibles en L\u00ednea<\/h3>\n<ul>\n<li>Materiales educativos desarrollados por el Centro de Preparaci\u00f3n en Salud P\u00fablica de la UPR Escuela Graduada de Salud P\u00fablica<\/li>\n<li>Materiales educativos desarrollados por la Divisi\u00f3n de Salud P\u00fablica del Estado de Georgia y el Centro de Preparaci\u00f3n en Salud P\u00fablica de la Universidad de Emory<\/li>\n<\/ul>\n<p>&nbsp;<\/p>\n<h3>Informaci\u00f3n de Contacto<\/h3>\n<p><strong>Direcci\u00f3n postal:<\/strong><\/p>\n<p>Centro de Preparaci\u00f3n en Salud P\u00fablica<\/p>\n<p>Escuela Graduada de Salud P\u00fablica<\/p>\n<p>Universidad de Puerto Rico, Recinto de Ciencias M\u00e9dicas<\/p>\n<p>P.O. Box 365067<\/p>\n<p>San Juan, Puerto Rico 00936-5067<\/p>\n<p>&nbsp;<\/p>\n<p><strong>Tel\u00e9fono:<\/strong><\/p>\n<p>(787)758-2525 ext. 1403, 4627, 7015[\/vc_column_text][\/vc_column][\/vc_row]<\/p>\n<\/section>","protected":false},"excerpt":{"rendered":"<p>[vc_row][vc_column][vc_column_text]En el 2004, el Centro de Preparaci\u00f3n en Salud P\u00fablica de la Universidad de Emory estableci\u00f3 un acuerdo colaborativo con la Escuela Graduada de Salud P\u00fablica de la Universidad de Puerto Rico para responder a las necesidades de adiestramiento de preparaci\u00f3n en salud p\u00fablica en Puerto Rico. Este proyecto es auspiciado con fondos de la&hellip;<\/p>\n","protected":false},"author":1,"featured_media":0,"parent":0,"menu_order":0,"comment_status":"closed","ping_status":"closed","template":"template-microsite.php","meta":{"footnotes":""},"class_list":["post-38","page","type-page","status-publish","hentry","description-off"],"jetpack_sharing_enabled":true,"_links":{"self":[{"href":"https:\/\/rcm1.rcm.upr.edu\/sp\/wp-json\/wp\/v2\/pages\/38","targetHints":{"allow":["GET"]}}],"collection":[{"href":"https:\/\/rcm1.rcm.upr.edu\/sp\/wp-json\/wp\/v2\/pages"}],"about":[{"href":"https:\/\/rcm1.rcm.upr.edu\/sp\/wp-json\/wp\/v2\/types\/page"}],"author":[{"embeddable":true,"href":"https:\/\/rcm1.rcm.upr.edu\/sp\/wp-json\/wp\/v2\/users\/1"}],"replies":[{"embeddable":true,"href":"https:\/\/rcm1.rcm.upr.edu\/sp\/wp-json\/wp\/v2\/comments?post=38"}],"version-history":[{"count":0,"href":"https:\/\/rcm1.rcm.upr.edu\/sp\/wp-json\/wp\/v2\/pages\/38\/revisions"}],"wp:attachment":[{"href":"https:\/\/rcm1.rcm.upr.edu\/sp\/wp-json\/wp\/v2\/media?parent=38"}],"curies":[{"name":"wp","href":"https:\/\/api.w.org\/{rel}","templated":true}]}}