{"id":40,"date":"2016-05-09T14:18:56","date_gmt":"2016-05-09T14:18:56","guid":{"rendered":"http:\/\/127.0.0.1\/rcm\/sp\/sobre-la-egsp\/centros-e-institutos-adscritos-a-la-escuela-graduada-de-salud-publica\/"},"modified":"2016-05-09T14:18:56","modified_gmt":"2016-05-09T14:18:56","slug":"centros-e-institutos-adscritos-a-la-escuela-graduada-de-salud-publica","status":"publish","type":"page","link":"https:\/\/rcm1.rcm.upr.edu\/sp\/centros-e-institutos-adscritos-a-la-escuela-graduada-de-salud-publica\/","title":{"rendered":"Centros e Institutos adscritos a la Escuela Graduada de Salud P\u00fablica"},"content":{"rendered":"<section class=\"wpb-content-wrapper\"><p>[vc_row][vc_column][vc_column_text]<\/p>\n<ul>\n<li><a href=\"https:\/\/cipsesoms.wordpress.com\/\" target=\"_blank\" rel=\"noopener noreferrer\">Centro Colaborador de la Organizaci\u00f3n Mundial de la Salud para la Capacitaci\u00f3n e Investigaci\u00f3n en Promoci\u00f3n de la Salud y Educaci\u00f3n para la Salud<\/a><\/li>\n<li><a href=\"https:\/\/demografia.rcm.upr.edu\/cdces\/\" target=\"_blank\" rel=\"noopener noreferrer\">Centro de Datos Censales y Estad\u00edsticas de Salud<\/a><\/li>\n<li><a href=\"https:\/\/demografia.rcm.upr.edu\/cide-revista\/\" target=\"_blank\" rel=\"noopener noreferrer\">Centro de Investigaci\u00f3n Demogr\u00e1fica<\/a><\/li>\n<li><a href=\"https:\/\/sp.rcm.upr.edu\/investigacion\/centro-de-investigacion-y-evaluacion-sociomedica\/\">Centro de Investigaci\u00f3n y Evaluaci\u00f3n Sociom\u00e9dica<\/a><\/li>\n<li><a href=\"https:\/\/sp.rcm.upr.edu\/centro-de-preparacion-en-salud-publica\/\">Centro de Preparaci\u00f3n en Salud P\u00fablica<\/a><\/li>\n<li><a href=\"https:\/\/grantome.com\/grant\/NIH\/R24-DA017298-10\" target=\"_blank\" rel=\"noopener noreferrer\">Diversity-promoting Institutions Drug Abuse Research Program (DIDARP)<\/a><\/li>\n<li><a href=\"https:\/\/iddpr.rcm.upr.edu\/\" target=\"_blank\" rel=\"noopener noreferrer\">Instituto de Deficiencias en el Desarrollo<\/a><\/li>\n<li><a href=\"https:\/\/www.youtube.com\/channel\/UCKSi7wOHbFTBlXRVkvdsmzQ\" target=\"_blank\" rel=\"noopener\">PROTECT: Puerto Rico Test Site for Exploring Contamination Threats Program<\/a><\/li>\n<li><a href=\"https:\/\/www.prevenpr.com\/\" target=\"_blank\" rel=\"noopener noreferrer\">Proyecto de Planificaci\u00f3n Familiar T\u00edtulo X<\/a><\/li>\n<\/ul>\n<p>[\/vc_column_text][\/vc_column][\/vc_row]<\/p>\n<\/section>","protected":false},"excerpt":{"rendered":"<p>[vc_row][vc_column][vc_column_text] Centro Colaborador de la Organizaci\u00f3n Mundial de la Salud para la Capacitaci\u00f3n e Investigaci\u00f3n en Promoci\u00f3n de la Salud y Educaci\u00f3n para la Salud Centro de Datos Censales y Estad\u00edsticas de Salud Centro de Investigaci\u00f3n Demogr\u00e1fica Centro de Investigaci\u00f3n y Evaluaci\u00f3n Sociom\u00e9dica Centro de Preparaci\u00f3n en Salud P\u00fablica Diversity-promoting Institutions Drug Abuse Research Program&hellip;<\/p>\n","protected":false},"author":1,"featured_media":0,"parent":0,"menu_order":0,"comment_status":"closed","ping_status":"closed","template":"template-microsite.php","meta":{"footnotes":""},"class_list":["post-40","page","type-page","status-publish","hentry","description-off"],"jetpack_sharing_enabled":true,"_links":{"self":[{"href":"https:\/\/rcm1.rcm.upr.edu\/sp\/wp-json\/wp\/v2\/pages\/40","targetHints":{"allow":["GET"]}}],"collection":[{"href":"https:\/\/rcm1.rcm.upr.edu\/sp\/wp-json\/wp\/v2\/pages"}],"about":[{"href":"https:\/\/rcm1.rcm.upr.edu\/sp\/wp-json\/wp\/v2\/types\/page"}],"author":[{"embeddable":true,"href":"https:\/\/rcm1.rcm.upr.edu\/sp\/wp-json\/wp\/v2\/users\/1"}],"replies":[{"embeddable":true,"href":"https:\/\/rcm1.rcm.upr.edu\/sp\/wp-json\/wp\/v2\/comments?post=40"}],"version-history":[{"count":0,"href":"https:\/\/rcm1.rcm.upr.edu\/sp\/wp-json\/wp\/v2\/pages\/40\/revisions"}],"wp:attachment":[{"href":"https:\/\/rcm1.rcm.upr.edu\/sp\/wp-json\/wp\/v2\/media?parent=40"}],"curies":[{"name":"wp","href":"https:\/\/api.w.org\/{rel}","templated":true}]}}