{"id":44,"date":"2016-05-09T14:18:56","date_gmt":"2016-05-09T14:18:56","guid":{"rendered":"http:\/\/127.0.0.1\/rcm\/sp\/asuntos-academicos\/programas-academicos\/certificado-graduado-en-gerontologia-vespertino\/"},"modified":"2026-02-17T16:40:21","modified_gmt":"2026-02-17T16:40:21","slug":"certificado-graduado-en-gerontologia-vespertino","status":"publish","type":"page","link":"https:\/\/rcm1.rcm.upr.edu\/sp\/certificado-graduado-en-gerontologia-vespertino\/","title":{"rendered":"Certificado Graduado en Gerontolog\u00eda (vespertino)"},"content":{"rendered":"<section class=\"wpb-content-wrapper\"><p>[vc_row][vc_column][vc_column_text]<\/p>\n<h4>\u00bfQu\u00e9 es la gerontolog\u00eda?<\/h4>\n<p>&nbsp;<\/p>\n<p>La gerontolog\u00eda es el estudio cient\u00edfico sistem\u00e1tico del proceso de envejecimiento normal y de sus efectos en el ser humano. \u00a0El contenido de la gerontolog\u00eda dirige su foco de atenci\u00f3n hacia los aspectos biol\u00f3gicos, psicol\u00f3gicos y sociales, desde una perspectiva hol\u00edstica e interdisciplinaria.<\/p>\n<p>&nbsp;<\/p>\n<h4><\/h4>\n<h4><\/h4>\n<h4><\/h4>\n<h4>\u00bfCu\u00e1l es el objetivo del Certificado?<\/h4>\n<p>&nbsp;<\/p>\n<p>Capacitar a profesionales de diversas disciplinas, particularmente las relacionadas con la salud, con un contenido b\u00e1sico en gerontolog\u00eda, con \u00e9nfasis en los aspectos, biol\u00f3gicos, cl\u00ednicos, psicol\u00f3gicos, sociales y administrativos relacionados con el envejecimiento. El curr\u00edculo tiene como meta el aumentar los conocimientos, destrezas y actitudes del estudiante, de manera que adquiera un entendimiento del proceso de envejecer, contribuyendo as\u00ed a mejorar la prestaci\u00f3n de servicios de salud dirigidos a la poblaci\u00f3n de edad avanzada.<\/p>\n<p>&nbsp;<\/p>\n<h4><\/h4>\n<h4><\/h4>\n<h4><\/h4>\n<h4>\u00bfQui\u00e9nes pueden solicitar ingreso al certificado?<\/h4>\n<p>&nbsp;<\/p>\n<p>Cualquier persona egresada de una universidad acreditada con el grado de bachillerato, maestr\u00eda o doctorado, preferible, pero no exclusivamente, profesionales relacionados con la salud.<\/p>\n<p>Si la persona es egresada de una universidad reconocida, podr\u00e1 radicar su solicitud de ingreso acompa\u00f1\u00e1ndola de una copia oficial de su expediente acad\u00e9mico que se\u00f1ale los cursos tomados y el grado obtenido.<\/p>\n<p>Los cursos se ofrecen de 6:00 a 9:00 o 10:00 pm de lunes a jueves, con la excepci\u00f3n del curso Intervenci\u00f3n Interdisciplinaria (GERO 6511) que se ofrece en horario diurno.<\/p>\n<p>&nbsp;<\/p>\n<h4><\/h4>\n<h4><\/h4>\n<h4><\/h4>\n<h4>\u00bfCu\u00e1les son los requisitos generales de admisi\u00f3n?<\/h4>\n<p>&nbsp;<\/p>\n<p>1. Poseer un grado de bachillerato o su equivalente en otros pa\u00edses, seg\u00fan determinado por el Registrador del Recinto de Ciencias M\u00e9dicas, de una universidad certificada como instituci\u00f3n de educaci\u00f3n superior con un promedio general recomendado de 2.85 o m\u00e1s (de una escala m\u00e1xima de 4.00).<br \/>\n2. Poseer dominio del idioma espa\u00f1ol. Se requiere, adem\u00e1s, habilidad para leer y comprender el idioma ingl\u00e9s.<br \/>\n3. Poseer los requisitos espec\u00edficos del programa.<br \/>\n4. Presentar una solicitud de admisi\u00f3n, acompa\u00f1ada con los siguientes documentos:<\/p>\n<ul>\n<li>Copia Oficial de las transcripciones de cr\u00e9dito de todos los estudios anteriores del solicitante (subgraduado y graduado).<\/li>\n<li>Resume o Curriculum Vitae.<\/li>\n<li>Dos (2) cartas de recomendaci\u00f3n que evidencien la ejecutoria acad\u00e9mica y profesional del candidato (su experiencia de trabajo y\/o participaci\u00f3n en proyectos de investigaci\u00f3n y\/o servicio). Las cartas de recomendaci\u00f3n deben tener el logo o timbre de la entidad u organizaci\u00f3n donde labora la persona que hace la recomendaci\u00f3n, as\u00ed como su firma. (<a href=\"https:\/\/rcm1.rcm.upr.edu\/sp\/wp-content\/uploads\/2023\/09\/Guia-para-cartas-de-recomendacion-GERO-2024.pdf\" target=\"_blank\" rel=\"noopener\">Ver gu\u00eda para las cartas de recomendaci\u00f3n<\/a>).<\/li>\n<\/ul>\n<p>5. Redactar y someter un ensayo acad\u00e9mico donde puedan proyectar sus capacidades, intereses profesionales y potencialidades.<\/p>\n<p>6. Asistir a una entrevista.<\/p>\n<p>&nbsp;<\/p>\n<h4><\/h4>\n<h4>\u00bfCu\u00e1les son los requisitos espec\u00edficos de admisi\u00f3n?<\/h4>\n<p>&nbsp;<\/p>\n<p>Los candidatos deben:<\/p>\n<p>1. Los candidatos deben ser personas egresadas de una universidad acreditada con el grado de bachillerato, maestr\u00eda o doctorado, que sean preferible, pero no exclusivamente, profesionales relacionados con la salud.<\/p>\n<p>2. Los(as) candidatos(as) deber\u00e1n haber aprobado los siguientes cursos a nivel universitario:<\/p>\n<ul>\n<li>Ciencias Sociales 3 cr\u00e9ditos<\/li>\n<li>Biolog\u00eda 3 cr\u00e9ditos<\/li>\n<li>Psicolog\u00eda 3 cr\u00e9ditos<\/li>\n<\/ul>\n<p>3. Redactar un ensayo acad\u00e9mico donde puedan proyectar sus capacidades, intereses profesionales y potencialidades, seg\u00fan las instrucciones adjuntas (enlace a documento) y someter en la solicitud uniforme de admisi\u00f3n electr\u00f3nica. (<a href=\"https:\/\/rcm1.rcm.upr.edu\/sp\/wp-content\/uploads\/2022\/10\/INSTRUCCIONES-ENSAYO-ADMISION-GERONTOLOGIA.pdf\">acceder formato aqu\u00ed<\/a>).<\/p>\n<p>&nbsp;<\/p>\n<p><span style=\"color: #000000;\"><em><strong>La solicitud de admisi\u00f3n para el a\u00f1o 2026-2027 estar\u00e1 disponible del 1 de septiembre de 2025 al 31 de marzo de 2026.<\/strong> Para solicitar a este programa, pulse el siguiente enlace: <a href=\"https:\/\/rcm1.rcm.upr.edu\/sp\/asuntos-estudiantiles\/admisiones\/proceso-de-solicitud-a-la-escuela\" target=\"_blank\" rel=\"noopener\">Proceso de solicitud a la Escuela Graduada de Salud P\u00fablica<\/a><\/em><\/span><\/p>\n<p>&nbsp;<\/p>\n<p><img loading=\"lazy\" decoding=\"async\" class=\"size-full wp-image-5103 aligncenter\" src=\"https:\/\/rcm1.rcm.upr.edu\/sp\/wp-content\/uploads\/2022\/12\/dra.alidamarrero.png\" alt=\"\" width=\"606\" height=\"225\" srcset=\"https:\/\/rcm1.rcm.upr.edu\/sp\/wp-content\/uploads\/2022\/12\/dra.alidamarrero.png 606w, https:\/\/rcm1.rcm.upr.edu\/sp\/wp-content\/uploads\/2022\/12\/dra.alidamarrero-300x111.png 300w\" sizes=\"auto, (max-width: 606px) 100vw, 606px\" \/><\/p>\n<p>&nbsp;<\/p>\n<h4><strong>\u00bfCu\u00e1les son los requisitos para obtener el certificado?<\/strong><\/h4>\n<p>&nbsp;<\/p>\n<p>Todo estudiante debe haber completado 26 cr\u00e9ditos. Tener un promedio general m\u00ednimo de 2.50 (en una escala de 4.00), tener un promedio m\u00ednimo de 3.00 en los cursos de la especialidad y mantener progreso acad\u00e9mico consistente con las pol\u00edticas de la Escuela Graduada de Salud P\u00fablica.<\/p>\n<p>El Certificado Graduado en Gerontolog\u00eda es un programa dise\u00f1ado para completarse en 1 a\u00f1o a tiempo completo.<\/p>\n<p>&nbsp;<\/p>\n<h4>\u00bfQu\u00e9 beneficios se obtienen al concluir el Certificado?<\/h4>\n<p>&nbsp;<\/p>\n<p>Los\/as egresados\/as se han de convertir en promotores de cambio en beneficio de los adultos de edad avanzada. En funci\u00f3n de la aplicaci\u00f3n de los conocimientos en sus respectivas \u00e1reas del saber, ejercer\u00e1n influencias en la pol\u00edtica y en los servicios que se prestan a este sector poblacional. \u00a0Estar\u00e1n capacitados para ocupar posiciones en programas de servicios, ense\u00f1anza e investigaci\u00f3n en el campo de la gerontolog\u00eda.<\/p>\n<p>&nbsp;<\/p>\n<h4><\/h4>\n<h4><\/h4>\n<h4><\/h4>\n<h4>\u00bfQu\u00e9 oportunidades de empleo tienen los egresados del Certificado?<\/h4>\n<p>&nbsp;<\/p>\n<p>Los egresados tienen la oportunidad de integrar los conocimientos y destrezas espec\u00edficas adquiridas en el campo de la gerontolog\u00eda a sus respectivas profesiones. \u00a0Como tal son candidatos id\u00f3neos para prestar servicios en \u00a0centros de servicios a personas de edad avanzada, en escenarios de hospital, en agencias p\u00fablicas e instituciones privadas que prestan servicios a personas de edad avanzadas, entre otros.<\/p>\n<p>&nbsp;<\/p>\n<h4><\/h4>\n<h4><\/h4>\n<h4><\/h4>\n<h4>Cursos Requeridos Para Obtener el Grado<\/h4>\n<p>&nbsp;<\/p>\n<p>&nbsp;<\/p>\n<h5>TOTAL DE CR\u00c9DITOS TRIMESTRALES: 20<\/h5>\n<p>&nbsp;<\/p>\n<h5><\/h5>\n<table width=\"618\">\n<thead>\n<tr>\n<td width=\"498\">\n<p style=\"text-align: center;\"><strong>C\u00d3DIGO Y NOMBRE DE CURSO\/ <em>COURSE CODE AND TITLE<\/em><\/strong><\/p>\n<\/td>\n<td width=\"120\">\n<p style=\"text-align: center;\"><strong>Cr\u00e9ditos\/<em>Credits<\/em><\/strong><\/p>\n<\/td>\n<\/tr>\n<\/thead>\n<tbody>\n<tr>\n<td width=\"498\">GERO 6005 Seminario Introductorio en Gerontolog\u00eda \/ <em>Introductory Seminar in Gerontology<\/em><\/td>\n<td width=\"120\">\n<p style=\"text-align: center;\">1<\/p>\n<\/td>\n<\/tr>\n<tr>\n<td width=\"498\">GERO 6501 Aspectos Biol\u00f3gicos del Envejecimiento\u00a0\/ <em>Biological Aspects of Aging <\/em><\/td>\n<td width=\"120\">\n<p style=\"text-align: center;\">3<\/p>\n<\/td>\n<\/tr>\n<tr>\n<td width=\"498\">GERO 6503 Aspectos Psicol\u00f3gicos del Envejecimiento \/ <em>Psychological Aspects of Aging <\/em><\/td>\n<td width=\"120\">\n<p style=\"text-align: center;\">3<\/p>\n<\/td>\n<\/tr>\n<tr>\n<td width=\"498\">GERO 6505 Aspectos Cl\u00ednicos del Envejecimiento\u00a0\/ <em>Clinical Aspects of Aging <\/em><\/td>\n<td width=\"120\">\n<p style=\"text-align: center;\">3<\/p>\n<\/td>\n<\/tr>\n<tr>\n<td width=\"498\">GERO 6507 Aspectos Sociales del Envejecimiento \/ <em>Social Aspects of Aging<\/em><\/td>\n<td width=\"120\">\n<p style=\"text-align: center;\">3<\/p>\n<\/td>\n<\/tr>\n<tr>\n<td width=\"498\">GERO 6509 Aspectos de Pol\u00edtica y Gerencia en Gerontolog\u00eda\u00a0\/ <em>Policy and Management Aspects in Gerontology <\/em><\/td>\n<td width=\"120\">\n<p style=\"text-align: center;\">3<\/p>\n<\/td>\n<\/tr>\n<tr>\n<td width=\"498\">GERO 6495 Planificaci\u00f3n de Intervenci\u00f3n Interdisciplinaria en Gerontolog\u00eda \/ <em>Planning the Interdisciplinary Intervention in Gerontology <\/em><\/td>\n<td width=\"120\">\n<p style=\"text-align: center;\">1<\/p>\n<\/td>\n<\/tr>\n<tr>\n<td width=\"498\">GERO 6511 Intervenci\u00f3n Interdisciplinaria \/ <em>Interdisciplinary Intervention<\/em><\/td>\n<td width=\"120\">\n<p style=\"text-align: center;\">3<\/p>\n<\/td>\n<\/tr>\n<tr>\n<td width=\"498\"><strong>TOTAL<\/strong><\/td>\n<td width=\"120\">\n<p style=\"text-align: center;\"><strong>20<\/strong><\/p>\n<\/td>\n<\/tr>\n<\/tbody>\n<\/table>\n<p>[\/vc_column_text][\/vc_column][\/vc_row]<\/p>\n<\/section>","protected":false},"excerpt":{"rendered":"<p>[vc_row][vc_column][vc_column_text] \u00bfQu\u00e9 es la gerontolog\u00eda? &nbsp; La gerontolog\u00eda es el estudio cient\u00edfico sistem\u00e1tico del proceso de envejecimiento normal y de sus efectos en el ser humano. \u00a0El contenido de la gerontolog\u00eda dirige su foco de atenci\u00f3n hacia los aspectos biol\u00f3gicos, psicol\u00f3gicos y sociales, desde una perspectiva hol\u00edstica e interdisciplinaria. &nbsp; \u00bfCu\u00e1l es el objetivo del&hellip;<\/p>\n","protected":false},"author":1,"featured_media":0,"parent":0,"menu_order":0,"comment_status":"closed","ping_status":"closed","template":"template-microsite.php","meta":{"footnotes":""},"class_list":["post-44","page","type-page","status-publish","hentry","description-off"],"jetpack_sharing_enabled":true,"_links":{"self":[{"href":"https:\/\/rcm1.rcm.upr.edu\/sp\/wp-json\/wp\/v2\/pages\/44","targetHints":{"allow":["GET"]}}],"collection":[{"href":"https:\/\/rcm1.rcm.upr.edu\/sp\/wp-json\/wp\/v2\/pages"}],"about":[{"href":"https:\/\/rcm1.rcm.upr.edu\/sp\/wp-json\/wp\/v2\/types\/page"}],"author":[{"embeddable":true,"href":"https:\/\/rcm1.rcm.upr.edu\/sp\/wp-json\/wp\/v2\/users\/1"}],"replies":[{"embeddable":true,"href":"https:\/\/rcm1.rcm.upr.edu\/sp\/wp-json\/wp\/v2\/comments?post=44"}],"version-history":[{"count":10,"href":"https:\/\/rcm1.rcm.upr.edu\/sp\/wp-json\/wp\/v2\/pages\/44\/revisions"}],"predecessor-version":[{"id":5811,"href":"https:\/\/rcm1.rcm.upr.edu\/sp\/wp-json\/wp\/v2\/pages\/44\/revisions\/5811"}],"wp:attachment":[{"href":"https:\/\/rcm1.rcm.upr.edu\/sp\/wp-json\/wp\/v2\/media?parent=44"}],"curies":[{"name":"wp","href":"https:\/\/api.w.org\/{rel}","templated":true}]}}