{"id":46,"date":"2016-05-09T14:18:56","date_gmt":"2016-05-09T14:18:56","guid":{"rendered":"http:\/\/127.0.0.1\/rcm\/sp\/asuntos-estudiantiles\/admisiones\/costos\/"},"modified":"2023-11-15T19:19:22","modified_gmt":"2023-11-15T19:19:22","slug":"costos","status":"publish","type":"page","link":"https:\/\/rcm1.rcm.upr.edu\/sp\/asuntos-estudiantiles\/admisiones\/costos\/","title":{"rendered":"Costos"},"content":{"rendered":"<section class=\"wpb-content-wrapper\"><p>[vc_row][vc_column][vc_column_text]<\/p>\n<table width=\"654\">\n<tbody>\n<tr>\n<td width=\"390\"><strong><u>Programa<\/u><\/strong><\/td>\n<td width=\"114\">\n<p style=\"text-align: center;\"><strong>Grado<\/strong><\/p>\n<\/td>\n<td width=\"150\">\n<p style=\"text-align: center;\"><strong>Costo por Cr\u00e9dito<\/strong><\/p>\n<\/td>\n<\/tr>\n<tr>\n<td width=\"390\">Demograf\u00eda<\/td>\n<td width=\"114\">\n<p style=\"text-align: center;\">Maestr\u00eda<\/p>\n<\/td>\n<td width=\"150\">\n<p style=\"text-align: center;\">$ 205.00<\/p>\n<\/td>\n<\/tr>\n<tr>\n<td width=\"390\">Administraci\u00f3n Servicios de Salud<\/td>\n<td width=\"114\">\n<p style=\"text-align: center;\">Maestr\u00eda<\/p>\n<\/td>\n<td width=\"150\">\n<p style=\"text-align: center;\">$ 215.00<\/p>\n<\/td>\n<\/tr>\n<tr>\n<td width=\"390\">Salud P\u00fablica<\/td>\n<td width=\"114\">\n<p style=\"text-align: center;\">Maestr\u00eda<\/p>\n<\/td>\n<td width=\"150\">\n<p style=\"text-align: center;\">$ 205.00<\/p>\n<\/td>\n<\/tr>\n<tr>\n<td width=\"390\">Salud P\u00fablica\u2010Salud Ambiental<\/td>\n<td width=\"114\">\n<p style=\"text-align: center;\">DrPH<\/p>\n<\/td>\n<td width=\"150\">\n<p style=\"text-align: center;\">$ 290.00<\/p>\n<\/td>\n<\/tr>\n<tr>\n<td width=\"390\">Nutrici\u00f3n<\/td>\n<td width=\"114\">\n<p style=\"text-align: center;\">Maestr\u00eda<\/p>\n<\/td>\n<td width=\"150\">\n<p style=\"text-align: center;\">$ 205.00<\/p>\n<\/td>\n<\/tr>\n<tr>\n<td width=\"390\">Salud Ambiental<\/td>\n<td width=\"114\">\n<p style=\"text-align: center;\">Maestr\u00eda<\/p>\n<\/td>\n<td width=\"150\">\n<p style=\"text-align: center;\">$ 205.00<\/p>\n<\/td>\n<\/tr>\n<tr>\n<td width=\"390\">Educaci\u00f3n en Salud P\u00fablica<\/td>\n<td width=\"114\">\n<p style=\"text-align: center;\">Maestr\u00eda<\/p>\n<\/td>\n<td width=\"150\">\n<p style=\"text-align: center;\">$ 205.00<\/p>\n<\/td>\n<\/tr>\n<tr>\n<td width=\"390\">Investigaci\u00f3n Evaluativa<\/td>\n<td width=\"114\">\n<p style=\"text-align: center;\">Maestr\u00eda<\/p>\n<\/td>\n<td width=\"150\">\n<p style=\"text-align: center;\">$ 205.00<\/p>\n<\/td>\n<\/tr>\n<tr>\n<td width=\"390\">Epidemiolog\u00eda<\/td>\n<td width=\"114\">\n<p style=\"text-align: center;\">Maestr\u00eda<\/p>\n<\/td>\n<td width=\"150\">\n<p style=\"text-align: center;\">$ 205.00<\/p>\n<\/td>\n<\/tr>\n<tr>\n<td width=\"390\">Ciencias Epidemiolog\u00eda<\/td>\n<td width=\"114\">\n<p style=\"text-align: center;\">Maestr\u00eda<\/p>\n<\/td>\n<td width=\"150\">\n<p style=\"text-align: center;\">$ 205.00<\/p>\n<\/td>\n<\/tr>\n<tr>\n<td width=\"390\">Bioestad\u00edstica<\/td>\n<td width=\"114\">\n<p style=\"text-align: center;\">Maestr\u00eda<\/p>\n<\/td>\n<td width=\"150\">\n<p style=\"text-align: center;\">$ 205.00<\/p>\n<\/td>\n<\/tr>\n<tr>\n<td width=\"390\">Higiene Industrial<\/td>\n<td width=\"114\">\n<p style=\"text-align: center;\">Maestr\u00eda<\/p>\n<\/td>\n<td width=\"150\">\n<p style=\"text-align: center;\">$ 205.00<\/p>\n<\/td>\n<\/tr>\n<tr>\n<td width=\"390\">Salud P\u00fablica\u2010Sistema de Salud y Gerencia<\/td>\n<td width=\"114\">\n<p style=\"text-align: center;\">DrPH<\/p>\n<\/td>\n<td width=\"150\">\n<p style=\"text-align: center;\">$ 290.00<\/p>\n<\/td>\n<\/tr>\n<tr>\n<td width=\"390\">Salud P\u00fablica\u2010Determinantes Sociales de la Salud<\/td>\n<td width=\"114\">\n<p style=\"text-align: center;\">DrPH<\/p>\n<\/td>\n<td width=\"150\">\n<p style=\"text-align: center;\">$ 290.00<\/p>\n<\/td>\n<\/tr>\n<tr>\n<td width=\"390\">Gerontolog\u00eda<\/td>\n<td width=\"114\">\n<p style=\"text-align: center;\">Maestr\u00eda<\/p>\n<\/td>\n<td width=\"150\">\n<p style=\"text-align: center;\">$ 205.00<\/p>\n<\/td>\n<\/tr>\n<tr>\n<td width=\"390\">Intervenci\u00f3n Temprana-Deficiencias en el Desarrollo<\/td>\n<td width=\"114\">\n<p style=\"text-align: center;\">Maestr\u00eda<\/p>\n<\/td>\n<td width=\"150\">\n<p style=\"text-align: center;\">$ 205.00<\/p>\n<\/td>\n<\/tr>\n<\/tbody>\n<\/table>\n<p>[\/vc_column_text][vc_empty_space][vc_column_text]<\/p>\n<p data-ogsc=\"rgb(0, 0, 0)\">Para costos relacionados con cuotas y otros gastos, favor de comunicarse con la Dra. Yiselly V\u00e1zquez Guzm\u00e1n, Decana Auxiliar para Asuntos Estudiantiles de la Escuela Graduada de Salud P\u00fablica a <a href=\"mailto:yiselly.vazquez@upr.edu\" target=\"_blank\" rel=\"noopener\">yiselly.vazquez@upr.edu<\/a>.<\/p>\n<p>[\/vc_column_text][\/vc_column][\/vc_row]<\/p>\n<\/section>","protected":false},"excerpt":{"rendered":"<p>[vc_row][vc_column][vc_column_text] Programa Grado Costo por Cr\u00e9dito Demograf\u00eda Maestr\u00eda $ 205.00 Administraci\u00f3n Servicios de Salud Maestr\u00eda $ 215.00 Salud P\u00fablica Maestr\u00eda $ 205.00 Salud P\u00fablica\u2010Salud Ambiental DrPH $ 290.00 Nutrici\u00f3n Maestr\u00eda $ 205.00 Salud Ambiental Maestr\u00eda $ 205.00 Educaci\u00f3n en Salud P\u00fablica Maestr\u00eda $ 205.00 Investigaci\u00f3n Evaluativa Maestr\u00eda $ 205.00 Epidemiolog\u00eda Maestr\u00eda $ 205.00 Ciencias Epidemiolog\u00eda&hellip;<\/p>\n","protected":false},"author":1,"featured_media":0,"parent":205,"menu_order":0,"comment_status":"closed","ping_status":"closed","template":"template-microsite.php","meta":{"footnotes":""},"class_list":["post-46","page","type-page","status-publish","hentry","description-off"],"jetpack_sharing_enabled":true,"_links":{"self":[{"href":"https:\/\/rcm1.rcm.upr.edu\/sp\/wp-json\/wp\/v2\/pages\/46","targetHints":{"allow":["GET"]}}],"collection":[{"href":"https:\/\/rcm1.rcm.upr.edu\/sp\/wp-json\/wp\/v2\/pages"}],"about":[{"href":"https:\/\/rcm1.rcm.upr.edu\/sp\/wp-json\/wp\/v2\/types\/page"}],"author":[{"embeddable":true,"href":"https:\/\/rcm1.rcm.upr.edu\/sp\/wp-json\/wp\/v2\/users\/1"}],"replies":[{"embeddable":true,"href":"https:\/\/rcm1.rcm.upr.edu\/sp\/wp-json\/wp\/v2\/comments?post=46"}],"version-history":[{"count":2,"href":"https:\/\/rcm1.rcm.upr.edu\/sp\/wp-json\/wp\/v2\/pages\/46\/revisions"}],"predecessor-version":[{"id":5514,"href":"https:\/\/rcm1.rcm.upr.edu\/sp\/wp-json\/wp\/v2\/pages\/46\/revisions\/5514"}],"up":[{"embeddable":true,"href":"https:\/\/rcm1.rcm.upr.edu\/sp\/wp-json\/wp\/v2\/pages\/205"}],"wp:attachment":[{"href":"https:\/\/rcm1.rcm.upr.edu\/sp\/wp-json\/wp\/v2\/media?parent=46"}],"curies":[{"name":"wp","href":"https:\/\/api.w.org\/{rel}","templated":true}]}}