{"id":4733,"date":"2022-09-23T15:46:11","date_gmt":"2022-09-23T15:46:11","guid":{"rendered":"https:\/\/sp.rcm.upr.edu\/?page_id=4733"},"modified":"2025-03-04T17:41:26","modified_gmt":"2025-03-04T17:41:26","slug":"madres-y-ninez","status":"publish","type":"page","link":"https:\/\/rcm1.rcm.upr.edu\/sp\/madres-y-ninez\/","title":{"rendered":"Certificado de Estudios Profesionales en Salud de la Madre y la Ni\u00f1ez"},"content":{"rendered":"<section class=\"wpb-content-wrapper\"><p>[vc_row][vc_column][vc_column_text]<\/p>\n<h3><img loading=\"lazy\" decoding=\"async\" class=\"aligncenter wp-image-4744 size-full\" src=\"https:\/\/rcm1.rcm.upr.edu\/sp\/wp-content\/uploads\/2022\/09\/SMN.jpg\" alt=\"\" width=\"1666\" height=\"339\" srcset=\"https:\/\/rcm1.rcm.upr.edu\/sp\/wp-content\/uploads\/2022\/09\/SMN.jpg 1666w, https:\/\/rcm1.rcm.upr.edu\/sp\/wp-content\/uploads\/2022\/09\/SMN-300x61.jpg 300w, https:\/\/rcm1.rcm.upr.edu\/sp\/wp-content\/uploads\/2022\/09\/SMN-1024x208.jpg 1024w, https:\/\/rcm1.rcm.upr.edu\/sp\/wp-content\/uploads\/2022\/09\/SMN-768x156.jpg 768w, https:\/\/rcm1.rcm.upr.edu\/sp\/wp-content\/uploads\/2022\/09\/SMN-1536x313.jpg 1536w\" sizes=\"auto, (max-width: 1666px) 100vw, 1666px\" \/><\/h3>\n<p>[\/vc_column_text][\/vc_column][\/vc_row][vc_row][vc_column][vc_column_text]<\/p>\n<h3><strong>\u00bfQu\u00e9 es el Certificado de Estudios Profesionales en Salud de la Madre y la Ni\u00f1ez?<\/strong><\/h3>\n<p>[\/vc_column_text][vc_column_text]Este ofrecimiento de estudios profesionales es completamente en l\u00ednea permitiendo de este modo un m\u00e1ximo de comodidad y conveniencia para el estudiante interesado. El curr\u00edculo est\u00e1 basado en competencias en liderato en Salud de la Madre y la Ni\u00f1ez por lo que capacita al estudiante con los conocimientos y destrezas necesarios para ser l\u00edder en la consecuci\u00f3n de una mejor salud a esta poblaci\u00f3n tan importante para la sociedad. El estudiante del programa deber\u00e1 tomar 17 cr\u00e9ditos trimestre en 3 trimestres con duraci\u00f3n total de un a\u00f1o. Estos incluir\u00e1n 5 cursos medulares en salud de la madre y la ni\u00f1ez y una electiva. El estudiante tiene un m\u00ednimo de 1 a\u00f1o y un m\u00e1ximo de 3 para completar el programa de estudios profesionales desde la fecha de inicio. Una vez obtenido el certificado, el egresado estar\u00e1 capacitado para incorporarse como un l\u00edder en el campo de la salud de la madre y la ni\u00f1ez.[\/vc_column_text][vc_empty_space][\/vc_column][\/vc_row][vc_row][vc_column width=&#8221;1\/4&#8243;][\/vc_column][vc_column width=&#8221;1\/2&#8243;][vc_raw_js]JTNDaWZyYW1lJTIwd2lkdGglM0QlMjI1NjAlMjIlMjBoZWlnaHQlM0QlMjIzMTUlMjIlMjBzcmMlM0QlMjJodHRwcyUzQSUyRiUyRnd3dy55b3V0dWJlLmNvbSUyRmVtYmVkJTJGNzcwaE1LdjZTVDglMjIlMjB0aXRsZSUzRCUyMllvdVR1YmUlMjB2aWRlbyUyMHBsYXllciUyMiUyMGZyYW1lYm9yZGVyJTNEJTIyMCUyMiUyMGFsbG93JTNEJTIyYWNjZWxlcm9tZXRlciUzQiUyMGF1dG9wbGF5JTNCJTIwY2xpcGJvYXJkLXdyaXRlJTNCJTIwZW5jcnlwdGVkLW1lZGlhJTNCJTIwZ3lyb3Njb3BlJTNCJTIwcGljdHVyZS1pbi1waWN0dXJlJTIyJTIwYWxsb3dmdWxsc2NyZWVuJTNFJTNDJTJGaWZyYW1lJTNF[\/vc_raw_js][vc_empty_space][\/vc_column][vc_column width=&#8221;1\/4&#8243;][\/vc_column][\/vc_row][vc_row][vc_column][vc_column_text]<\/p>\n<h3><strong>\u00bfCu\u00e1les son los objetivos del Certificado de Estudios Profesionales en Salud de la Madre y la Ni\u00f1ez?<\/strong><\/h3>\n<p>[\/vc_column_text][vc_column_text]<img loading=\"lazy\" decoding=\"async\" class=\"aligncenter wp-image-4745 \" src=\"https:\/\/rcm1.rcm.upr.edu\/sp\/wp-content\/uploads\/2022\/09\/Pregnant.jpg\" alt=\"\" width=\"425\" height=\"173\" srcset=\"https:\/\/rcm1.rcm.upr.edu\/sp\/wp-content\/uploads\/2022\/09\/Pregnant.jpg 847w, https:\/\/rcm1.rcm.upr.edu\/sp\/wp-content\/uploads\/2022\/09\/Pregnant-300x122.jpg 300w, https:\/\/rcm1.rcm.upr.edu\/sp\/wp-content\/uploads\/2022\/09\/Pregnant-768x312.jpg 768w\" sizes=\"auto, (max-width: 425px) 100vw, 425px\" \/>[\/vc_column_text][vc_column_text]Tiene como prop\u00f3sito fundamental desarrollar profesionales de la salud con capacidad de liderazgo, capaces de analizar los determinantes biopsicosociales de la situaci\u00f3n de salud de las madres y sus hijos con el fin de articular un sistema de atenci\u00f3n basado en los fundamentos del sistema de desarrollo social existente y futuro del pa\u00eds (educaci\u00f3n, servicios sociales y agencias de la comunidad), y para aumentar los nuevos conocimientos de la atenci\u00f3n de salud materno infantil a trav\u00e9s de la investigaci\u00f3n aplicada, la intercesi\u00f3n, la educaci\u00f3n permanente, la prestaci\u00f3n de asistencia t\u00e9cnica, asesoramiento profesional, y la difusi\u00f3n de informaci\u00f3n. Al finalizar el certificado de estudios profesionales en Salud de la Madre y la Ni\u00f1ez los profesionales de la salud podr\u00e1n:<\/p>\n<ul>\n<li>Analizar los aspectos fundamentales de la salud materno infantil, con especial \u00e9nfasis en los asuntos sociales, econ\u00f3micos, culturales, demogr\u00e1ficos y ambientales que influyen en el acceso a los servicios de salud a las poblaciones de las madres y la ni\u00f1ez.<\/li>\n<li>Proponer cambios y nuevos servicios de salud para atender las necesidades espec\u00edficas del grupo poblacional de las madres y la ni\u00f1ez.<\/li>\n<li>Discutir los temas relevantes a la salud reproductiva de las mujeres, los hombres y la salud perinatal en el contexto de la pol\u00edtica de salud p\u00fablica, la planificaci\u00f3n basada en la comunidad, y la toma de decisiones \u00e9ticas que aseguren un sistema de prestaci\u00f3n de servicios de salud culturalmente sensible.<\/li>\n<li>Aplicar los aspectos bio\u00e9ticos relacionados con la salud de la madre y la ni\u00f1ez desde las principales filosof\u00edas, principios, teor\u00edas y normas \u00e9ticas que se utilizan como base para la soluci\u00f3n de los debates de las pol\u00edticas de salud p\u00fablica considerando la cultura y los valores de las comunidades.<\/li>\n<li>Aplicar destrezas de investigaci\u00f3n para generar informaci\u00f3n basada en resultados que apoyen las acciones dirigidas a mejorar su salud y bienestar de la madre y la ni\u00f1ez.<\/li>\n<li>Promover el an\u00e1lisis cr\u00edtico y la elaboraci\u00f3n de pol\u00edticas dirigidas a defender los derechos que posee la poblaci\u00f3n de madres y la ni\u00f1ez a recibir servicios de salud de calidad.<\/li>\n<li>Desarrollar destrezas para ejercer como educadores, asesores y consultores de otros profesionales en la investigaci\u00f3n, desarrollo de pol\u00edticas, planificaci\u00f3n, organizaci\u00f3n y direcci\u00f3n de programas de servicios dirigidos a mejorar la salud y el bienestar de la madre y la ni\u00f1ez.<\/li>\n<\/ul>\n<p>[\/vc_column_text][vc_empty_space][\/vc_column][\/vc_row][vc_row][vc_column][vc_column_text]<\/p>\n<h3><strong>\u00bfQui\u00e9nes pueden solicitar el Certificado?<\/strong><\/h3>\n<p>[\/vc_column_text][vc_column_text]<img loading=\"lazy\" decoding=\"async\" class=\"aligncenter wp-image-4746 \" src=\"https:\/\/rcm1.rcm.upr.edu\/sp\/wp-content\/uploads\/2022\/09\/Baby-1024x463.jpg\" alt=\"\" width=\"425\" height=\"192\" srcset=\"https:\/\/rcm1.rcm.upr.edu\/sp\/wp-content\/uploads\/2022\/09\/Baby-1024x463.jpg 1024w, https:\/\/rcm1.rcm.upr.edu\/sp\/wp-content\/uploads\/2022\/09\/Baby-300x136.jpg 300w, https:\/\/rcm1.rcm.upr.edu\/sp\/wp-content\/uploads\/2022\/09\/Baby-768x347.jpg 768w, https:\/\/rcm1.rcm.upr.edu\/sp\/wp-content\/uploads\/2022\/09\/Baby.jpg 1280w\" sizes=\"auto, (max-width: 425px) 100vw, 425px\" \/>[\/vc_column_text][vc_column_text]Este Certificado est\u00e1 dirigido a cualquier profesional que atienda temas relacionados con la salud de la madre y la ni\u00f1ez. Los candidatos a admisi\u00f3n al Certificado de Estudios Profesionales en Salud de la Madre y la Ni\u00f1ez se evaluar\u00e1n de acuerdo con los siguientes criterios:<\/p>\n<ul>\n<li>Poseer un grado de bachillerato o su equivalente en otros pa\u00edses, seg\u00fan determinado por el Registrador del Recinto de Ciencias M\u00e9dicas, de una universidad certificada como instituci\u00f3n de educaci\u00f3n superior con un promedio general recomendado de 2.85 o m\u00e1s (de una escala m\u00e1xima de 4.00).<\/li>\n<li>Asistir a una entrevista virtual o telef\u00f3nica individual con la facultad del Certificado de Estudios Profesionales en Salud de la Madre y la Ni\u00f1ez.<\/li>\n<li>Someter dos cartas de recomendaci\u00f3n que evidencien la ejecutoria acad\u00e9mica y profesional del candidato (su experiencia de trabajo y\/o participaci\u00f3n en proyectos de investigaci\u00f3n y\/o servicio). Las cartas de recomendaci\u00f3n deben tener el logo o timbre de la entidad u organizaci\u00f3n donde labora la persona que hace la recomendaci\u00f3n, as\u00ed como su firma.<\/li>\n<li>Radicar la solicitud de admisi\u00f3n en o antes de la fecha l\u00edmite establecida por el programa: 15 de mayo de 2025.<\/li>\n<li>Poseer dominio del idioma espa\u00f1ol; se requiere, adem\u00e1s, habilidad para leer y comprender el idioma ingl\u00e9s.<\/li>\n<li>Haber aprobado un curso de tres cr\u00e9ditos de \u00e1lgebra y un curso de estad\u00edstica o bioestad\u00edstica a nivel universitario.<\/li>\n<li>Presentar un breve ensayo en el que se explique el inter\u00e9s y compromiso del candidato con el tema y la aplicaci\u00f3n profesional que har\u00e1 de las competencias en salud de la madre y la ni\u00f1ez que desarrolle en los cursos.<\/li>\n<li>Los cursos son completamente en l\u00ednea por lo que se requiere que el\/la estudiante tenga una computadora personal, con c\u00e1mara y auriculares con micr\u00f3fono integrado, acceso completo a Internet de alta velocidad que cumpla con los requisitos necesarios para una aula virtual con velocidad m\u00ednima de 356 Kbps y una sugerida de 1\u202fMbps.<\/li>\n<li>Debe tener dominio del uso de su computadora y estar familiarizado con el uso de las aplicaciones b\u00e1sicas de las computadoras personales.<\/li>\n<\/ul>\n<p>[\/vc_column_text][vc_column_text]Descarga el cat\u00e1logo del programa:<br \/>\n<a href=\"https:\/\/rcm1.rcm.upr.edu\/sp\/wp-content\/uploads\/2025\/03\/BoletinInformativoMCH_2025-26pdf.pdf\" target=\"_blank\" rel=\"noopener\">Bolet\u00edn Informativo &#8211; Certificado de Estudios Profesionales en Salud de la Madre y la Ni\u00f1ez<\/a><\/p>\n<p>Para radicar su solicitud favor acceder:<br \/>\n<a href=\"https:\/\/docs.google.com\/forms\/d\/e\/1FAIpQLSeMZamamQbplx4CTHXdIJwmjd-DBOm7808PAFaU6P-kv51gXQ\/viewform\" target=\"_blank\" rel=\"noopener\">Solicitud &#8211; Certificado de Estudios Profesionales en Salud de la Madre y la Ni\u00f1ez<\/a>[\/vc_column_text][vc_empty_space][\/vc_column][\/vc_row][vc_row][vc_column][vc_column_text]<\/p>\n<h3><strong>Curr\u00edculo y Calendario<br \/>\n<\/strong><\/h3>\n<p>[\/vc_column_text][vc_column_text]Total de cr\u00e9ditos trimestrales: 17<\/p>\n<table width=\"726\">\n<tbody>\n<tr>\n<td width=\"102\"><strong>Trimestre<\/strong><\/td>\n<td width=\"540\"><strong>Cursos<\/strong><\/td>\n<td width=\"84\"><strong>Cr\u00e9ditos<\/strong><\/td>\n<\/tr>\n<tr>\n<td rowspan=\"2\" width=\"102\">Primer Trimestre<\/td>\n<td width=\"540\">SALP 6601 Fundamentos de la Salud de la Madre y la Ni\u00f1ez<\/td>\n<td width=\"84\">3 cr\u00e9ditos<\/td>\n<\/tr>\n<tr>\n<td width=\"540\">SALP 6602 Salud reproductiva<\/td>\n<td width=\"84\">3 cr\u00e9ditos<\/td>\n<\/tr>\n<tr>\n<td rowspan=\"2\" width=\"102\">Segundo Trimestre<\/td>\n<td width=\"540\">SALP 6606 Seminario en salud de la madre y la ni\u00f1ez<\/td>\n<td width=\"84\">2 cr\u00e9ditos<\/td>\n<\/tr>\n<tr>\n<td width=\"540\">SALP 6604 Aspectos bio\u00e9ticos en salud de la madre y la ni\u00f1ez<\/td>\n<td width=\"84\">3 cr\u00e9ditos<\/td>\n<\/tr>\n<tr>\n<td rowspan=\"4\" width=\"102\">Tercer Trimestre<\/td>\n<td width=\"540\">SALP 6603 Pol\u00edtica P\u00fablica y abogac\u00eda para las mujeres, la ni\u00f1ez y la familia<\/td>\n<td width=\"84\">3 cr\u00e9ditos<\/td>\n<\/tr>\n<tr>\n<td colspan=\"2\" width=\"624\">\n<p>Electiva en Salud de la Madre y la Ni\u00f1ez*<\/p>\n<p>&nbsp;<\/p>\n<p>*Seleccionar una entre las siguientes:<\/td>\n<\/tr>\n<tr>\n<td width=\"540\">SALP 6605 Lactaci\u00f3n humana y salud p\u00fablica<\/td>\n<td width=\"84\">3 cr\u00e9ditos<\/td>\n<\/tr>\n<tr>\n<td width=\"540\">SALP 6515 Educaci\u00f3n para la mujer y su familia: Embarazo y Parto Saludable y Seguro<\/td>\n<td width=\"84\">3 cr\u00e9ditos<\/td>\n<\/tr>\n<\/tbody>\n<\/table>\n<p>[\/vc_column_text][vc_empty_space][vc_column_text]<\/p>\n<h3><strong>Costos<\/strong><\/h3>\n<p>[\/vc_column_text][vc_column_text]El costo por cr\u00e9dito es de $205 para un total de $3,485. Los pagos se har\u00e1n en la matr\u00edcula trimestralmente. Los pagos se har\u00e1n en la matr\u00edcula trimestralmente y hay oportunidad para acogerse a pr\u00f3rroga o el plan de pago que ofrece la UPR para sus estudiantes regulares.[\/vc_column_text][vc_empty_space][vc_column_text]<\/p>\n<h3><strong>Contacto<\/strong><\/h3>\n<p>[\/vc_column_text][vc_column_text]Para informaci\u00f3n adicional escr\u00edbenos a:<\/p>\n<p><strong data-ogsb=\"white\">Ana M. Parrilla Rodr\u00edguez<\/strong><br aria-hidden=\"true\" \/><em data-ogsb=\"white\">Catedr\u00e1tica<\/em><br aria-hidden=\"true\" \/><span data-ogsb=\"white\">ana.parrilla@upr.edu<\/span><\/p>\n<p>&nbsp;<\/p>\n<p>S\u00edguenos en las redes sociales:[\/vc_column_text][\/vc_column][\/vc_row][vc_row][vc_column width=&#8221;1\/3&#8243;][vc_column_text]<img loading=\"lazy\" decoding=\"async\" class=\"wp-image-4749 aligncenter\" src=\"https:\/\/rcm1.rcm.upr.edu\/sp\/wp-content\/uploads\/2022\/09\/facebook-150x150.png\" alt=\"\" width=\"100\" height=\"100\" srcset=\"https:\/\/rcm1.rcm.upr.edu\/sp\/wp-content\/uploads\/2022\/09\/facebook-150x150.png 150w, https:\/\/rcm1.rcm.upr.edu\/sp\/wp-content\/uploads\/2022\/09\/facebook-300x300.png 300w, https:\/\/rcm1.rcm.upr.edu\/sp\/wp-content\/uploads\/2022\/09\/facebook.png 512w\" sizes=\"auto, (max-width: 100px) 100vw, 100px\" \/>[\/vc_column_text][\/vc_column][vc_column width=&#8221;1\/3&#8243;][vc_column_text]<img loading=\"lazy\" decoding=\"async\" class=\"wp-image-4747 aligncenter\" src=\"https:\/\/rcm1.rcm.upr.edu\/sp\/wp-content\/uploads\/2022\/09\/twitter-150x150.png\" alt=\"\" width=\"100\" height=\"100\" srcset=\"https:\/\/rcm1.rcm.upr.edu\/sp\/wp-content\/uploads\/2022\/09\/twitter-150x150.png 150w, https:\/\/rcm1.rcm.upr.edu\/sp\/wp-content\/uploads\/2022\/09\/twitter-300x300.png 300w, https:\/\/rcm1.rcm.upr.edu\/sp\/wp-content\/uploads\/2022\/09\/twitter.png 512w\" sizes=\"auto, (max-width: 100px) 100vw, 100px\" \/>[\/vc_column_text][\/vc_column][vc_column width=&#8221;1\/3&#8243;][vc_column_text]<a href=\"https:\/\/www.instagram.com\/mch.upr\/\"><img loading=\"lazy\" decoding=\"async\" class=\"wp-image-4748 aligncenter\" src=\"https:\/\/rcm1.rcm.upr.edu\/sp\/wp-content\/uploads\/2022\/09\/instagram-150x150.png\" alt=\"\" width=\"100\" height=\"100\" srcset=\"https:\/\/rcm1.rcm.upr.edu\/sp\/wp-content\/uploads\/2022\/09\/instagram-150x150.png 150w, https:\/\/rcm1.rcm.upr.edu\/sp\/wp-content\/uploads\/2022\/09\/instagram-300x300.png 300w, https:\/\/rcm1.rcm.upr.edu\/sp\/wp-content\/uploads\/2022\/09\/instagram.png 512w\" sizes=\"auto, (max-width: 100px) 100vw, 100px\" \/><\/a>[\/vc_column_text][\/vc_column][\/vc_row]<\/p>\n<\/section>","protected":false},"excerpt":{"rendered":"<p>[vc_row][vc_column][vc_column_text] [\/vc_column_text][\/vc_column][\/vc_row][vc_row][vc_column][vc_column_text] \u00bfQu\u00e9 es el Certificado de Estudios Profesionales en Salud de la Madre y la Ni\u00f1ez? [\/vc_column_text][vc_column_text]Este ofrecimiento de estudios profesionales es completamente en l\u00ednea permitiendo de este modo un m\u00e1ximo de comodidad y conveniencia para el estudiante interesado. El curr\u00edculo est\u00e1 basado en competencias en liderato en Salud de la Madre y la&hellip;<\/p>\n","protected":false},"author":1,"featured_media":0,"parent":0,"menu_order":0,"comment_status":"closed","ping_status":"closed","template":"template-microsite.php","meta":{"footnotes":""},"class_list":["post-4733","page","type-page","status-publish","hentry","description-off"],"jetpack_sharing_enabled":true,"_links":{"self":[{"href":"https:\/\/rcm1.rcm.upr.edu\/sp\/wp-json\/wp\/v2\/pages\/4733","targetHints":{"allow":["GET"]}}],"collection":[{"href":"https:\/\/rcm1.rcm.upr.edu\/sp\/wp-json\/wp\/v2\/pages"}],"about":[{"href":"https:\/\/rcm1.rcm.upr.edu\/sp\/wp-json\/wp\/v2\/types\/page"}],"author":[{"embeddable":true,"href":"https:\/\/rcm1.rcm.upr.edu\/sp\/wp-json\/wp\/v2\/users\/1"}],"replies":[{"embeddable":true,"href":"https:\/\/rcm1.rcm.upr.edu\/sp\/wp-json\/wp\/v2\/comments?post=4733"}],"version-history":[{"count":4,"href":"https:\/\/rcm1.rcm.upr.edu\/sp\/wp-json\/wp\/v2\/pages\/4733\/revisions"}],"predecessor-version":[{"id":5688,"href":"https:\/\/rcm1.rcm.upr.edu\/sp\/wp-json\/wp\/v2\/pages\/4733\/revisions\/5688"}],"wp:attachment":[{"href":"https:\/\/rcm1.rcm.upr.edu\/sp\/wp-json\/wp\/v2\/media?parent=4733"}],"curies":[{"name":"wp","href":"https:\/\/api.w.org\/{rel}","templated":true}]}}