{"id":50,"date":"2016-05-09T14:18:56","date_gmt":"2016-05-09T14:18:56","guid":{"rendered":"http:\/\/127.0.0.1\/rcm\/sp\/asuntos-academicos\/departamentos-academicos\/departamento-de-administracion-de-servicios-de-salud\/"},"modified":"2023-10-20T14:33:05","modified_gmt":"2023-10-20T14:33:05","slug":"departamento-de-administracion-de-servicios-de-salud","status":"publish","type":"page","link":"https:\/\/rcm1.rcm.upr.edu\/sp\/departamento-de-administracion-de-servicios-de-salud\/","title":{"rendered":"Departamento de Administraci\u00f3n de Servicios de Salud"},"content":{"rendered":"<section class=\"wpb-content-wrapper\"><p>[vc_row][vc_column][vc_column_text]El Departamento de Administraci\u00f3n de Servicios de Salud (ADSS) tiene los siguientes ofrecimientos acad\u00e9micos.<\/p>\n<p>&nbsp;<\/p>\n<ul>\n<li><a href=\"https:\/\/rcm1.rcm.upr.edu\/sp\/programas-academicos\/maestria-en-administracion-de-servicios-de-salud-mhsa\/\">Maestr\u00eda en Administraci\u00f3n de Servicios de Salud (MHSA)<\/a><\/li>\n<li><a href=\"https:\/\/rcm1.rcm.upr.edu\/sp\/programas-academicos\/maestria-en-ciencias-con-especialidad-en-investigacion-evaluativa-de-sistemas-de-salud-ms\/\">Maestr\u00eda en Ciencias con Especialidad en Investigaci\u00f3n Evaluativa de Sistemas de Salud (MS)<\/a> &#8211; <span style=\"color: #ff0000;\">No aceptar\u00e1 solicitudes de admisi\u00f3n dado que est\u00e1 en moratoria (Certificaci\u00f3n JG #30, 2020-2021)<\/span><\/li>\n<li><a href=\"https:\/\/rcm1.rcm.upr.edu\/sp\/programas-academicos\/maestria-en-salud-publica-general-diurno-vespertino-mph\/\">Maestr\u00eda en Salud P\u00fablica Programa General (diurno, vespertino) (MPH)<\/a><\/li>\n<li><a href=\"https:\/\/rcm1.rcm.upr.edu\/sp\/programas-academicos\/doctorado-en-salud-publica-con-especialidad-en-analisis-de-sistemas-de-salud-y-gerencia-drph-hsam\/\">Doctorado en Salud P\u00fablica con Especialidad en An\u00e1lisis de Sistemas de Salud y Gerencia (DrPH HSAM)<\/a><\/li>\n<\/ul>\n<p>[\/vc_column_text][\/vc_column][\/vc_row]<\/p>\n<\/section>","protected":false},"excerpt":{"rendered":"<p>[vc_row][vc_column][vc_column_text]El Departamento de Administraci\u00f3n de Servicios de Salud (ADSS) tiene los siguientes ofrecimientos acad\u00e9micos. &nbsp; Maestr\u00eda en Administraci\u00f3n de Servicios de Salud (MHSA) Maestr\u00eda en Ciencias con Especialidad en Investigaci\u00f3n Evaluativa de Sistemas de Salud (MS) &#8211; No aceptar\u00e1 solicitudes de admisi\u00f3n dado que est\u00e1 en moratoria (Certificaci\u00f3n JG #30, 2020-2021) Maestr\u00eda en Salud P\u00fablica&hellip;<\/p>\n","protected":false},"author":1,"featured_media":0,"parent":0,"menu_order":0,"comment_status":"closed","ping_status":"closed","template":"template-microsite.php","meta":{"footnotes":""},"class_list":["post-50","page","type-page","status-publish","hentry","description-off"],"jetpack_sharing_enabled":true,"_links":{"self":[{"href":"https:\/\/rcm1.rcm.upr.edu\/sp\/wp-json\/wp\/v2\/pages\/50","targetHints":{"allow":["GET"]}}],"collection":[{"href":"https:\/\/rcm1.rcm.upr.edu\/sp\/wp-json\/wp\/v2\/pages"}],"about":[{"href":"https:\/\/rcm1.rcm.upr.edu\/sp\/wp-json\/wp\/v2\/types\/page"}],"author":[{"embeddable":true,"href":"https:\/\/rcm1.rcm.upr.edu\/sp\/wp-json\/wp\/v2\/users\/1"}],"replies":[{"embeddable":true,"href":"https:\/\/rcm1.rcm.upr.edu\/sp\/wp-json\/wp\/v2\/comments?post=50"}],"version-history":[{"count":3,"href":"https:\/\/rcm1.rcm.upr.edu\/sp\/wp-json\/wp\/v2\/pages\/50\/revisions"}],"predecessor-version":[{"id":5478,"href":"https:\/\/rcm1.rcm.upr.edu\/sp\/wp-json\/wp\/v2\/pages\/50\/revisions\/5478"}],"wp:attachment":[{"href":"https:\/\/rcm1.rcm.upr.edu\/sp\/wp-json\/wp\/v2\/media?parent=50"}],"curies":[{"name":"wp","href":"https:\/\/api.w.org\/{rel}","templated":true}]}}