{"id":540,"date":"2016-05-26T11:43:14","date_gmt":"2016-05-26T15:43:14","guid":{"rendered":"http:\/\/127.0.0.1\/rcm\/sp\/asuntos-academicos\/facultad\/facultad-departamento-de-administracion-de-servicios-de-salud\/"},"modified":"2016-05-26T11:43:14","modified_gmt":"2016-05-26T15:43:14","slug":"facultad-departamento-de-administracion-de-servicios-de-salud","status":"publish","type":"page","link":"https:\/\/rcm1.rcm.upr.edu\/sp\/facultad-departamento-de-administracion-de-servicios-de-salud\/","title":{"rendered":"Facultad Departamento de Administraci\u00f3n de Servicios de Salud"},"content":{"rendered":"<table>\n<tbody>\n<tr>\n<td width=\"222\">\n<p style=\"text-align: center\"><strong>Facultad<\/strong><\/p>\n<\/td>\n<td width=\"102\">\n<p style=\"text-align: center\"><strong>T\u00edtulos<\/strong><\/p>\n<\/td>\n<td width=\"168\">\n<p style=\"text-align: center\"><strong>Rango<\/strong><\/p>\n<\/td>\n<td width=\"187\">\n<p style=\"text-align: center\"><strong>Correo Electr\u00f3nico<\/strong><\/p>\n<\/td>\n<\/tr>\n<tr>\n<td width=\"222\">\n<p style=\"text-align: center\">Albizu Garc\u00eda, Carmen E.<\/p>\n<\/td>\n<td style=\"text-align: center\" width=\"102\">MD<\/td>\n<td style=\"text-align: center\" width=\"168\">Catedr\u00e1tica<\/td>\n<td style=\"text-align: center\" width=\"187\">carmen.albizu@upr.edu<\/td>\n<\/tr>\n<tr>\n<td width=\"222\">\n<p style=\"text-align: center\">Hern\u00e1ndez Rivera, Griselle<\/p>\n<\/td>\n<td width=\"102\">\n<p style=\"text-align: center\">JD, MHSA<\/p>\n<\/td>\n<td width=\"168\">\n<p style=\"text-align: center\">Profesor Adjunto<\/p>\n<\/td>\n<td width=\"187\">\n<p style=\"text-align: center\">griselle.hernandez@upr.edu<\/p>\n<\/td>\n<\/tr>\n<tr>\n<td width=\"222\">\n<p style=\"text-align: center\">Mar\u00edn Centeno, Heriberto A.<\/p>\n<\/td>\n<td width=\"102\">\n<p style=\"text-align: center\">PhD, MA<\/p>\n<\/td>\n<td width=\"168\">\n<p style=\"text-align: center\">Catedr\u00e1tico<\/p>\n<\/td>\n<td width=\"187\">\n<p style=\"text-align: center\">heriberto.marin@upr.edu<\/p>\n<\/td>\n<\/tr>\n<tr>\n<td width=\"222\">\n<p style=\"text-align: center\">Pe\u00f1a Orellana, Marisol<\/p>\n<\/td>\n<td width=\"102\">\n<p style=\"text-align: center\">EdD, MSc<\/p>\n<\/td>\n<td width=\"168\">\n<p style=\"text-align: center\">Catedr\u00e1tica Asociada<\/p>\n<\/td>\n<td width=\"187\">\n<p style=\"text-align: center\">marisol.pena@upr.edu<\/p>\n<\/td>\n<\/tr>\n<tr>\n<td width=\"222\">\n<p style=\"text-align: center\">P\u00e9rez D\u00edaz, Jos\u00e9 M.<\/p>\n<\/td>\n<td style=\"text-align: center\" width=\"102\">PhD, MBA<\/td>\n<td style=\"text-align: center\" width=\"168\">Catedr\u00e1tico Asociado<\/td>\n<td width=\"187\">\n<p style=\"text-align: center\">jose.perezdiaz@upr.edu<\/p>\n<\/td>\n<\/tr>\n<tr>\n<td width=\"222\">\n<p style=\"text-align: center\">R\u00edos Motta, Ruth E.<\/p>\n<\/td>\n<td style=\"text-align: center\" width=\"102\">PhD, MS<\/td>\n<td style=\"text-align: center\" width=\"168\">Catedr\u00e1tica<\/td>\n<td style=\"text-align: center\" width=\"187\">ruth.rios2@upr.edu<\/td>\n<\/tr>\n<tr>\n<td style=\"text-align: center\" width=\"222\">Rivera Guti\u00e9rrez, Ralph<\/td>\n<td style=\"text-align: center\" width=\"102\">PhD, MSW<\/td>\n<td style=\"text-align: center\" width=\"168\">Catedr\u00e1tico<\/td>\n<td width=\"187\">\n<p style=\"text-align: center\">ralph.rivera@upr.edu<\/p>\n<\/td>\n<\/tr>\n<tr>\n<td width=\"222\">\n<p style=\"text-align: center\">Torres Cintr\u00f3n, Mariela<\/p>\n<\/td>\n<td style=\"text-align: center\" width=\"102\">PhD, MS<\/td>\n<td style=\"text-align: center\" width=\"168\">Catedr\u00e1tica Auxiliar<\/td>\n<td style=\"text-align: center\" width=\"187\">mariela.torres6@upr.edu<\/td>\n<\/tr>\n<tr>\n<td width=\"222\">\n<p style=\"text-align: center\">V\u00e1zquez Torres, Dharma<\/p>\n<\/td>\n<td width=\"102\">\n<p style=\"text-align: center\">PhD, MHSA<\/p>\n<\/td>\n<td width=\"168\">\n<p style=\"text-align: center\">Catedr\u00e1tica<\/p>\n<\/td>\n<td width=\"187\">\n<p style=\"text-align: center\">dharma.vazquez@upr.edu<\/p>\n<\/td>\n<\/tr>\n<tr>\n<td style=\"text-align: center\" width=\"222\">S\u00e1nchez Rodr\u00edguez, Ram\u00f3n E.<\/td>\n<td style=\"text-align: center\" width=\"102\">MD<\/td>\n<td style=\"text-align: center\" width=\"168\">Catedr\u00e1tico Asociado<\/td>\n<td width=\"187\">\n<p style=\"text-align: center\">ramon.sanchez4@upr.edu<\/p>\n<\/td>\n<\/tr>\n<\/tbody>\n<\/table>\n","protected":false},"excerpt":{"rendered":"<p>Facultad T\u00edtulos Rango Correo Electr\u00f3nico Albizu Garc\u00eda, Carmen E. MD Catedr\u00e1tica carmen.albizu@upr.edu Hern\u00e1ndez Rivera, Griselle JD, MHSA Profesor Adjunto griselle.hernandez@upr.edu Mar\u00edn Centeno, Heriberto A. PhD, MA Catedr\u00e1tico heriberto.marin@upr.edu Pe\u00f1a Orellana, Marisol EdD, MSc Catedr\u00e1tica Asociada marisol.pena@upr.edu P\u00e9rez D\u00edaz, Jos\u00e9 M. PhD, MBA Catedr\u00e1tico Asociado jose.perezdiaz@upr.edu R\u00edos Motta, Ruth E. PhD, MS Catedr\u00e1tica ruth.rios2@upr.edu Rivera Guti\u00e9rrez,&hellip;<\/p>\n","protected":false},"author":1,"featured_media":0,"parent":0,"menu_order":0,"comment_status":"closed","ping_status":"closed","template":"template-microsite.php","meta":{"footnotes":""},"class_list":["post-540","page","type-page","status-publish","hentry","description-off"],"jetpack_sharing_enabled":true,"_links":{"self":[{"href":"https:\/\/rcm1.rcm.upr.edu\/sp\/wp-json\/wp\/v2\/pages\/540","targetHints":{"allow":["GET"]}}],"collection":[{"href":"https:\/\/rcm1.rcm.upr.edu\/sp\/wp-json\/wp\/v2\/pages"}],"about":[{"href":"https:\/\/rcm1.rcm.upr.edu\/sp\/wp-json\/wp\/v2\/types\/page"}],"author":[{"embeddable":true,"href":"https:\/\/rcm1.rcm.upr.edu\/sp\/wp-json\/wp\/v2\/users\/1"}],"replies":[{"embeddable":true,"href":"https:\/\/rcm1.rcm.upr.edu\/sp\/wp-json\/wp\/v2\/comments?post=540"}],"version-history":[{"count":0,"href":"https:\/\/rcm1.rcm.upr.edu\/sp\/wp-json\/wp\/v2\/pages\/540\/revisions"}],"wp:attachment":[{"href":"https:\/\/rcm1.rcm.upr.edu\/sp\/wp-json\/wp\/v2\/media?parent=540"}],"curies":[{"name":"wp","href":"https:\/\/api.w.org\/{rel}","templated":true}]}}