{"id":56,"date":"2016-05-09T14:18:56","date_gmt":"2016-05-09T14:18:56","guid":{"rendered":"http:\/\/127.0.0.1\/rcm\/sp\/asuntos-academicos\/departamentos-academicos\/departamento-de-desarrollo-humano\/"},"modified":"2023-10-20T14:37:34","modified_gmt":"2023-10-20T14:37:34","slug":"departamento-de-desarrollo-humano","status":"publish","type":"page","link":"https:\/\/rcm1.rcm.upr.edu\/sp\/departamento-de-desarrollo-humano\/","title":{"rendered":"Departamento de Desarrollo Humano"},"content":{"rendered":"<section class=\"wpb-content-wrapper\"><p>[vc_row][vc_column][vc_column_text]El Departamento de Desarrollo Humano se compone de los siguientes programas y ofrecimientos:<\/p>\n<p>&nbsp;<\/p>\n<ul>\n<li class=\"menu-item menu-item-type-post_type menu-item-object-page menu-item-395 first\"><a href=\"https:\/\/rcm1.rcm.upr.edu\/sp\/programas-academicos\/certificado-graduado-en-deficiencias-en-el-desarrollo-intervencion-temprana-vespertino\/\">Certificado Graduado en Deficiencias en el Desarrollo-Intervenci\u00f3n Temprana (vespertino)<\/a><\/li>\n<li class=\"menu-item menu-item-type-post_type menu-item-object-page menu-item-396\"><a href=\"https:\/\/rcm1.rcm.upr.edu\/sp\/programas-academicos\/certificado-graduado-en-gerontologia-vespertino\/\">Certificado Graduado en Gerontolog\u00eda (vespertino)<\/a><\/li>\n<li class=\"menu-item menu-item-type-post_type menu-item-object-page menu-item-397\"><a href=\"https:\/\/rcm1.rcm.upr.edu\/sp\/programas-academicos\/maestria-en-ciencias-de-la-salud-con-especialidad-en-nutricion\/\">Maestr\u00eda en Ciencias de la Salud con Especialidad en Nutrici\u00f3n<\/a><\/li>\n<li class=\"menu-item menu-item-type-post_type menu-item-object-page menu-item-398\"><a href=\"https:\/\/rcm1.rcm.upr.edu\/sp\/programas-academicos\/maestria-en-salud-publica-con-especialidad-en-gerontologia-vespertino\/\">Maestr\u00eda en Salud P\u00fablica con Especialidad en Gerontolog\u00eda (vespertino)<\/a><\/li>\n<\/ul>\n<p>[\/vc_column_text][\/vc_column][\/vc_row]<\/p>\n<\/section>","protected":false},"excerpt":{"rendered":"<p>[vc_row][vc_column][vc_column_text]El Departamento de Desarrollo Humano se compone de los siguientes programas y ofrecimientos: &nbsp; Certificado Graduado en Deficiencias en el Desarrollo-Intervenci\u00f3n Temprana (vespertino) Certificado Graduado en Gerontolog\u00eda (vespertino) Maestr\u00eda en Ciencias de la Salud con Especialidad en Nutrici\u00f3n Maestr\u00eda en Salud P\u00fablica con Especialidad en Gerontolog\u00eda (vespertino) [\/vc_column_text][\/vc_column][\/vc_row]<\/p>\n","protected":false},"author":1,"featured_media":0,"parent":0,"menu_order":0,"comment_status":"closed","ping_status":"closed","template":"template-microsite.php","meta":{"footnotes":""},"class_list":["post-56","page","type-page","status-publish","hentry","description-off"],"jetpack_sharing_enabled":true,"_links":{"self":[{"href":"https:\/\/rcm1.rcm.upr.edu\/sp\/wp-json\/wp\/v2\/pages\/56","targetHints":{"allow":["GET"]}}],"collection":[{"href":"https:\/\/rcm1.rcm.upr.edu\/sp\/wp-json\/wp\/v2\/pages"}],"about":[{"href":"https:\/\/rcm1.rcm.upr.edu\/sp\/wp-json\/wp\/v2\/types\/page"}],"author":[{"embeddable":true,"href":"https:\/\/rcm1.rcm.upr.edu\/sp\/wp-json\/wp\/v2\/users\/1"}],"replies":[{"embeddable":true,"href":"https:\/\/rcm1.rcm.upr.edu\/sp\/wp-json\/wp\/v2\/comments?post=56"}],"version-history":[{"count":2,"href":"https:\/\/rcm1.rcm.upr.edu\/sp\/wp-json\/wp\/v2\/pages\/56\/revisions"}],"predecessor-version":[{"id":5483,"href":"https:\/\/rcm1.rcm.upr.edu\/sp\/wp-json\/wp\/v2\/pages\/56\/revisions\/5483"}],"wp:attachment":[{"href":"https:\/\/rcm1.rcm.upr.edu\/sp\/wp-json\/wp\/v2\/media?parent=56"}],"curies":[{"name":"wp","href":"https:\/\/api.w.org\/{rel}","templated":true}]}}