{"id":5665,"date":"2024-10-06T13:48:11","date_gmt":"2024-10-06T13:48:11","guid":{"rendered":"https:\/\/rcm1.rcm.upr.edu\/sp\/?page_id=5665"},"modified":"2024-10-18T19:03:16","modified_gmt":"2024-10-18T19:03:16","slug":"servicios-para-estudiantes","status":"publish","type":"page","link":"https:\/\/rcm1.rcm.upr.edu\/sp\/servicios-para-estudiantes\/","title":{"rendered":"Servicios para Estudiantes"},"content":{"rendered":"<section class=\"wpb-content-wrapper\"><p>[vc_row][vc_column][vc_column_text]El estudiantado de la Escuela Graduada de Salud P\u00fablica tiene acceso a servicios de psicolog\u00eda y consejer\u00eda cognitiva, emocional y acad\u00e9mica a trav\u00e9s del\u00a0<a href=\"https:\/\/nam02.safelinks.protection.outlook.com\/?url=https%3A%2F%2Frcm1.rcm.upr.edu%2Fconsejeriasicologia%2F&amp;data=05%7C02%7Cjose.sobrino%40upr.edu%7C7ff95198d15f4006e0fe08dce27b10ac%7C0dfa5dc0036f461599e494af822f2b84%7C0%7C0%7C638634265398643325%7CUnknown%7CTWFpbGZsb3d8eyJWIjoiMC4wLjAwMDAiLCJQIjoiV2luMzIiLCJBTiI6Ik1haWwiLCJXVCI6Mn0%3D%7C0%7C%7C%7C&amp;sdata=H0cZrooFj8FiuIuYV9u2AsjN2K4ae%2Be7WN1gQ%2FT6B%2F8%3D&amp;reserved=0\">Centro Estudiantil de Consejer\u00eda y Sicolog\u00eda<\/a><a href=\"https:\/\/nam02.safelinks.protection.outlook.com\/?url=https%3A%2F%2Frcm1.rcm.upr.edu%2Fconsejeriasicologia%2F&amp;data=05%7C02%7Cjose.sobrino%40upr.edu%7C7ff95198d15f4006e0fe08dce27b10ac%7C0dfa5dc0036f461599e494af822f2b84%7C0%7C0%7C638634265398657067%7CUnknown%7CTWFpbGZsb3d8eyJWIjoiMC4wLjAwMDAiLCJQIjoiV2luMzIiLCJBTiI6Ik1haWwiLCJXVCI6Mn0%3D%7C0%7C%7C%7C&amp;sdata=31XEAV7PSRFLm4R6LBOOzrw08YQIRyNJhBgs7xH0hGo%3D&amp;reserved=0\">\u00a0<\/a>(CECsi) del Recinto de Ciencias M\u00e9dicas. Para solicitar los servicios, pueden acceder a la informaci\u00f3n a continuaci\u00f3n.[\/vc_column_text][vc_single_image image=&#8221;5672&#8243; img_size=&#8221;full&#8221; alignment=&#8221;center&#8221;][\/vc_column][\/vc_row]<\/p>\n<\/section>","protected":false},"excerpt":{"rendered":"<p>[vc_row][vc_column][vc_column_text]El estudiantado de la Escuela Graduada de Salud P\u00fablica tiene acceso a servicios de psicolog\u00eda y consejer\u00eda cognitiva, emocional y acad\u00e9mica a trav\u00e9s del\u00a0Centro Estudiantil de Consejer\u00eda y Sicolog\u00eda\u00a0(CECsi) del Recinto de Ciencias M\u00e9dicas. Para solicitar los servicios, pueden acceder a la informaci\u00f3n a continuaci\u00f3n.[\/vc_column_text][vc_single_image image=&#8221;5672&#8243; img_size=&#8221;full&#8221; alignment=&#8221;center&#8221;][\/vc_column][\/vc_row]<\/p>\n","protected":false},"author":3,"featured_media":0,"parent":0,"menu_order":0,"comment_status":"closed","ping_status":"closed","template":"","meta":{"footnotes":""},"class_list":["post-5665","page","type-page","status-publish","hentry","description-off"],"jetpack_sharing_enabled":true,"_links":{"self":[{"href":"https:\/\/rcm1.rcm.upr.edu\/sp\/wp-json\/wp\/v2\/pages\/5665","targetHints":{"allow":["GET"]}}],"collection":[{"href":"https:\/\/rcm1.rcm.upr.edu\/sp\/wp-json\/wp\/v2\/pages"}],"about":[{"href":"https:\/\/rcm1.rcm.upr.edu\/sp\/wp-json\/wp\/v2\/types\/page"}],"author":[{"embeddable":true,"href":"https:\/\/rcm1.rcm.upr.edu\/sp\/wp-json\/wp\/v2\/users\/3"}],"replies":[{"embeddable":true,"href":"https:\/\/rcm1.rcm.upr.edu\/sp\/wp-json\/wp\/v2\/comments?post=5665"}],"version-history":[{"count":3,"href":"https:\/\/rcm1.rcm.upr.edu\/sp\/wp-json\/wp\/v2\/pages\/5665\/revisions"}],"predecessor-version":[{"id":5673,"href":"https:\/\/rcm1.rcm.upr.edu\/sp\/wp-json\/wp\/v2\/pages\/5665\/revisions\/5673"}],"wp:attachment":[{"href":"https:\/\/rcm1.rcm.upr.edu\/sp\/wp-json\/wp\/v2\/media?parent=5665"}],"curies":[{"name":"wp","href":"https:\/\/api.w.org\/{rel}","templated":true}]}}