{"id":590,"date":"2016-05-27T07:52:48","date_gmt":"2016-05-27T11:52:48","guid":{"rendered":"http:\/\/127.0.0.1\/rcm\/sp\/asuntos-academicos\/facultad\/facultad-departamento-de-bioestadistica-y-epidemiologia\/"},"modified":"2025-02-26T13:44:28","modified_gmt":"2025-02-26T13:44:28","slug":"facultad-departamento-de-bioestadistica-y-epidemiologia","status":"publish","type":"page","link":"https:\/\/rcm1.rcm.upr.edu\/sp\/facultad-departamento-de-bioestadistica-y-epidemiologia\/","title":{"rendered":"Facultad Departamento de Bioestad\u00edstica y Epidemiolog\u00eda"},"content":{"rendered":"<section class=\"wpb-content-wrapper\"><p>[vc_row][vc_column][vc_column_text]<\/p>\n<table>\n<tbody>\n<tr>\n<td width=\"192\">\n<p style=\"text-align: center;\"><strong>Facultad<\/strong><\/p>\n<\/td>\n<td width=\"84\">\n<p style=\"text-align: center;\"><strong>T\u00edtulos<\/strong><\/p>\n<\/td>\n<td width=\"156\">\n<p style=\"text-align: center;\"><strong>Rango<\/strong><\/p>\n<\/td>\n<td width=\"200\">\n<p style=\"text-align: center;\"><strong>Correo Electr\u00f3nico<\/strong><\/p>\n<\/td>\n<\/tr>\n<tr>\n<td width=\"192\">\n<p style=\"text-align: center;\">Amaya Ardila, Claudia P.<\/p>\n<\/td>\n<td style=\"text-align: center;\" width=\"84\">EdD, MS<\/td>\n<td style=\"text-align: center;\" width=\"156\">Catedr\u00e1tica Auxiliar<\/td>\n<td width=\"200\">\n<p style=\"text-align: center;\">claudia.amaya@upr.edu<\/p>\n<\/td>\n<\/tr>\n<tr>\n<td width=\"192\">\n<p style=\"text-align: center;\">Rosario Santos, Ang\u00e9lica M.<\/p>\n<\/td>\n<td style=\"text-align: center;\" width=\"84\">PhD<\/td>\n<td style=\"text-align: center;\" width=\"156\">Catedr\u00e1tica Auxiliar<\/td>\n<td style=\"text-align: center;\" width=\"200\">angelica.rosario2@upr.edu<\/td>\n<\/tr>\n<tr>\n<td style=\"text-align: center;\" width=\"192\">Col\u00f3n Jord\u00e1n, H\u00e9ctor<\/td>\n<td style=\"text-align: center;\" width=\"84\">PhD<\/td>\n<td style=\"text-align: center;\" width=\"156\">Catedr\u00e1tico Asociado<\/td>\n<td width=\"200\">\n<p style=\"text-align: center;\">hector.colon8@upr.edu<\/p>\n<\/td>\n<\/tr>\n<tr>\n<td width=\"192\">\n<p style=\"text-align: center;\">Nazario Delgado, Cruz M.<\/p>\n<\/td>\n<td style=\"text-align: center;\" width=\"84\">PhD, MS<\/td>\n<td style=\"text-align: center;\" width=\"156\">Catedr\u00e1tica<\/td>\n<td style=\"text-align: center;\" width=\"200\">cruz.nazario@upr.edu<\/td>\n<\/tr>\n<tr>\n<td style=\"text-align: center;\" width=\"192\">P\u00e9rez Cardona, Cynthia M.<\/td>\n<td style=\"text-align: center;\" width=\"84\">PhD, MS<\/td>\n<td style=\"text-align: center;\" width=\"156\">Catedr\u00e1tica<\/td>\n<td width=\"200\">\n<p style=\"text-align: center;\">cynthia.perez1@upr.edu<\/p>\n<\/td>\n<\/tr>\n<tr>\n<td width=\"192\">\n<p style=\"text-align: center;\">Ramos Valencia, Gilberto<\/p>\n<\/td>\n<td style=\"text-align: center;\" width=\"84\">DrPH, MS<\/td>\n<td style=\"text-align: center;\" width=\"156\">Catedr\u00e1tico<\/td>\n<td style=\"text-align: center;\" width=\"200\">gilberto.ramos4@upr.edu<\/td>\n<\/tr>\n<tr>\n<td width=\"192\">\n<p style=\"text-align: center;\">Reyes Pulliza, Juan C.<\/p>\n<\/td>\n<td style=\"text-align: center;\" width=\"84\">EdD, MS<\/td>\n<td style=\"text-align: center;\" width=\"156\">Catedr\u00e1tico<\/td>\n<td width=\"200\">\n<p style=\"text-align: center;\">juan.reyes5@upr.edu<\/p>\n<\/td>\n<\/tr>\n<tr>\n<td width=\"192\">\n<p style=\"text-align: center;\">Rodr\u00edguez Figueroa, Linnette<\/p>\n<\/td>\n<td style=\"text-align: center;\" width=\"84\">PhD, MSc<\/td>\n<td style=\"text-align: center;\" width=\"156\">Catedr\u00e1tica<\/td>\n<td width=\"200\">\n<p style=\"text-align: center;\">linnette.rodriguez3@upr.edu<\/p>\n<\/td>\n<\/tr>\n<tr>\n<td style=\"text-align: center;\" width=\"192\">Rosario Rosado, Rosa V.<\/td>\n<td style=\"text-align: center;\" width=\"84\">DrPH<\/td>\n<td style=\"text-align: center;\" width=\"156\">Catedr\u00e1tica<\/td>\n<td width=\"200\">\n<p style=\"text-align: center;\">rosa.rosario1@upr.edu<\/p>\n<\/td>\n<\/tr>\n<\/tbody>\n<\/table>\n<p>[\/vc_column_text][\/vc_column][\/vc_row]<\/p>\n<\/section>","protected":false},"excerpt":{"rendered":"<p>[vc_row][vc_column][vc_column_text] Facultad T\u00edtulos Rango Correo Electr\u00f3nico Amaya Ardila, Claudia P. EdD, MS Catedr\u00e1tica Auxiliar claudia.amaya@upr.edu Rosario Santos, Ang\u00e9lica M. PhD Catedr\u00e1tica Auxiliar angelica.rosario2@upr.edu Col\u00f3n Jord\u00e1n, H\u00e9ctor PhD Catedr\u00e1tico Asociado hector.colon8@upr.edu Nazario Delgado, Cruz M. PhD, MS Catedr\u00e1tica cruz.nazario@upr.edu P\u00e9rez Cardona, Cynthia M. PhD, MS Catedr\u00e1tica cynthia.perez1@upr.edu Ramos Valencia, Gilberto DrPH, MS Catedr\u00e1tico gilberto.ramos4@upr.edu Reyes Pulliza,&hellip;<\/p>\n","protected":false},"author":1,"featured_media":0,"parent":0,"menu_order":0,"comment_status":"closed","ping_status":"closed","template":"template-microsite.php","meta":{"footnotes":""},"class_list":["post-590","page","type-page","status-publish","hentry","description-off"],"jetpack_sharing_enabled":true,"_links":{"self":[{"href":"https:\/\/rcm1.rcm.upr.edu\/sp\/wp-json\/wp\/v2\/pages\/590","targetHints":{"allow":["GET"]}}],"collection":[{"href":"https:\/\/rcm1.rcm.upr.edu\/sp\/wp-json\/wp\/v2\/pages"}],"about":[{"href":"https:\/\/rcm1.rcm.upr.edu\/sp\/wp-json\/wp\/v2\/types\/page"}],"author":[{"embeddable":true,"href":"https:\/\/rcm1.rcm.upr.edu\/sp\/wp-json\/wp\/v2\/users\/1"}],"replies":[{"embeddable":true,"href":"https:\/\/rcm1.rcm.upr.edu\/sp\/wp-json\/wp\/v2\/comments?post=590"}],"version-history":[{"count":1,"href":"https:\/\/rcm1.rcm.upr.edu\/sp\/wp-json\/wp\/v2\/pages\/590\/revisions"}],"predecessor-version":[{"id":5680,"href":"https:\/\/rcm1.rcm.upr.edu\/sp\/wp-json\/wp\/v2\/pages\/590\/revisions\/5680"}],"wp:attachment":[{"href":"https:\/\/rcm1.rcm.upr.edu\/sp\/wp-json\/wp\/v2\/media?parent=590"}],"curies":[{"name":"wp","href":"https:\/\/api.w.org\/{rel}","templated":true}]}}