{"id":594,"date":"2016-05-27T08:08:59","date_gmt":"2016-05-27T12:08:59","guid":{"rendered":"http:\/\/127.0.0.1\/rcm\/sp\/asuntos-academicos\/facultad\/facultad-departamento-de-ciencias-sociales\/"},"modified":"2025-02-26T13:47:58","modified_gmt":"2025-02-26T13:47:58","slug":"facultad-departamento-de-ciencias-sociales","status":"publish","type":"page","link":"https:\/\/rcm1.rcm.upr.edu\/sp\/facultad-departamento-de-ciencias-sociales\/","title":{"rendered":"Facultad Departamento de Ciencias Sociales"},"content":{"rendered":"<section class=\"wpb-content-wrapper\"><p>[vc_row][vc_column][vc_column_text]<\/p>\n<table class=\" alignleft\" style=\"height: 1419px;\" width=\"679\">\n<tbody>\n<tr>\n<td width=\"210\">\n<p style=\"text-align: center;\"><strong>Facultad<\/strong><\/p>\n<\/td>\n<td width=\"96\">\n<p style=\"text-align: center;\"><strong>T\u00edtulos<\/strong><\/p>\n<\/td>\n<td width=\"156\">\n<p style=\"text-align: center;\"><strong>Rango<\/strong><\/p>\n<\/td>\n<td width=\"210\">\n<p style=\"text-align: center;\"><strong>Correo Electr\u00f3nico<\/strong><\/p>\n<\/td>\n<\/tr>\n<tr>\n<td width=\"210\">\n<p style=\"text-align: center;\">Arroyo Acevedo, Hiram V.<\/p>\n<\/td>\n<td width=\"96\">\n<p style=\"text-align: center;\">EdD, MPHE<\/p>\n<\/td>\n<td width=\"156\">\n<p style=\"text-align: center;\">Catedr\u00e1tico<\/p>\n<\/td>\n<td width=\"210\">\n<p style=\"text-align: center;\">hiram.arroyo1@upr.edu<\/p>\n<\/td>\n<\/tr>\n<tr>\n<td width=\"210\">\n<p style=\"text-align: center;\">Borges Cancel, Mar\u00eda T.<\/p>\n<\/td>\n<td width=\"96\">\n<p style=\"text-align: center;\">EdD, MPHE<\/p>\n<\/td>\n<td width=\"156\">\n<p style=\"text-align: center;\">Catedr\u00e1tica Asociada<\/p>\n<\/td>\n<td width=\"210\">\n<p style=\"text-align: center;\">maria.borges@upr.edu<\/p>\n<\/td>\n<\/tr>\n<tr>\n<td width=\"210\">\n<p style=\"text-align: center;\">Bustillo Hern\u00e1ndez, Marta M.<\/p>\n<\/td>\n<td width=\"96\">\n<p style=\"text-align: center;\">PhD, MA<\/p>\n<\/td>\n<td width=\"156\">\n<p style=\"text-align: center;\">Catedr\u00e1tica Asociada<\/p>\n<\/td>\n<td width=\"210\">\n<p style=\"text-align: center;\">marta.bustillo@upr.edu<\/p>\n<\/td>\n<\/tr>\n<tr>\n<td width=\"210\">\n<p style=\"text-align: center;\">Col\u00f3n Col\u00f3n, Marcilyn<\/p>\n<\/td>\n<td width=\"96\">\n<p style=\"text-align: center;\">MPH, MA, CHES<\/p>\n<\/td>\n<td width=\"156\">\n<p style=\"text-align: center;\">Catedr\u00e1tica Asociada<\/p>\n<\/td>\n<td width=\"210\">\n<p style=\"text-align: center;\">marcilyn.colon@upr.edu<\/p>\n<\/td>\n<\/tr>\n<tr>\n<td width=\"210\">\n<p style=\"text-align: center;\">D\u00e1vila Rom\u00e1n, Ana L.<\/p>\n<\/td>\n<td width=\"96\">\n<p style=\"text-align: center;\">PhD, MA<\/p>\n<\/td>\n<td width=\"156\">\n<p style=\"text-align: center;\">Catedr\u00e1tica<\/p>\n<\/td>\n<td width=\"210\">\n<p style=\"text-align: center;\">analuisa.davila@upr.edu<\/p>\n<\/td>\n<\/tr>\n<tr>\n<td width=\"210\">\n<p style=\"text-align: center;\">Garc\u00eda Mel\u00e9ndez, Ivelisse M.<\/p>\n<\/td>\n<td width=\"96\">\n<p style=\"text-align: center;\">EdD, MS<\/p>\n<\/td>\n<td width=\"156\">\n<p style=\"text-align: center;\">Catedr\u00e1tica<\/p>\n<\/td>\n<td width=\"210\">\n<p style=\"text-align: center;\">ivelisse.garcia1@upr.edu<\/p>\n<\/td>\n<\/tr>\n<tr>\n<td width=\"210\">\n<p style=\"text-align: center;\">Le\u00f3n L\u00f3pez, Luz E.<\/p>\n<\/td>\n<td width=\"96\">\n<p style=\"text-align: center;\">PhD, MS<\/p>\n<\/td>\n<td width=\"156\">\n<p style=\"text-align: center;\">Catedr\u00e1tica<\/p>\n<\/td>\n<td width=\"210\">\n<p style=\"text-align: center;\">luz.leon@upr.edu<\/p>\n<\/td>\n<\/tr>\n<tr>\n<td width=\"210\">\n<p style=\"text-align: center;\">Mattei Torres, Hernando<\/p>\n<\/td>\n<td width=\"96\">\n<p style=\"text-align: center;\">PhD, MA<\/p>\n<\/td>\n<td width=\"156\">\n<p style=\"text-align: center;\">Catedr\u00e1tico<\/p>\n<\/td>\n<td width=\"210\">\n<p style=\"text-align: center;\">hernando.mattei@upr.edu<\/p>\n<\/td>\n<\/tr>\n<tr>\n<td width=\"210\">\n<p style=\"text-align: center;\">Negr\u00f3n Ayala, Juan<\/p>\n<\/td>\n<td width=\"96\">\n<p style=\"text-align: center;\">PhD, MPH<\/p>\n<\/td>\n<td width=\"156\">\n<p style=\"text-align: center;\">Catedr\u00e1tico Asociado<\/p>\n<\/td>\n<td width=\"210\">\n<p style=\"text-align: center;\">juan.negron12@upr.edu<\/p>\n<\/td>\n<\/tr>\n<tr>\n<td width=\"210\">\n<p style=\"text-align: center;\">Rivera D\u00edaz, Marinilda<\/p>\n<\/td>\n<td width=\"96\">\n<p style=\"text-align: center;\">MSW, PhD, MSc<\/p>\n<\/td>\n<td width=\"156\">\n<p style=\"text-align: center;\">Catedr\u00e1tica Auxiliar<\/p>\n<\/td>\n<td width=\"210\">\n<p style=\"text-align: center;\">marinilda.riveradiaz@upr.edu<\/p>\n<\/td>\n<\/tr>\n<tr>\n<td width=\"210\">\n<p style=\"text-align: center;\">V\u00e9lez Vega, Carmen M.<\/p>\n<\/td>\n<td width=\"96\">\n<p style=\"text-align: center;\">PhD, MSW, BSW<\/p>\n<\/td>\n<td width=\"156\">\n<p style=\"text-align: center;\">Catedr\u00e1tica<\/p>\n<\/td>\n<td width=\"210\">\n<p style=\"text-align: center;\">carmen.velez2@upr.edu<\/p>\n<\/td>\n<\/tr>\n<tr>\n<td width=\"210\">\n<p style=\"text-align: center;\">V\u00e1zquez Guzm\u00e1n, Yiselly M.<\/p>\n<\/td>\n<td width=\"96\">\n<p style=\"text-align: center;\">EdD, MPHE<\/p>\n<\/td>\n<td width=\"156\">\n<p style=\"text-align: center;\">Catedr\u00e1tica Auxiliar<\/p>\n<\/td>\n<td width=\"210\">\n<p style=\"text-align: center;\">yiselly.vazquez@upr.edu<\/p>\n<\/td>\n<\/tr>\n<\/tbody>\n<\/table>\n<p>[\/vc_column_text][\/vc_column][\/vc_row]<\/p>\n<\/section>","protected":false},"excerpt":{"rendered":"<p>[vc_row][vc_column][vc_column_text] Facultad T\u00edtulos Rango Correo Electr\u00f3nico Arroyo Acevedo, Hiram V. EdD, MPHE Catedr\u00e1tico hiram.arroyo1@upr.edu Borges Cancel, Mar\u00eda T. EdD, MPHE Catedr\u00e1tica Asociada maria.borges@upr.edu Bustillo Hern\u00e1ndez, Marta M. PhD, MA Catedr\u00e1tica Asociada marta.bustillo@upr.edu Col\u00f3n Col\u00f3n, Marcilyn MPH, MA, CHES Catedr\u00e1tica Asociada marcilyn.colon@upr.edu D\u00e1vila Rom\u00e1n, Ana L. PhD, MA Catedr\u00e1tica analuisa.davila@upr.edu Garc\u00eda Mel\u00e9ndez, Ivelisse M. EdD, MS&hellip;<\/p>\n","protected":false},"author":1,"featured_media":0,"parent":0,"menu_order":0,"comment_status":"closed","ping_status":"closed","template":"template-microsite.php","meta":{"footnotes":""},"class_list":["post-594","page","type-page","status-publish","hentry","description-off"],"jetpack_sharing_enabled":true,"_links":{"self":[{"href":"https:\/\/rcm1.rcm.upr.edu\/sp\/wp-json\/wp\/v2\/pages\/594","targetHints":{"allow":["GET"]}}],"collection":[{"href":"https:\/\/rcm1.rcm.upr.edu\/sp\/wp-json\/wp\/v2\/pages"}],"about":[{"href":"https:\/\/rcm1.rcm.upr.edu\/sp\/wp-json\/wp\/v2\/types\/page"}],"author":[{"embeddable":true,"href":"https:\/\/rcm1.rcm.upr.edu\/sp\/wp-json\/wp\/v2\/users\/1"}],"replies":[{"embeddable":true,"href":"https:\/\/rcm1.rcm.upr.edu\/sp\/wp-json\/wp\/v2\/comments?post=594"}],"version-history":[{"count":1,"href":"https:\/\/rcm1.rcm.upr.edu\/sp\/wp-json\/wp\/v2\/pages\/594\/revisions"}],"predecessor-version":[{"id":5681,"href":"https:\/\/rcm1.rcm.upr.edu\/sp\/wp-json\/wp\/v2\/pages\/594\/revisions\/5681"}],"wp:attachment":[{"href":"https:\/\/rcm1.rcm.upr.edu\/sp\/wp-json\/wp\/v2\/media?parent=594"}],"curies":[{"name":"wp","href":"https:\/\/api.w.org\/{rel}","templated":true}]}}