{"id":596,"date":"2016-05-27T08:11:37","date_gmt":"2016-05-27T12:11:37","guid":{"rendered":"http:\/\/127.0.0.1\/rcm\/sp\/asuntos-academicos\/facultad\/facultad-departamento-de-desarrollo-humano\/"},"modified":"2025-02-26T13:49:14","modified_gmt":"2025-02-26T13:49:14","slug":"facultad-departamento-de-desarrollo-humano","status":"publish","type":"page","link":"https:\/\/rcm1.rcm.upr.edu\/sp\/facultad-departamento-de-desarrollo-humano\/","title":{"rendered":"Facultad Departamento de Desarrollo Humano"},"content":{"rendered":"<section class=\"wpb-content-wrapper\"><p>[vc_row][vc_column][vc_column_text]<\/p>\n<table width=\"700\">\n<tbody>\n<tr>\n<td width=\"222\">\n<p style=\"text-align: center;\"><strong>Facultad<\/strong><\/p>\n<\/td>\n<td width=\"165\">\n<p style=\"text-align: center;\"><strong>T\u00edtulos<\/strong><\/p>\n<\/td>\n<td width=\"107\">\n<p style=\"text-align: center;\"><strong>Rango<\/strong><\/p>\n<\/td>\n<td width=\"207\">\n<p style=\"text-align: center;\"><strong>Correo Electr\u00f3nico<\/strong><\/p>\n<\/td>\n<\/tr>\n<tr>\n<td width=\"222\">\n<p style=\"text-align: center;\">Carri\u00f3n Baralt, Jos\u00e9 R.<\/p>\n<\/td>\n<td width=\"165\">\n<p style=\"text-align: center;\">PhD, MPH<\/p>\n<\/td>\n<td width=\"107\">\n<p style=\"text-align: center;\">Catedr\u00e1tico<\/p>\n<\/td>\n<td width=\"207\">\n<p style=\"text-align: center;\">jose.carrion6@upr.edu<\/p>\n<\/td>\n<\/tr>\n<tr>\n<td width=\"222\">\n<p style=\"text-align: center;\">Gonz\u00e1lez Guzm\u00e1n, Michael J.<\/p>\n<\/td>\n<td width=\"165\">\n<p style=\"text-align: center;\">PhD, FACN, FANMA, CNS, DSc., MS, MHSN<\/p>\n<\/td>\n<td width=\"107\">\n<p style=\"text-align: center;\">Catedr\u00e1tico<\/p>\n<\/td>\n<td width=\"207\">\n<p style=\"text-align: center;\">michael.gonzalez5@upr.edu<\/p>\n<\/td>\n<\/tr>\n<tr>\n<td width=\"222\">\n<p style=\"text-align: center;\">Labault Cabeza, Nirzka M.<\/p>\n<\/td>\n<td width=\"165\">\n<p style=\"text-align: center;\">PhD, MS, MPH, RPh<\/p>\n<\/td>\n<td width=\"107\">\n<p style=\"text-align: center;\">Catedr\u00e1tica<\/p>\n<\/td>\n<td width=\"207\">\n<p style=\"text-align: center;\">nirzka.labault@upr.edu<\/p>\n<\/td>\n<\/tr>\n<tr>\n<td width=\"222\">\n<p style=\"text-align: center;\">Parrilla Rodr\u00edguez, Ana M.<\/p>\n<\/td>\n<td width=\"165\">\n<p style=\"text-align: center;\">MD, MPH, FABM<\/p>\n<\/td>\n<td width=\"107\">\n<p style=\"text-align: center;\">Catedr\u00e1tica<\/p>\n<\/td>\n<td width=\"207\">\n<p style=\"text-align: center;\">ana.parrilla@upr.edu<\/p>\n<\/td>\n<\/tr>\n<tr>\n<td width=\"222\">\n<p style=\"text-align: center;\">Rivera Soto, Winna T.<\/p>\n<\/td>\n<td width=\"165\">\n<p style=\"text-align: center;\">PhD, MPH, LND<\/p>\n<\/td>\n<td width=\"107\">\n<p style=\"text-align: center;\">Catedr\u00e1tica<\/p>\n<\/td>\n<td width=\"207\">\n<p style=\"text-align: center;\">winna.rivera@upr.edu<\/p>\n<\/td>\n<\/tr>\n<tr>\n<td width=\"222\">\n<p style=\"text-align: center;\">Ruiz Cora, Edgardo<\/p>\n<\/td>\n<td width=\"165\">\n<p style=\"text-align: center;\">PhD, MPH<\/p>\n<\/td>\n<td width=\"107\">\n<p style=\"text-align: center;\">Catedr\u00e1tico Asociado<\/p>\n<\/td>\n<td width=\"207\">\n<p style=\"text-align: center;\">edgardo.ruiz1@upr.edu<\/p>\n<\/td>\n<\/tr>\n<tr>\n<td width=\"222\">\n<p style=\"text-align: center;\">Salas Pag\u00e1n, Carol<\/p>\n<\/td>\n<td width=\"165\">\n<p style=\"text-align: center;\">Psy.D<\/p>\n<\/td>\n<td width=\"107\">\n<p style=\"text-align: center;\">Catedr\u00e1tica Asociada<\/p>\n<\/td>\n<td width=\"207\">\n<p style=\"text-align: center;\">carol.salas@upr.edu<\/p>\n<\/td>\n<\/tr>\n<tr>\n<td width=\"222\">\n<p style=\"text-align: center;\">Arguelles Morales, Mercedes del Carmen<\/p>\n<\/td>\n<td width=\"165\">\n<p style=\"text-align: center;\">PhD<\/p>\n<\/td>\n<td width=\"107\">\n<p style=\"text-align: center;\">Catedr\u00e1tica Auxiliar<\/p>\n<\/td>\n<td width=\"207\">\n<p style=\"text-align: center;\">mercedes.arguelles@upr.edu<\/p>\n<\/td>\n<\/tr>\n<tr>\n<td width=\"222\">\n<p style=\"text-align: center;\">Marrero Hern\u00e1ndez, Alida R.<\/p>\n<\/td>\n<td width=\"165\">\n<p style=\"text-align: center;\">MPH<\/p>\n<\/td>\n<td width=\"107\">\n<p style=\"text-align: center;\">Instructora<\/p>\n<\/td>\n<td width=\"207\">\n<p style=\"text-align: center;\">alida.marrero1@upr.edu<\/p>\n<\/td>\n<\/tr>\n<\/tbody>\n<\/table>\n<p>[\/vc_column_text][\/vc_column][\/vc_row]<\/p>\n<\/section>","protected":false},"excerpt":{"rendered":"<p>[vc_row][vc_column][vc_column_text] Facultad T\u00edtulos Rango Correo Electr\u00f3nico Carri\u00f3n Baralt, Jos\u00e9 R. PhD, MPH Catedr\u00e1tico jose.carrion6@upr.edu Gonz\u00e1lez Guzm\u00e1n, Michael J. PhD, FACN, FANMA, CNS, DSc., MS, MHSN Catedr\u00e1tico michael.gonzalez5@upr.edu Labault Cabeza, Nirzka M. PhD, MS, MPH, RPh Catedr\u00e1tica nirzka.labault@upr.edu Parrilla Rodr\u00edguez, Ana M. MD, MPH, FABM Catedr\u00e1tica ana.parrilla@upr.edu Rivera Soto, Winna T. PhD, MPH, LND Catedr\u00e1tica winna.rivera@upr.edu&hellip;<\/p>\n","protected":false},"author":1,"featured_media":0,"parent":0,"menu_order":0,"comment_status":"closed","ping_status":"closed","template":"template-microsite.php","meta":{"footnotes":""},"class_list":["post-596","page","type-page","status-publish","hentry","description-off"],"jetpack_sharing_enabled":true,"_links":{"self":[{"href":"https:\/\/rcm1.rcm.upr.edu\/sp\/wp-json\/wp\/v2\/pages\/596","targetHints":{"allow":["GET"]}}],"collection":[{"href":"https:\/\/rcm1.rcm.upr.edu\/sp\/wp-json\/wp\/v2\/pages"}],"about":[{"href":"https:\/\/rcm1.rcm.upr.edu\/sp\/wp-json\/wp\/v2\/types\/page"}],"author":[{"embeddable":true,"href":"https:\/\/rcm1.rcm.upr.edu\/sp\/wp-json\/wp\/v2\/users\/1"}],"replies":[{"embeddable":true,"href":"https:\/\/rcm1.rcm.upr.edu\/sp\/wp-json\/wp\/v2\/comments?post=596"}],"version-history":[{"count":1,"href":"https:\/\/rcm1.rcm.upr.edu\/sp\/wp-json\/wp\/v2\/pages\/596\/revisions"}],"predecessor-version":[{"id":5682,"href":"https:\/\/rcm1.rcm.upr.edu\/sp\/wp-json\/wp\/v2\/pages\/596\/revisions\/5682"}],"wp:attachment":[{"href":"https:\/\/rcm1.rcm.upr.edu\/sp\/wp-json\/wp\/v2\/media?parent=596"}],"curies":[{"name":"wp","href":"https:\/\/api.w.org\/{rel}","templated":true}]}}