{"id":598,"date":"2016-05-27T08:12:38","date_gmt":"2016-05-27T12:12:38","guid":{"rendered":"http:\/\/127.0.0.1\/rcm\/sp\/asuntos-academicos\/facultad\/"},"modified":"2025-02-26T13:51:01","modified_gmt":"2025-02-26T13:51:01","slug":"facultad-departamento-de-salud-ambiental","status":"publish","type":"page","link":"https:\/\/rcm1.rcm.upr.edu\/sp\/facultad-departamento-de-salud-ambiental\/","title":{"rendered":"Facultad Departamento de Salud Ambiental"},"content":{"rendered":"<section class=\"wpb-content-wrapper\"><p>[vc_row][vc_column][vc_column_text]<\/p>\n<table>\n<tbody>\n<tr>\n<td width=\"229\">\n<p style=\"text-align: center;\"><strong>Facultad<\/strong><\/p>\n<\/td>\n<td width=\"130\">\n<p style=\"text-align: center;\"><strong>T\u00edtulos<\/strong><\/p>\n<\/td>\n<td width=\"107\">\n<p style=\"text-align: center;\"><strong>Rango<\/strong><\/p>\n<\/td>\n<td width=\"190\">\n<p style=\"text-align: center;\"><strong>Correo Electr\u00f3nico<\/strong><\/p>\n<\/td>\n<\/tr>\n<tr>\n<td width=\"229\">\n<p style=\"text-align: center;\">Bonilla Soto, Luis A.<\/p>\n<\/td>\n<td width=\"130\">\n<p style=\"text-align: center;\">PhD, MS<\/p>\n<\/td>\n<td width=\"107\">\n<p style=\"text-align: center;\">Catedr\u00e1tico<\/p>\n<\/td>\n<td width=\"190\">\n<p style=\"text-align: center;\">luis.bonilla1@upr.edu<\/p>\n<\/td>\n<\/tr>\n<tr>\n<td width=\"229\">\n<p style=\"text-align: center;\">Caporali Filio, Sergio<\/p>\n<\/td>\n<td width=\"130\">\n<p style=\"text-align: center;\">PhD, CSP, CIH<\/p>\n<\/td>\n<td width=\"107\">\n<p style=\"text-align: center;\">Catedr\u00e1tico<\/p>\n<\/td>\n<td width=\"190\">\n<p style=\"text-align: center;\">sergio.caporali@upr.edu<\/p>\n<\/td>\n<\/tr>\n<tr>\n<td width=\"229\">\n<p style=\"text-align: center;\">Mansilla Rivera, Imar<\/p>\n<\/td>\n<td width=\"130\">\n<p style=\"text-align: center;\">PhD<\/p>\n<\/td>\n<td width=\"107\">\n<p style=\"text-align: center;\">Catedr\u00e1tica<\/p>\n<\/td>\n<td width=\"190\">\n<p style=\"text-align: center;\">imar.mansilla@upr.edu<\/p>\n<\/td>\n<\/tr>\n<tr>\n<td width=\"229\">\n<p style=\"text-align: center;\">M\u00e9ndez L\u00e1zaro, Pablo<\/p>\n<\/td>\n<td width=\"130\">\n<p style=\"text-align: center;\">PhD, MS<\/p>\n<\/td>\n<td width=\"107\">\n<p style=\"text-align: center;\">Catedr\u00e1tico Asociado<\/p>\n<\/td>\n<td width=\"190\">\n<p style=\"text-align: center;\">pablo.mendez1@upr.edu<\/p>\n<\/td>\n<\/tr>\n<tr>\n<td width=\"229\">\n<p style=\"text-align: center;\">Norat Ram\u00edrez, Jos\u00e9 A.<\/p>\n<\/td>\n<td width=\"130\">\n<p style=\"text-align: center;\">PhD, JD, MS<\/p>\n<\/td>\n<td width=\"107\">\n<p style=\"text-align: center;\">Catedr\u00e1tico<\/p>\n<\/td>\n<td width=\"190\">\n<p style=\"text-align: center;\">jose.norat@upr.edu<\/p>\n<\/td>\n<\/tr>\n<tr>\n<td width=\"229\">\n<p style=\"text-align: center;\">Orta An\u00e9s, Lida<\/p>\n<\/td>\n<td width=\"130\">\n<p style=\"text-align: center;\">PhD, MA, MP<\/p>\n<\/td>\n<td width=\"107\">\n<p style=\"text-align: center;\">Catedr\u00e1tica<\/p>\n<\/td>\n<td width=\"190\">\n<p style=\"text-align: center;\">lida.orta@upr.edu<\/p>\n<\/td>\n<\/tr>\n<tr>\n<td width=\"229\">\n<p style=\"text-align: center;\">Rodr\u00edguez Sierra, Carlos J.<\/p>\n<\/td>\n<td width=\"130\">\n<p style=\"text-align: center;\">PhD, MS<\/p>\n<\/td>\n<td width=\"107\">\n<p style=\"text-align: center;\">Catedr\u00e1tico<\/p>\n<\/td>\n<td width=\"190\">\n<p style=\"text-align: center;\">carlos.rodriguez65@upr.edu<\/p>\n<\/td>\n<\/tr>\n<tr>\n<td width=\"229\">\n<p style=\"text-align: center;\">Seguinot Barbosa, Jos\u00e9<\/p>\n<\/td>\n<td width=\"130\">\n<p style=\"text-align: center;\">PhD, JD, MA<\/p>\n<\/td>\n<td width=\"107\">\n<p style=\"text-align: center;\">Catedr\u00e1tico<\/p>\n<\/td>\n<td width=\"190\">\n<p style=\"text-align: center;\">jose.seguinot@upr.edu<\/p>\n<\/td>\n<\/tr>\n<\/tbody>\n<\/table>\n<p>[\/vc_column_text][\/vc_column][\/vc_row]<\/p>\n<\/section>","protected":false},"excerpt":{"rendered":"<p>[vc_row][vc_column][vc_column_text] Facultad T\u00edtulos Rango Correo Electr\u00f3nico Bonilla Soto, Luis A. PhD, MS Catedr\u00e1tico luis.bonilla1@upr.edu Caporali Filio, Sergio PhD, CSP, CIH Catedr\u00e1tico sergio.caporali@upr.edu Mansilla Rivera, Imar PhD Catedr\u00e1tica imar.mansilla@upr.edu M\u00e9ndez L\u00e1zaro, Pablo PhD, MS Catedr\u00e1tico Asociado pablo.mendez1@upr.edu Norat Ram\u00edrez, Jos\u00e9 A. PhD, JD, MS Catedr\u00e1tico jose.norat@upr.edu Orta An\u00e9s, Lida PhD, MA, MP Catedr\u00e1tica lida.orta@upr.edu Rodr\u00edguez Sierra,&hellip;<\/p>\n","protected":false},"author":1,"featured_media":0,"parent":0,"menu_order":0,"comment_status":"closed","ping_status":"closed","template":"template-microsite.php","meta":{"footnotes":""},"class_list":["post-598","page","type-page","status-publish","hentry","description-off"],"jetpack_sharing_enabled":true,"_links":{"self":[{"href":"https:\/\/rcm1.rcm.upr.edu\/sp\/wp-json\/wp\/v2\/pages\/598","targetHints":{"allow":["GET"]}}],"collection":[{"href":"https:\/\/rcm1.rcm.upr.edu\/sp\/wp-json\/wp\/v2\/pages"}],"about":[{"href":"https:\/\/rcm1.rcm.upr.edu\/sp\/wp-json\/wp\/v2\/types\/page"}],"author":[{"embeddable":true,"href":"https:\/\/rcm1.rcm.upr.edu\/sp\/wp-json\/wp\/v2\/users\/1"}],"replies":[{"embeddable":true,"href":"https:\/\/rcm1.rcm.upr.edu\/sp\/wp-json\/wp\/v2\/comments?post=598"}],"version-history":[{"count":1,"href":"https:\/\/rcm1.rcm.upr.edu\/sp\/wp-json\/wp\/v2\/pages\/598\/revisions"}],"predecessor-version":[{"id":5683,"href":"https:\/\/rcm1.rcm.upr.edu\/sp\/wp-json\/wp\/v2\/pages\/598\/revisions\/5683"}],"wp:attachment":[{"href":"https:\/\/rcm1.rcm.upr.edu\/sp\/wp-json\/wp\/v2\/media?parent=598"}],"curies":[{"name":"wp","href":"https:\/\/api.w.org\/{rel}","templated":true}]}}