{"id":61,"date":"2016-05-09T14:18:56","date_gmt":"2016-05-09T14:18:56","guid":{"rendered":"http:\/\/127.0.0.1\/rcm\/sp\/asuntos-academicos\/departamentos-academicos\/departamento-de-salud-ambiental\/"},"modified":"2023-10-20T14:48:16","modified_gmt":"2023-10-20T14:48:16","slug":"departamento-de-salud-ambiental","status":"publish","type":"page","link":"https:\/\/rcm1.rcm.upr.edu\/sp\/departamento-de-salud-ambiental\/","title":{"rendered":"Departamento de Salud Ambiental"},"content":{"rendered":"<section class=\"wpb-content-wrapper\"><p>[vc_row][vc_column][vc_column_text]<\/p>\n<h3><strong>Misi\u00f3n<\/strong><\/h3>\n<p>&nbsp;<\/p>\n<p>El Departamento de Salud Ambiental de la Escuela Graduada de Salud P\u00fablica del Recinto del Ciencias M\u00e9dicas tiene por misi\u00f3n la formaci\u00f3n de profesionales que formulen y promuevan la pol\u00edtica p\u00fablica ambiental con el fin de mejorar el ambiente en el cual se desarrolla la sociedad puertorrique\u00f1a. En la formaci\u00f3n de estos profesionales se desarrollar\u00e1n sus destrezas de liderato, su capacidad anal\u00edtica, la b\u00fasqueda de soluciones a los problemas ambientales y la toma de decisiones. Una de las metas de esta misi\u00f3n es desarrollar un salubrista que lleve a cabo investigaci\u00f3n cient\u00edfica que est\u00e9 relacionada con los asuntos ambientales que afectan el pa\u00eds desde una perspectiva interdisciplinaria y multidisciplinaria. Se desarrollar\u00e1 un profesional que asuma una actitud cr\u00edtica frente a su entorno y que aporte al mejoramiento del ambiente.<\/p>\n<p>&nbsp;<\/p>\n<p>El Departamento de Salud Ambiental provee capacitaci\u00f3n, asesor\u00eda y servicios t\u00e9cnicos a la Universidad de Puerto Rico, a las agencias gubernamentales, empresas privadas y a las comunidades. Nuestras gestiones acad\u00e9micas est\u00e1n basadas en los siguientes objetivos.<\/p>\n<ul>\n<li>Desarrollar profesionales capacitados tanto en los aspectos tecnol\u00f3gicos como en las destrezas de liderato, actitudes cr\u00edticas y trabajo interdisciplinario.<\/li>\n<li>Propiciar la promoci\u00f3n de la salud ambiental y ocupacional y el conocimiento de la relaci\u00f3n de \u00e9sta con la calidad de vida de la sociedad puertorrique\u00f1a.<\/li>\n<li>Difundir el conocimiento por medio de publicaciones e intervenciones en los asuntos ambientales.<\/li>\n<li>Establecer lazos de intercambio cient\u00edfico, cultural y social que aporten al mejoramiento del ambiente.<\/li>\n<li>Promover las acciones preventivas tanto en le campo de la Salud Ambiental como la Ocupacional.<\/li>\n<li>Fomentar la \u00e9tica y la integridad en el desempe\u00f1o de las responsabilidades profesionales.<\/li>\n<li>Desarrollar y fomentar la investigaci\u00f3n cient\u00edfica para conocer y aportar soluciones a los problemas ambientales.<\/li>\n<li>Ofrecer servicios t\u00e9cnicos y cient\u00edficos a la Universidad, a las agencias gubernamentales, a las industrias y a las comunidades.<\/li>\n<\/ul>\n<p>&nbsp;<\/p>\n<p>&nbsp;<\/p>\n<h3><strong>Oferta Acad\u00e9mica<\/strong><\/h3>\n<ul>\n<li class=\"menu-item menu-item-type-post_type menu-item-object-page menu-item-401 first\"><a href=\"https:\/\/rcm1.rcm.upr.edu\/sp\/programas-academicos\/maestria-en-ciencias-de-higiene-industrial\/\">Maestr\u00eda en Ciencias de Higiene Industrial<\/a><\/li>\n<li class=\"menu-item menu-item-type-post_type menu-item-object-page menu-item-400\"><a href=\"https:\/\/rcm1.rcm.upr.edu\/sp\/programas-academicos\/maestria-en-salud-publica-con-especialidad-en-salud-ambiental-diurno-y-vespertino\/\">Maestr\u00eda en Salud P\u00fablica con Especialidad en Salud Ambiental (diurno y vespertino)<\/a><\/li>\n<li class=\"menu-item menu-item-type-post_type menu-item-object-page menu-item-399\"><a href=\"https:\/\/rcm1.rcm.upr.edu\/sp\/programas-academicos\/doctorado-en-salud-publica-drph-con-especialidad-en-salud-ambiental\/\">Doctorado en Salud P\u00fablica (DrPH) con Especialidad en Salud Ambiental<\/a><\/li>\n<\/ul>\n<p>[\/vc_column_text][\/vc_column][\/vc_row]<\/p>\n<\/section>","protected":false},"excerpt":{"rendered":"<p>[vc_row][vc_column][vc_column_text] Misi\u00f3n &nbsp; El Departamento de Salud Ambiental de la Escuela Graduada de Salud P\u00fablica del Recinto del Ciencias M\u00e9dicas tiene por misi\u00f3n la formaci\u00f3n de profesionales que formulen y promuevan la pol\u00edtica p\u00fablica ambiental con el fin de mejorar el ambiente en el cual se desarrolla la sociedad puertorrique\u00f1a. En la formaci\u00f3n de estos&hellip;<\/p>\n","protected":false},"author":1,"featured_media":0,"parent":0,"menu_order":0,"comment_status":"closed","ping_status":"closed","template":"template-microsite.php","meta":{"footnotes":""},"class_list":["post-61","page","type-page","status-publish","hentry","description-off"],"jetpack_sharing_enabled":true,"_links":{"self":[{"href":"https:\/\/rcm1.rcm.upr.edu\/sp\/wp-json\/wp\/v2\/pages\/61","targetHints":{"allow":["GET"]}}],"collection":[{"href":"https:\/\/rcm1.rcm.upr.edu\/sp\/wp-json\/wp\/v2\/pages"}],"about":[{"href":"https:\/\/rcm1.rcm.upr.edu\/sp\/wp-json\/wp\/v2\/types\/page"}],"author":[{"embeddable":true,"href":"https:\/\/rcm1.rcm.upr.edu\/sp\/wp-json\/wp\/v2\/users\/1"}],"replies":[{"embeddable":true,"href":"https:\/\/rcm1.rcm.upr.edu\/sp\/wp-json\/wp\/v2\/comments?post=61"}],"version-history":[{"count":2,"href":"https:\/\/rcm1.rcm.upr.edu\/sp\/wp-json\/wp\/v2\/pages\/61\/revisions"}],"predecessor-version":[{"id":5492,"href":"https:\/\/rcm1.rcm.upr.edu\/sp\/wp-json\/wp\/v2\/pages\/61\/revisions\/5492"}],"wp:attachment":[{"href":"https:\/\/rcm1.rcm.upr.edu\/sp\/wp-json\/wp\/v2\/media?parent=61"}],"curies":[{"name":"wp","href":"https:\/\/api.w.org\/{rel}","templated":true}]}}