{"id":66,"date":"2016-05-09T14:18:56","date_gmt":"2016-05-09T14:18:56","guid":{"rendered":"http:\/\/127.0.0.1\/rcm\/sp\/asuntos-academicos\/division-de-educacion-continua-y-estudios-profesionales\/"},"modified":"2016-05-09T14:18:56","modified_gmt":"2016-05-09T14:18:56","slug":"division-de-educacion-continua-y-estudios-profesionales","status":"publish","type":"page","link":"https:\/\/rcm1.rcm.upr.edu\/sp\/division-de-educacion-continua-y-estudios-profesionales\/","title":{"rendered":"Divisi\u00f3n de Educaci\u00f3n Continua y Estudios Profesionales"},"content":{"rendered":"<section class=\"wpb-content-wrapper\"><p>[vc_row][vc_column][vc_column_text]La Escuela Graduada de Salud P\u00fablica cuenta con una Divisi\u00f3n de Educaci\u00f3n Continua y Estudios Profesionales (DECEP) adscrita a la Oficina del Decano Asociado para Asuntos Acad\u00e9micos. Con una trayectoria de m\u00e1s de 30 a\u00f1os la DECEP ha sido l\u00edder y mentora en el dise\u00f1o cursos y eventos cient\u00edficos dirigidos a actualizar o desarrollar conocimientos y destrezas en torno a la salud p\u00fablica y otras \u00e1reas relacionadas a la salud en general. Como parte integral de la Escuela, la Divisi\u00f3n provee cursos y otros servicios a tenor con su misi\u00f3n de excelencia en educaci\u00f3n, investigaci\u00f3n y servicio en salud p\u00fablica.<\/p>\n<p>La DECEP genera tanto los cursos requeridos para la renovaci\u00f3n de licencia de los profesionales de la salud y de ayuda, as\u00ed como otros adiestramientos de inter\u00e9s general. Estos servicios est\u00e1n disponibles tanto para individuos, como para agencias e instituciones interesadas en capacitar profesionalmente a su personal.<\/p>\n<h4><strong>Servicios Disponibles:<\/strong><\/h4>\n<ul>\n<li>Ofrecimiento de cursos requeridos o sugeridos para la renovaci\u00f3n de licencia profesional o mantenimiento de credenciales.<\/li>\n<li><strong>(Co-auspicios)<\/strong>Acreditaci\u00f3n de cursos de otros programas, agencias o instituciones para horas contacto de educaci\u00f3n continua.<\/li>\n<li>Coordinaci\u00f3n de cursos especiales y adiestramientos para agencias o instituciones.<\/li>\n<li>Coordinaci\u00f3n de log\u00edstica y programas cient\u00edficos para eventos especiales.<\/li>\n<li>Ofrecimiento de secuencias curriculares y programas de certificado.<\/li>\n<\/ul>\n<h4><strong>S\u00edguenos en:<\/strong><\/h4>\n<h5><strong>Facebook-\u00a0<\/strong><a href=\"https:\/\/www.facebook.com\/login\/?next=https%3A%2F%2Fwww.facebook.com%2Fdecep.sp%2F\" target=\"_blank\" rel=\"noopener\"><strong>https:\/\/www.facebook.com\/decep.sp\/<\/strong><\/a><\/h5>\n<h5><strong>Twitter-\u00a0<\/strong><a href=\"https:\/\/twitter.com\/decepsp\" target=\"_blank\" rel=\"noopener\"><strong>https:\/\/twitter.com\/decepsp<\/strong><\/a><\/h5>\n<h5><strong>Instagram- <\/strong><strong>@decepsp<\/strong><\/h5>\n<h4><a href=\"https:\/\/docs.google.com\/a\/upr.edu\/file\/d\/0B9-dZRvCzuXuRUVCZHlEaVNHY2c\/edit\" target=\"_blank\" rel=\"noopener\"><strong>Pol\u00edticas Generales de Matr\u00edcula<\/strong><\/a><\/h4>\n<p>La DECEP- EGSP es un Proveedor autorizado por la Oficina de Reglamentaci\u00f3n y Certificaci\u00f3n de Profesionales de la Salud (ORCPS) y la Junta de Licenciamiento y Disciplina M\u00e9dica (JLDM) del Departamento de Salud de Puerto Rico.<\/p>\n<p>La DECEP tambi\u00e9n certifica horas a trav\u00e9s del Colegio de Trabajadores Sociales de Puerto Rico. Esto le faculta para emitir certificados de horas contacto de educaci\u00f3n continua a los profesionales de la salud licenciados, incluyendo a los m\u00e9dicos, para ejercer en Puerto Rico. Esta certificaci\u00f3n autorizada es requerida para la renovaci\u00f3n de licencia y registro de los profesionales de la salud. Entre las profesiones de la salud para las cuales la DECEP de Salud P\u00fablica es Proveedor se encuentran las siguientes:<\/p>\n<ul>\n<li>Administradores de Servicios de Salud<\/li>\n<li>Enfermera\/o Generalista, Grado Asociado, Especialista, Obst\u00e9trica y Pr\u00e1ctica\/o Licenciada(o)<\/li>\n<li>Consejeros Profesionales y en Rehabilitaci\u00f3n Vocacional<\/li>\n<li>Educador\/a en Salud y Educador\/a en Salud Comunal<\/li>\n<li>Farmac\u00e9utico\/a y Auxiliar de Farmacia<\/li>\n<li>Tecn\u00f3logo\/a M\u00e9dico<\/li>\n<li>Terapista Ocupacional y Asistente de Terapia Ocupacional<\/li>\n<li>Dentista, Higienista Dental, Asistente Dental y Tecn\u00f3logo Dental<\/li>\n<li>Terapista F\u00edsico y Asistente de Terapia F\u00edsica<\/li>\n<li>Administrador\/a de Servicios de Salud<\/li>\n<li>Terapista del Habla-Lenguaje<\/li>\n<li>Pat\u00f3logo Habla- Lenguaje<\/li>\n<li>Audi\u00f3logo(a)<\/li>\n<li>M\u00e9dicos<\/li>\n<li>Nutricionista y\/o Dietista<\/li>\n<li>Psic\u00f3logos(a)<\/li>\n<li>Opt\u00f3metra<\/li>\n<li>\u00d3ptico<\/li>\n<li>Podiatra<\/li>\n<li>Quiropr\u00e1ctico<\/li>\n<li>Natur\u00f3pata<\/li>\n<li>Doctor en Naturopat\u00eda<\/li>\n<li>Tecn\u00f3logo Radiol\u00f3gico<\/li>\n<li>Sonografistas<\/li>\n<li>T\u00e9cnico Cuidado Respiratorio<\/li>\n<li>T\u00e9cnico de Emergencias M\u00e9dicas(TEMB,TEMP)<\/li>\n<li>M\u00e9dico Veterinario<\/li>\n<li>Tecn\u00f3logo Veterinario<\/li>\n<li>T\u00e9cnico Veterinario<\/li>\n<li>Histot\u00e9cnicos e Histotecn\u00f3logos<\/li>\n<li>Tecn\u00f3logo en Medicina Nuclear<\/li>\n<li>Embalsamador(a)<\/li>\n<li>Terap\u00e9utas de Masaje<\/li>\n<li><strong>Otros profesionales <\/strong><\/li>\n<\/ul>\n<p>Los cursos se ofrecen en l\u00ednea, las facilidades del Recinto de Ciencias M\u00e9dicas o en el \u00e1rea previamente seleccionada por la entidad solicitante. La matr\u00edcula puede efectuarse por tel\u00e9fono, <a href=\"mailto:online.rcm@upr.edu\">online.rcm@upr.edu<\/a>,\u00a0 v\u00eda fax, apartado postal o correo electr\u00f3nico decepspublica.rcm@upr.edu<strong>\u00a0<\/strong><\/p>\n<h4><strong>Contacto:<\/strong><\/h4>\n<p><strong>Tel\u00e9fono:<\/strong>\u00a0(787) 758-2525, extensiones 1475, 1474, 1411<\/p>\n<p><strong>Fax:<\/strong>\u00a0(787) 763-7291<\/p>\n<p><strong>Email:<\/strong>\u00a0<a href=\"mailto:decepspublica.rcm@upr.edu\"><strong>decepspublica.rcm@upr.edu<\/strong><\/a><\/p>\n<h4><strong>Localizaci\u00f3n:<\/strong><\/h4>\n<p>Facilidades del Centro M\u00e9dico en R\u00edo Piedras<br \/>\nEdificio Principal del Recinto de Ciencias M\u00e9dicas<br \/>\n4to piso \u2013 Oficina A-451<br \/>\nEscuela Graduada de Salud P\u00fablica<\/p>\n<h4><strong>Horario regular:<\/strong><\/h4>\n<p>8:30 a.m. \u2013 4:30 p.m.<\/p>\n<h4><strong>Equipo de trabajo:<\/strong><\/h4>\n<table width=\"800\">\n<tbody>\n<tr>\n<td width=\"400\"><strong>Personal<\/strong><\/td>\n<td width=\"400\"><strong>N\u00famero de extensi\u00f3n<\/strong><\/td>\n<\/tr>\n<tr>\n<td width=\"400\">Xiomara Castillo Mel\u00e9ndez, MS<br \/>\nDirectora<br \/>\n<a href=\"mailto:xiomara.castillo1@upr.edu\">xiomara.castillo1@upr.edu<\/a><\/td>\n<td width=\"400\">4627, 1474<\/td>\n<\/tr>\n<tr>\n<td width=\"400\">Asistente de Administraci\u00f3n<\/td>\n<td width=\"400\">1411, 1475<\/td>\n<\/tr>\n<\/tbody>\n<\/table>\n<h4><strong>\u00a0<\/strong><strong>Direcci\u00f3n postal:<\/strong><\/h4>\n<p>Universidad de Puerto Rico<br \/>\nRecinto de Ciencias M\u00e9dicas<br \/>\nEscuela Graduada de Salud P\u00fablica (Oficina A-451)<br \/>\nDivisi\u00f3n de Educaci\u00f3n Continua y Estudios Profesionales<br \/>\nPO Box 365067<br \/>\nSan Juan, PR 00936-5067[\/vc_column_text][\/vc_column][\/vc_row]<\/p>\n<\/section>","protected":false},"excerpt":{"rendered":"<p>[vc_row][vc_column][vc_column_text]La Escuela Graduada de Salud P\u00fablica cuenta con una Divisi\u00f3n de Educaci\u00f3n Continua y Estudios Profesionales (DECEP) adscrita a la Oficina del Decano Asociado para Asuntos Acad\u00e9micos. Con una trayectoria de m\u00e1s de 30 a\u00f1os la DECEP ha sido l\u00edder y mentora en el dise\u00f1o cursos y eventos cient\u00edficos dirigidos a actualizar o desarrollar conocimientos&hellip;<\/p>\n","protected":false},"author":1,"featured_media":0,"parent":0,"menu_order":0,"comment_status":"closed","ping_status":"closed","template":"template-microsite.php","meta":{"footnotes":""},"class_list":["post-66","page","type-page","status-publish","hentry","description-off"],"jetpack_sharing_enabled":true,"_links":{"self":[{"href":"https:\/\/rcm1.rcm.upr.edu\/sp\/wp-json\/wp\/v2\/pages\/66","targetHints":{"allow":["GET"]}}],"collection":[{"href":"https:\/\/rcm1.rcm.upr.edu\/sp\/wp-json\/wp\/v2\/pages"}],"about":[{"href":"https:\/\/rcm1.rcm.upr.edu\/sp\/wp-json\/wp\/v2\/types\/page"}],"author":[{"embeddable":true,"href":"https:\/\/rcm1.rcm.upr.edu\/sp\/wp-json\/wp\/v2\/users\/1"}],"replies":[{"embeddable":true,"href":"https:\/\/rcm1.rcm.upr.edu\/sp\/wp-json\/wp\/v2\/comments?post=66"}],"version-history":[{"count":0,"href":"https:\/\/rcm1.rcm.upr.edu\/sp\/wp-json\/wp\/v2\/pages\/66\/revisions"}],"wp:attachment":[{"href":"https:\/\/rcm1.rcm.upr.edu\/sp\/wp-json\/wp\/v2\/media?parent=66"}],"curies":[{"name":"wp","href":"https:\/\/api.w.org\/{rel}","templated":true}]}}